{"id":31259,"date":"2025-05-13T13:30:06","date_gmt":"2025-05-13T17:30:06","guid":{"rendered":"https:\/\/naturalook.shop\/?post_type=product&#038;p=31259"},"modified":"2025-10-23T22:21:38","modified_gmt":"2025-10-24T02:21:38","slug":"amika-headstrong-laque-tenue-intense-269-ml","status":"publish","type":"product","link":"https:\/\/naturalook.shop\/fr\/produit\/amika-headstrong-laque-tenue-intense-269-ml\/","title":{"rendered":"AMIKA &#8211; Headstrong \u2013 Laque Tenue Intense &#8211; 269 ml"},"content":{"rendered":"<h2>Headstrong \u2013 Laque Tenue Intense par amika<\/h2>\n<p><strong>Figez votre style en place \u2014 une tenue forte, \u00e0 s\u00e9chage rapide, qui dure toute la journ\u00e9e.<\/strong><\/p>\n<p><strong>Laque Headstrong Tenue Intense<\/strong> offre une fixation puissante et durable pour figer n\u2019importe quelle coiffure. Sa formule \u00e0 s\u00e9chage rapide maintient les cheveux exactement comme vous les avez coiff\u00e9s \u2014 sans effet collant ni raideur. Enrichie en provitamine B5 et en argousier, elle lisse, nourrit et apporte de la brillance tout en assurant une tenue infaillible.<\/p>\n<h3>Pourquoi vous allez l\u2019adorer<\/h3>\n<ul>\n<li><strong>Tenue intense :<\/strong> maintien ferme et durable, m\u00eame par temps humide<\/li>\n<li><strong>S\u00e9chage rapide :<\/strong> fixation instantan\u00e9e sans r\u00e9sidus ni sensation collante<\/li>\n<li><strong>Provitamine B5 :<\/strong> renforce, adoucit et am\u00e9liore la souplesse du cheveu<\/li>\n<li><strong>Argousier :<\/strong> superfruit riche en om\u00e9ga-7, vitamines et antioxydants pour un cuir chevelu sain et des cheveux brillants<\/li>\n<li><strong>Convient aux cheveux color\u00e9s ou trait\u00e9s (br\u00e9silien, k\u00e9ratine)<\/strong><\/li>\n<\/ul>\n<h3>Mode d\u2019emploi<\/h3>\n<ol>\n<li>Coiffez les cheveux comme souhait\u00e9.<\/li>\n<li>Tenez l\u2019a\u00e9rosol \u00e0 environ 20\u201325 cm et vaporisez uniform\u00e9ment sur la coiffure.<\/li>\n<\/ol>\n<p><strong>Astuce pro :<\/strong> Vaporisez sur les pinces \u00e0 cheveux avant de les utiliser pour un meilleur maintien sur cheveux fins ou glissants.<\/p>\n<h3>Ingr\u00e9dients cl\u00e9s<\/h3>\n<ul>\n<li><strong>Provitamine B5 :<\/strong> am\u00e9liore la r\u00e9silience du cheveu, lisse et hydrate<\/li>\n<li><strong>Argousier :<\/strong> riche en om\u00e9ga-7, vitamines C et A, et antioxydants pour renforcer et prot\u00e9ger<\/li>\n<\/ul>\n<h3>Liste compl\u00e8te des ingr\u00e9dients<\/h3>\n<p>Hydrofluorocarbone 152a, Alcool d\u00e9natur\u00e9 (SD Alcohol 40-B), Copolym\u00e8res de VA\/Crotonates\/Vinyle N\u00e9od\u00e9canoate, Copolym\u00e8res d\u2019Octylacrylamide\/Acrylates\/Butylamino\u00e9thyl M\u00e9thacrylate, Eau (Aqua), Parfum, Huile d\u2019argousier, Panth\u00e9nol, et plus. <em>(Veuillez consulter l\u2019\u00e9tiquette pour la liste d\u2019ingr\u00e9dients la plus r\u00e9cente.)<\/em><\/p>\n<h3>Informations de s\u00e9curit\u00e9<\/h3>\n<p><strong>A\u00c9ROSOL INFLAMMABLE.<\/strong> R\u00e9cipient sous pression \u2014 peut \u00e9clater sous l\u2019effet de la chaleur. Ne pas exposer \u00e0 une source de chaleur ou flamme nue. Ne pas perforer ou incin\u00e9rer. Ne pas stocker au-dessus de 49\u202f\u00b0C. Ne pas vaporiser vers une flamme ou une source d\u2019ignition. Tenir hors de port\u00e9e des enfants. Ne pas inhaler. Usage externe uniquement.<\/p>\n<p><strong>Contient des gaz fluor\u00e9s \u00e0 effet de serre :<\/strong> HFC-152a\u202f: 0,116\u202fkg \/ 0,016008\u202ft CO\u2082 \u00e9quivalent \/ PRG\u202f: 138<\/p>\n","protected":false},"excerpt":{"rendered":"<p>Figez votre style en place \u2014 une tenue forte, \u00e0 s\u00e9chage rapide, qui dure toute la journ\u00e9e.<\/p>\n","protected":false},"featured_media":31261,"comment_status":"open","ping_status":"closed","template":"","meta":{"_glsr_average":0,"_glsr_ranking":0,"_glsr_reviews":0},"product_brand":[899],"product_cat":[83,615],"product_tag":[],"class_list":{"0":"post-31259","1":"product","2":"type-product","3":"status-publish","4":"has-post-thumbnail","6":"product_brand-amika","7":"product_cat-soins-a-domicile","8":"product_cat-stylisant","9":"_wholesalex wsx-wholesalex-product","11":"first","12":"instock","13":"taxable","14":"shipping-taxable","15":"purchasable","16":"product-type-simple"},"jetpack_sharing_enabled":true,"_links":{"self":[{"href":"https:\/\/naturalook.shop\/fr\/wp-json\/wp\/v2\/product\/31259","targetHints":{"allow":["GET"]}}],"collection":[{"href":"https:\/\/naturalook.shop\/fr\/wp-json\/wp\/v2\/product"}],"about":[{"href":"https:\/\/naturalook.shop\/fr\/wp-json\/wp\/v2\/types\/product"}],"replies":[{"embeddable":true,"href":"https:\/\/naturalook.shop\/fr\/wp-json\/wp\/v2\/comments?post=31259"}],"version-history":[{"count":1,"href":"https:\/\/naturalook.shop\/fr\/wp-json\/wp\/v2\/product\/31259\/revisions"}],"predecessor-version":[{"id":34272,"href":"https:\/\/naturalook.shop\/fr\/wp-json\/wp\/v2\/product\/31259\/revisions\/34272"}],"wp:featuredmedia":[{"embeddable":true,"href":"https:\/\/naturalook.shop\/fr\/wp-json\/wp\/v2\/media\/31261"}],"wp:attachment":[{"href":"https:\/\/naturalook.shop\/fr\/wp-json\/wp\/v2\/media?parent=31259"}],"wp:term":[{"taxonomy":"product_brand","embeddable":true,"href":"https:\/\/naturalook.shop\/fr\/wp-json\/wp\/v2\/product_brand?post=31259"},{"taxonomy":"product_cat","embeddable":true,"href":"https:\/\/naturalook.shop\/fr\/wp-json\/wp\/v2\/product_cat?post=31259"},{"taxonomy":"product_tag","embeddable":true,"href":"https:\/\/naturalook.shop\/fr\/wp-json\/wp\/v2\/product_tag?post=31259"}],"curies":[{"name":"wp","href":"https:\/\/api.w.org\/{rel}","templated":true}]}}