{"id":31277,"date":"2025-05-13T13:46:49","date_gmt":"2025-05-13T17:46:49","guid":{"rendered":"https:\/\/naturalook.shop\/?post_type=product&#038;p=31277"},"modified":"2025-10-23T22:21:38","modified_gmt":"2025-10-24T02:21:38","slug":"amika-top-gloss-spray-brillance-200-ml","status":"publish","type":"product","link":"https:\/\/naturalook.shop\/fr\/produit\/amika-top-gloss-spray-brillance-200-ml\/","title":{"rendered":"AMIKA &#8211; Top Gloss \u2013 Spray Brillance &#8211; 200 ml"},"content":{"rendered":"<h2>Top Gloss \u2013 Spray Brillance par amika<\/h2>\n<p><strong>Brillez de mille feux ! Un spray de finition ultra-l\u00e9ger pour une chevelure \u00e9clatante et lumineuse.<\/strong><\/p>\n<p><strong>Le spray brillance Top Gloss<\/strong> est le produit id\u00e9al pour une finition ultra-brillante sans effet gras. Cette brume l\u00e9g\u00e8re dompte les frisottis et les m\u00e8ches rebelles, prot\u00e8ge la couleur gr\u00e2ce \u00e0 des filtres UV et apporte un \u00e9clat miroitant \u00e0 tous les types de cheveux. Enrichi en argousier, ce spray illumine et prot\u00e8ge votre coiffure finale.<\/p>\n<h3>Pourquoi vous allez l\u2019adorer<\/h3>\n<ul>\n<li><strong>Finition ultra-brillante :<\/strong> un \u00e9clat lumineux et naturel d\u00e8s les premi\u00e8res pulv\u00e9risations<\/li>\n<li><strong>Anti-frisottis :<\/strong> lisse les m\u00e8ches rebelles sans alourdir<\/li>\n<li><strong>Protection UV :<\/strong> aide \u00e0 pr\u00e9server l\u2019\u00e9clat et l\u2019intensit\u00e9 de la couleur<\/li>\n<li><strong>Formule l\u00e9g\u00e8re :<\/strong> ne graisse pas et ne laisse aucun r\u00e9sidu collant<\/li>\n<li><strong>Convient \u00e0 tous les types et textures de cheveux<\/strong><\/li>\n<\/ul>\n<h3>Mode d\u2019emploi<\/h3>\n<ol>\n<li>Tenir \u00e0 25\u201330 cm des cheveux secs et vaporiser des mi-longueurs jusqu\u2019aux pointes.<\/li>\n<li>Pour les cheveux fins, vaporisez d\u2019abord dans vos mains, puis passez d\u00e9licatement sur les longueurs.<\/li>\n<li>Utiliser uniquement sur cheveux secs pour un effet brillance optimal.<\/li>\n<\/ol>\n<h3>Ingr\u00e9dients cl\u00e9s<\/h3>\n<ul>\n<li><strong>Argousier :<\/strong> superfruit riche en om\u00e9ga 7, vitamines C et A et antioxydants. Il nourrit la fibre capillaire et le cuir chevelu tout en apportant \u00e9clat et protection. Sourcing durable depuis le Tibet.<\/li>\n<\/ul>\n<h3>Liste compl\u00e8te des ingr\u00e9dients<\/h3>\n<p>Isobutane, Isodod\u00e9cane, Alcool d\u00e9natur\u00e9 (SD Alcohol 40-B), Propane, C12-15 Alkyl Benzoate, C13-15 Alcane, Trisiloxane, Huile d\u2019argousier, Eau (Aqua), Trim\u00e9thicone de ph\u00e9nyl, Caprylyl M\u00e9thicone, Polyquaternium-59, Butyl\u00e8ne Glycol, Parfum, Benzoate de benzyle, Hydroxycitronellal, Limon\u00e8ne, Citronellol, Coumarine. <em>(Veuillez toujours consulter l\u2019\u00e9tiquette pour la liste la plus \u00e0 jour.)<\/em><\/p>\n<h3>Informations de s\u00e9curit\u00e9<\/h3>\n<p><strong>DANGER \u2013 A\u00c9ROSOL EXTREMEMENT INFLAMMABLE.<\/strong> R\u00e9cipient sous pression. Ne pas exposer \u00e0 la chaleur, flammes, \u00e9tincelles ou surfaces chaudes. Ne pas percer ni incin\u00e9rer, m\u00eame apr\u00e8s usage. Stocker \u00e0 moins de 49\u202f\u00b0C. Utiliser uniquement selon les instructions. L\u2019inhalation volontaire peut \u00eatre dangereuse voire mortelle. \u00c9viter le contact avec les yeux.<\/p>\n<p><strong>Contient des gaz fluor\u00e9s \u00e0 effet de serre :<\/strong> HFC-152a : 0,116 kg \/ 0,016008 t \u00e9quivalent CO\u2082 \/ PRG : 138<\/p>\n","protected":false},"excerpt":{"rendered":"<p>Un spray de finition ultra-l\u00e9ger pour une chevelure \u00e9clatante et lumineuse.<\/p>\n","protected":false},"featured_media":31279,"comment_status":"open","ping_status":"closed","template":"","meta":{"_glsr_average":0,"_glsr_ranking":0,"_glsr_reviews":0},"product_brand":[899],"product_cat":[83,615],"product_tag":[],"class_list":{"0":"post-31277","1":"product","2":"type-product","3":"status-publish","4":"has-post-thumbnail","6":"product_brand-amika","7":"product_cat-soins-a-domicile","8":"product_cat-stylisant","9":"_wholesalex wsx-wholesalex-product","11":"first","12":"instock","13":"taxable","14":"shipping-taxable","15":"purchasable","16":"product-type-simple"},"jetpack_sharing_enabled":true,"_links":{"self":[{"href":"https:\/\/naturalook.shop\/fr\/wp-json\/wp\/v2\/product\/31277","targetHints":{"allow":["GET"]}}],"collection":[{"href":"https:\/\/naturalook.shop\/fr\/wp-json\/wp\/v2\/product"}],"about":[{"href":"https:\/\/naturalook.shop\/fr\/wp-json\/wp\/v2\/types\/product"}],"replies":[{"embeddable":true,"href":"https:\/\/naturalook.shop\/fr\/wp-json\/wp\/v2\/comments?post=31277"}],"version-history":[{"count":1,"href":"https:\/\/naturalook.shop\/fr\/wp-json\/wp\/v2\/product\/31277\/revisions"}],"predecessor-version":[{"id":34268,"href":"https:\/\/naturalook.shop\/fr\/wp-json\/wp\/v2\/product\/31277\/revisions\/34268"}],"wp:featuredmedia":[{"embeddable":true,"href":"https:\/\/naturalook.shop\/fr\/wp-json\/wp\/v2\/media\/31279"}],"wp:attachment":[{"href":"https:\/\/naturalook.shop\/fr\/wp-json\/wp\/v2\/media?parent=31277"}],"wp:term":[{"taxonomy":"product_brand","embeddable":true,"href":"https:\/\/naturalook.shop\/fr\/wp-json\/wp\/v2\/product_brand?post=31277"},{"taxonomy":"product_cat","embeddable":true,"href":"https:\/\/naturalook.shop\/fr\/wp-json\/wp\/v2\/product_cat?post=31277"},{"taxonomy":"product_tag","embeddable":true,"href":"https:\/\/naturalook.shop\/fr\/wp-json\/wp\/v2\/product_tag?post=31277"}],"curies":[{"name":"wp","href":"https:\/\/api.w.org\/{rel}","templated":true}]}}