{"id":31392,"date":"2025-05-13T14:49:08","date_gmt":"2025-05-13T18:49:08","guid":{"rendered":"https:\/\/naturalook.shop\/?post_type=product&#038;p=31392"},"modified":"2025-10-23T22:21:36","modified_gmt":"2025-10-24T02:21:36","slug":"amika-reset-apres-shampooing-gel-rafraichissant-200-ml","status":"publish","type":"product","link":"https:\/\/naturalook.shop\/fr\/produit\/amika-reset-apres-shampooing-gel-rafraichissant-200-ml\/","title":{"rendered":"AMIKA &#8211; Reset \u2013 Apr\u00e8s-Shampooing Gel Rafra\u00eechissant &#8211; 200 ml"},"content":{"rendered":"<h2>Reset \u2013 Apr\u00e8s-Shampooing Gel Rafra\u00eechissant par amika<\/h2>\n<p><strong>Hydratez et rafra\u00eechissez. Cet apr\u00e8s-shampooing infus\u00e9 au menthol apporte une hydratation l\u00e9g\u00e8re et un \u00e9quilibre parfait au cuir chevelu.<\/strong><\/p>\n<p><strong>Reset Apr\u00e8s-Shampooing Gel Rafra\u00eechissant<\/strong> est un soin l\u00e9ger con\u00e7u pour apaiser, \u00e9quilibrer et hydrater tous les types de cheveux. Enrichi en menthol, argile rose, charbon et argousier, il revitalise les m\u00e8ches sans les alourdir et procure une agr\u00e9able sensation de fra\u00eecheur au cuir chevelu.<\/p>\n<h3>Pourquoi vous allez l\u2019adorer<\/h3>\n<ul>\n<li><strong>Hydratation rafra\u00eechissante :<\/strong> infus\u00e9 au menthol pour une sensation de fra\u00eecheur imm\u00e9diate<\/li>\n<li><strong>L\u00e9ger mais efficace :<\/strong> hydrate sans alourdir, parfait apr\u00e8s un shampooing clarifiant<\/li>\n<li><strong>\u00c9quilibre du cuir chevelu :<\/strong> restaure l\u2019hydratation tout en \u00e9vitant les r\u00e9sidus<\/li>\n<li><strong>Actifs naturels purifiants :<\/strong> argile rose, charbon, extrait de tige de capucine, argousier<\/li>\n<li><strong>Convient \u00e0 tous les types de cheveux :<\/strong> de 1A \u00e0 4C<\/li>\n<\/ul>\n<h3>Mode d\u2019emploi<\/h3>\n<ol>\n<li>Apr\u00e8s le shampooing clarifiant Reset, appliquez l\u2019apr\u00e8s-shampooing gel rafra\u00eechissant sur cheveux mouill\u00e9s.<\/li>\n<li>Massez les cheveux et le cuir chevelu pendant 1 \u00e0 2 minutes.<\/li>\n<li>Rincez abondamment. Utilisez \u00e0 chaque lavage pour les cheveux gras ou une fois par semaine pour un effet d\u00e9tox.<\/li>\n<\/ol>\n<h3>Ingr\u00e9dients cl\u00e9s<\/h3>\n<ul>\n<li><strong>Charbon + Argile Rose :<\/strong> absorbent les toxines, impuret\u00e9s et exc\u00e8s de s\u00e9bum<\/li>\n<li><strong>Menthol :<\/strong> procure une sensation de fra\u00eecheur apaisante<\/li>\n<li><strong>Extrait de tige de capucine :<\/strong> riche en vitamines et antioxydants pour \u00e9quilibrer le cuir chevelu<\/li>\n<li><strong>Argousier :<\/strong> superfruit riche en om\u00e9ga-7, vitamines et nutriments pour nourrir et renforcer les cheveux<\/li>\n<\/ul>\n<h3>Liste compl\u00e8te des ingr\u00e9dients<\/h3>\n<p>Eau (Aqua), Alcool c\u00e9tylique, Beurre de karit\u00e9, Argile rose (Montmorillonite), Poudre de charbon, Extrait d\u2019argousier, Menthol, Extrait de capucine, Panth\u00e9nol, et plus. <em>(Consultez l\u2019emballage pour la liste d\u2019ingr\u00e9dients la plus r\u00e9cente.)<\/em><\/p>\n<h3>Informations de s\u00e9curit\u00e9<\/h3>\n<p><strong>ATTENTION \u2013 R\u00e9cipient sous pression :<\/strong> Peut \u00e9clater sous l\u2019effet de la chaleur. Ne pas exposer \u00e0 une temp\u00e9rature sup\u00e9rieure \u00e0 50\u202f\u00b0C. Tenir \u00e0 l\u2019\u00e9cart des flammes, \u00e9tincelles, sources de chaleur et hors de port\u00e9e des enfants. \u00c9viter tout contact avec les yeux.<\/p>\n","protected":false},"excerpt":{"rendered":"<p>Cet apr\u00e8s-shampooing infus\u00e9 au menthol apporte une hydratation l\u00e9g\u00e8re et un \u00e9quilibre parfait au cuir chevelu.<\/p>\n","protected":false},"featured_media":31396,"comment_status":"open","ping_status":"closed","template":"","meta":{"_glsr_average":0,"_glsr_ranking":0,"_glsr_reviews":0},"product_brand":[899],"product_cat":[83,610],"product_tag":[],"class_list":{"0":"post-31392","1":"product","2":"type-product","3":"status-publish","4":"has-post-thumbnail","6":"product_brand-amika","7":"product_cat-soins-a-domicile","8":"product_cat-revitalisant","9":"_wholesalex wsx-wholesalex-product","11":"first","12":"instock","13":"taxable","14":"shipping-taxable","15":"purchasable","16":"product-type-simple"},"jetpack_sharing_enabled":true,"_links":{"self":[{"href":"https:\/\/naturalook.shop\/fr\/wp-json\/wp\/v2\/product\/31392","targetHints":{"allow":["GET"]}}],"collection":[{"href":"https:\/\/naturalook.shop\/fr\/wp-json\/wp\/v2\/product"}],"about":[{"href":"https:\/\/naturalook.shop\/fr\/wp-json\/wp\/v2\/types\/product"}],"replies":[{"embeddable":true,"href":"https:\/\/naturalook.shop\/fr\/wp-json\/wp\/v2\/comments?post=31392"}],"version-history":[{"count":1,"href":"https:\/\/naturalook.shop\/fr\/wp-json\/wp\/v2\/product\/31392\/revisions"}],"predecessor-version":[{"id":34256,"href":"https:\/\/naturalook.shop\/fr\/wp-json\/wp\/v2\/product\/31392\/revisions\/34256"}],"wp:featuredmedia":[{"embeddable":true,"href":"https:\/\/naturalook.shop\/fr\/wp-json\/wp\/v2\/media\/31396"}],"wp:attachment":[{"href":"https:\/\/naturalook.shop\/fr\/wp-json\/wp\/v2\/media?parent=31392"}],"wp:term":[{"taxonomy":"product_brand","embeddable":true,"href":"https:\/\/naturalook.shop\/fr\/wp-json\/wp\/v2\/product_brand?post=31392"},{"taxonomy":"product_cat","embeddable":true,"href":"https:\/\/naturalook.shop\/fr\/wp-json\/wp\/v2\/product_cat?post=31392"},{"taxonomy":"product_tag","embeddable":true,"href":"https:\/\/naturalook.shop\/fr\/wp-json\/wp\/v2\/product_tag?post=31392"}],"curies":[{"name":"wp","href":"https:\/\/api.w.org\/{rel}","templated":true}]}}