{"id":31401,"date":"2025-05-13T14:56:47","date_gmt":"2025-05-13T18:56:47","guid":{"rendered":"https:\/\/naturalook.shop\/?post_type=product&#038;p=31401"},"modified":"2025-10-23T22:21:36","modified_gmt":"2025-10-24T02:21:36","slug":"amika-power-hour-spray-rafraichissant-boucles-200-ml","status":"publish","type":"product","link":"https:\/\/naturalook.shop\/fr\/produit\/amika-power-hour-spray-rafraichissant-boucles-200-ml\/","title":{"rendered":"AMIKA &#8211; Power Hour \u2013 Spray Rafra\u00eechissant Boucles &#8211; 200 ml"},"content":{"rendered":"<h2>Power Hour \u2013 Spray Rafra\u00eechissant Boucles par amika<\/h2>\n<p><strong>Rafra\u00eechissez, red\u00e9finissez et r\u00e9hydratez. Ce spray l\u00e9ger redonne vie aux boucles, ondulations et cheveux textur\u00e9s en un instant.<\/strong><\/p>\n<p><strong>Le Spray Rafra\u00eechissant Power Hour<\/strong> est l\u2019alli\u00e9 id\u00e9al des boucles en manque de rebond. Parfait pour le deuxi\u00e8me, troisi\u00e8me jour (ou plus), ce spray l\u00e9ger red\u00e9finit, hydrate et ravive la texture naturelle sans effet cartonn\u00e9. Id\u00e9al pour les cheveux ondul\u00e9s, boucl\u00e9s et cr\u00e9pus qui ont besoin d\u2019un coup de fra\u00eecheur.<\/p>\n<h3>Pourquoi vous allez l\u2019adorer<\/h3>\n<ul>\n<li><strong>R\u00e9veil express des boucles :<\/strong> redonne forme, rebond et brillance aux boucles fatigu\u00e9es<\/li>\n<li><strong>Hydratation + douceur :<\/strong> apporte une hydratation imm\u00e9diate pour des boucles souples au toucher<\/li>\n<li><strong>Anti-frisottis :<\/strong> aide \u00e0 lisser la fibre capillaire et \u00e0 bloquer l\u2019humidit\u00e9<\/li>\n<li><strong>D\u00e9finition naturelle :<\/strong> maintient les boucles avec une tenue l\u00e9g\u00e8re et sans rigidit\u00e9<\/li>\n<li><strong>Convient \u00e0 toutes les textures :<\/strong> ondul\u00e9s, boucl\u00e9s et cr\u00e9pus (1C \u00e0 4C)<\/li>\n<\/ul>\n<h3>Mode d\u2019emploi<\/h3>\n<ol>\n<li>Vaporisez sur cheveux secs pour rafra\u00eechir les boucles. Scrunchez vers le haut pour redonner de la forme.<\/li>\n<li>Pour plus de volume, penchez la t\u00eate vers l\u2019avant et froissez les cheveux vers les racines.<\/li>\n<li>Utilisez au cours de la journ\u00e9e d\u00e8s que vos boucles ont besoin d\u2019un coup de boost.<\/li>\n<li><strong>Astuce pro :<\/strong> Appliquez sur cheveux humides apr\u00e8s le lavage, puis superposez Curl Corps Cream et Curl Corps Gel. Diffusez pour une d\u00e9finition longue dur\u00e9e.<\/li>\n<\/ol>\n<h3>Ingr\u00e9dients cl\u00e9s<\/h3>\n<ul>\n<li><strong>Amidon de tapioca :<\/strong> aide \u00e0 d\u00e9finir les boucles tout en leur donnant une tenue l\u00e9g\u00e8re<\/li>\n<li><strong>Extrait de soja :<\/strong> riche en acides amin\u00e9s, prot\u00e9ines et min\u00e9raux, il hydrate et nourrit les cheveux<\/li>\n<li><strong>Argousier :<\/strong> superfruit riche en om\u00e9ga-7 et antioxydants, il favorise l\u2019\u00e9lasticit\u00e9, la brillance et l\u2019hydratation<\/li>\n<\/ul>\n<h3>Liste compl\u00e8te des ingr\u00e9dients<\/h3>\n<p>Eau (Aqua), Glyc\u00e9rine, Amodim\u00e9thicone, Amidon de tapioca, Huile d\u2019argousier, Extrait de soja, Peptides d\u2019avoine, Extrait de graine de lin, Panth\u00e9nol, Prot\u00e9ines de bl\u00e9 hydrolys\u00e9es, et plus. <em>(Veuillez consulter l\u2019emballage du produit pour la liste la plus \u00e0 jour.)<\/em><\/p>\n<h3>Informations de s\u00e9curit\u00e9<\/h3>\n<p>\u00c9vitez tout contact avec les yeux. Usage externe uniquement.<\/p>\n","protected":false},"excerpt":{"rendered":"<p>Ce spray l\u00e9ger redonne vie aux boucles, ondulations et cheveux textur\u00e9s en un instant.<\/p>\n","protected":false},"featured_media":31413,"comment_status":"open","ping_status":"closed","template":"","meta":{"_glsr_average":0,"_glsr_ranking":0,"_glsr_reviews":0},"product_brand":[899],"product_cat":[83,615],"product_tag":[],"class_list":{"0":"post-31401","1":"product","2":"type-product","3":"status-publish","4":"has-post-thumbnail","6":"product_brand-amika","7":"product_cat-soins-a-domicile","8":"product_cat-stylisant","9":"_wholesalex wsx-wholesalex-product","11":"first","12":"outofstock","13":"taxable","14":"shipping-taxable","15":"purchasable","16":"product-type-simple"},"jetpack_sharing_enabled":true,"_links":{"self":[{"href":"https:\/\/naturalook.shop\/fr\/wp-json\/wp\/v2\/product\/31401","targetHints":{"allow":["GET"]}}],"collection":[{"href":"https:\/\/naturalook.shop\/fr\/wp-json\/wp\/v2\/product"}],"about":[{"href":"https:\/\/naturalook.shop\/fr\/wp-json\/wp\/v2\/types\/product"}],"replies":[{"embeddable":true,"href":"https:\/\/naturalook.shop\/fr\/wp-json\/wp\/v2\/comments?post=31401"}],"version-history":[{"count":1,"href":"https:\/\/naturalook.shop\/fr\/wp-json\/wp\/v2\/product\/31401\/revisions"}],"predecessor-version":[{"id":34254,"href":"https:\/\/naturalook.shop\/fr\/wp-json\/wp\/v2\/product\/31401\/revisions\/34254"}],"wp:featuredmedia":[{"embeddable":true,"href":"https:\/\/naturalook.shop\/fr\/wp-json\/wp\/v2\/media\/31413"}],"wp:attachment":[{"href":"https:\/\/naturalook.shop\/fr\/wp-json\/wp\/v2\/media?parent=31401"}],"wp:term":[{"taxonomy":"product_brand","embeddable":true,"href":"https:\/\/naturalook.shop\/fr\/wp-json\/wp\/v2\/product_brand?post=31401"},{"taxonomy":"product_cat","embeddable":true,"href":"https:\/\/naturalook.shop\/fr\/wp-json\/wp\/v2\/product_cat?post=31401"},{"taxonomy":"product_tag","embeddable":true,"href":"https:\/\/naturalook.shop\/fr\/wp-json\/wp\/v2\/product_tag?post=31401"}],"curies":[{"name":"wp","href":"https:\/\/api.w.org\/{rel}","templated":true}]}}