{"id":31487,"date":"2025-05-14T12:25:19","date_gmt":"2025-05-14T16:25:19","guid":{"rendered":"https:\/\/naturalook.shop\/?post_type=product&#038;p=31487"},"modified":"2025-10-23T22:22:03","modified_gmt":"2025-10-24T02:22:03","slug":"maria-nila-shampooing-true-soft","status":"publish","type":"product","link":"https:\/\/naturalook.shop\/fr\/produit\/maria-nila-shampooing-true-soft\/","title":{"rendered":"MARIA NILA &#8211; Shampooing True Soft"},"content":{"rendered":"<h2>Shampooing True Soft<\/h2>\n<p><strong>Hydratez, adoucissez et lissez les cheveux secs gr\u00e2ce \u00e0 ce shampooing nourrissant enrichi en huile d\u2019argan et huiles v\u00e9g\u00e9tales protectrices.<\/strong><\/p>\n<p><strong>Le shampooing True Soft<\/strong> est sp\u00e9cialement formul\u00e9 pour les cheveux naturellement secs. Gr\u00e2ce \u00e0 l\u2019huile d\u2019argan adoucissante, aux antioxydants et aux acides gras, il hydrate en profondeur, renforce la fibre capillaire et illumine les cheveux. Il r\u00e9duit les frisottis et l\u2019\u00e9lectricit\u00e9 statique, tout en laissant un d\u00e9licat parfum floral de lys, jasmin et rose. Le Complexe Colour Guard prot\u00e8ge la couleur contre les rayons UV et les radicaux libres.<\/p>\n<h3>Pourquoi on l\u2019adore<\/h3>\n<ul>\n<li><strong>Hydratation intense + douceur :<\/strong> id\u00e9al pour les cheveux secs<\/li>\n<li><strong>Anti-frisottis + antistatique :<\/strong> pour des longueurs lisses et ma\u00eetris\u00e9es<\/li>\n<li><strong>Renforce + fait briller :<\/strong> gr\u00e2ce aux huiles naturelles riches en nutriments<\/li>\n<li><strong>Protection couleur :<\/strong> le Complexe Colour Guard pr\u00e9serve l\u2019\u00e9clat de la coloration<\/li>\n<li><strong>100 % v\u00e9gan &amp; sans cruaut\u00e9 animale<\/strong>, avec emballage \u00e0 empreinte carbone compens\u00e9e<\/li>\n<\/ul>\n<h3>Id\u00e9al pour<\/h3>\n<p>Les cheveux secs, ternes ou sujets aux frisottis qui ont besoin d\u2019hydratation, de douceur et de protection de la couleur.<\/p>\n<h3>Conseils d\u2019utilisation<\/h3>\n<ol>\n<li><strong>\u00c9tape 1 :<\/strong> Appliquer sur cheveux mouill\u00e9s, masser d\u00e9licatement le cuir chevelu et les longueurs.<\/li>\n<li><strong>\u00c9tape 2 :<\/strong> Rincer et renouveler l\u2019op\u00e9ration pour un nettoyage en profondeur.<\/li>\n<li><strong>\u00c9tape 3 :<\/strong> Poursuivre avec le masque et l\u2019apr\u00e8s-shampooing True Soft.<\/li>\n<li><strong>\u00c9tape 4 :<\/strong> Finaliser avec l\u2019huile d\u2019argan de la gamme True Soft. Utilisable au quotidien.<\/li>\n<\/ol>\n<h3>Ingr\u00e9dients cl\u00e9s<\/h3>\n<ul>\n<li><strong>Huile d\u2019argan :<\/strong> hydrate, renforce et apporte brillance<\/li>\n<li><strong>Beurre de karit\u00e9 :<\/strong> hydrate en profondeur et prot\u00e8ge contre les UV avec les vitamines A, E et F<\/li>\n<li><strong>Huile de moringa :<\/strong> riche en antioxydants, elle booste la brillance et retient l\u2019humidit\u00e9<\/li>\n<li><strong>Huile de colza :<\/strong> riche en vitamine E, elle aide \u00e0 lutter contre les frisottis, la s\u00e9cheresse et les pointes fourchues<\/li>\n<li><strong>Huile de graines de tournesol :<\/strong> forme une barri\u00e8re protectrice et adoucit les cheveux<\/li>\n<\/ul>\n","protected":false},"excerpt":{"rendered":"<p>Hydratez, adoucissez et lissez les cheveux secs gr\u00e2ce \u00e0 ce shampooing nourrissant enrichi en huile d\u2019argan et huiles v\u00e9g\u00e9tales protectrices.<\/p>\n","protected":false},"featured_media":31489,"comment_status":"open","ping_status":"closed","template":"","meta":{"_glsr_average":0,"_glsr_ranking":0,"_glsr_reviews":0},"product_brand":[904],"product_cat":[83,614],"product_tag":[],"class_list":{"0":"post-31487","1":"product","2":"type-product","3":"status-publish","4":"has-post-thumbnail","6":"product_brand-maria-nila","7":"product_cat-soins-a-domicile","8":"product_cat-shampooing","9":"_wholesalex wsx-wholesalex-product","11":"first","12":"instock","13":"taxable","14":"shipping-taxable","15":"purchasable","16":"product-type-variable"},"jetpack_sharing_enabled":true,"_links":{"self":[{"href":"https:\/\/naturalook.shop\/fr\/wp-json\/wp\/v2\/product\/31487","targetHints":{"allow":["GET"]}}],"collection":[{"href":"https:\/\/naturalook.shop\/fr\/wp-json\/wp\/v2\/product"}],"about":[{"href":"https:\/\/naturalook.shop\/fr\/wp-json\/wp\/v2\/types\/product"}],"replies":[{"embeddable":true,"href":"https:\/\/naturalook.shop\/fr\/wp-json\/wp\/v2\/comments?post=31487"}],"version-history":[{"count":1,"href":"https:\/\/naturalook.shop\/fr\/wp-json\/wp\/v2\/product\/31487\/revisions"}],"predecessor-version":[{"id":33295,"href":"https:\/\/naturalook.shop\/fr\/wp-json\/wp\/v2\/product\/31487\/revisions\/33295"}],"wp:featuredmedia":[{"embeddable":true,"href":"https:\/\/naturalook.shop\/fr\/wp-json\/wp\/v2\/media\/31489"}],"wp:attachment":[{"href":"https:\/\/naturalook.shop\/fr\/wp-json\/wp\/v2\/media?parent=31487"}],"wp:term":[{"taxonomy":"product_brand","embeddable":true,"href":"https:\/\/naturalook.shop\/fr\/wp-json\/wp\/v2\/product_brand?post=31487"},{"taxonomy":"product_cat","embeddable":true,"href":"https:\/\/naturalook.shop\/fr\/wp-json\/wp\/v2\/product_cat?post=31487"},{"taxonomy":"product_tag","embeddable":true,"href":"https:\/\/naturalook.shop\/fr\/wp-json\/wp\/v2\/product_tag?post=31487"}],"curies":[{"name":"wp","href":"https:\/\/api.w.org\/{rel}","templated":true}]}}