{"id":31576,"date":"2025-05-14T13:40:46","date_gmt":"2025-05-14T17:40:46","guid":{"rendered":"https:\/\/naturalook.shop\/?post_type=product&#038;p=31576"},"modified":"2025-10-23T22:22:01","modified_gmt":"2025-10-24T02:22:01","slug":"maria-nila-apres-shampooing-head-hair-heal","status":"publish","type":"product","link":"https:\/\/naturalook.shop\/fr\/produit\/maria-nila-apres-shampooing-head-hair-heal\/","title":{"rendered":"MARIA NILA &#8211; Apr\u00e8s-shampooing Head &#038; Hair Heal"},"content":{"rendered":"<h2>Apr\u00e8s-shampooing Head &amp; Hair Heal<\/h2>\n<p><strong>Apr\u00e8s-shampooing apaisant et fortifiant pour cuir chevelu sec, sensible ou irrit\u00e9<\/strong><\/p>\n<p><strong>Head &amp; Hair Heal Conditioner<\/strong> est un soin doux enrichi en aloe vera naturel et en Piroctone Olamine. Il hydrate, apaise et aide \u00e0 r\u00e9\u00e9quilibrer le cuir chevelu tout en stimulant les follicules pour favoriser des cheveux plus forts et en meilleure sant\u00e9. Il est formul\u00e9 avec un parfum hypoallerg\u00e9nique au bouquet floral de jasmin blanc, galbanum et fleur de tilleul \u2013 id\u00e9al pour les cuirs chevelus sensibles.<\/p>\n<h3>Pourquoi on l\u2019aime<\/h3>\n<ul>\n<li><strong>Hydrate et apaise :<\/strong> soulage les d\u00e9mangeaisons et hydrate le cuir chevelu sec<\/li>\n<li><strong>Favorise l\u2019\u00e9quilibre du cuir chevelu :<\/strong> aide \u00e0 calmer les irritations et stimule la croissance capillaire<\/li>\n<li><strong>Prot\u00e8ge la couleur :<\/strong> le Complexe Colour Guard prot\u00e8ge contre les UV et les radicaux libres<\/li>\n<li><strong>Formule propre :<\/strong> sans sulfates, sans parab\u00e8nes, 100 % vegan et non test\u00e9 sur les animaux<\/li>\n<\/ul>\n<h3>Pour qui ?<\/h3>\n<p>Id\u00e9al pour tous les types de cheveux, en particulier ceux ayant un cuir chevelu sec, sensible ou sujet aux d\u00e9mangeaisons.<\/p>\n<h3>Conseils d\u2019utilisation<\/h3>\n<ol>\n<li>Appliquer sur cheveux fra\u00eechement lav\u00e9s<\/li>\n<li>Laisser poser 1 \u00e0 2 minutes<\/li>\n<li>Rincer abondamment<\/li>\n<li>Pour un r\u00e9sultat optimal, utiliser avec le shampooing et le masque de la gamme Head &amp; Hair Heal<\/li>\n<\/ol>\n<h3>Ingr\u00e9dients cl\u00e9s<\/h3>\n<ul>\n<li><strong>Aloe vera :<\/strong> hydrate et apaise les cuirs chevelus secs ou irrit\u00e9s<\/li>\n<li><strong>Vitamine E :<\/strong> antioxydant qui prot\u00e8ge et adoucit la peau<\/li>\n<li><strong>Piroctone Olamine :<\/strong> aide \u00e0 r\u00e9tablir un cuir chevelu sain<\/li>\n<li><strong>Apig\u00e9nine &amp; acide ol\u00e9anolique :<\/strong> favorisent la stimulation des follicules et renforcent la fibre capillaire<\/li>\n<li><strong>Peptides :<\/strong> am\u00e9liorent la qualit\u00e9 globale du cheveu<\/li>\n<\/ul>\n","protected":false},"excerpt":{"rendered":"<p>Apr\u00e8s-shampooing apaisant et fortifiant pour cuir chevelu sec, sensible ou irrit\u00e9<\/p>\n","protected":false},"featured_media":31578,"comment_status":"open","ping_status":"closed","template":"","meta":{"_glsr_average":0,"_glsr_ranking":0,"_glsr_reviews":0},"product_brand":[904],"product_cat":[83,610],"product_tag":[],"class_list":{"0":"post-31576","1":"product","2":"type-product","3":"status-publish","4":"has-post-thumbnail","6":"product_brand-maria-nila","7":"product_cat-soins-a-domicile","8":"product_cat-revitalisant","9":"_wholesalex wsx-wholesalex-product","11":"first","12":"instock","13":"taxable","14":"shipping-taxable","15":"purchasable","16":"product-type-variable"},"jetpack_sharing_enabled":true,"_links":{"self":[{"href":"https:\/\/naturalook.shop\/fr\/wp-json\/wp\/v2\/product\/31576","targetHints":{"allow":["GET"]}}],"collection":[{"href":"https:\/\/naturalook.shop\/fr\/wp-json\/wp\/v2\/product"}],"about":[{"href":"https:\/\/naturalook.shop\/fr\/wp-json\/wp\/v2\/types\/product"}],"replies":[{"embeddable":true,"href":"https:\/\/naturalook.shop\/fr\/wp-json\/wp\/v2\/comments?post=31576"}],"version-history":[{"count":1,"href":"https:\/\/naturalook.shop\/fr\/wp-json\/wp\/v2\/product\/31576\/revisions"}],"predecessor-version":[{"id":33285,"href":"https:\/\/naturalook.shop\/fr\/wp-json\/wp\/v2\/product\/31576\/revisions\/33285"}],"wp:featuredmedia":[{"embeddable":true,"href":"https:\/\/naturalook.shop\/fr\/wp-json\/wp\/v2\/media\/31578"}],"wp:attachment":[{"href":"https:\/\/naturalook.shop\/fr\/wp-json\/wp\/v2\/media?parent=31576"}],"wp:term":[{"taxonomy":"product_brand","embeddable":true,"href":"https:\/\/naturalook.shop\/fr\/wp-json\/wp\/v2\/product_brand?post=31576"},{"taxonomy":"product_cat","embeddable":true,"href":"https:\/\/naturalook.shop\/fr\/wp-json\/wp\/v2\/product_cat?post=31576"},{"taxonomy":"product_tag","embeddable":true,"href":"https:\/\/naturalook.shop\/fr\/wp-json\/wp\/v2\/product_tag?post=31576"}],"curies":[{"name":"wp","href":"https:\/\/api.w.org\/{rel}","templated":true}]}}