{"id":31747,"date":"2025-05-15T10:24:47","date_gmt":"2025-05-15T14:24:47","guid":{"rendered":"https:\/\/naturalook.shop\/?post_type=product&#038;p=31747"},"modified":"2025-10-23T22:21:59","modified_gmt":"2025-10-24T02:21:59","slug":"maria-nila-purifying-cleanse-exfoliating-serum-150ml","status":"publish","type":"product","link":"https:\/\/naturalook.shop\/fr\/produit\/maria-nila-purifying-cleanse-exfoliating-serum-150ml\/","title":{"rendered":"MARIA NILA &#8211; Purifying Cleanse Exfoliating Serum &#8211; 150ml"},"content":{"rendered":"<h2>Purifying Cleanse Exfoliating Serum \u2013 150ml \/ 5.1oz<\/h2>\n<p><strong>S\u00e9rum exfoliant pour cuir chevelu gras, irrit\u00e9 ou sujet aux pellicules<\/strong><\/p>\n<p>Le <strong>Purifying Cleanse Exfoliating Serum<\/strong> est un traitement exfoliant \u00e0 rincer, con\u00e7u pour purifier et d\u00e9toxifier le cuir chevelu sans dess\u00e9cher les cheveux. Formul\u00e9 avec <strong>5 % d\u2019acide glycolique<\/strong>, <strong>d\u2019aloe vera<\/strong> et de <strong>provitamine B5<\/strong>, ce s\u00e9rum \u00e9limine les r\u00e9sidus, l\u2019exc\u00e8s de s\u00e9bum et apaise les d\u00e9mangeaisons pour un cuir chevelu sain et r\u00e9\u00e9quilibr\u00e9.<\/p>\n<h3>Pourquoi vous allez l\u2019adorer<\/h3>\n<ul>\n<li>R\u00e9duit l\u2019accumulation de s\u00e9bum et les impuret\u00e9s<\/li>\n<li>Exfolie en douceur sans ass\u00e9cher<\/li>\n<li>Test\u00e9 dermatologiquement et approuv\u00e9 pour am\u00e9liorer la sant\u00e9 du cuir chevelu<\/li>\n<li>Parfum fruit\u00e9 frais : abricot, p\u00eache, musc et freesia<\/li>\n<li><strong>100 % vegan, sans cruaut\u00e9, sans sulfates, sans silicones et emballage CO2 compens\u00e9<\/strong><\/li>\n<\/ul>\n<h3>R\u00e9sultats cliniques*<\/h3>\n<ul>\n<li>91 % ont constat\u00e9 moins de s\u00e9bum et de r\u00e9sidus<\/li>\n<li>76 % ont ressenti moins de d\u00e9mangeaisons<\/li>\n<li>73 % ont observ\u00e9 une am\u00e9lioration de la sant\u00e9 du cuir chevelu<\/li>\n<\/ul>\n<p><em>*Test\u00e9 sur un groupe de 55 personnes pendant 3 semaines<\/em><\/p>\n<h3>Conseils d&#8217;utilisation<\/h3>\n<ol>\n<li>Appliquer directement sur cuir chevelu sec ou humide \u00e0 l\u2019aide de la pipette<\/li>\n<li>Masser doucement et laisser agir 10 minutes<\/li>\n<li>Rincer abondamment, puis laver avec votre shampoing et apr\u00e8s-shampoing pr\u00e9f\u00e9r\u00e9s<\/li>\n<li>Utiliser une fois par mois ou d\u00e8s que le cuir chevelu a besoin d\u2019un nettoyage en profondeur<\/li>\n<\/ol>\n<h3>Ingr\u00e9dients cl\u00e9s<\/h3>\n<ul>\n<li><strong>Acide glycolique (5 %) :<\/strong> Exfolie le cuir chevelu en profondeur et d\u00e9sobstrue les follicules<\/li>\n<li><strong>Acides AHA :<\/strong> M\u00e9lange d\u2019acides de fruits et d\u2019acide salicylique pour une exfoliation douce et une hydratation renforc\u00e9e<\/li>\n<li><strong>Aloe vera :<\/strong> Apaise, hydrate et r\u00e9duit les irritations<\/li>\n<li><strong>Extrait de menthe poivr\u00e9e :<\/strong> Effet rafra\u00eechissant imm\u00e9diat sur le cuir chevelu<\/li>\n<li><strong>Eau de glacier :<\/strong> Purifie, revitalise et \u00e9limine les impuret\u00e9s<\/li>\n<\/ul>\n","protected":false},"excerpt":{"rendered":"<p>S\u00e9rum exfoliant pour cuir chevelu gras, irrit\u00e9 ou sujet aux pellicules<\/p>\n","protected":false},"featured_media":31761,"comment_status":"open","ping_status":"closed","template":"","meta":{"_glsr_average":0,"_glsr_ranking":0,"_glsr_reviews":0},"product_brand":[904],"product_cat":[83,878],"product_tag":[],"class_list":{"0":"post-31747","1":"product","2":"type-product","3":"status-publish","4":"has-post-thumbnail","6":"product_brand-maria-nila","7":"product_cat-soins-a-domicile","8":"product_cat-serum-fr","9":"_wholesalex wsx-wholesalex-product","11":"first","12":"instock","13":"taxable","14":"shipping-taxable","15":"purchasable","16":"product-type-simple"},"jetpack_sharing_enabled":true,"_links":{"self":[{"href":"https:\/\/naturalook.shop\/fr\/wp-json\/wp\/v2\/product\/31747","targetHints":{"allow":["GET"]}}],"collection":[{"href":"https:\/\/naturalook.shop\/fr\/wp-json\/wp\/v2\/product"}],"about":[{"href":"https:\/\/naturalook.shop\/fr\/wp-json\/wp\/v2\/types\/product"}],"replies":[{"embeddable":true,"href":"https:\/\/naturalook.shop\/fr\/wp-json\/wp\/v2\/comments?post=31747"}],"version-history":[{"count":1,"href":"https:\/\/naturalook.shop\/fr\/wp-json\/wp\/v2\/product\/31747\/revisions"}],"predecessor-version":[{"id":34338,"href":"https:\/\/naturalook.shop\/fr\/wp-json\/wp\/v2\/product\/31747\/revisions\/34338"}],"wp:featuredmedia":[{"embeddable":true,"href":"https:\/\/naturalook.shop\/fr\/wp-json\/wp\/v2\/media\/31761"}],"wp:attachment":[{"href":"https:\/\/naturalook.shop\/fr\/wp-json\/wp\/v2\/media?parent=31747"}],"wp:term":[{"taxonomy":"product_brand","embeddable":true,"href":"https:\/\/naturalook.shop\/fr\/wp-json\/wp\/v2\/product_brand?post=31747"},{"taxonomy":"product_cat","embeddable":true,"href":"https:\/\/naturalook.shop\/fr\/wp-json\/wp\/v2\/product_cat?post=31747"},{"taxonomy":"product_tag","embeddable":true,"href":"https:\/\/naturalook.shop\/fr\/wp-json\/wp\/v2\/product_tag?post=31747"}],"curies":[{"name":"wp","href":"https:\/\/api.w.org\/{rel}","templated":true}]}}