{"id":31824,"date":"2025-05-15T13:05:51","date_gmt":"2025-05-15T17:05:51","guid":{"rendered":"https:\/\/naturalook.shop\/?post_type=product&#038;p=31824"},"modified":"2025-10-23T22:21:58","modified_gmt":"2025-10-24T02:21:58","slug":"maria-nila-ocean-spray-spray-texturisant-au-sel-150ml","status":"publish","type":"product","link":"https:\/\/naturalook.shop\/fr\/produit\/maria-nila-ocean-spray-spray-texturisant-au-sel-150ml\/","title":{"rendered":"MARIA NILA &#8211; Ocean Spray \u2013 Spray texturisant au sel &#8211; 150ml"},"content":{"rendered":"<h2>Ocean Spray \u2013 Spray texturisant au sel<\/h2>\n<p><strong>Spray au sel marin pour un effet plage, volume et tenue<\/strong><\/p>\n<p><strong>Ocean Spray<\/strong> est un spray texturisant enrichi en sel naturel qui apporte de la structure, du volume et une finition mate non collante. Parfait pour cr\u00e9er des ondulations effet retour de plage ou pour fixer des coiffures longues tenues. Gr\u00e2ce \u00e0 sa forte concentration en sel marin, il offre une tenue plus forte que le Salty Mist, sans alourdir les cheveux.<\/p>\n<h3>Pourquoi vous allez l\u2019adorer<\/h3>\n<ul>\n<li>Cr\u00e9e des ondulations naturelles style \u201cbeach waves\u201d<\/li>\n<li>R\u00e9sultat texturis\u00e9 avec finition mate et sans effet collant (Niveau de tenue : 3\/5)<\/li>\n<li>Apporte du volume et de la structure aux cheveux fins comme \u00e9pais<\/li>\n<li>Formul\u00e9 avec <strong>du sel marin naturel<\/strong> pour une meilleure fixation<\/li>\n<li><strong>Complexe Colour Guard :<\/strong> prot\u00e8ge la couleur des cheveux contre les UV et les radicaux libres<\/li>\n<li>Parfum fruit\u00e9 aux notes de pomme et d\u2019abricot<\/li>\n<li><strong>100 % vegan et non test\u00e9 sur les animaux<\/strong><\/li>\n<\/ul>\n<h3>Mode d&#8217;emploi<\/h3>\n<ol>\n<li>Vaporiser sur cheveux essor\u00e9s pour plus de texture et de volume<\/li>\n<li>S\u00e9cher au s\u00e8che-cheveux pour plus de volume ou laisser s\u00e9cher \u00e0 l\u2019air libre pour un look naturel<\/li>\n<li>Peut \u00e9galement s\u2019utiliser sur cheveux secs pour raviver la texture ou fixer des coiffures<\/li>\n<\/ol>\n<h3>Ingr\u00e9dients cl\u00e9s<\/h3>\n<ul>\n<li><strong>Sel marin naturel :<\/strong> texturise les cheveux et apporte de la tenue<\/li>\n<li><strong>Extrait de graines de tournesol :<\/strong> prot\u00e8ge les cheveux et leur couleur<\/li>\n<li><strong>Complexe Colour Guard :<\/strong> pr\u00e9serve l\u2019\u00e9clat de la couleur face aux agressions ext\u00e9rieures<\/li>\n<\/ul>\n","protected":false},"excerpt":{"rendered":"<p>Spray au sel marin pour un effet plage, volume et tenue<\/p>\n","protected":false},"featured_media":31826,"comment_status":"open","ping_status":"closed","template":"","meta":{"_glsr_average":0,"_glsr_ranking":0,"_glsr_reviews":0},"product_brand":[904],"product_cat":[83,615],"product_tag":[],"class_list":{"0":"post-31824","1":"product","2":"type-product","3":"status-publish","4":"has-post-thumbnail","6":"product_brand-maria-nila","7":"product_cat-soins-a-domicile","8":"product_cat-stylisant","9":"_wholesalex wsx-wholesalex-product","11":"first","12":"instock","13":"taxable","14":"shipping-taxable","15":"purchasable","16":"product-type-simple"},"jetpack_sharing_enabled":true,"_links":{"self":[{"href":"https:\/\/naturalook.shop\/fr\/wp-json\/wp\/v2\/product\/31824","targetHints":{"allow":["GET"]}}],"collection":[{"href":"https:\/\/naturalook.shop\/fr\/wp-json\/wp\/v2\/product"}],"about":[{"href":"https:\/\/naturalook.shop\/fr\/wp-json\/wp\/v2\/types\/product"}],"replies":[{"embeddable":true,"href":"https:\/\/naturalook.shop\/fr\/wp-json\/wp\/v2\/comments?post=31824"}],"version-history":[{"count":1,"href":"https:\/\/naturalook.shop\/fr\/wp-json\/wp\/v2\/product\/31824\/revisions"}],"predecessor-version":[{"id":34334,"href":"https:\/\/naturalook.shop\/fr\/wp-json\/wp\/v2\/product\/31824\/revisions\/34334"}],"wp:featuredmedia":[{"embeddable":true,"href":"https:\/\/naturalook.shop\/fr\/wp-json\/wp\/v2\/media\/31826"}],"wp:attachment":[{"href":"https:\/\/naturalook.shop\/fr\/wp-json\/wp\/v2\/media?parent=31824"}],"wp:term":[{"taxonomy":"product_brand","embeddable":true,"href":"https:\/\/naturalook.shop\/fr\/wp-json\/wp\/v2\/product_brand?post=31824"},{"taxonomy":"product_cat","embeddable":true,"href":"https:\/\/naturalook.shop\/fr\/wp-json\/wp\/v2\/product_cat?post=31824"},{"taxonomy":"product_tag","embeddable":true,"href":"https:\/\/naturalook.shop\/fr\/wp-json\/wp\/v2\/product_tag?post=31824"}],"curies":[{"name":"wp","href":"https:\/\/api.w.org\/{rel}","templated":true}]}}