{"id":31837,"date":"2025-05-15T13:22:19","date_gmt":"2025-05-15T17:22:19","guid":{"rendered":"https:\/\/naturalook.shop\/?post_type=product&#038;p=31837"},"modified":"2025-10-23T22:21:58","modified_gmt":"2025-10-24T02:21:58","slug":"maria-nila-salty-mist-spray-texturisant-au-sel-150ml","status":"publish","type":"product","link":"https:\/\/naturalook.shop\/fr\/produit\/maria-nila-salty-mist-spray-texturisant-au-sel-150ml\/","title":{"rendered":"MARIA NILA &#8211; Salty Mist \u2013 Spray texturisant au sel &#8211; 150ml"},"content":{"rendered":"<h2>Salty Mist \u2013 Spray texturisant au sel<\/h2>\n<p><strong>Spray l\u00e9ger pour des ondulations naturelles effet plage<\/strong><\/p>\n<p><strong>Salty Mist<\/strong> est un spray texturisant nourrissant au sel marin, con\u00e7u pour apporter volume, l\u00e9g\u00e8ret\u00e9 et texture aux cheveux. Sa tenue l\u00e9g\u00e8re (2\/5) en fait le compagnon id\u00e9al pour cr\u00e9er un look ondul\u00e9 effet retour de plage sans alourdir. Il est parfait pour les cheveux courts ou longs, et son parfum floral de <strong>bergamote<\/strong> et <strong>rose bulgare<\/strong> laisse une sensation de fra\u00eecheur subtile.<\/p>\n<h3>Pourquoi vous allez l\u2019adorer<\/h3>\n<ul>\n<li>Ajoute du volume et une texture l\u00e9g\u00e8re<\/li>\n<li>Parfait pour un effet plage subtil et naturel<\/li>\n<li>Id\u00e9al pour cheveux courts et longs<\/li>\n<li>Faible concentration en sel pour une tenue souple (tenue 2\/5)<\/li>\n<li><strong>Complexe Colour Guard :<\/strong> prot\u00e8ge les cheveux color\u00e9s contre les UV et les radicaux libres<\/li>\n<li>Parfum floral d\u00e9licat de bergamote et de rose bulgare<\/li>\n<li><strong>100 % vegan et non test\u00e9 sur les animaux<\/strong><\/li>\n<\/ul>\n<h3>Mode d&#8217;emploi<\/h3>\n<ol>\n<li>Vaporiser sur cheveux essor\u00e9s, humides<\/li>\n<li>Laisser s\u00e9cher \u00e0 l\u2019air libre pour un fini naturel ou s\u00e9cher au s\u00e8che-cheveux pour plus de volume<\/li>\n<li><em>Astuce :<\/em> Laisser le produit \u00eatre absorb\u00e9 par les cheveux avant de les travailler pour un r\u00e9sultat optimal<\/li>\n<\/ol>\n<h3>Ingr\u00e9dients cl\u00e9s<\/h3>\n<ul>\n<li><strong>Sel marin :<\/strong> apporte texture et effet l\u00e9g\u00e8rement sal\u00e9<\/li>\n<li><strong>Extrait de tournesol :<\/strong> prot\u00e8ge la couleur et apporte de la brillance<\/li>\n<li><strong>Complexe Colour Guard :<\/strong> prot\u00e8ge contre la d\u00e9coloration due aux UV et \u00e0 la pollution<\/li>\n<\/ul>\n","protected":false},"excerpt":{"rendered":"<p>Spray l\u00e9ger pour des ondulations naturelles effet plage<\/p>\n","protected":false},"featured_media":31845,"comment_status":"open","ping_status":"closed","template":"","meta":{"_glsr_average":0,"_glsr_ranking":0,"_glsr_reviews":0},"product_brand":[904],"product_cat":[83,615],"product_tag":[],"class_list":{"0":"post-31837","1":"product","2":"type-product","3":"status-publish","4":"has-post-thumbnail","6":"product_brand-maria-nila","7":"product_cat-soins-a-domicile","8":"product_cat-stylisant","9":"_wholesalex wsx-wholesalex-product","11":"first","12":"instock","13":"taxable","14":"shipping-taxable","15":"purchasable","16":"product-type-simple"},"jetpack_sharing_enabled":true,"_links":{"self":[{"href":"https:\/\/naturalook.shop\/fr\/wp-json\/wp\/v2\/product\/31837","targetHints":{"allow":["GET"]}}],"collection":[{"href":"https:\/\/naturalook.shop\/fr\/wp-json\/wp\/v2\/product"}],"about":[{"href":"https:\/\/naturalook.shop\/fr\/wp-json\/wp\/v2\/types\/product"}],"replies":[{"embeddable":true,"href":"https:\/\/naturalook.shop\/fr\/wp-json\/wp\/v2\/comments?post=31837"}],"version-history":[{"count":1,"href":"https:\/\/naturalook.shop\/fr\/wp-json\/wp\/v2\/product\/31837\/revisions"}],"predecessor-version":[{"id":34333,"href":"https:\/\/naturalook.shop\/fr\/wp-json\/wp\/v2\/product\/31837\/revisions\/34333"}],"wp:featuredmedia":[{"embeddable":true,"href":"https:\/\/naturalook.shop\/fr\/wp-json\/wp\/v2\/media\/31845"}],"wp:attachment":[{"href":"https:\/\/naturalook.shop\/fr\/wp-json\/wp\/v2\/media?parent=31837"}],"wp:term":[{"taxonomy":"product_brand","embeddable":true,"href":"https:\/\/naturalook.shop\/fr\/wp-json\/wp\/v2\/product_brand?post=31837"},{"taxonomy":"product_cat","embeddable":true,"href":"https:\/\/naturalook.shop\/fr\/wp-json\/wp\/v2\/product_cat?post=31837"},{"taxonomy":"product_tag","embeddable":true,"href":"https:\/\/naturalook.shop\/fr\/wp-json\/wp\/v2\/product_tag?post=31837"}],"curies":[{"name":"wp","href":"https:\/\/api.w.org\/{rel}","templated":true}]}}