{"id":31875,"date":"2025-05-15T13:53:53","date_gmt":"2025-05-15T17:53:53","guid":{"rendered":"https:\/\/naturalook.shop\/?post_type=product&#038;p=31875"},"modified":"2025-10-23T22:21:57","modified_gmt":"2025-10-24T02:21:57","slug":"maria-nila-curlicue-cream-150ml","status":"publish","type":"product","link":"https:\/\/naturalook.shop\/fr\/produit\/maria-nila-curlicue-cream-150ml\/","title":{"rendered":"MARIA NILA &#8211; Curlicue Cream &#8211; 100ml"},"content":{"rendered":"<h2>Curlicue Cream \u2013 100ml \/ 3.4oz<\/h2>\n<p><strong>Cr\u00e8me nourrissante pour d\u00e9finir les boucles et contr\u00f4ler les frisottis<\/strong><\/p>\n<p>La <strong>Curlicue Cream<\/strong> est une cr\u00e8me coiffante sans rin\u00e7age qui hydrate intens\u00e9ment et d\u00e9finit les boucles et ondulations tout en luttant contre les frisottis et les pointes fourchues. Sa tenue moyenne (3\/5) permet de sublimer la texture naturelle des cheveux boucl\u00e9s, tout en les prot\u00e9geant de l\u2019humidit\u00e9 et des agressions ext\u00e9rieures.<\/p>\n<h3>Pourquoi vous allez l\u2019adorer<\/h3>\n<ul>\n<li>D\u00e9finit les boucles et les ondulations avec \u00e9lasticit\u00e9 et tenue naturelle<\/li>\n<li>Pr\u00e9vient les frisottis, les pointes fourchues et les effets de l\u2019humidit\u00e9<\/li>\n<li>Formul\u00e9e avec de l\u2019<strong>extrait de camomille hydratant<\/strong><\/li>\n<li><strong>Complexe Colour Guard :<\/strong> prot\u00e8ge la couleur des cheveux contre les rayons UV et les radicaux libres<\/li>\n<li>Parfum floral fruit\u00e9 de <strong>jasmin, lys et ananas<\/strong><\/li>\n<li><strong>100 % vegan et non test\u00e9 sur les animaux<\/strong>, emballage compens\u00e9 en CO\u2082<\/li>\n<\/ul>\n<h3>Mode d\u2019emploi<\/h3>\n<ol>\n<li>Appliquer sur cheveux humides, uniquement sur les pointes pour un look texturis\u00e9<\/li>\n<li>Pour une d\u00e9finition plus contr\u00f4l\u00e9e, r\u00e9partir sur les longueurs ou sur l\u2019ensemble de la chevelure<\/li>\n<li>Laisser s\u00e9cher \u00e0 l\u2019air libre ou utiliser un diffuseur pour plus de volume et de d\u00e9finition<\/li>\n<\/ol>\n<p><em>Astuce :<\/em> Parfait pour raviver les boucles le deuxi\u00e8me jour ou \u00e0 combiner avec un gel pour une tenue renforc\u00e9e.<\/p>\n<h3>Ingr\u00e9dients cl\u00e9s<\/h3>\n<ul>\n<li><strong>Extrait de camomille :<\/strong> hydrate, apaise et renforce les cheveux boucl\u00e9s<\/li>\n<li><strong>Extrait de graine de tournesol :<\/strong> riche en antioxydants, booste la brillance et prot\u00e8ge la couleur<\/li>\n<li><strong>Glyc\u00e9rine :<\/strong> attire et retient l\u2019humidit\u00e9 pour am\u00e9liorer l\u2019\u00e9lasticit\u00e9 des boucles<\/li>\n<\/ul>\n","protected":false},"excerpt":{"rendered":"<p>Cr\u00e8me nourrissante pour d\u00e9finir les boucles et contr\u00f4ler les frisottis<\/p>\n","protected":false},"featured_media":31877,"comment_status":"open","ping_status":"closed","template":"","meta":{"_glsr_average":0,"_glsr_ranking":0,"_glsr_reviews":0},"product_brand":[904],"product_cat":[83,615],"product_tag":[],"class_list":{"0":"post-31875","1":"product","2":"type-product","3":"status-publish","4":"has-post-thumbnail","6":"product_brand-maria-nila","7":"product_cat-soins-a-domicile","8":"product_cat-stylisant","9":"_wholesalex wsx-wholesalex-product","11":"first","12":"instock","13":"taxable","14":"shipping-taxable","15":"purchasable","16":"product-type-simple"},"jetpack_sharing_enabled":true,"_links":{"self":[{"href":"https:\/\/naturalook.shop\/fr\/wp-json\/wp\/v2\/product\/31875","targetHints":{"allow":["GET"]}}],"collection":[{"href":"https:\/\/naturalook.shop\/fr\/wp-json\/wp\/v2\/product"}],"about":[{"href":"https:\/\/naturalook.shop\/fr\/wp-json\/wp\/v2\/types\/product"}],"replies":[{"embeddable":true,"href":"https:\/\/naturalook.shop\/fr\/wp-json\/wp\/v2\/comments?post=31875"}],"version-history":[{"count":1,"href":"https:\/\/naturalook.shop\/fr\/wp-json\/wp\/v2\/product\/31875\/revisions"}],"predecessor-version":[{"id":34330,"href":"https:\/\/naturalook.shop\/fr\/wp-json\/wp\/v2\/product\/31875\/revisions\/34330"}],"wp:featuredmedia":[{"embeddable":true,"href":"https:\/\/naturalook.shop\/fr\/wp-json\/wp\/v2\/media\/31877"}],"wp:attachment":[{"href":"https:\/\/naturalook.shop\/fr\/wp-json\/wp\/v2\/media?parent=31875"}],"wp:term":[{"taxonomy":"product_brand","embeddable":true,"href":"https:\/\/naturalook.shop\/fr\/wp-json\/wp\/v2\/product_brand?post=31875"},{"taxonomy":"product_cat","embeddable":true,"href":"https:\/\/naturalook.shop\/fr\/wp-json\/wp\/v2\/product_cat?post=31875"},{"taxonomy":"product_tag","embeddable":true,"href":"https:\/\/naturalook.shop\/fr\/wp-json\/wp\/v2\/product_tag?post=31875"}],"curies":[{"name":"wp","href":"https:\/\/api.w.org\/{rel}","templated":true}]}}