{"id":32424,"date":"2025-08-18T14:08:42","date_gmt":"2025-08-18T18:08:42","guid":{"rendered":"https:\/\/naturalook.shop\/?post_type=product&#038;p=32424"},"modified":"2025-10-23T22:21:36","modified_gmt":"2025-10-24T02:21:36","slug":"amika-frizz-me-not-hydrating-anti-frizz-treatment-200-ml","status":"publish","type":"product","link":"https:\/\/naturalook.shop\/fr\/produit\/amika-frizz-me-not-hydrating-anti-frizz-treatment-200-ml\/","title":{"rendered":"AMIKA &#8211; Frizz-Me-Not Hydrating Anti-Frizz Treatment &#8211; 200 ml"},"content":{"rendered":"<div>\n<div class=\"grid-cols-1 grid gap-2.5 [&amp;_&gt;_*]:min-w-0\">\n<h1 class=\"whitespace-normal break-words\"><strong>Traitement Hydratant Anti-Frisottis Frizz-Me-Not par amika<\/strong><\/h1>\n<\/div>\n<\/div>\n<div>\n<div class=\"grid-cols-1 grid gap-2.5 [&amp;_&gt;_*]:min-w-0\">\n<p class=\"whitespace-normal break-words\"><strong>Lisse. Scelle. Fait briller. Ce traitement activ\u00e9 par la chaleur procure 3 jours de protection anti-frisottis pour des cheveux brillants et \u00e0 l&#8217;\u00e9preuve de l&#8217;humidit\u00e9 qui ne c\u00e9deront pas.<\/strong><\/p>\n<\/div>\n<\/div>\n<div>\n<div class=\"grid-cols-1 grid gap-2.5 [&amp;_&gt;_*]:min-w-0\">\n<p class=\"whitespace-normal break-words\">Le <strong>Traitement Hydratant Anti-Frisottis Frizz-Me-Not<\/strong> est la solution lissante ultime pour les types de cheveux moyens \u00e0 \u00e9pais qui recherchent un contr\u00f4le durable des frisottis. Cette formule cliniquement prouv\u00e9e et activ\u00e9e par la chaleur cr\u00e9e un bouclier protecteur qui offre 3 jours de r\u00e9sultats lisses et brillants tout en augmentant l&#8217;hydratation de 70%. La texture laiteuse luxueuse glisse sans effort et s&#8217;active avec vos outils de coiffage pour sceller la douceur sans laisser de r\u00e9sidu collant.<\/p>\n<\/div>\n<\/div>\n<div>\n<div class=\"grid-cols-1 grid gap-2.5 [&amp;_&gt;_*]:min-w-0\">\n<h2 class=\"whitespace-normal break-words\"><strong>Pourquoi vous l&#8217;adorerez<\/strong><\/h2>\n<ul class=\"[&amp;:not(:last-child)_ul]:pb-1 [&amp;:not(:last-child)_ol]:pb-1 list-disc space-y-1.5 pl-7\">\n<li class=\"whitespace-normal break-words\"><strong>Protection anti-frisottis de 3 jours :<\/strong> cliniquement prouv\u00e9 pour lisser les frisottis et maintenir des r\u00e9sultats impeccables pendant des jours<\/li>\n<li class=\"whitespace-normal break-words\"><strong>Protection thermique jusqu&#8217;\u00e0 450\u00b0F :<\/strong> prot\u00e8ge les cheveux des dommages thermiques pendant le coiffage<\/li>\n<li class=\"whitespace-normal break-words\"><strong>Boost d&#8217;hydratation de 70% :<\/strong> hydrate en profondeur tout en lissant pour des cheveux soyeux et brillants au toucher<\/li>\n<li class=\"whitespace-normal break-words\"><strong>Coiffage polyvalent :<\/strong> parfait pour des brushings lisses ou des boucles soyeuses et d\u00e9finies<\/li>\n<li class=\"whitespace-normal break-words\"><strong>Formule \u00e0 l&#8217;\u00e9preuve de l&#8217;humidit\u00e9 :<\/strong> bloque les facteurs environnementaux qui causent les frisottis et les cheveux rebelles<\/li>\n<li class=\"whitespace-normal break-words\"><strong>Aucun r\u00e9sidu collant :<\/strong> texture laiteuse l\u00e9g\u00e8re qui n&#8217;alourdit pas les cheveux<\/li>\n<\/ul>\n<\/div>\n<\/div>\n<div>\n<div class=\"grid-cols-1 grid gap-2.5 [&amp;_&gt;_*]:min-w-0\">\n<h2 class=\"whitespace-normal break-words\"><strong>Mode d&#8217;emploi<\/strong><\/h2>\n<ol class=\"[&amp;:not(:last-child)_ul]:pb-1 [&amp;:not(:last-child)_ol]:pb-1 list-decimal space-y-1.5 pl-7\">\n<li class=\"whitespace-normal break-words\"><strong>Appliquer sur cheveux propres et humides :<\/strong> vaporiser uniform\u00e9ment dans les cheveux des mi-longueurs aux pointes<\/li>\n<li class=\"whitespace-normal break-words\"><strong>Peigner soigneusement :<\/strong> s&#8217;assurer que les cheveux sont compl\u00e8tement satur\u00e9s pour une couverture maximale<\/li>\n<li class=\"whitespace-normal break-words\"><strong>Activer avec le coiffage \u00e0 la chaleur :<\/strong>\n<ul class=\"[&amp;:not(:last-child)_ul]:pb-1 [&amp;:not(:last-child)_ol]:pb-1 list-disc space-y-1.5 pl-7\">\n<li class=\"whitespace-normal break-words\"><strong>Pour les styles lisses :<\/strong> s\u00e9cher au s\u00e9choir avec une brosse et de la tension pour des r\u00e9sultats impeccables<\/li>\n<li class=\"whitespace-normal break-words\"><strong>Pour les styles boucl\u00e9s :<\/strong> utiliser un diffuseur pour s\u00e9cher et d\u00e9finir les boucles tout en maintenant la douceur<\/li>\n<\/ul>\n<\/li>\n<\/ol>\n<\/div>\n<\/div>\n<div>\n<div class=\"grid-cols-1 grid gap-2.5 [&amp;_&gt;_*]:min-w-0\">\n<p class=\"whitespace-normal break-words\"><strong>Conseil de pro :<\/strong> Pour une long\u00e9vit\u00e9 maximale, \u00e9vitez de laver les cheveux pendant 3 jours apr\u00e8s le traitement pour maintenir le sceau protecteur et prolonger vos r\u00e9sultats sans frisottis.<\/p>\n<\/div>\n<\/div>\n<div>\n<div class=\"grid-cols-1 grid gap-2.5 [&amp;_&gt;_*]:min-w-0\">\n<h2 class=\"whitespace-normal break-words\"><strong>Ingr\u00e9dients cl\u00e9s<\/strong><\/h2>\n<ul class=\"[&amp;:not(:last-child)_ul]:pb-1 [&amp;:not(:last-child)_ol]:pb-1 list-disc space-y-1.5 pl-7\">\n<li class=\"whitespace-normal break-words\"><strong>Complexe Lissant Hydrasoft :<\/strong> formule avanc\u00e9e qui adoucit et lisse pour des r\u00e9sultats ultra-brillants de qualit\u00e9 salon<\/li>\n<li class=\"whitespace-normal break-words\"><strong>Bouclier d&#8217;Humidit\u00e9 Prolong\u00e9 :<\/strong> cr\u00e9e une barri\u00e8re invisible qui bloque l&#8217;humidit\u00e9 pour une protection anti-frisottis durable<\/li>\n<li class=\"whitespace-normal break-words\"><strong>Huile d&#8217;Argousier :<\/strong> riche en acides gras om\u00e9ga, procure une nutrition profonde et ajoute une brillance naturelle<\/li>\n<li class=\"whitespace-normal break-words\"><strong>Huile de Coco :<\/strong> hydrate et revitalise les cheveux tout en am\u00e9liorant la douceur et la maniabilit\u00e9<\/li>\n<\/ul>\n<\/div>\n<\/div>\n<div>\n<div class=\"grid-cols-1 grid gap-2.5 [&amp;_&gt;_*]:min-w-0\">\n<h2 class=\"whitespace-normal break-words\"><strong>Liste compl\u00e8te des ingr\u00e9dients<\/strong><\/h2>\n<p class=\"whitespace-normal break-words\">Water\/Eau\/Aqua, Butylene Glycol, Isododecane, Dipropylene Glycol, Amodimethicone, Polyquaternium-37, Polysilicone-29, Silicone Quaternium-18, Hippophae Rhamnoides (Sea Buckthorn) Fruit\/Seed Oil, Cocos Nucifera (Coconut) Oil, Glycolic Acid, Lactic Acid, Panthenol, Tocopherol, Aloe Barbadensis Leaf Juice, Trehalose, Ethyl Linoleate, Ethyl Oleate, Caprylic Acid, Xylitol, et plus. <em>(Voir l&#8217;emballage pour la liste la plus r\u00e9cente.)<\/em><\/p>\n<\/div>\n<\/div>\n<div>\n<div class=\"grid-cols-1 grid gap-2.5 [&amp;_&gt;_*]:min-w-0\">\n<h2 class=\"whitespace-normal break-words\"><strong>Information de s\u00e9curit\u00e9<\/strong><\/h2>\n<p class=\"whitespace-normal break-words\">\u00c9viter le contact avec les yeux. Pour usage externe seulement.<\/p>\n<\/div>\n<\/div>\n","protected":false},"excerpt":{"rendered":"<p>Lisse. Scelle. Fait briller.<\/p>\n","protected":false},"featured_media":32426,"comment_status":"open","ping_status":"closed","template":"","meta":{"_glsr_average":0,"_glsr_ranking":0,"_glsr_reviews":0},"product_brand":[899],"product_cat":[83,616],"product_tag":[],"class_list":{"0":"post-32424","1":"product","2":"type-product","3":"status-publish","4":"has-post-thumbnail","6":"product_brand-amika","7":"product_cat-soins-a-domicile","8":"product_cat-traitement","9":"_wholesalex wsx-wholesalex-product","11":"first","12":"instock","13":"taxable","14":"shipping-taxable","15":"purchasable","16":"product-type-simple"},"jetpack_sharing_enabled":true,"_links":{"self":[{"href":"https:\/\/naturalook.shop\/fr\/wp-json\/wp\/v2\/product\/32424","targetHints":{"allow":["GET"]}}],"collection":[{"href":"https:\/\/naturalook.shop\/fr\/wp-json\/wp\/v2\/product"}],"about":[{"href":"https:\/\/naturalook.shop\/fr\/wp-json\/wp\/v2\/types\/product"}],"replies":[{"embeddable":true,"href":"https:\/\/naturalook.shop\/fr\/wp-json\/wp\/v2\/comments?post=32424"}],"version-history":[{"count":1,"href":"https:\/\/naturalook.shop\/fr\/wp-json\/wp\/v2\/product\/32424\/revisions"}],"predecessor-version":[{"id":34252,"href":"https:\/\/naturalook.shop\/fr\/wp-json\/wp\/v2\/product\/32424\/revisions\/34252"}],"wp:featuredmedia":[{"embeddable":true,"href":"https:\/\/naturalook.shop\/fr\/wp-json\/wp\/v2\/media\/32426"}],"wp:attachment":[{"href":"https:\/\/naturalook.shop\/fr\/wp-json\/wp\/v2\/media?parent=32424"}],"wp:term":[{"taxonomy":"product_brand","embeddable":true,"href":"https:\/\/naturalook.shop\/fr\/wp-json\/wp\/v2\/product_brand?post=32424"},{"taxonomy":"product_cat","embeddable":true,"href":"https:\/\/naturalook.shop\/fr\/wp-json\/wp\/v2\/product_cat?post=32424"},{"taxonomy":"product_tag","embeddable":true,"href":"https:\/\/naturalook.shop\/fr\/wp-json\/wp\/v2\/product_tag?post=32424"}],"curies":[{"name":"wp","href":"https:\/\/api.w.org\/{rel}","templated":true}]}}