{"id":32636,"date":"2025-09-08T14:05:23","date_gmt":"2025-09-08T18:05:23","guid":{"rendered":"https:\/\/naturalook.shop\/?post_type=product&#038;p=32636"},"modified":"2026-02-16T16:41:36","modified_gmt":"2026-02-16T21:41:36","slug":"dr-sorbie-shampoing-anti-chlore-nettoyage-en-profondeur-75ml","status":"publish","type":"product","link":"https:\/\/naturalook.shop\/fr\/produit\/dr-sorbie-shampoing-anti-chlore-nettoyage-en-profondeur-75ml\/","title":{"rendered":"DR.SORBIE &#8211; SHAMPOING ANTI-CHLORE NETTOYAGE EN PROFONDEUR &#8211; 75ml"},"content":{"rendered":"<h2><b>Syst\u00e8me r\u00e9volutionnaire de nettoyage en 3 \u00e9tapes avec protection nourrissante<\/b><\/h2>\n<p><span style=\"font-weight: 400;\">Transformez votre exp\u00e9rience de nettoyage en profondeur avec le SHAMPOING ANTI-CHLORE NETTOYAGE EN PROFONDEUR de Dr. Sorbie, une formule novatrice qui change tout ce que vous pensiez savoir sur le nettoyage intensif des cheveux. Ce syst\u00e8me unique en 3 \u00e9tapes combine purification puissante et protection nourrissante dans une formule sans SLS et au pH neutre.<\/span><\/p>\n<h3><b>Technologie r\u00e9volutionnaire de nettoyage en 3 \u00e9tapes<\/b><\/h3>\n<p><b>\u00c9tape 1 : Purification en profondeur<\/b><span style=\"font-weight: 400;\"> P\u00e9n\u00e8tre au c\u0153ur de la structure capillaire pour \u00e9liminer :<\/span><\/p>\n<ul>\n<li style=\"font-weight: 400;\" aria-level=\"1\"><span style=\"font-weight: 400;\">Les impuret\u00e9s tenaces et les polluants environnementaux<\/span><\/li>\n<li style=\"font-weight: 400;\" aria-level=\"1\"><span style=\"font-weight: 400;\">Accumulation de chlore due aux piscines et \u00e0 l\u2019eau trait\u00e9e<\/span><\/li>\n<li style=\"font-weight: 400;\" aria-level=\"1\"><span style=\"font-weight: 400;\">R\u00e9sidus et accumulation de produits coiffants persistants<\/span><\/li>\n<li style=\"font-weight: 400;\" aria-level=\"1\"><span style=\"font-weight: 400;\">S\u00e9bum, salet\u00e9 et accumulation quotidienne<\/span><\/li>\n<\/ul>\n<p><b>\u00c9tape 2 : D\u00e9toxification compl\u00e8te<\/b><span style=\"font-weight: 400;\"> Le syst\u00e8me avanc\u00e9 de d\u00e9toxification retire :<\/span><\/p>\n<ul>\n<li style=\"font-weight: 400;\" aria-level=\"1\"><span style=\"font-weight: 400;\">Les r\u00e9sidus chimiques des traitements en salon<\/span><\/li>\n<li style=\"font-weight: 400;\" aria-level=\"1\"><span style=\"font-weight: 400;\">Les d\u00e9p\u00f4ts et surcharge de couleur<\/span><\/li>\n<li style=\"font-weight: 400;\" aria-level=\"1\"><span style=\"font-weight: 400;\">Les min\u00e9raux d\u00e9pos\u00e9s par l\u2019eau dure<\/span><\/li>\n<li style=\"font-weight: 400;\" aria-level=\"1\"><span style=\"font-weight: 400;\">Les dommages oxydatifs li\u00e9s \u00e0 l\u2019environnement<\/span><\/li>\n<\/ul>\n<p><b>\u00c9tape 3 : Saturation nourrissante<\/b><span style=\"font-weight: 400;\"> Recharge les cheveux avec :<\/span><\/p>\n<ul>\n<li style=\"font-weight: 400;\" aria-level=\"1\"><span style=\"font-weight: 400;\">Des prot\u00e9ines essentielles pour la r\u00e9paration structurelle<\/span><\/li>\n<li style=\"font-weight: 400;\" aria-level=\"1\"><span style=\"font-weight: 400;\">Des agents hydratants pour retenir l\u2019humidit\u00e9<\/span><\/li>\n<li style=\"font-weight: 400;\" aria-level=\"1\"><span style=\"font-weight: 400;\">Des vitamines et nutriments pour la sant\u00e9 capillaire<\/span><\/li>\n<li style=\"font-weight: 400;\" aria-level=\"1\"><span style=\"font-weight: 400;\">Des \u00e9l\u00e9ments protecteurs pour une d\u00e9fense durable<\/span><\/li>\n<\/ul>\n<h3><b>Complexe anti-chlore avanc\u00e9<\/b><\/h3>\n<p><b>Technologie de neutralisation du chlore<\/b><span style=\"font-weight: 400;\"> Complexe anti-chlore sp\u00e9cialement con\u00e7u :<\/span><\/p>\n<ul>\n<li style=\"font-weight: 400;\" aria-level=\"1\"><span style=\"font-weight: 400;\">\u00c9limine compl\u00e8tement l&#8217;accumulation de chlore apr\u00e8s la baignade<\/span><\/li>\n<li style=\"font-weight: 400;\" aria-level=\"1\"><span style=\"font-weight: 400;\">Neutralise les dommages chimiques de l\u2019eau trait\u00e9e<\/span><\/li>\n<li style=\"font-weight: 400;\" aria-level=\"1\"><span style=\"font-weight: 400;\">\u00c9vite la teinte verd\u00e2tre sur les cheveux blonds ou p\u00e2les<\/span><\/li>\n<li style=\"font-weight: 400;\" aria-level=\"1\"><span style=\"font-weight: 400;\">Restaure la couleur naturelle et l\u2019\u00e9clat de la chevelure<\/span><\/li>\n<\/ul>\n<p><b>Protection piscine &amp; mer<\/b><span style=\"font-weight: 400;\"> Id\u00e9al pour les modes de vie actifs :<\/span><\/p>\n<ul>\n<li style=\"font-weight: 400;\" aria-level=\"1\"><span style=\"font-weight: 400;\">Parfait pour les nageurs et amateurs de plage<\/span><\/li>\n<li style=\"font-weight: 400;\" aria-level=\"1\"><span style=\"font-weight: 400;\">\u00c9limine les d\u00e9p\u00f4ts de sel et particules de sable<\/span><\/li>\n<li style=\"font-weight: 400;\" aria-level=\"1\"><span style=\"font-weight: 400;\">Neutralise les dommages UV dus au soleil<\/span><\/li>\n<li style=\"font-weight: 400;\" aria-level=\"1\"><span style=\"font-weight: 400;\">Convient au nettoyage des cheveux et du corps<\/span><\/li>\n<\/ul>\n<h3><b>Formule douce mais puissante<\/b><\/h3>\n<p><b>Nettoyage en profondeur sans SLS<\/b><span style=\"font-weight: 400;\"> Formule r\u00e9volutionnaire sans sulfates permettant :<\/span><\/p>\n<ul>\n<li style=\"font-weight: 400;\" aria-level=\"1\"><span style=\"font-weight: 400;\">Nettoyage en profondeur sans d\u00e9caper<\/span><\/li>\n<li style=\"font-weight: 400;\" aria-level=\"1\"><span style=\"font-weight: 400;\">Action douce, id\u00e9ale pour cuir chevelu sensible<\/span><\/li>\n<li style=\"font-weight: 400;\" aria-level=\"1\"><span style=\"font-weight: 400;\">Aucune irritation ni s\u00e9cheresse excessive<\/span><\/li>\n<li style=\"font-weight: 400;\" aria-level=\"1\"><span style=\"font-weight: 400;\">Standards de beaut\u00e9 propre avec r\u00e9sultats professionnels<\/span><\/li>\n<\/ul>\n<p><b>Environnement au pH neutre<\/b><span style=\"font-weight: 400;\"> La formulation quasi neutre assure :<\/span><\/p>\n<ul>\n<li style=\"font-weight: 400;\" aria-level=\"1\"><span style=\"font-weight: 400;\">Sant\u00e9 et confort optimaux du cuir chevelu<\/span><\/li>\n<li style=\"font-weight: 400;\" aria-level=\"1\"><span style=\"font-weight: 400;\">Protection du manteau acide naturel<\/span><\/li>\n<li style=\"font-weight: 400;\" aria-level=\"1\"><span style=\"font-weight: 400;\">Meilleure efficacit\u00e9 des ingr\u00e9dients<\/span><\/li>\n<li style=\"font-weight: 400;\" aria-level=\"1\"><span style=\"font-weight: 400;\">Convient aux cheveux trait\u00e9s chimiquement<\/span><\/li>\n<\/ul>\n<h3><b>Pr\u00e9paration professionnelle avant traitement<\/b><\/h3>\n<p><b>Indispensable en salon<\/b><span style=\"font-weight: 400;\"> Recommand\u00e9 avant tout traitement professionnel :<\/span><\/p>\n<ul>\n<li style=\"font-weight: 400;\" aria-level=\"1\"><span style=\"font-weight: 400;\">Lissage chimique et traitements \u00e0 la k\u00e9ratine<\/span><\/li>\n<li style=\"font-weight: 400;\" aria-level=\"1\"><span style=\"font-weight: 400;\">Coloration et d\u00e9coloration<\/span><\/li>\n<li style=\"font-weight: 400;\" aria-level=\"1\"><span style=\"font-weight: 400;\">Permanente et texturisation<\/span><\/li>\n<li style=\"font-weight: 400;\" aria-level=\"1\"><span style=\"font-weight: 400;\">Lamination et traitements gloss<\/span><\/li>\n<\/ul>\n<p><b>Soutien au processus d\u2019\u00e9claircissement<\/b><span style=\"font-weight: 400;\"> Parfait pour la d\u00e9coloration :<\/span><\/p>\n<ul>\n<li style=\"font-weight: 400;\" aria-level=\"1\"><span style=\"font-weight: 400;\">\u00c9limine compl\u00e8tement les r\u00e9sidus de d\u00e9colorant<\/span><\/li>\n<li style=\"font-weight: 400;\" aria-level=\"1\"><span style=\"font-weight: 400;\">Pr\u00e9pare les cheveux pour une application uniforme du tonique<\/span><\/li>\n<li style=\"font-weight: 400;\" aria-level=\"1\"><span style=\"font-weight: 400;\">Cr\u00e9e la base id\u00e9ale pour le REVITALISANT HYDRATANT<\/span><\/li>\n<li style=\"font-weight: 400;\" aria-level=\"1\"><span style=\"font-weight: 400;\">Assure une couleur homog\u00e8ne et une absorption optimale<\/span><\/li>\n<\/ul>\n<h3><b>Syst\u00e8me nourrissant multi-prot\u00e9ines<\/b><\/h3>\n<p><b>K\u00e9ratine hydrolys\u00e9e<\/b><span style=\"font-weight: 400;\"> Prot\u00e9ine de grade professionnel qui reconstruit la fibre ab\u00eem\u00e9e tout en nettoyant.<\/span><br \/>\n<b>Prot\u00e9ine de bl\u00e9 hydrolys\u00e9e<\/b><span style=\"font-weight: 400;\"> Soin l\u00e9ger qui renforce sans alourdir.<\/span><br \/>\n<b>Prot\u00e9ine de soya hydrolys\u00e9e<\/b><span style=\"font-weight: 400;\"> Nutrition v\u00e9g\u00e9tale qui am\u00e9liore texture et maniabilit\u00e9.<\/span><br \/>\n<b>Prot\u00e9ine v\u00e9g\u00e9tale hydrolys\u00e9e<\/b><span style=\"font-weight: 400;\"> Profil complet d\u2019acides amin\u00e9s pour une sant\u00e9 capillaire globale.<\/span><\/p>\n<h3><b>Complexe botanique nettoyant<\/b><\/h3>\n<p><b>Extrait de bardane<\/b><span style=\"font-weight: 400;\"> Nettoyant traditionnel du cuir chevelu qui :<\/span><\/p>\n<ul>\n<li style=\"font-weight: 400;\" aria-level=\"1\"><span style=\"font-weight: 400;\">\u00c9limine les accumulations tout en nourrissant les follicules<\/span><\/li>\n<li style=\"font-weight: 400;\" aria-level=\"1\"><span style=\"font-weight: 400;\">Stimule la circulation saine<\/span><\/li>\n<li style=\"font-weight: 400;\" aria-level=\"1\"><span style=\"font-weight: 400;\">Apporte des propri\u00e9t\u00e9s antiseptiques naturelles<\/span><\/li>\n<li style=\"font-weight: 400;\" aria-level=\"1\"><span style=\"font-weight: 400;\">Favorise un environnement optimal du cuir chevelu<\/span><\/li>\n<\/ul>\n<p><b>Extrait d\u2019ortie<\/b><span style=\"font-weight: 400;\"> Plante riche en min\u00e9raux qui :<\/span><\/p>\n<ul>\n<li style=\"font-weight: 400;\" aria-level=\"1\"><span style=\"font-weight: 400;\">Nettoie en profondeur tout en fortifiant<\/span><\/li>\n<li style=\"font-weight: 400;\" aria-level=\"1\"><span style=\"font-weight: 400;\">Apporte des nutriments essentiels \u00e0 la sant\u00e9 des cheveux<\/span><\/li>\n<li style=\"font-weight: 400;\" aria-level=\"1\"><span style=\"font-weight: 400;\">Poss\u00e8de des propri\u00e9t\u00e9s d\u00e9toxifiantes naturelles<\/span><\/li>\n<li style=\"font-weight: 400;\" aria-level=\"1\"><span style=\"font-weight: 400;\">Accentue la brillance et la vitalit\u00e9 naturelle<\/span><\/li>\n<\/ul>\n<p><b>Extrait d\u2019algues rouges d\u2019Irlande<\/b><span style=\"font-weight: 400;\"> Super-nutriment marin, il procure :<\/span><\/p>\n<ul>\n<li style=\"font-weight: 400;\" aria-level=\"1\"><span style=\"font-weight: 400;\">Des min\u00e9raux traces pour la vitalit\u00e9 du cheveu<\/span><\/li>\n<li style=\"font-weight: 400;\" aria-level=\"1\"><span style=\"font-weight: 400;\">Protection antioxydante durant le nettoyage<\/span><\/li>\n<li style=\"font-weight: 400;\" aria-level=\"1\"><span style=\"font-weight: 400;\">Effet revitalisant en profondeur<\/span><\/li>\n<li style=\"font-weight: 400;\" aria-level=\"1\"><span style=\"font-weight: 400;\">R\u00e9pare les dommages environnementaux<\/span><\/li>\n<\/ul>\n<h3><b>Int\u00e9gration d\u2019huiles nourrissantes<\/b><\/h3>\n<p><b>Huile de coco<\/b><span style=\"font-weight: 400;\"> Huile nettoyante protectrice qui :<\/span><\/p>\n<ul>\n<li style=\"font-weight: 400;\" aria-level=\"1\"><span style=\"font-weight: 400;\">Pr\u00e9vient la perte de prot\u00e9ines lors du lavage<\/span><\/li>\n<li style=\"font-weight: 400;\" aria-level=\"1\"><span style=\"font-weight: 400;\">Hydrate tout en \u00e9liminant les impuret\u00e9s<\/span><\/li>\n<li style=\"font-weight: 400;\" aria-level=\"1\"><span style=\"font-weight: 400;\">Cr\u00e9e une barri\u00e8re contre les dommages<\/span><\/li>\n<li style=\"font-weight: 400;\" aria-level=\"1\"><span style=\"font-weight: 400;\">Maintient la souplesse et la force des cheveux<\/span><\/li>\n<\/ul>\n<p><b>Huile de babassu<\/b><span style=\"font-weight: 400;\"> Huile br\u00e9silienne qui :<\/span><\/p>\n<ul>\n<li style=\"font-weight: 400;\" aria-level=\"1\"><span style=\"font-weight: 400;\">\u00c9limine les accumulations sans r\u00e9sidus<\/span><\/li>\n<li style=\"font-weight: 400;\" aria-level=\"1\"><span style=\"font-weight: 400;\">Conditionnement l\u00e9ger, sans lourdeur<\/span><\/li>\n<li style=\"font-weight: 400;\" aria-level=\"1\"><span style=\"font-weight: 400;\">Propri\u00e9t\u00e9s antimicrobiennes naturelles<\/span><\/li>\n<li style=\"font-weight: 400;\" aria-level=\"1\"><span style=\"font-weight: 400;\">Apporte maniabilit\u00e9 et brillance<\/span><\/li>\n<\/ul>\n<h3><b>Complexe vitaminique clinique<\/b><\/h3>\n<p><b>Vitamine B5 (Panth\u00e9nol)<\/b><span style=\"font-weight: 400;\"> R\u00e9tention d\u2019humidit\u00e9 profonde et souplesse accrue pendant le nettoyage.<\/span><br \/>\n<b>Vitamine E<\/b><span style=\"font-weight: 400;\"> Protection antioxydante contre les dommages lors du nettoyage intensif.<\/span><br \/>\n<b>Vitamine C<\/b><span style=\"font-weight: 400;\"> Favorise des cheveux sains et prot\u00e8ge contre le stress oxydatif du nettoyage intensif.<\/span><\/p>\n<h3><b>B\u00e9n\u00e9fices uniques du nettoyage<\/b><\/h3>\n<p><b>Facilit\u00e9 de d\u00e9m\u00ealage garantie<\/b><span style=\"font-weight: 400;\"> Contrairement aux shampooings nettoyants classiques, cette formule offre :<\/span><\/p>\n<ul>\n<li style=\"font-weight: 400;\" aria-level=\"1\"><span style=\"font-weight: 400;\">D\u00e9m\u00ealage facile apr\u00e8s le lavage<\/span><\/li>\n<li style=\"font-weight: 400;\" aria-level=\"1\"><span style=\"font-weight: 400;\">Texture lisse et facile \u00e0 coiffer<\/span><\/li>\n<li style=\"font-weight: 400;\" aria-level=\"1\"><span style=\"font-weight: 400;\">Aucune sensation r\u00eache ou d\u00e9cap\u00e9e<\/span><\/li>\n<li style=\"font-weight: 400;\" aria-level=\"1\"><span style=\"font-weight: 400;\">Effet revitalisant imm\u00e9diat<\/span><\/li>\n<\/ul>\n<p><b>R\u00e9paration des dommages pendant le nettoyage<\/b><span style=\"font-weight: 400;\"> R\u00e9pare tout en nettoyant :<\/span><\/p>\n<ul>\n<li style=\"font-weight: 400;\" aria-level=\"1\"><span style=\"font-weight: 400;\">Restaure la force et l\u2019\u00e9lasticit\u00e9<\/span><\/li>\n<li style=\"font-weight: 400;\" aria-level=\"1\"><span style=\"font-weight: 400;\">Rend la brillance naturelle et l\u2019\u00e9clat<\/span><\/li>\n<li style=\"font-weight: 400;\" aria-level=\"1\"><span style=\"font-weight: 400;\">Am\u00e9liore la sant\u00e9 globale des cheveux<\/span><\/li>\n<li style=\"font-weight: 400;\" aria-level=\"1\"><span style=\"font-weight: 400;\">Pr\u00e9pare les cheveux pour une absorption optimale des soins<\/span><\/li>\n<\/ul>\n<h3><b>Solutions d\u2019application polyvalentes<\/b><\/h3>\n<p><b>Indispensable pour les modes de vie actifs<\/b><span style=\"font-weight: 400;\"> Parfait pour ceux qui :<\/span><\/p>\n<ul>\n<li style=\"font-weight: 400;\" aria-level=\"1\"><span style=\"font-weight: 400;\">Nagent fr\u00e9quemment en piscine ou \u00e0 la mer<\/span><\/li>\n<li style=\"font-weight: 400;\" aria-level=\"1\"><span style=\"font-weight: 400;\">Utilisent r\u00e9guli\u00e8rement des produits coiffants<\/span><\/li>\n<li style=\"font-weight: 400;\" aria-level=\"1\"><span style=\"font-weight: 400;\">Vivent dans des r\u00e9gions avec eau dure<\/span><\/li>\n<li style=\"font-weight: 400;\" aria-level=\"1\"><span style=\"font-weight: 400;\">Ont besoin de nettoyages en profondeur fr\u00e9quents<\/span><\/li>\n<\/ul>\n<p><b>Pr\u00e9paration professionnelle aux traitements<\/b><span style=\"font-weight: 400;\"> Essentiel avant :<\/span><\/p>\n<ul>\n<li style=\"font-weight: 400;\" aria-level=\"1\"><span style=\"font-weight: 400;\">Coloration et d\u00e9coloration<\/span><\/li>\n<li style=\"font-weight: 400;\" aria-level=\"1\"><span style=\"font-weight: 400;\">Proc\u00e9dures de lissage chimique<\/span><\/li>\n<li style=\"font-weight: 400;\" aria-level=\"1\"><span style=\"font-weight: 400;\">Traitements \u00e0 la k\u00e9ratine ou aux prot\u00e9ines<\/span><\/li>\n<li style=\"font-weight: 400;\" aria-level=\"1\"><span style=\"font-weight: 400;\">Tout soin de restauration en salon<\/span><\/li>\n<\/ul>\n<h3><b>Protocole d\u2019utilisation flexible<\/b><\/h3>\n<p><b>Fr\u00e9quence personnalisable<\/b><\/p>\n<ul>\n<li style=\"font-weight: 400;\" aria-level=\"1\"><span style=\"font-weight: 400;\">Peut \u00eatre utilis\u00e9 plus d\u2019une fois par semaine au besoin<\/span><\/li>\n<li style=\"font-weight: 400;\" aria-level=\"1\"><span style=\"font-weight: 400;\">\u00c0 ajuster selon le mode de vie et l\u2019exposition<\/span><\/li>\n<li style=\"font-weight: 400;\" aria-level=\"1\"><span style=\"font-weight: 400;\">Id\u00e9al pour l\u2019entretien r\u00e9gulier<\/span><\/li>\n<li style=\"font-weight: 400;\" aria-level=\"1\"><span style=\"font-weight: 400;\">Sans danger pour usage fr\u00e9quent<\/span><\/li>\n<\/ul>\n<h3><b>Pourquoi choisir le SHAMPOING ANTI-CHLORE NETTOYAGE EN PROFONDEUR<\/b><\/h3>\n<p><b>Technologie r\u00e9volutionnaire :<\/b><span style=\"font-weight: 400;\"> Syst\u00e8me unique de nettoyage en 3 \u00e9tapes <\/span><b>Douceur puissante :<\/b><span style=\"font-weight: 400;\"> Sans SLS \u00e0 formulation pH neutre <\/span><b>Solution compl\u00e8te :<\/b><span style=\"font-weight: 400;\"> Nettoie, d\u00e9toxifie et nourrit en m\u00eame temps <\/span><b>Niveau professionnel :<\/b><span style=\"font-weight: 400;\"> Indispensable pour pr\u00e9parer les traitements en salon <\/span><b>Mode de vie actif :<\/b><span style=\"font-weight: 400;\"> Id\u00e9al pour nageurs et utilisateurs de produits coiffants <\/span><b>Usage universel :<\/b><span style=\"font-weight: 400;\"> Convient \u00e0 tous les types et conditions de cheveux<\/span><br \/>\n<b>D\u00e9couvrez l\u2019avenir du nettoyage capillaire avec le SHAMPOING ANTI-CHLORE NETTOYAGE EN PROFONDEUR \u2013 o\u00f9 la purification puissante rencontre la douceur nourrissante.<\/b><br \/>\n<i><span style=\"font-weight: 400;\">Formule r\u00e9volutionnaire de nettoyage en profondeur. Peut \u00eatre utilis\u00e9 plusieurs fois par semaine au besoin. Indispensable avant tout service en salon. Parfait pour les modes de vie actifs et les utilisateurs r\u00e9guliers de produits coiffants.<\/span><\/i><\/p>\n","protected":false},"excerpt":{"rendered":"<div class=\"prose text-pretty dark:prose-invert inline leading-relaxed break-words min-w-0 [word-break:break-word] prose-strong:font-medium\">\n<p class=\"my-2 [&amp;+p]:mt-4 [&amp;_strong:has(+br)]:inline-block [&amp;_strong:has(+br)]:pb-2\">TECHNOLOGIE R\u00c9VOLUTIONNAIRE DE NETTOYAGE EN 3 \u00c9TAPES<\/p>\n<\/div>\n","protected":false},"featured_media":32618,"comment_status":"open","ping_status":"closed","template":"","meta":{"_glsr_average":0,"_glsr_ranking":0,"_glsr_reviews":0},"product_brand":[890],"product_cat":[614],"product_tag":[],"class_list":{"0":"post-32636","1":"product","2":"type-product","3":"status-publish","4":"has-post-thumbnail","6":"product_brand-dr-sorbie","7":"product_cat-shampooing","8":"_wholesalex wsx-wholesalex-product","10":"first","11":"instock","12":"taxable","13":"shipping-taxable","14":"purchasable","15":"product-type-simple"},"jetpack_sharing_enabled":true,"_links":{"self":[{"href":"https:\/\/naturalook.shop\/fr\/wp-json\/wp\/v2\/product\/32636","targetHints":{"allow":["GET"]}}],"collection":[{"href":"https:\/\/naturalook.shop\/fr\/wp-json\/wp\/v2\/product"}],"about":[{"href":"https:\/\/naturalook.shop\/fr\/wp-json\/wp\/v2\/types\/product"}],"replies":[{"embeddable":true,"href":"https:\/\/naturalook.shop\/fr\/wp-json\/wp\/v2\/comments?post=32636"}],"version-history":[{"count":1,"href":"https:\/\/naturalook.shop\/fr\/wp-json\/wp\/v2\/product\/32636\/revisions"}],"predecessor-version":[{"id":33543,"href":"https:\/\/naturalook.shop\/fr\/wp-json\/wp\/v2\/product\/32636\/revisions\/33543"}],"wp:featuredmedia":[{"embeddable":true,"href":"https:\/\/naturalook.shop\/fr\/wp-json\/wp\/v2\/media\/32618"}],"wp:attachment":[{"href":"https:\/\/naturalook.shop\/fr\/wp-json\/wp\/v2\/media?parent=32636"}],"wp:term":[{"taxonomy":"product_brand","embeddable":true,"href":"https:\/\/naturalook.shop\/fr\/wp-json\/wp\/v2\/product_brand?post=32636"},{"taxonomy":"product_cat","embeddable":true,"href":"https:\/\/naturalook.shop\/fr\/wp-json\/wp\/v2\/product_cat?post=32636"},{"taxonomy":"product_tag","embeddable":true,"href":"https:\/\/naturalook.shop\/fr\/wp-json\/wp\/v2\/product_tag?post=32636"}],"curies":[{"name":"wp","href":"https:\/\/api.w.org\/{rel}","templated":true}]}}