{"id":32637,"date":"2025-09-08T14:02:50","date_gmt":"2025-09-08T18:02:50","guid":{"rendered":"https:\/\/naturalook.shop\/?post_type=product&#038;p=32637"},"modified":"2026-02-16T16:41:36","modified_gmt":"2026-02-16T21:41:36","slug":"dr-sorbie-shampoing-traitant-anti-age-protecteur-de-couleur-75ml","status":"publish","type":"product","link":"https:\/\/naturalook.shop\/fr\/produit\/dr-sorbie-shampoing-traitant-anti-age-protecteur-de-couleur-75ml\/","title":{"rendered":"DR.SORBIE &#8211; SHAMPOING TRAITANT ANTI-\u00c2GE PROTECTEUR DE COULEUR &#8211; 75ml"},"content":{"rendered":"<h2><b>Formule anti-\u00e2ge avanc\u00e9e pour cheveux color\u00e9s<\/b><\/h2>\n<p><span style=\"font-weight: 400;\">Pr\u00e9servez la jeunesse et l\u2019\u00e9clat de vos cheveux avec le SHAMPOING TRAITANT ANTI-\u00c2GE PROTECTEUR DE COULEUR de Dr. Sorbie. Cette formule nourrissante r\u00e9volutionnaire allie technologie anti-\u00e2ge de pointe et protection sup\u00e9rieure de la couleur, offrant un nettoyage en douceur tout en inversant les signes de vieillissement capillaire et en prolongeant la tenue de la coloration.<\/span><\/p>\n<h3><b>Technologie anti-\u00e2ge r\u00e9volutionnaire pour les cheveux<\/b><\/h3>\n<p><b>Renversement de l\u2019\u00e2ge cellulaire<\/b><span style=\"font-weight: 400;\"> Sp\u00e9cialement formul\u00e9 pour les cheveux secs, chimiquement trait\u00e9s ou matures, ce traitement avanc\u00e9 :<\/span><\/p>\n<ul>\n<li style=\"font-weight: 400;\" aria-level=\"1\"><span style=\"font-weight: 400;\">Renverse les signes visibles du vieillissement capillaire<\/span><\/li>\n<li style=\"font-weight: 400;\" aria-level=\"1\"><span style=\"font-weight: 400;\">Rend vitalit\u00e9 et force juv\u00e9niles<\/span><\/li>\n<li style=\"font-weight: 400;\" aria-level=\"1\"><span style=\"font-weight: 400;\">R\u00e9pare les dommages accumul\u00e9s par des ann\u00e9es de traitements<\/span><\/li>\n<li style=\"font-weight: 400;\" aria-level=\"1\"><span style=\"font-weight: 400;\">Redonne vigueur aux cheveux fatigu\u00e9s et ternes<\/span><\/li>\n<\/ul>\n<p><b>Restauration structurelle en profondeur<\/b><span style=\"font-weight: 400;\"> Formule riche en environnement au pH acide :<\/span><\/p>\n<ul>\n<li style=\"font-weight: 400;\" aria-level=\"1\"><span style=\"font-weight: 400;\">P\u00e9n\u00e8tre profond\u00e9ment pour r\u00e9parer \u00e0 l\u2019\u00e9chelle cellulaire<\/span><\/li>\n<li style=\"font-weight: 400;\" aria-level=\"1\"><span style=\"font-weight: 400;\">Sature les cheveux en \u00e9l\u00e9ments traces essentiels anti-\u00e2ge<\/span><\/li>\n<li style=\"font-weight: 400;\" aria-level=\"1\"><span style=\"font-weight: 400;\">Restaure de l\u2019int\u00e9rieur les zones ab\u00eem\u00e9es de la fibre<\/span><\/li>\n<li style=\"font-weight: 400;\" aria-level=\"1\"><span style=\"font-weight: 400;\">Reconstruit la r\u00e9silience et \u00e9lasticit\u00e9 naturelles du cheveu<\/span><\/li>\n<\/ul>\n<h3><b>Technologie avanc\u00e9e de protection de la couleur<\/b><\/h3>\n<p><b>Syst\u00e8me de r\u00e9tention maximale de la couleur<\/b><span style=\"font-weight: 400;\"> Synergie unique de composants bioactifs :<\/span><\/p>\n<ul>\n<li style=\"font-weight: 400;\" aria-level=\"1\"><span style=\"font-weight: 400;\">Scelle les pigments \u00e0 l\u2019int\u00e9rieur du cheveu color\u00e9<\/span><\/li>\n<li style=\"font-weight: 400;\" aria-level=\"1\"><span style=\"font-weight: 400;\">Pr\u00e9vient le d\u00e9gorgement pr\u00e9matur\u00e9 et la d\u00e9coloration<\/span><\/li>\n<li style=\"font-weight: 400;\" aria-level=\"1\"><span style=\"font-weight: 400;\">Pr\u00e9serve plus longtemps l\u2019intensit\u00e9, la profondeur et la saturation<\/span><\/li>\n<li style=\"font-weight: 400;\" aria-level=\"1\"><span style=\"font-weight: 400;\">Prolonge significativement l\u2019investissement salon<\/span><\/li>\n<\/ul>\n<p><b>Durabilit\u00e9 prolong\u00e9e de la couleur<\/b><span style=\"font-weight: 400;\"> Avec une utilisation r\u00e9guli\u00e8re, profitez de :<\/span><\/p>\n<ul>\n<li style=\"font-weight: 400;\" aria-level=\"1\"><span style=\"font-weight: 400;\">Plus de brillance et d\u2019intensit\u00e9 sur la dur\u00e9e<\/span><\/li>\n<li style=\"font-weight: 400;\" aria-level=\"1\"><span style=\"font-weight: 400;\">Une profondeur de teinte intensifi\u00e9e<\/span><\/li>\n<li style=\"font-weight: 400;\" aria-level=\"1\"><span style=\"font-weight: 400;\">Une couleur prot\u00e9g\u00e9e, investissement valoris\u00e9<\/span><\/li>\n<li style=\"font-weight: 400;\" aria-level=\"1\"><span style=\"font-weight: 400;\">Entretien couleur professionnel \u00e0 la maison<\/span><\/li>\n<\/ul>\n<h3><b>Complexe avanc\u00e9 de protection thermique<\/b><\/h3>\n<p><b>Technologie de film protecteur contre la chaleur<\/b><span style=\"font-weight: 400;\"> Les ingr\u00e9dients anti-\u00e2ge cr\u00e9ent un film thermique ultra mince qui :<\/span><\/p>\n<ul>\n<li style=\"font-weight: 400;\" aria-level=\"1\"><span style=\"font-weight: 400;\">Prot\u00e8ge la chevelure des dommages thermiques<\/span><\/li>\n<li style=\"font-weight: 400;\" aria-level=\"1\"><span style=\"font-weight: 400;\">Conserve un niveau d\u2019hydratation et de nutriments optimal<\/span><\/li>\n<li style=\"font-weight: 400;\" aria-level=\"1\"><span style=\"font-weight: 400;\">Pr\u00e9vient la d\u00e9shydratation et la cassure<\/span><\/li>\n<li style=\"font-weight: 400;\" aria-level=\"1\"><span style=\"font-weight: 400;\">Maintient la souplesse pendant le coiffage<\/span><\/li>\n<\/ul>\n<p><b>Bouclier environnemental<\/b><span style=\"font-weight: 400;\"> D\u00e9fense compl\u00e8te contre :<\/span><\/p>\n<ul>\n<li style=\"font-weight: 400;\" aria-level=\"1\"><span style=\"font-weight: 400;\">Les rayons UV et les dommages solaires<\/span><\/li>\n<li style=\"font-weight: 400;\" aria-level=\"1\"><span style=\"font-weight: 400;\">Les radicaux libres et le stress oxydatif<\/span><\/li>\n<li style=\"font-weight: 400;\" aria-level=\"1\"><span style=\"font-weight: 400;\">Les polluants et toxines environnementaux<\/span><\/li>\n<li style=\"font-weight: 400;\" aria-level=\"1\"><span style=\"font-weight: 400;\">Le stress quotidien du coiffage et les dommages m\u00e9caniques<\/span><\/li>\n<\/ul>\n<h3><b>Reconstruction prot\u00e9inique anti-\u00e2ge<\/b><\/h3>\n<p><b>K\u00e9ratine hydrolys\u00e9e<\/b><span style=\"font-weight: 400;\"> Prot\u00e9ine de grade professionnel qui reconstruit la fibre vieillissante tout en apportant force et r\u00e9silience.<\/span><br \/>\n<b>Prot\u00e9ine de bl\u00e9 hydrolys\u00e9e<\/b><span style=\"font-weight: 400;\"> Renforcement l\u00e9ger qui ram\u00e8ne la souplesse de la jeunesse sans alourdir.<\/span><br \/>\n<b>Prot\u00e9ine v\u00e9g\u00e9tale hydrolys\u00e9e<\/b><span style=\"font-weight: 400;\"> Complexe v\u00e9g\u00e9tal anti-\u00e2ge qui am\u00e9liore texture et vitalit\u00e9.<\/span><br \/>\n<b>Prot\u00e9ine de soya<\/b><span style=\"font-weight: 400;\"> Profil complet d\u2019acides amin\u00e9s pour nourrir et renforcer la chevelure vieillissante.<\/span><\/p>\n<h3><b>Complexe marin anti-\u00e2ge<\/b><\/h3>\n<p><b>Extrait d\u2019algues rouges d\u2019Irlande<\/b><span style=\"font-weight: 400;\"> Super-nutriment marin offrant :<\/span><\/p>\n<ul>\n<li style=\"font-weight: 400;\" aria-level=\"1\"><span style=\"font-weight: 400;\">Des min\u00e9raux essentiels pour la vitalit\u00e9 du cheveu<\/span><\/li>\n<li style=\"font-weight: 400;\" aria-level=\"1\"><span style=\"font-weight: 400;\">Protection antioxydante contre le vieillissement<\/span><\/li>\n<li style=\"font-weight: 400;\" aria-level=\"1\"><span style=\"font-weight: 400;\">Hydratation et nutrition en profondeur<\/span><\/li>\n<li style=\"font-weight: 400;\" aria-level=\"1\"><span style=\"font-weight: 400;\">Propri\u00e9t\u00e9s naturelles anti-\u00e2ge<\/span><\/li>\n<\/ul>\n<h3><b>\u00c9l\u00e9ments conditionneurs de luxe<\/b><\/h3>\n<p><b>Prot\u00e9ines de soie<\/b><span style=\"font-weight: 400;\"> Conf\u00e8rent douceur luxueuse et \u00e9clat de jeunesse tout en offrant :<\/span><\/p>\n<ul>\n<li style=\"font-weight: 400;\" aria-level=\"1\"><span style=\"font-weight: 400;\">Alignement cuticulaire lisse pour une r\u00e9flexion accrue de la lumi\u00e8re<\/span><\/li>\n<li style=\"font-weight: 400;\" aria-level=\"1\"><span style=\"font-weight: 400;\">R\u00e9tablissement de l\u2019\u00e9lasticit\u00e9 naturelle<\/span><\/li>\n<li style=\"font-weight: 400;\" aria-level=\"1\"><span style=\"font-weight: 400;\">B\u00e9n\u00e9fices revitalisants anti-\u00e2ge<\/span><\/li>\n<li style=\"font-weight: 400;\" aria-level=\"1\"><span style=\"font-weight: 400;\">Texture premium<\/span><\/li>\n<\/ul>\n<p><b>Huile de coco<\/b><span style=\"font-weight: 400;\"> Huile p\u00e9n\u00e9trante qui :<\/span><\/p>\n<ul>\n<li style=\"font-weight: 400;\" aria-level=\"1\"><span style=\"font-weight: 400;\">\u00c9vite la d\u00e9perdition des prot\u00e9ines pendant le lavage<\/span><\/li>\n<li style=\"font-weight: 400;\" aria-level=\"1\"><span style=\"font-weight: 400;\">Maintient l\u2019hydratation juv\u00e9nile<\/span><\/li>\n<li style=\"font-weight: 400;\" aria-level=\"1\"><span style=\"font-weight: 400;\">Ajoute \u00e9clat tropical et vitalit\u00e9<\/span><\/li>\n<li style=\"font-weight: 400;\" aria-level=\"1\"><span style=\"font-weight: 400;\">Prot\u00e8ge contre le vieillissement environnemental<\/span><\/li>\n<\/ul>\n<h3><b>Vitamines cliniques anti-\u00e2ge<\/b><\/h3>\n<p><b>Vitamine B5 (Panth\u00e9nol)<\/b><span style=\"font-weight: 400;\"> Pour r\u00e9tention d\u2019humidit\u00e9 en profondeur et flexibilit\u00e9 retrouv\u00e9e des cheveux \u00e2g\u00e9s.<\/span><br \/>\n<b>Vitamine E<\/b><span style=\"font-weight: 400;\"> Puissant antioxydant neutralisant les radicaux libres et pr\u00e9venant le vieillissement pr\u00e9matur\u00e9.<\/span><br \/>\n<b>Vitamine C<\/b><span style=\"font-weight: 400;\"> Soutient la croissance d\u2019un cheveu sain tout en prot\u00e9geant contre l\u2019oxydation et l\u2019affadissement de la couleur.<\/span><\/p>\n<h3><b>Syst\u00e8me nettoyant acide doux<\/b><\/h3>\n<p><b>Excellence \u00e9quilibr\u00e9e au pH<\/b><span style=\"font-weight: 400;\"> L\u2019environnement pH acide apporte :<\/span><\/p>\n<ul>\n<li style=\"font-weight: 400;\" aria-level=\"1\"><span style=\"font-weight: 400;\">Nettoyage d\u00e9licat sans d\u00e9capage<\/span><\/li>\n<li style=\"font-weight: 400;\" aria-level=\"1\"><span style=\"font-weight: 400;\">Fermeture optimale des cuticules pour une brillance maximale<\/span><\/li>\n<li style=\"font-weight: 400;\" aria-level=\"1\"><span style=\"font-weight: 400;\">Meilleure r\u00e9tention des mol\u00e9cules de couleur<\/span><\/li>\n<li style=\"font-weight: 400;\" aria-level=\"1\"><span style=\"font-weight: 400;\">Absorption et efficacit\u00e9 optimales des soins<\/span><\/li>\n<\/ul>\n<p><b>Nettoyage sans lourdeur<\/b><span style=\"font-weight: 400;\"> Cette formule avanc\u00e9e permet :<\/span><\/p>\n<ul>\n<li style=\"font-weight: 400;\" aria-level=\"1\"><span style=\"font-weight: 400;\">Nettoyage complet sans alourdir<\/span><\/li>\n<li style=\"font-weight: 400;\" aria-level=\"1\"><span style=\"font-weight: 400;\">Pr\u00e9servation du volume et du mouvement naturel<\/span><\/li>\n<li style=\"font-weight: 400;\" aria-level=\"1\"><span style=\"font-weight: 400;\">Pr\u00e9paration au d\u00e9m\u00ealage et au coiffage<\/span><\/li>\n<li style=\"font-weight: 400;\" aria-level=\"1\"><span style=\"font-weight: 400;\">Texture et sensation professionnelles<\/span><\/li>\n<\/ul>\n<h3><b>B\u00e9n\u00e9fices anti-\u00e2ge pour votre mode de vie<\/b><\/h3>\n<p><b>Pr\u00e9vention des pointes fourchues<\/b><span style=\"font-weight: 400;\"> Prot\u00e8ge efficacement contre la formation de nouvelles pointes fourchues tout en r\u00e9parant les dommages existants.<\/span><br \/>\n<b>\u00c9limination de la statique<\/b><span style=\"font-weight: 400;\"> R\u00e9duit l\u2019\u00e9lectricit\u00e9 statique pour une chevelure plus facile \u00e0 coiffer et d\u2019allure professionnelle.<\/span><br \/>\n<b>Fra\u00eecheur prolong\u00e9e<\/b><span style=\"font-weight: 400;\"> Garde les cheveux propres plus longtemps, allongeant le temps entre les lavages.<\/span><br \/>\n<b>Coiffage facile<\/b><span style=\"font-weight: 400;\"> Facilite le d\u00e9m\u00ealage et le coiffage pour des cheveux jeunes et maniables au quotidien.<\/span><\/p>\n<h3><b>Rajeunissement capillaire complet<\/b><\/h3>\n<p><b>Technologie lissante des cuticules<\/b><span style=\"font-weight: 400;\"> La formule avanc\u00e9e polit les cuticules pour :<\/span><\/p>\n<ul>\n<li style=\"font-weight: 400;\" aria-level=\"1\"><span style=\"font-weight: 400;\">Mieux refl\u00e9ter la lumi\u00e8re et apporter plus de brillance<\/span><\/li>\n<li style=\"font-weight: 400;\" aria-level=\"1\"><span style=\"font-weight: 400;\">Une texture et un toucher am\u00e9lior\u00e9s<\/span><\/li>\n<li style=\"font-weight: 400;\" aria-level=\"1\"><span style=\"font-weight: 400;\">Moins de friction et de bris<\/span><\/li>\n<li style=\"font-weight: 400;\" aria-level=\"1\"><span style=\"font-weight: 400;\">Une apparence saine et rajeunie<\/span><\/li>\n<\/ul>\n<p><b>Restauration de l\u2019\u00e9nergie<\/b><span style=\"font-weight: 400;\"> Revitalise les cheveux color\u00e9s gr\u00e2ce \u00e0 :<\/span><\/p>\n<ul>\n<li style=\"font-weight: 400;\" aria-level=\"1\"><span style=\"font-weight: 400;\">Une force et une r\u00e9sistance renouvel\u00e9es<\/span><\/li>\n<li style=\"font-weight: 400;\" aria-level=\"1\"><span style=\"font-weight: 400;\">Douceur et flexibilit\u00e9 pr\u00e9serv\u00e9es<\/span><\/li>\n<li style=\"font-weight: 400;\" aria-level=\"1\"><span style=\"font-weight: 400;\">Brillance naturelle rehauss\u00e9e<\/span><\/li>\n<li style=\"font-weight: 400;\" aria-level=\"1\"><span style=\"font-weight: 400;\">Vitalit\u00e9 juv\u00e9nile et mouvement naturel<\/span><\/li>\n<\/ul>\n<h3><b>Syst\u00e8me de protection antioxydante<\/b><\/h3>\n<p><b>Neutralisation des radicaux libres<\/b><span style=\"font-weight: 400;\"> Complexe antioxydant puissant qui apporte :<\/span><\/p>\n<ul>\n<li style=\"font-weight: 400;\" aria-level=\"1\"><span style=\"font-weight: 400;\">Protection contre le vieillissement environnemental<\/span><\/li>\n<li style=\"font-weight: 400;\" aria-level=\"1\"><span style=\"font-weight: 400;\">Neutralisation des radicaux libres nocifs<\/span><\/li>\n<li style=\"font-weight: 400;\" aria-level=\"1\"><span style=\"font-weight: 400;\">Pr\u00e9vient la d\u00e9coloration oxydative<\/span><\/li>\n<li style=\"font-weight: 400;\" aria-level=\"1\"><span style=\"font-weight: 400;\">Bienfaits anti-\u00e2ge durables<\/span><\/li>\n<\/ul>\n<p><b>Effet r\u00e9parateur prolong\u00e9<\/b><span style=\"font-weight: 400;\"> Les ingr\u00e9dients naturels riches en vitamines et prot\u00e9ines procurent des b\u00e9n\u00e9fices anti-\u00e2ge durables \u00e0 chaque lavage.<\/span><\/p>\n<h3><b>Id\u00e9al pour<\/b><\/h3>\n<p><b>Cheveux color\u00e9s<\/b><span style=\"font-weight: 400;\"> Essentiel pour garder la couleur salon tout en b\u00e9n\u00e9ficiant d\u2019un effet anti-\u00e2ge.<\/span><br \/>\n<b>Cheveux trait\u00e9s chimiquement<\/b><span style=\"font-weight: 400;\"> Parfait pour les cheveux fragilis\u00e9s par des ann\u00e9es de traitements chimiques n\u00e9cessitant r\u00e9g\u00e9n\u00e9ration.<\/span><br \/>\n<b>Cheveux matures<\/b><span style=\"font-weight: 400;\"> Sp\u00e9cifiquement adapt\u00e9 aux besoins uniques des cheveux matures \u00e0 revitaliser.<\/span><br \/>\n<b>Soin quotidien anti-\u00e2ge<\/b><span style=\"font-weight: 400;\"> Pour tous ceux souhaitant pr\u00e9server une apparence juv\u00e9nile \u00e0 chaque lavage.<\/span><\/p>\n<h3><b>Pourquoi choisir le SHAMPOING TRAITANT ANTI-\u00c2GE PROTECTEUR DE COULEUR<\/b><\/h3>\n<p><b>Action double :<\/b><span style=\"font-weight: 400;\"> Soin anti-\u00e2ge et protection sup\u00e9rieure de la couleur <\/span><b>Niveau professionnel :<\/b><span style=\"font-weight: 400;\"> R\u00e9sultats dignes du salon \u00e0 chaque usage <\/span><b>Formule douce :<\/b><span style=\"font-weight: 400;\"> pH acide favorisant la sant\u00e9 capillaire optimale <\/span><b>Protection couleur :<\/b><span style=\"font-weight: 400;\"> Protection maximale pour toutes vos colorations <\/span><b>Soin global :<\/b><span style=\"font-weight: 400;\"> R\u00e9pond \u00e0 tous les besoins des cheveux color\u00e9s et vieillissants <\/span><b>Luxe au quotidien :<\/b><span style=\"font-weight: 400;\"> Soin anti-\u00e2ge \u00e0 chaque lavage<\/span><br \/>\n<b>Red\u00e9couvrez la beaut\u00e9 de vos cheveux avec le SHAMPOING TRAITANT ANTI-\u00c2GE PROTECTEUR DE COULEUR \u2013 o\u00f9 la science avanc\u00e9e anti-\u00e2ge rencontre la meilleure protection couleur.<\/b><br \/>\n<i><span style=\"font-weight: 400;\">Shampoing anti-\u00e2ge avanc\u00e9 pour cheveux color\u00e9s. Convient \u00e0 un usage quotidien. Sa formule acide douce permet les lavages fr\u00e9quents tout en offrant des bienfaits anti-\u00e2ge et une protection couleur compl\u00e8te.<\/span><\/i><\/p>\n","protected":false},"excerpt":{"rendered":"<div class=\"prose text-pretty dark:prose-invert inline leading-relaxed break-words min-w-0 [word-break:break-word] prose-strong:font-medium\">\n<p class=\"my-2 [&amp;+p]:mt-4 [&amp;_strong:has(+br)]:inline-block [&amp;_strong:has(+br)]:pb-2\">RENVERSEMENT DE L\u2019\u00c2GE CELLULAIRE<\/p>\n<\/div>\n","protected":false},"featured_media":32613,"comment_status":"open","ping_status":"closed","template":"","meta":{"_glsr_average":0,"_glsr_ranking":0,"_glsr_reviews":0},"product_brand":[890],"product_cat":[614],"product_tag":[],"class_list":{"0":"post-32637","1":"product","2":"type-product","3":"status-publish","4":"has-post-thumbnail","6":"product_brand-dr-sorbie","7":"product_cat-shampooing","8":"_wholesalex wsx-wholesalex-product","10":"first","11":"instock","12":"taxable","13":"shipping-taxable","14":"purchasable","15":"product-type-simple"},"jetpack_sharing_enabled":true,"_links":{"self":[{"href":"https:\/\/naturalook.shop\/fr\/wp-json\/wp\/v2\/product\/32637","targetHints":{"allow":["GET"]}}],"collection":[{"href":"https:\/\/naturalook.shop\/fr\/wp-json\/wp\/v2\/product"}],"about":[{"href":"https:\/\/naturalook.shop\/fr\/wp-json\/wp\/v2\/types\/product"}],"replies":[{"embeddable":true,"href":"https:\/\/naturalook.shop\/fr\/wp-json\/wp\/v2\/comments?post=32637"}],"version-history":[{"count":1,"href":"https:\/\/naturalook.shop\/fr\/wp-json\/wp\/v2\/product\/32637\/revisions"}],"predecessor-version":[{"id":33545,"href":"https:\/\/naturalook.shop\/fr\/wp-json\/wp\/v2\/product\/32637\/revisions\/33545"}],"wp:featuredmedia":[{"embeddable":true,"href":"https:\/\/naturalook.shop\/fr\/wp-json\/wp\/v2\/media\/32613"}],"wp:attachment":[{"href":"https:\/\/naturalook.shop\/fr\/wp-json\/wp\/v2\/media?parent=32637"}],"wp:term":[{"taxonomy":"product_brand","embeddable":true,"href":"https:\/\/naturalook.shop\/fr\/wp-json\/wp\/v2\/product_brand?post=32637"},{"taxonomy":"product_cat","embeddable":true,"href":"https:\/\/naturalook.shop\/fr\/wp-json\/wp\/v2\/product_cat?post=32637"},{"taxonomy":"product_tag","embeddable":true,"href":"https:\/\/naturalook.shop\/fr\/wp-json\/wp\/v2\/product_tag?post=32637"}],"curies":[{"name":"wp","href":"https:\/\/api.w.org\/{rel}","templated":true}]}}