{"id":32638,"date":"2025-09-08T13:55:09","date_gmt":"2025-09-08T17:55:09","guid":{"rendered":"https:\/\/naturalook.shop\/?post_type=product&#038;p=32638"},"modified":"2026-02-16T16:41:37","modified_gmt":"2026-02-16T21:41:37","slug":"dr-sorbie-shampoing-therapie-volume-75ml","status":"publish","type":"product","link":"https:\/\/naturalook.shop\/fr\/produit\/dr-sorbie-shampoing-therapie-volume-75ml\/","title":{"rendered":"DR.SORBIE &#8211; SHAMPOING TH\u00c9RAPIE VOLUME &#8211; 75ml"},"content":{"rendered":"<h2><b>Formule th\u00e9rapeutique volumisante \u00e0 effet racines imm\u00e9diat<\/b><\/h2>\n<p><span style=\"font-weight: 400;\">Vivez une transformation instantan\u00e9e du volume avec le SHAMPOING TH\u00c9RAPIE VOLUME de Dr. Sorbie, une formule th\u00e9rapeutique r\u00e9volutionnaire qui cr\u00e9e un soul\u00e8vement spectaculaire des racines et une densit\u00e9 durable, sp\u00e9cialement pour les cheveux fins ou affaiblis. Ce shampoing anti-chlore novateur donne du volume visible d\u00e8s le premier lavage tout en renfor\u00e7ant et densifiant la chevelure \u00e0 long terme.<\/span><\/p>\n<h3><b>Technologie r\u00e9volutionnaire pour le volume aux racines<\/b><\/h3>\n<p><b>Renforcement synergique du volume<\/b><span style=\"font-weight: 400;\"> L\u2019action des composants bioactifs cr\u00e9e :<\/span><\/p>\n<ul>\n<li style=\"font-weight: 400;\" aria-level=\"1\"><span style=\"font-weight: 400;\">Une fermet\u00e9 et \u00e9lasticit\u00e9 retrouv\u00e9es d\u00e8s la racine<\/span><\/li>\n<li style=\"font-weight: 400;\" aria-level=\"1\"><span style=\"font-weight: 400;\">Un volume racine et un effet lift\u00e9s nettement accrus<\/span><\/li>\n<li style=\"font-weight: 400;\" aria-level=\"1\"><span style=\"font-weight: 400;\">Une densit\u00e9 capillaire accentu\u00e9e des racines jusqu\u2019aux pointes<\/span><\/li>\n<li style=\"font-weight: 400;\" aria-level=\"1\"><span style=\"font-weight: 400;\">Un volume longue dur\u00e9e qui d\u00e9fie la gravit\u00e9<\/span><\/li>\n<\/ul>\n<p><b>R\u00e9sultats volumisants imm\u00e9diats<\/b><span style=\"font-weight: 400;\"> Transformation visible d\u00e8s la premi\u00e8re application :<\/span><\/p>\n<ul>\n<li style=\"font-weight: 400;\" aria-level=\"1\"><span style=\"font-weight: 400;\">Volume rehauss\u00e9 d\u00e8s la premi\u00e8re utilisation<\/span><\/li>\n<li style=\"font-weight: 400;\" aria-level=\"1\"><span style=\"font-weight: 400;\">Soul\u00e8vement imm\u00e9diat des racines et plus de corps<\/span><\/li>\n<li style=\"font-weight: 400;\" aria-level=\"1\"><span style=\"font-weight: 400;\">Plus grande densit\u00e9 et \u00e9paisseur<\/span><\/li>\n<li style=\"font-weight: 400;\" aria-level=\"1\"><span style=\"font-weight: 400;\">R\u00e9sultats professionnels d\u00e8s le premier lavage<\/span><\/li>\n<\/ul>\n<h3><b>Syst\u00e8me th\u00e9rapeutique de nettoyage avanc\u00e9<\/b><\/h3>\n<p><b>Protection anti-chlore<\/b><span style=\"font-weight: 400;\"> Formule \u00e9quilibr\u00e9e unique offrant :<\/span><\/p>\n<ul>\n<li style=\"font-weight: 400;\" aria-level=\"1\"><span style=\"font-weight: 400;\">Nettoyage doux et d\u00e9licat sans d\u00e9caper<\/span><\/li>\n<li style=\"font-weight: 400;\" aria-level=\"1\"><span style=\"font-weight: 400;\">\u00c9limination compl\u00e8te du chlore et des d\u00e9p\u00f4ts min\u00e9raux<\/span><\/li>\n<li style=\"font-weight: 400;\" aria-level=\"1\"><span style=\"font-weight: 400;\">Protection contre les d\u00e9p\u00f4ts qui alourdissent et r\u00e9duisent le volume<\/span><\/li>\n<li style=\"font-weight: 400;\" aria-level=\"1\"><span style=\"font-weight: 400;\">Standards clean beauty avec bienfaits th\u00e9rapeutiques<\/span><\/li>\n<\/ul>\n<p><b>Renforcement structurel en profondeur<\/b><span style=\"font-weight: 400;\"> P\u00e9n\u00e8tre au c\u0153ur de la fibre pour :<\/span><\/p>\n<ul>\n<li style=\"font-weight: 400;\" aria-level=\"1\"><span style=\"font-weight: 400;\">Saturer de min\u00e9raux essentiels pour le volume<\/span><\/li>\n<li style=\"font-weight: 400;\" aria-level=\"1\"><span style=\"font-weight: 400;\">R\u00e9parer les zones endommag\u00e9es de l\u2019int\u00e9rieur<\/span><\/li>\n<li style=\"font-weight: 400;\" aria-level=\"1\"><span style=\"font-weight: 400;\">Reconstruire la structure affaiblie<\/span><\/li>\n<li style=\"font-weight: 400;\" aria-level=\"1\"><span style=\"font-weight: 400;\">Cr\u00e9er la base d\u2019un volume et d\u2019une force durables<\/span><\/li>\n<\/ul>\n<h3><b>Protection thermique et aide au coiffage<\/b><\/h3>\n<p><b>Film de d\u00e9fense thermique<\/b><span style=\"font-weight: 400;\"> La formule avanc\u00e9e cr\u00e9e un film protecteur ultra-fin qui :<\/span><\/p>\n<ul>\n<li style=\"font-weight: 400;\" aria-level=\"1\"><span style=\"font-weight: 400;\">Lisse les cuticules pour mieux refl\u00e9ter le volume<\/span><\/li>\n<li style=\"font-weight: 400;\" aria-level=\"1\"><span style=\"font-weight: 400;\">Conserve une hydratation optimale pour du corps<\/span><\/li>\n<li style=\"font-weight: 400;\" aria-level=\"1\"><span style=\"font-weight: 400;\">Prot\u00e8ge des dommages caus\u00e9s par la chaleur<\/span><\/li>\n<li style=\"font-weight: 400;\" aria-level=\"1\"><span style=\"font-weight: 400;\">Prolonge les bienfaits durant la mise en forme<\/span><\/li>\n<\/ul>\n<p><b>Tenue prolong\u00e9e du coiffage<\/b><span style=\"font-weight: 400;\"> Technologie avanc\u00e9e permettant :<\/span><\/p>\n<ul>\n<li style=\"font-weight: 400;\" aria-level=\"1\"><span style=\"font-weight: 400;\">Une long\u00e9vit\u00e9 et une tenue prolong\u00e9es du coiffage<\/span><\/li>\n<li style=\"font-weight: 400;\" aria-level=\"1\"><span style=\"font-weight: 400;\">Le maintien du volume toute la journ\u00e9e<\/span><\/li>\n<li style=\"font-weight: 400;\" aria-level=\"1\"><span style=\"font-weight: 400;\">Une texture professionnelle pr\u00e9serv\u00e9e<\/span><\/li>\n<li style=\"font-weight: 400;\" aria-level=\"1\"><span style=\"font-weight: 400;\">Une performance et des r\u00e9sultats coiffage accrus<\/span><\/li>\n<\/ul>\n<h3><b>Complexe multi-prot\u00e9ines volumisant<\/b><\/h3>\n<p><b>K\u00e9ratine hydrolys\u00e9e<\/b><span style=\"font-weight: 400;\"> Reconstruction prot\u00e9ique professionnelle :<\/span><\/p>\n<ul>\n<li style=\"font-weight: 400;\" aria-level=\"1\"><span style=\"font-weight: 400;\">Reconstruit la fibre fine pour plus de densit\u00e9<\/span><\/li>\n<li style=\"font-weight: 400;\" aria-level=\"1\"><span style=\"font-weight: 400;\">Renforce la chevelure affaiblie de l\u2019int\u00e9rieur<\/span><\/li>\n<li style=\"font-weight: 400;\" aria-level=\"1\"><span style=\"font-weight: 400;\">Cr\u00e9e la base d\u2019un volume durable<\/span><\/li>\n<li style=\"font-weight: 400;\" aria-level=\"1\"><span style=\"font-weight: 400;\">Am\u00e9liore la qualit\u00e9 et l\u2019apparence globale<\/span><\/li>\n<\/ul>\n<p><b>Prot\u00e9ine de bl\u00e9 hydrolys\u00e9e<\/b><span style=\"font-weight: 400;\"> Volume l\u00e9ger sans lourdeur :<\/span><\/p>\n<ul>\n<li style=\"font-weight: 400;\" aria-level=\"1\"><span style=\"font-weight: 400;\">Apporte du corps sans alourdir le cheveu fin<\/span><\/li>\n<li style=\"font-weight: 400;\" aria-level=\"1\"><span style=\"font-weight: 400;\">Renforce la fibre pour plus d\u2019\u00e9paisseur<\/span><\/li>\n<li style=\"font-weight: 400;\" aria-level=\"1\"><span style=\"font-weight: 400;\">Volume et texture d\u2019aspect naturel<\/span><\/li>\n<li style=\"font-weight: 400;\" aria-level=\"1\"><span style=\"font-weight: 400;\">\u00c9paisseur durable apr\u00e8s usage<\/span><\/li>\n<\/ul>\n<p><b>Prot\u00e9ine de soya hydrolys\u00e9e<\/b><span style=\"font-weight: 400;\"> Syst\u00e8me de renforcement v\u00e9g\u00e9tal :<\/span><\/p>\n<ul>\n<li style=\"font-weight: 400;\" aria-level=\"1\"><span style=\"font-weight: 400;\">Augmente la densit\u00e9 gr\u00e2ce aux prot\u00e9ines d\u00e9pos\u00e9es<\/span><\/li>\n<li style=\"font-weight: 400;\" aria-level=\"1\"><span style=\"font-weight: 400;\">Am\u00e9liore \u00e9lasticit\u00e9 et r\u00e9silience<\/span><\/li>\n<li style=\"font-weight: 400;\" aria-level=\"1\"><span style=\"font-weight: 400;\">Effet volumisant durable<\/span><\/li>\n<li style=\"font-weight: 400;\" aria-level=\"1\"><span style=\"font-weight: 400;\">Favorise la croissance saine du cheveu<\/span><\/li>\n<\/ul>\n<p><b>Collag\u00e8ne hydrolys\u00e9<\/b><span style=\"font-weight: 400;\"> Prot\u00e9ine volumisante premium :<\/span><\/p>\n<ul>\n<li style=\"font-weight: 400;\" aria-level=\"1\"><span style=\"font-weight: 400;\">\u00c9paissit la fibre pour plus de masse<\/span><\/li>\n<li style=\"font-weight: 400;\" aria-level=\"1\"><span style=\"font-weight: 400;\">Ajoute corps et volume substantiel<\/span><\/li>\n<li style=\"font-weight: 400;\" aria-level=\"1\"><span style=\"font-weight: 400;\">Am\u00e9liore rebond et \u00e9lasticit\u00e9<\/span><\/li>\n<li style=\"font-weight: 400;\" aria-level=\"1\"><span style=\"font-weight: 400;\">Effet volume et texture luxueuse<\/span><\/li>\n<\/ul>\n<h3><b>Complexe botanique pour le cuir chevelu<\/b><\/h3>\n<p><b>Extrait de bardane<\/b><span style=\"font-weight: 400;\"> Fortifiant traditionnel du cuir chevelu qui :<\/span><\/p>\n<ul>\n<li style=\"font-weight: 400;\" aria-level=\"1\"><span style=\"font-weight: 400;\">Stimule la pousse pour une densit\u00e9 accrue<\/span><\/li>\n<li style=\"font-weight: 400;\" aria-level=\"1\"><span style=\"font-weight: 400;\">Nourrit les follicules pour des cheveux plus forts<\/span><\/li>\n<li style=\"font-weight: 400;\" aria-level=\"1\"><span style=\"font-weight: 400;\">Nettoie naturellement sans d\u00e9capage<\/span><\/li>\n<li style=\"font-weight: 400;\" aria-level=\"1\"><span style=\"font-weight: 400;\">Favorise un environnement optimal pour le volume<\/span><\/li>\n<\/ul>\n<p><b>Extrait d\u2019ortie<\/b><span style=\"font-weight: 400;\"> Soin botanique riche en min\u00e9raux :<\/span><\/p>\n<ul>\n<li style=\"font-weight: 400;\" aria-level=\"1\"><span style=\"font-weight: 400;\">Apporte nutriments essentiels \u00e0 la force capillaire<\/span><\/li>\n<li style=\"font-weight: 400;\" aria-level=\"1\"><span style=\"font-weight: 400;\">Stimule la circulation et la croissance<\/span><\/li>\n<li style=\"font-weight: 400;\" aria-level=\"1\"><span style=\"font-weight: 400;\">Propri\u00e9t\u00e9s naturelles pour g\u00e9n\u00e9rer du volume<\/span><\/li>\n<li style=\"font-weight: 400;\" aria-level=\"1\"><span style=\"font-weight: 400;\">Soutient la sant\u00e9 du cuir chevelu<\/span><\/li>\n<\/ul>\n<p><b>Extrait d\u2019algues rouges d\u2019Irlande<\/b><span style=\"font-weight: 400;\"> Booster marin de volume :<\/span><\/p>\n<ul>\n<li style=\"font-weight: 400;\" aria-level=\"1\"><span style=\"font-weight: 400;\">Min\u00e9raux trace essentiels \u00e0 la densit\u00e9 capillaire<\/span><\/li>\n<li style=\"font-weight: 400;\" aria-level=\"1\"><span style=\"font-weight: 400;\">Nourriture intense pour cheveux affaiblis<\/span><\/li>\n<li style=\"font-weight: 400;\" aria-level=\"1\"><span style=\"font-weight: 400;\">Propri\u00e9t\u00e9s naturelles volumisantes<\/span><\/li>\n<li style=\"font-weight: 400;\" aria-level=\"1\"><span style=\"font-weight: 400;\">Protection antioxydante pour cheveux fins<\/span><\/li>\n<\/ul>\n<h3><b>Syst\u00e8me sant\u00e9 &amp; \u00e9quilibre du cuir chevelu<\/b><\/h3>\n<p><b>Soin apaisant anti-inflammatoire<\/b><span style=\"font-weight: 400;\"> Formule th\u00e9rapeutique pour :<\/span><\/p>\n<ul>\n<li style=\"font-weight: 400;\" aria-level=\"1\"><span style=\"font-weight: 400;\">Apaise le cuir chevelu irrit\u00e9 ou inflamm\u00e9<\/span><\/li>\n<li style=\"font-weight: 400;\" aria-level=\"1\"><span style=\"font-weight: 400;\">R\u00e9duit l\u2019irritation et la sensibilit\u00e9<\/span><\/li>\n<li style=\"font-weight: 400;\" aria-level=\"1\"><span style=\"font-weight: 400;\">\u00c9quilibre la production de s\u00e9bum<\/span><\/li>\n<li style=\"font-weight: 400;\" aria-level=\"1\"><span style=\"font-weight: 400;\">Prot\u00e8ge avec des bienfaits antiseptiques, sans dess\u00e9cher<\/span><\/li>\n<\/ul>\n<p><b>Technologie de contr\u00f4le du s\u00e9bum<\/b><span style=\"font-weight: 400;\"> Formule avanc\u00e9e :<\/span><\/p>\n<ul>\n<li style=\"font-weight: 400;\" aria-level=\"1\"><span style=\"font-weight: 400;\">R\u00e9duit l\u2019exc\u00e8s de s\u00e9bum au cuir chevelu<\/span><\/li>\n<li style=\"font-weight: 400;\" aria-level=\"1\"><span style=\"font-weight: 400;\">Pr\u00e9vient le regraissage rapide des cheveux<\/span><\/li>\n<li style=\"font-weight: 400;\" aria-level=\"1\"><span style=\"font-weight: 400;\">Pr\u00e9serve le volume sans effet gras<\/span><\/li>\n<li style=\"font-weight: 400;\" aria-level=\"1\"><span style=\"font-weight: 400;\">Favorise un maintien durable de la densit\u00e9<\/span><\/li>\n<\/ul>\n<h3><b>Int\u00e9gration d\u2019huiles de luxe<\/b><\/h3>\n<p><b>Huile de coco<\/b><span style=\"font-weight: 400;\"> Huile volumisante strat\u00e9gique :<\/span><\/p>\n<ul>\n<li style=\"font-weight: 400;\" aria-level=\"1\"><span style=\"font-weight: 400;\">Nourrit sans alourdir les cheveux fins<\/span><\/li>\n<li style=\"font-weight: 400;\" aria-level=\"1\"><span style=\"font-weight: 400;\">Pr\u00e9vient la perte de prot\u00e9ines au lavage<\/span><\/li>\n<li style=\"font-weight: 400;\" aria-level=\"1\"><span style=\"font-weight: 400;\">Ajoute corps et brillance naturellement<\/span><\/li>\n<li style=\"font-weight: 400;\" aria-level=\"1\"><span style=\"font-weight: 400;\">Pr\u00e9serve la sant\u00e9 capillaire durant le volumisant<\/span><\/li>\n<\/ul>\n<p><b>Huile de babassu<\/b><span style=\"font-weight: 400;\"> Traitement br\u00e9silien volumisant :<\/span><\/p>\n<ul>\n<li style=\"font-weight: 400;\" aria-level=\"1\"><span style=\"font-weight: 400;\">Conditionnement l\u00e9ger, sans lourdeur<\/span><\/li>\n<li style=\"font-weight: 400;\" aria-level=\"1\"><span style=\"font-weight: 400;\">Accentue le volume et le mouvement naturel<\/span><\/li>\n<li style=\"font-weight: 400;\" aria-level=\"1\"><span style=\"font-weight: 400;\">Apporte hydratation sans alourdir<\/span><\/li>\n<li style=\"font-weight: 400;\" aria-level=\"1\"><span style=\"font-weight: 400;\">Am\u00e9liore la maniabilit\u00e9 et la texture<\/span><\/li>\n<\/ul>\n<h3><b>Vitamines cliniques pour le volume<\/b><\/h3>\n<p><b>Vitamine B5 (Panth\u00e9nol)<\/b><span style=\"font-weight: 400;\"> Vitamine essentielle pour le volume :<\/span><\/p>\n<ul>\n<li style=\"font-weight: 400;\" aria-level=\"1\"><span style=\"font-weight: 400;\">R\u00e9tention d\u2019humidit\u00e9 pour une chevelure fournie<\/span><\/li>\n<li style=\"font-weight: 400;\" aria-level=\"1\"><span style=\"font-weight: 400;\">Plus de souplesse et de corps<\/span><\/li>\n<li style=\"font-weight: 400;\" aria-level=\"1\"><span style=\"font-weight: 400;\">Brillance naturelle sans alourdir<\/span><\/li>\n<li style=\"font-weight: 400;\" aria-level=\"1\"><span style=\"font-weight: 400;\">Performance de coiffage am\u00e9lior\u00e9e<\/span><\/li>\n<\/ul>\n<p><b>Vitamine C<\/b><span style=\"font-weight: 400;\"> Soutien antioxydant du volume :<\/span><\/p>\n<ul>\n<li style=\"font-weight: 400;\" aria-level=\"1\"><span style=\"font-weight: 400;\">Prot\u00e8ge contre les facteurs qui r\u00e9duisent le volume<\/span><\/li>\n<li style=\"font-weight: 400;\" aria-level=\"1\"><span style=\"font-weight: 400;\">Favorise une bonne circulation du cuir chevelu<\/span><\/li>\n<li style=\"font-weight: 400;\" aria-level=\"1\"><span style=\"font-weight: 400;\">Optimise l\u2019absorption des nutriments pour la densit\u00e9<\/span><\/li>\n<li style=\"font-weight: 400;\" aria-level=\"1\"><span style=\"font-weight: 400;\">Maintient l\u2019efficacit\u00e9 du traitement<\/span><\/li>\n<\/ul>\n<h3><b>Protocole d\u2019application avanc\u00e9<\/b><\/h3>\n<p><b>M\u00e9thode de soin professionnel<\/b><span style=\"font-weight: 400;\"> Pour un r\u00e9sultat volume maximal :<\/span><\/p>\n<ul>\n<li style=\"font-weight: 400;\" aria-level=\"1\"><span style=\"font-weight: 400;\">Laver les cheveux deux fois avec 5 minutes de pose \u00e0 chaque fois<\/span><\/li>\n<li style=\"font-weight: 400;\" aria-level=\"1\"><span style=\"font-weight: 400;\">Laisser p\u00e9n\u00e9trer les actifs bio<\/span><\/li>\n<li style=\"font-weight: 400;\" aria-level=\"1\"><span style=\"font-weight: 400;\">Bien rincer pour une sensation a\u00e9rienne<\/span><\/li>\n<li style=\"font-weight: 400;\" aria-level=\"1\"><span style=\"font-weight: 400;\">Poursuivre avec les soins VOLUME THERAPY<\/span><\/li>\n<\/ul>\n<p><b>Formule pour usage quotidien<\/b><span style=\"font-weight: 400;\"> Assez douce pour un lavage quotidien, tout en offrant un effet th\u00e9rapeutique \u00e0 chaque utilisation.<\/span><\/p>\n<h3><b>Transformation compl\u00e8te de la chevelure<\/b><\/h3>\n<p><b>\u00c9nergie &amp; vitalit\u00e9 restaur\u00e9es<\/b><span style=\"font-weight: 400;\"> Formule th\u00e9rapeutique qui :<\/span><\/p>\n<ul>\n<li style=\"font-weight: 400;\" aria-level=\"1\"><span style=\"font-weight: 400;\">Ravitaille les cheveux fins en \u00e9nergie<\/span><\/li>\n<li style=\"font-weight: 400;\" aria-level=\"1\"><span style=\"font-weight: 400;\">Rend la chevelure plus forte et r\u00e9siliente<\/span><\/li>\n<li style=\"font-weight: 400;\" aria-level=\"1\"><span style=\"font-weight: 400;\">Effet densifiant et volumisant visible<\/span><\/li>\n<li style=\"font-weight: 400;\" aria-level=\"1\"><span style=\"font-weight: 400;\">Donne un \u00e9clat sain naturel<\/span><\/li>\n<\/ul>\n<p><b>Contr\u00f4le de la statique &amp; du poids<\/b><span style=\"font-weight: 400;\"> Technologie de pointe qui :<\/span><\/p>\n<ul>\n<li style=\"font-weight: 400;\" aria-level=\"1\"><span style=\"font-weight: 400;\">\u00c9limine l\u2019\u00e9lectricit\u00e9 statique pour un volume lisse<\/span><\/li>\n<li style=\"font-weight: 400;\" aria-level=\"1\"><span style=\"font-weight: 400;\">Pr\u00e9vient l\u2019alourdissement des cheveux<\/span><\/li>\n<li style=\"font-weight: 400;\" aria-level=\"1\"><span style=\"font-weight: 400;\">Maintient un mouvement et un rebond naturels<\/span><\/li>\n<li style=\"font-weight: 400;\" aria-level=\"1\"><span style=\"font-weight: 400;\">Texture professionnelle assur\u00e9e<\/span><\/li>\n<\/ul>\n<h3><b>B\u00e9n\u00e9fices volume \u00e0 long terme<\/b><\/h3>\n<p><b>Entretien constant du volume<\/b><span style=\"font-weight: 400;\"> Un usage r\u00e9gulier offre :<\/span><\/p>\n<ul>\n<li style=\"font-weight: 400;\" aria-level=\"1\"><span style=\"font-weight: 400;\">Un effet volumisant progressif et durable<\/span><\/li>\n<li style=\"font-weight: 400;\" aria-level=\"1\"><span style=\"font-weight: 400;\">Une densit\u00e9 renforc\u00e9e de lavage en lavage<\/span><\/li>\n<li style=\"font-weight: 400;\" aria-level=\"1\"><span style=\"font-weight: 400;\">Tenue du coiffage maintenue<\/span><\/li>\n<li style=\"font-weight: 400;\" aria-level=\"1\"><span style=\"font-weight: 400;\">Renforcement et \u00e9paisseur \u00e0 long terme<\/span><\/li>\n<\/ul>\n<p><b>Entretien &amp; coiffage faciles<\/b><span style=\"font-weight: 400;\"> Routine quotidienne sans effort :<\/span><\/p>\n<ul>\n<li style=\"font-weight: 400;\" aria-level=\"1\"><span style=\"font-weight: 400;\">Se rince facilement \u00e0 l&#8217;eau ti\u00e8de<\/span><\/li>\n<li style=\"font-weight: 400;\" aria-level=\"1\"><span style=\"font-weight: 400;\">Facilite le d\u00e9m\u00ealage sans n\u0153uds<\/span><\/li>\n<li style=\"font-weight: 400;\" aria-level=\"1\"><span style=\"font-weight: 400;\">Facilite le coiffage et la tenue<\/span><\/li>\n<li style=\"font-weight: 400;\" aria-level=\"1\"><span style=\"font-weight: 400;\">Texture volumineuse et facile \u00e0 coiffer<\/span><\/li>\n<\/ul>\n<h3><b>Pourquoi choisir le SHAMPOING TH\u00c9RAPIE VOLUME<\/b><\/h3>\n<p><b>R\u00e9sultat instantan\u00e9 :<\/b><span style=\"font-weight: 400;\"> Volume visible d\u00e8s le premier lavage <\/span><b>Technologie racines :<\/b><span style=\"font-weight: 400;\"> Soul\u00e8vement r\u00e9volutionnaire des racines <\/span><b>Usage quotidien :<\/b><span style=\"font-weight: 400;\"> Formule th\u00e9rapeutique douce pour lavage r\u00e9gulier <\/span><b>Anti-chlore :<\/b><span style=\"font-weight: 400;\"> Protection compl\u00e8te contre les d\u00e9p\u00f4ts qui r\u00e9duisent le volume <\/span><b>Protocole professionnel :<\/b><span style=\"font-weight: 400;\"> Syst\u00e8me double lavage pour effet maximal <\/span><b>Soin global :<\/b><span style=\"font-weight: 400;\"> Th\u00e9rapie du cuir chevelu avec volume accru<\/span><br \/>\n<b>Transformez les cheveux fins et sans vie en cheveux luxueusement volumineux avec le SHAMPOING TH\u00c9RAPIE VOLUME \u2013 o\u00f9 la science th\u00e9rapeutique rencontre une transformation instantan\u00e9e.<\/b><br \/>\n<i><span style=\"font-weight: 400;\">Shampoing volumisant th\u00e9rapeutique pour cheveux fins et affaiblis. Peut s\u2019utiliser au quotidien. Pour un r\u00e9sultat optimal, laver deux fois avec 5 minutes de pose \u00e0 chaque fois. Offert en formats 75ml, 400ml et 1000ml.<\/span><\/i><\/p>\n","protected":false},"excerpt":{"rendered":"<div class=\"prose text-pretty dark:prose-invert inline leading-relaxed break-words min-w-0 [word-break:break-word] prose-strong:font-medium\">\n<p class=\"my-2 [&amp;+p]:mt-4 [&amp;_strong:has(+br)]:inline-block [&amp;_strong:has(+br)]:pb-2\">RENFORCEMENT SYNERGIQUE DU VOLUME<\/p>\n<\/div>\n","protected":false},"featured_media":32609,"comment_status":"open","ping_status":"closed","template":"","meta":{"_glsr_average":0,"_glsr_ranking":0,"_glsr_reviews":0},"product_brand":[890],"product_cat":[614],"product_tag":[],"class_list":{"0":"post-32638","1":"product","2":"type-product","3":"status-publish","4":"has-post-thumbnail","6":"product_brand-dr-sorbie","7":"product_cat-shampooing","8":"_wholesalex wsx-wholesalex-product","10":"first","11":"instock","12":"taxable","13":"shipping-taxable","14":"purchasable","15":"product-type-simple"},"jetpack_sharing_enabled":true,"_links":{"self":[{"href":"https:\/\/naturalook.shop\/fr\/wp-json\/wp\/v2\/product\/32638","targetHints":{"allow":["GET"]}}],"collection":[{"href":"https:\/\/naturalook.shop\/fr\/wp-json\/wp\/v2\/product"}],"about":[{"href":"https:\/\/naturalook.shop\/fr\/wp-json\/wp\/v2\/types\/product"}],"replies":[{"embeddable":true,"href":"https:\/\/naturalook.shop\/fr\/wp-json\/wp\/v2\/comments?post=32638"}],"version-history":[{"count":1,"href":"https:\/\/naturalook.shop\/fr\/wp-json\/wp\/v2\/product\/32638\/revisions"}],"predecessor-version":[{"id":33547,"href":"https:\/\/naturalook.shop\/fr\/wp-json\/wp\/v2\/product\/32638\/revisions\/33547"}],"wp:featuredmedia":[{"embeddable":true,"href":"https:\/\/naturalook.shop\/fr\/wp-json\/wp\/v2\/media\/32609"}],"wp:attachment":[{"href":"https:\/\/naturalook.shop\/fr\/wp-json\/wp\/v2\/media?parent=32638"}],"wp:term":[{"taxonomy":"product_brand","embeddable":true,"href":"https:\/\/naturalook.shop\/fr\/wp-json\/wp\/v2\/product_brand?post=32638"},{"taxonomy":"product_cat","embeddable":true,"href":"https:\/\/naturalook.shop\/fr\/wp-json\/wp\/v2\/product_cat?post=32638"},{"taxonomy":"product_tag","embeddable":true,"href":"https:\/\/naturalook.shop\/fr\/wp-json\/wp\/v2\/product_tag?post=32638"}],"curies":[{"name":"wp","href":"https:\/\/api.w.org\/{rel}","templated":true}]}}