{"id":32639,"date":"2025-09-08T13:52:28","date_gmt":"2025-09-08T17:52:28","guid":{"rendered":"https:\/\/naturalook.shop\/?post_type=product&#038;p=32639"},"modified":"2026-02-16T16:41:37","modified_gmt":"2026-02-16T21:41:37","slug":"dr-sorbie-shampoing-reparateur-anti-chlore-75ml","status":"publish","type":"product","link":"https:\/\/naturalook.shop\/fr\/produit\/dr-sorbie-shampoing-reparateur-anti-chlore-75ml\/","title":{"rendered":"DR.SORBIE &#8211; SHAMPOING R\u00c9PARATEUR ANTI-CHLORE &#8211; 75ml"},"content":{"rendered":"<h2><b>Shampoing revitalisant pour cheveux \u00e9pais, moyens, secs et ab\u00eem\u00e9s<\/b><\/h2>\n<p><span style=\"font-weight: 400;\">Redonnez leur beaut\u00e9 naturelle aux cheveux ab\u00eem\u00e9s avec le SHAMPOING R\u00c9PARATEUR ANTI-CHLORE de Dr. Sorbie, un soin nettoyant r\u00e9volutionnaire qui offre une r\u00e9paration compl\u00e8te aux cheveux \u00e9pais, moyens, secs ou endommag\u00e9s. Cette formule \u00e9quilibr\u00e9e nettoie d\u00e9licatement cheveux et cuir chevelu tout en procurant une restauration intensive, avec des r\u00e9sultats visibles d\u00e8s la premi\u00e8re utilisation.<\/span><\/p>\n<h3><b>Technologie anti-chlore avanc\u00e9e<\/b><\/h3>\n<p><b>Complexe de neutralisation du chlore<\/b><span style=\"font-weight: 400;\"> Composants sp\u00e9cialis\u00e9s anti-chlore qui :<\/span><\/p>\n<ul>\n<li style=\"font-weight: 400;\" aria-level=\"1\"><span style=\"font-weight: 400;\">\u00c9liminent les d\u00e9p\u00f4ts de chlore et r\u00e9sidus chimiques des cheveux et du cuir chevelu<\/span><\/li>\n<li style=\"font-weight: 400;\" aria-level=\"1\"><span style=\"font-weight: 400;\">Prot\u00e8gent contre les dommages caus\u00e9s par les piscines et l\u2019eau trait\u00e9e<\/span><\/li>\n<li style=\"font-weight: 400;\" aria-level=\"1\"><span style=\"font-weight: 400;\">Pr\u00e9viennent la s\u00e9cheresse et la d\u00e9coloration induites par le chlore<\/span><\/li>\n<li style=\"font-weight: 400;\" aria-level=\"1\"><span style=\"font-weight: 400;\">Pr\u00e9servent l\u2019int\u00e9grit\u00e9 des cheveux en environnement chlor\u00e9<\/span><\/li>\n<\/ul>\n<p><b>Syst\u00e8me de purification en profondeur<\/b><span style=\"font-weight: 400;\"> Nettoyage doux mais efficace :<\/span><\/p>\n<ul>\n<li style=\"font-weight: 400;\" aria-level=\"1\"><span style=\"font-weight: 400;\">\u00c9limine les impuret\u00e9s sans d\u00e9caper les huiles naturelles<\/span><\/li>\n<li style=\"font-weight: 400;\" aria-level=\"1\"><span style=\"font-weight: 400;\">Retire les d\u00e9p\u00f4ts de produits coiffants ou de polluants<\/span><\/li>\n<li style=\"font-weight: 400;\" aria-level=\"1\"><span style=\"font-weight: 400;\">Pr\u00e9pare la chevelure \u00e0 l\u2019absorption des nutriments<\/span><\/li>\n<li style=\"font-weight: 400;\" aria-level=\"1\"><span style=\"font-weight: 400;\">Rafra\u00eechit le cuir chevelu tout en pr\u00e9servant l\u2019\u00e9quilibre naturel<\/span><\/li>\n<\/ul>\n<h3><b>Technologie de r\u00e9paration structurale intensive<\/b><\/h3>\n<p><b>Formule de p\u00e9n\u00e9tration en profondeur<\/b><span style=\"font-weight: 400;\"> Les ingr\u00e9dients bioactifs avanc\u00e9s p\u00e9n\u00e8trent au c\u0153ur de la fibre pour :<\/span><\/p>\n<ul>\n<li style=\"font-weight: 400;\" aria-level=\"1\"><span style=\"font-weight: 400;\">Saturer la chevelure d\u2019\u00e9l\u00e9ments nutritifs essentiels<\/span><\/li>\n<li style=\"font-weight: 400;\" aria-level=\"1\"><span style=\"font-weight: 400;\">Nourrir et hydrater en profondeur les zones endommag\u00e9es<\/span><\/li>\n<li style=\"font-weight: 400;\" aria-level=\"1\"><span style=\"font-weight: 400;\">R\u00e9parer l\u2019architecture de la fibre au niveau mol\u00e9culaire<\/span><\/li>\n<li style=\"font-weight: 400;\" aria-level=\"1\"><span style=\"font-weight: 400;\">Offrir un effet r\u00e9parateur durable avec un usage r\u00e9gulier<\/span><\/li>\n<\/ul>\n<p><b>R\u00e9paration de la racine jusqu\u2019aux pointes<\/b><span style=\"font-weight: 400;\"> Syst\u00e8me de r\u00e9paration globale qui :<\/span><\/p>\n<ul>\n<li style=\"font-weight: 400;\" aria-level=\"1\"><span style=\"font-weight: 400;\">Cible les dommages sur toute la longueur du cheveu<\/span><\/li>\n<li style=\"font-weight: 400;\" aria-level=\"1\"><span style=\"font-weight: 400;\">Reconstruit la force de la racine jusqu\u2019aux pointes<\/span><\/li>\n<li style=\"font-weight: 400;\" aria-level=\"1\"><span style=\"font-weight: 400;\">Cr\u00e9e la base d\u2019une chevelure saine et durable<\/span><\/li>\n<li style=\"font-weight: 400;\" aria-level=\"1\"><span style=\"font-weight: 400;\">Pr\u00e9vient l\u2019accumulation de nouveaux dommages<\/span><\/li>\n<\/ul>\n<h3><b>Protection thermique &amp; syst\u00e8me verrouillage de l&#8217;hydratation<\/b><\/h3>\n<p><b>Formation d\u2019un film d\u00e9fensif thermique<\/b><span style=\"font-weight: 400;\"> Technologie r\u00e9volutionnaire qui :<\/span><\/p>\n<ul>\n<li style=\"font-weight: 400;\" aria-level=\"1\"><span style=\"font-weight: 400;\">Lisse la cuticule du cheveu pour une meilleure r\u00e9flexion de la lumi\u00e8re<\/span><\/li>\n<li style=\"font-weight: 400;\" aria-level=\"1\"><span style=\"font-weight: 400;\">Cr\u00e9e un film protecteur mince contre la chaleur<\/span><\/li>\n<li style=\"font-weight: 400;\" aria-level=\"1\"><span style=\"font-weight: 400;\">Maintient un taux d\u2019hydratation optimal au c\u0153ur du cheveu<\/span><\/li>\n<li style=\"font-weight: 400;\" aria-level=\"1\"><span style=\"font-weight: 400;\">Conserve les nutriments lors du coiffage ou de l\u2019exposition aux \u00e9l\u00e9ments<\/span><\/li>\n<\/ul>\n<p><b>R\u00e9tention avanc\u00e9e de l\u2019hydratation<\/b><span style=\"font-weight: 400;\"> Syst\u00e8me hydratant sophistiqu\u00e9 :<\/span><\/p>\n<ul>\n<li style=\"font-weight: 400;\" aria-level=\"1\"><span style=\"font-weight: 400;\">Hydratation longue dur\u00e9e pour une douceur persistante<\/span><\/li>\n<li style=\"font-weight: 400;\" aria-level=\"1\"><span style=\"font-weight: 400;\">Effet r\u00e9parateur prolong\u00e9 entre les applications<\/span><\/li>\n<li style=\"font-weight: 400;\" aria-level=\"1\"><span style=\"font-weight: 400;\">Meilleure maniabilit\u00e9 et facilit\u00e9 au coiffage<\/span><\/li>\n<li style=\"font-weight: 400;\" aria-level=\"1\"><span style=\"font-weight: 400;\">Entretien optimal de la sant\u00e9 capillaire<\/span><\/li>\n<\/ul>\n<h3><b>Complexe multi-r\u00e9paration<\/b><\/h3>\n<p><b>Restauration apr\u00e8s processus chimiques<\/b><span style=\"font-weight: 400;\"> Formul\u00e9 pour cheveux endommag\u00e9s par :<\/span><\/p>\n<ul>\n<li style=\"font-weight: 400;\" aria-level=\"1\"><span style=\"font-weight: 400;\">Lissage et d\u00e9frisage chimique<\/span><\/li>\n<li style=\"font-weight: 400;\" aria-level=\"1\"><span style=\"font-weight: 400;\">D\u00e9colorations ou \u00e9claircissements intensifs<\/span><\/li>\n<li style=\"font-weight: 400;\" aria-level=\"1\"><span style=\"font-weight: 400;\">Colorations et services de coloration<\/span><\/li>\n<li style=\"font-weight: 400;\" aria-level=\"1\"><span style=\"font-weight: 400;\">Traitements chimiques r\u00e9p\u00e9t\u00e9s n\u00e9cessitant r\u00e9paration intensive<\/span><\/li>\n<\/ul>\n<p><b>R\u00e9paration des dommages thermiques<\/b><span style=\"font-weight: 400;\"> Id\u00e9al pour r\u00e9parer les effets de :<\/span><\/p>\n<ul>\n<li style=\"font-weight: 400;\" aria-level=\"1\"><span style=\"font-weight: 400;\">Utilisation excessive d\u2019appareils chauffants<\/span><\/li>\n<li style=\"font-weight: 400;\" aria-level=\"1\"><span style=\"font-weight: 400;\">S\u00e9chages et bouclages fr\u00e9quents<\/span><\/li>\n<li style=\"font-weight: 400;\" aria-level=\"1\"><span style=\"font-weight: 400;\">Usage quotidien d\u2019outils chauffants<\/span><\/li>\n<li style=\"font-weight: 400;\" aria-level=\"1\"><span style=\"font-weight: 400;\">Proc\u00e9dures thermiques requ\u00e9rant une r\u00e9paration en profondeur<\/span><\/li>\n<\/ul>\n<h3><b>Syst\u00e8me de reconstruction prot\u00e9ique professionnel<\/b><\/h3>\n<p><b>Prot\u00e9ine de bl\u00e9 hydrolys\u00e9e<\/b><span style=\"font-weight: 400;\"> Complexe r\u00e9parateur v\u00e9g\u00e9tal haut de gamme :<\/span><\/p>\n<ul>\n<li style=\"font-weight: 400;\" aria-level=\"1\"><span style=\"font-weight: 400;\">Comble les microfissures des cuticules ab\u00eem\u00e9es<\/span><\/li>\n<li style=\"font-weight: 400;\" aria-level=\"1\"><span style=\"font-weight: 400;\">Reconstruit structure et r\u00e9sistance de la fibre<\/span><\/li>\n<li style=\"font-weight: 400;\" aria-level=\"1\"><span style=\"font-weight: 400;\">Accro\u00eet l\u2019\u00e9lasticit\u00e9 et r\u00e9duit la casse<\/span><\/li>\n<li style=\"font-weight: 400;\" aria-level=\"1\"><span style=\"font-weight: 400;\">Apporte une texture plus douce et maniable<\/span><\/li>\n<\/ul>\n<p><b>Prot\u00e9ine de soya hydrolys\u00e9e<\/b><span style=\"font-weight: 400;\"> Syst\u00e8me de renforcement l\u00e9ger qui :<\/span><\/p>\n<ul>\n<li style=\"font-weight: 400;\" aria-level=\"1\"><span style=\"font-weight: 400;\">Fournit des acides amin\u00e9s essentiels \u00e0 la r\u00e9paration<\/span><\/li>\n<li style=\"font-weight: 400;\" aria-level=\"1\"><span style=\"font-weight: 400;\">Ajoute du corps naturel sans alourdir<\/span><\/li>\n<li style=\"font-weight: 400;\" aria-level=\"1\"><span style=\"font-weight: 400;\">Am\u00e9liore la texture et r\u00e9duit les frisottis<\/span><\/li>\n<li style=\"font-weight: 400;\" aria-level=\"1\"><span style=\"font-weight: 400;\">Soutient sant\u00e9 et r\u00e9silience continues<\/span><\/li>\n<\/ul>\n<p><b>Prot\u00e9ine v\u00e9g\u00e9tale hydrolys\u00e9e<\/b><span style=\"font-weight: 400;\"> Technologie multi-sources de r\u00e9paration qui :<\/span><\/p>\n<ul>\n<li style=\"font-weight: 400;\" aria-level=\"1\"><span style=\"font-weight: 400;\">Apporte un soutien structurel global<\/span><\/li>\n<li style=\"font-weight: 400;\" aria-level=\"1\"><span style=\"font-weight: 400;\">Renforce en l\u00e9g\u00e8ret\u00e9, sans effet lourd<\/span><\/li>\n<li style=\"font-weight: 400;\" aria-level=\"1\"><span style=\"font-weight: 400;\">Ajoute du corps et am\u00e9liore la maniabilit\u00e9<\/span><\/li>\n<li style=\"font-weight: 400;\" aria-level=\"1\"><span style=\"font-weight: 400;\">Favorise la vitalit\u00e9 et la sant\u00e9 \u00e0 long terme<\/span><\/li>\n<\/ul>\n<h3><b>Soin marin supernutritif<\/b><\/h3>\n<p><b>Extrait d\u2019algues rouges d\u2019Irlande<\/b><span style=\"font-weight: 400;\"> Superaliment marin fournissant :<\/span><\/p>\n<ul>\n<li style=\"font-weight: 400;\" aria-level=\"1\"><span style=\"font-weight: 400;\">Min\u00e9raux essentiels et oligo-\u00e9l\u00e9ments pour la sant\u00e9 du cheveu<\/span><\/li>\n<li style=\"font-weight: 400;\" aria-level=\"1\"><span style=\"font-weight: 400;\">Nutrition min\u00e9rale pour longueurs ab\u00eem\u00e9es<\/span><\/li>\n<li style=\"font-weight: 400;\" aria-level=\"1\"><span style=\"font-weight: 400;\">Effet revitalisant et lissant naturel<\/span><\/li>\n<li style=\"font-weight: 400;\" aria-level=\"1\"><span style=\"font-weight: 400;\">Protection antioxydante pour cheveux color\u00e9s<\/span><\/li>\n<\/ul>\n<h3><b>Complexe botanique gu\u00e9rison &amp; nutrition<\/b><\/h3>\n<p><b>Extrait de bardane<\/b><span style=\"font-weight: 400;\"> Plante m\u00e9dicinale traditionnelle qui :<\/span><\/p>\n<ul>\n<li style=\"font-weight: 400;\" aria-level=\"1\"><span style=\"font-weight: 400;\">Stimule la microcirculation du cuir chevelu<\/span><\/li>\n<li style=\"font-weight: 400;\" aria-level=\"1\"><span style=\"font-weight: 400;\">Apporte les nutriments essentiels \u00e0 la pousse<\/span><\/li>\n<li style=\"font-weight: 400;\" aria-level=\"1\"><span style=\"font-weight: 400;\">Renforce follicules et racines<\/span><\/li>\n<li style=\"font-weight: 400;\" aria-level=\"1\"><span style=\"font-weight: 400;\">Adoucit et nourrit naturellement la fibre<\/span><\/li>\n<\/ul>\n<p><b>Extrait d\u2019ortie<\/b><span style=\"font-weight: 400;\"> Soin v\u00e9g\u00e9tal min\u00e9ralisant offrant :<\/span><\/p>\n<ul>\n<li style=\"font-weight: 400;\" aria-level=\"1\"><span style=\"font-weight: 400;\">Abondance de vitamines et min\u00e9raux b\u00e9n\u00e9fiques<\/span><\/li>\n<li style=\"font-weight: 400;\" aria-level=\"1\"><span style=\"font-weight: 400;\">Propri\u00e9t\u00e9s fortifiantes et renfor\u00e7antes naturelles<\/span><\/li>\n<li style=\"font-weight: 400;\" aria-level=\"1\"><span style=\"font-weight: 400;\">Effet apaisant et revitalisant du cuir chevelu<\/span><\/li>\n<li style=\"font-weight: 400;\" aria-level=\"1\"><span style=\"font-weight: 400;\">Brillance et \u00e9clat naturel am\u00e9lior\u00e9s<\/span><\/li>\n<\/ul>\n<h3><b>Conditionnement de luxe<\/b><\/h3>\n<p><b>Infusion d\u2019huile de coco<\/b><span style=\"font-weight: 400;\"> Agent conditionneur naturel premium qui :<\/span><\/p>\n<ul>\n<li style=\"font-weight: 400;\" aria-level=\"1\"><span style=\"font-weight: 400;\">Hydrate intens\u00e9ment sans alourdir<\/span><\/li>\n<li style=\"font-weight: 400;\" aria-level=\"1\"><span style=\"font-weight: 400;\">Apporte une douceur et une souplesse incomparables<\/span><\/li>\n<li style=\"font-weight: 400;\" aria-level=\"1\"><span style=\"font-weight: 400;\">Accentue l\u2019\u00e9clat et le mouvement naturel<\/span><\/li>\n<li style=\"font-weight: 400;\" aria-level=\"1\"><span style=\"font-weight: 400;\">Donne une texture soyeuse et plus fluide<\/span><\/li>\n<\/ul>\n<h3><b>Vitath\u00e9rapie clinique<\/b><\/h3>\n<p><b>Complexe vitamine C<\/b><span style=\"font-weight: 400;\"> Protection antioxydante essentielle qui :<\/span><\/p>\n<ul>\n<li style=\"font-weight: 400;\" aria-level=\"1\"><span style=\"font-weight: 400;\">Favorise la pousse et la r\u00e9g\u00e9n\u00e9ration<\/span><\/li>\n<li style=\"font-weight: 400;\" aria-level=\"1\"><span style=\"font-weight: 400;\">Prot\u00e8ge contre les radicaux libres et agressions ext\u00e9rieures<\/span><\/li>\n<li style=\"font-weight: 400;\" aria-level=\"1\"><span style=\"font-weight: 400;\">Soutient la production de collag\u00e8ne pour renforcer la fibre<\/span><\/li>\n<li style=\"font-weight: 400;\" aria-level=\"1\"><span style=\"font-weight: 400;\">Pr\u00e9serve l\u2019efficacit\u00e9 du soin et la tenue de la couleur<\/span><\/li>\n<\/ul>\n<h3><b>Technologie avanc\u00e9e pour le cuir chevelu<\/b><\/h3>\n<p><b>Tonification parfaite du cuir chevelu<\/b><span style=\"font-weight: 400;\"> Soin th\u00e9rapeutique du cuir chevelu qui :<\/span><\/p>\n<ul>\n<li style=\"font-weight: 400;\" aria-level=\"1\"><span style=\"font-weight: 400;\">Tonifie et pr\u00e9pare parfaitement le cuir chevelu<\/span><\/li>\n<li style=\"font-weight: 400;\" aria-level=\"1\"><span style=\"font-weight: 400;\">N\u2019irrite pas et ne dess\u00e8che pas les cuirs chevelus sensibles<\/span><\/li>\n<li style=\"font-weight: 400;\" aria-level=\"1\"><span style=\"font-weight: 400;\">Favorise la circulation pour une croissance optimale<\/span><\/li>\n<li style=\"font-weight: 400;\" aria-level=\"1\"><span style=\"font-weight: 400;\">Cr\u00e9e la base sant\u00e9 id\u00e9ale pour les cheveux<\/span><\/li>\n<\/ul>\n<p><b>Formule douce pH \u00e9quilibr\u00e9<\/b><span style=\"font-weight: 400;\"> Scientifiquement con\u00e7ue pour :<\/span><\/p>\n<ul>\n<li style=\"font-weight: 400;\" aria-level=\"1\"><span style=\"font-weight: 400;\">Maintenir la barri\u00e8re protectrice naturelle du cuir chevelu<\/span><\/li>\n<li style=\"font-weight: 400;\" aria-level=\"1\"><span style=\"font-weight: 400;\">\u00c9viter toute irritation ou r\u00e9action sensible<\/span><\/li>\n<li style=\"font-weight: 400;\" aria-level=\"1\"><span style=\"font-weight: 400;\">Favoriser un environnement propice \u00e0 la pousse<\/span><\/li>\n<li style=\"font-weight: 400;\" aria-level=\"1\"><span style=\"font-weight: 400;\">Assurer la compatibilit\u00e9 avec tous types de cheveux<\/span><\/li>\n<\/ul>\n<h3><b>Int\u00e9gration bioactive synergique<\/b><\/h3>\n<p><b>Synergie compl\u00e8te des ingr\u00e9dients<\/b><span style=\"font-weight: 400;\"> L\u2019action synergique des ingr\u00e9dients actifs offre :<\/span><\/p>\n<ul>\n<li style=\"font-weight: 400;\" aria-level=\"1\"><span style=\"font-weight: 400;\">Douceur et nutrition sur toute la longueur<\/span><\/li>\n<li style=\"font-weight: 400;\" aria-level=\"1\"><span style=\"font-weight: 400;\">Plus d\u2019\u00e9lasticit\u00e9, de douceur et de maniabilit\u00e9<\/span><\/li>\n<li style=\"font-weight: 400;\" aria-level=\"1\"><span style=\"font-weight: 400;\">Brillance naturelle retrouv\u00e9e<\/span><\/li>\n<li style=\"font-weight: 400;\" aria-level=\"1\"><span style=\"font-weight: 400;\">Texture et mouvement dignes d\u2019un salon<\/span><\/li>\n<\/ul>\n<h3><b>Bienfaits professionnels<\/b><\/h3>\n<p><b>Technologie anti-statique<\/b><span style=\"font-weight: 400;\"> Formule avanc\u00e9e qui :<\/span><\/p>\n<ul>\n<li style=\"font-weight: 400;\" aria-level=\"1\"><span style=\"font-weight: 400;\">\u00c9limine l\u2019\u00e9lectricit\u00e9 statique pour des cheveux disciplin\u00e9s<\/span><\/li>\n<li style=\"font-weight: 400;\" aria-level=\"1\"><span style=\"font-weight: 400;\">Facilite le coiffage et la tenue<\/span><\/li>\n<li style=\"font-weight: 400;\" aria-level=\"1\"><span style=\"font-weight: 400;\">Effet pro, texture et mouvement naturels<\/span><\/li>\n<li style=\"font-weight: 400;\" aria-level=\"1\"><span style=\"font-weight: 400;\">Pr\u00e9vient les frisottis et l\u2019effet &#8220;rebelle&#8221;<\/span><\/li>\n<\/ul>\n<p><b>Propri\u00e9t\u00e9s anti-salissure<\/b><span style=\"font-weight: 400;\"> Technologie novatrice qui :<\/span><\/p>\n<ul>\n<li style=\"font-weight: 400;\" aria-level=\"1\"><span style=\"font-weight: 400;\">Pr\u00e9vient l\u2019encrassement rapide du cheveu<\/span><\/li>\n<li style=\"font-weight: 400;\" aria-level=\"1\"><span style=\"font-weight: 400;\">Allonge le temps entre les lavages<\/span><\/li>\n<li style=\"font-weight: 400;\" aria-level=\"1\"><span style=\"font-weight: 400;\">Garde la fra\u00eecheur et la propret\u00e9 plus longtemps<\/span><\/li>\n<li style=\"font-weight: 400;\" aria-level=\"1\"><span style=\"font-weight: 400;\">Limite l\u2019accumulation de r\u00e9sidus coiffants<\/span><\/li>\n<\/ul>\n<p><b>Simplicit\u00e9 d\u2019utilisation<\/b><span style=\"font-weight: 400;\"> Fonctionnalit\u00e9s pratiques :<\/span><\/p>\n<ul>\n<li style=\"font-weight: 400;\" aria-level=\"1\"><span style=\"font-weight: 400;\">Se rince facilement \u00e0 l\u2019eau ti\u00e8de sans r\u00e9sidus<\/span><\/li>\n<li style=\"font-weight: 400;\" aria-level=\"1\"><span style=\"font-weight: 400;\">Facilite le d\u00e9m\u00ealage et la mise en forme<\/span><\/li>\n<li style=\"font-weight: 400;\" aria-level=\"1\"><span style=\"font-weight: 400;\">Soutient la performance globale de coiffage<\/span><\/li>\n<li style=\"font-weight: 400;\" aria-level=\"1\"><span style=\"font-weight: 400;\">Apporte des r\u00e9sultats de qualit\u00e9 salon<\/span><\/li>\n<\/ul>\n<h3><b>R\u00e9sultats transformation instantan\u00e9e<\/b><\/h3>\n<p><b>Am\u00e9lioration visible imm\u00e9diate<\/b><span style=\"font-weight: 400;\"> Transformation profonde d\u00e8s la premi\u00e8re utilisation :<\/span><\/p>\n<ul>\n<li style=\"font-weight: 400;\" aria-level=\"1\"><span style=\"font-weight: 400;\">Effet r\u00e9parateur profond d\u00e8s la premi\u00e8re application<\/span><\/li>\n<li style=\"font-weight: 400;\" aria-level=\"1\"><span style=\"font-weight: 400;\">Texture et maniabilit\u00e9 grandement am\u00e9lior\u00e9es<\/span><\/li>\n<li style=\"font-weight: 400;\" aria-level=\"1\"><span style=\"font-weight: 400;\">Souplesse et mouvement naturels accrus<\/span><\/li>\n<li style=\"font-weight: 400;\" aria-level=\"1\"><span style=\"font-weight: 400;\">Brillance retrouv\u00e9e et aspect sain<\/span><\/li>\n<\/ul>\n<p><b>B\u00e9n\u00e9fices d\u2019un usage quotidien<\/b><span style=\"font-weight: 400;\"> Une application r\u00e9guli\u00e8re apporte :<\/span><\/p>\n<ul>\n<li style=\"font-weight: 400;\" aria-level=\"1\"><span style=\"font-weight: 400;\">Qualit\u00e9 de chevelure continuellement am\u00e9lior\u00e9e<\/span><\/li>\n<li style=\"font-weight: 400;\" aria-level=\"1\"><span style=\"font-weight: 400;\">R\u00e9sistance accrue aux agressions futures<\/span><\/li>\n<li style=\"font-weight: 400;\" aria-level=\"1\"><span style=\"font-weight: 400;\">Hydratation et nutrition soutenues<\/span><\/li>\n<li style=\"font-weight: 400;\" aria-level=\"1\"><span style=\"font-weight: 400;\">R\u00e9sultats professionnels \u00e0 la maison<\/span><\/li>\n<\/ul>\n<h3><b>Avantages en syst\u00e8me<\/b><\/h3>\n<p><b>Compatibilit\u00e9 soin complet<\/b><span style=\"font-weight: 400;\"> Con\u00e7u pour r\u00e9sultat optimal en combinaison avec :<\/span><\/p>\n<ul>\n<li style=\"font-weight: 400;\" aria-level=\"1\"><span style=\"font-weight: 400;\">Le masque REPAIR THERAPY pour un soin intensif hebdo<\/span><\/li>\n<li style=\"font-weight: 400;\" aria-level=\"1\"><span style=\"font-weight: 400;\">Les revitalisants Dr. Sorbie pour un \u00e9quilibre hydratant au quotidien<\/span><\/li>\n<li style=\"font-weight: 400;\" aria-level=\"1\"><span style=\"font-weight: 400;\">Les complexes d\u2019huiles professionnelles pour une nutrition accrue<\/span><\/li>\n<li style=\"font-weight: 400;\" aria-level=\"1\"><span style=\"font-weight: 400;\">Le syst\u00e8me REPAIR complet pour une restauration maximale<\/span><\/li>\n<\/ul>\n<h2><b>Type de cheveux<\/b><\/h2>\n<p><b>Pour cheveux secs, ab\u00eem\u00e9s, moyens \u00e0 \u00e9pais.<\/b><\/p>\n<h2><b>Action<\/b><\/h2>\n<p><b>Nettoie cheveux et cuir chevelu, lisse la cuticule, tonifie le cuir chevelu et revitalise la fibre.<\/b><\/p>\n<h2><b>Utilisation sugg\u00e9r\u00e9e<\/b><\/h2>\n<p><b>Ce produit peut s\u2019utiliser quotidiennement avec un masque, revitalisant et complexe d\u2019huiles.<\/b><\/p>\n<h2><b>Composition<\/b><\/h2>\n<p><b>Extrait de bardane \u2022 Extrait d\u2019ortie \u2022 Prot\u00e9ine de bl\u00e9 hydrolys\u00e9e \u2022 Extrait d\u2019algues rouges d\u2019Irlande \u2022 Prot\u00e9ine de soya hydrolys\u00e9e \u2022 Prot\u00e9ine v\u00e9g\u00e9tale hydrolys\u00e9e \u2022 Vitamine C \u2022 Huile de coco<\/b><\/p>\n<h3><b>Pourquoi choisir le SHAMPOING R\u00c9PARATEUR ANTI-CHLORE<\/b><\/h3>\n<p><b>Protection compl\u00e8te contre le chlore :<\/b><span style=\"font-weight: 400;\"> \u00c9limine et pr\u00e9vient efficacement les dommages li\u00e9s au chlore<\/span><span style=\"font-weight: 400;\"><br \/>\n<\/span><b>Usage s\u00e9curitaire quotidien :<\/b><span style=\"font-weight: 400;\"> Formule douce adapt\u00e9e au lavage quotidien<\/span><span style=\"font-weight: 400;\"><br \/>\n<\/span><b>Niveau professionnel :<\/b><span style=\"font-weight: 400;\"> R\u00e9paration et reconstruction intensives<\/span><span style=\"font-weight: 400;\"><br \/>\n<\/span><b>Solution multi-r\u00e9paratrice :<\/b><span style=\"font-weight: 400;\"> Cible les dommages chimiques, thermiques et environnementaux<\/span><span style=\"font-weight: 400;\"><br \/>\n<\/span><b>R\u00e9sultats instantan\u00e9s :<\/b><span style=\"font-weight: 400;\"> Am\u00e9lioration visible d\u00e8s la premi\u00e8re application<\/span><span style=\"font-weight: 400;\"><br \/>\n<\/span><b>Compatibilit\u00e9 syst\u00e8me :<\/b><span style=\"font-weight: 400;\"> Fonctionne parfaitement avec le syst\u00e8me de soin REPAIR complet<\/span><br \/>\n<b>Transformez vos cheveux \u00e9pais, moyens, secs ou ab\u00eem\u00e9s en chevelure saine et facile \u00e0 coiffer avec le SHAMPOING R\u00c9PARATEUR ANTI-CHLORE \u2013 o\u00f9 le nettoyage avanc\u00e9 rencontre la r\u00e9paration intensive.<\/b><br \/>\n<i><span style=\"font-weight: 400;\">Shampoing anti-chlore revitalisant pour cheveux \u00e9pais, moyens, secs et ab\u00eem\u00e9s. Usage quotidien possible avec masque, revitalisant et complexe d\u2019huiles. R\u00e9sultats visibles d\u00e8s la premi\u00e8re application. L\u2019utilisation r\u00e9guli\u00e8re favorise une restauration profonde.<\/span><\/i><\/p>\n","protected":false},"excerpt":{"rendered":"<div class=\"prose text-pretty dark:prose-invert inline leading-relaxed break-words min-w-0 [word-break:break-word] prose-strong:font-medium\">\n<p class=\"my-2 [&amp;+p]:mt-4 [&amp;_strong:has(+br)]:inline-block [&amp;_strong:has(+br)]:pb-2\">SHAMPOING REVITALISANT<\/p>\n<\/div>\n","protected":false},"featured_media":32604,"comment_status":"open","ping_status":"closed","template":"","meta":{"_glsr_average":0,"_glsr_ranking":0,"_glsr_reviews":0},"product_brand":[890],"product_cat":[614],"product_tag":[],"class_list":{"0":"post-32639","1":"product","2":"type-product","3":"status-publish","4":"has-post-thumbnail","6":"product_brand-dr-sorbie","7":"product_cat-shampooing","8":"_wholesalex wsx-wholesalex-product","10":"first","11":"instock","12":"taxable","13":"shipping-taxable","14":"purchasable","15":"product-type-simple"},"jetpack_sharing_enabled":true,"_links":{"self":[{"href":"https:\/\/naturalook.shop\/fr\/wp-json\/wp\/v2\/product\/32639","targetHints":{"allow":["GET"]}}],"collection":[{"href":"https:\/\/naturalook.shop\/fr\/wp-json\/wp\/v2\/product"}],"about":[{"href":"https:\/\/naturalook.shop\/fr\/wp-json\/wp\/v2\/types\/product"}],"replies":[{"embeddable":true,"href":"https:\/\/naturalook.shop\/fr\/wp-json\/wp\/v2\/comments?post=32639"}],"version-history":[{"count":1,"href":"https:\/\/naturalook.shop\/fr\/wp-json\/wp\/v2\/product\/32639\/revisions"}],"predecessor-version":[{"id":33549,"href":"https:\/\/naturalook.shop\/fr\/wp-json\/wp\/v2\/product\/32639\/revisions\/33549"}],"wp:featuredmedia":[{"embeddable":true,"href":"https:\/\/naturalook.shop\/fr\/wp-json\/wp\/v2\/media\/32604"}],"wp:attachment":[{"href":"https:\/\/naturalook.shop\/fr\/wp-json\/wp\/v2\/media?parent=32639"}],"wp:term":[{"taxonomy":"product_brand","embeddable":true,"href":"https:\/\/naturalook.shop\/fr\/wp-json\/wp\/v2\/product_brand?post=32639"},{"taxonomy":"product_cat","embeddable":true,"href":"https:\/\/naturalook.shop\/fr\/wp-json\/wp\/v2\/product_cat?post=32639"},{"taxonomy":"product_tag","embeddable":true,"href":"https:\/\/naturalook.shop\/fr\/wp-json\/wp\/v2\/product_tag?post=32639"}],"curies":[{"name":"wp","href":"https:\/\/api.w.org\/{rel}","templated":true}]}}