{"id":32642,"date":"2025-09-08T12:22:45","date_gmt":"2025-09-08T16:22:45","guid":{"rendered":"https:\/\/naturalook.shop\/?post_type=product&#038;p=32642"},"modified":"2026-02-16T16:41:39","modified_gmt":"2026-02-16T21:41:39","slug":"dr-sorbie-elixir-therapie-trichologie-scalp-t-100ml","status":"publish","type":"product","link":"https:\/\/naturalook.shop\/fr\/produit\/dr-sorbie-elixir-therapie-trichologie-scalp-t-100ml\/","title":{"rendered":"DR.SORBIE &#8211; \u00c9LIXIR TH\u00c9RAPIE TRICHOLOGIE SCALP-T &#8211; 100ml"},"content":{"rendered":"<h2><b>\u00c9lixir th\u00e9rapeutique avanc\u00e9 pour traitement professionnel de la perte de cheveux<\/b><\/h2>\n<p><span style=\"font-weight: 400;\">D\u00e9couvrez la puissance de la trichologie professionnelle avec l\u2019\u00c9LIXIR TH\u00c9RAPIE TRICHOLOGIE SCALP-T, un soin scientifiquement avanc\u00e9 con\u00e7u pour combattre la perte de cheveux au niveau cellulaire. Cet \u00e9lixir th\u00e9rapeutique p\u00e9n\u00e8tre profond\u00e9ment dans l\u2019\u00e9piderme pour revitaliser les follicules, stimuler la croissance et prot\u00e9ger contre la perte future de cheveux.<\/span><\/p>\n<h3><b>Technologie r\u00e9volutionnaire de blocage de la DHT<\/b><\/h3>\n<p><b>Pr\u00e9vention cibl\u00e9e de la chute de cheveux<\/b><\/p>\n<ul>\n<li style=\"font-weight: 400;\" aria-level=\"1\"><span style=\"font-weight: 400;\">Contient de l\u2019extrait de palmier nain pour r\u00e9duire l\u2019activit\u00e9 de l\u2019enzyme 5-alpha-r\u00e9ductase<\/span><\/li>\n<li style=\"font-weight: 400;\" aria-level=\"1\"><span style=\"font-weight: 400;\">Bloque la conversion de la testost\u00e9rone en DHT (dihydrotestost\u00e9rone)<\/span><\/li>\n<li style=\"font-weight: 400;\" aria-level=\"1\"><span style=\"font-weight: 400;\">R\u00e9duit la sensibilit\u00e9 des follicules aux effets nocifs de la DHT<\/span><\/li>\n<li style=\"font-weight: 400;\" aria-level=\"1\"><span style=\"font-weight: 400;\">Ingr\u00e9dients cliniquement \u00e9prouv\u00e9s pour pr\u00e9venir et traiter la chute<\/span><\/li>\n<\/ul>\n<p><b>R\u00e9g\u00e9n\u00e9ration cellulaire en profondeur<\/b><\/p>\n<ul>\n<li style=\"font-weight: 400;\" aria-level=\"1\"><span style=\"font-weight: 400;\">P\u00e9n\u00e8tre profond\u00e9ment les couches \u00e9pidermiques pour une efficacit\u00e9 maximale<\/span><\/li>\n<li style=\"font-weight: 400;\" aria-level=\"1\"><span style=\"font-weight: 400;\">Am\u00e9liore les processus m\u00e9taboliques au niveau cellulaire<\/span><\/li>\n<li style=\"font-weight: 400;\" aria-level=\"1\"><span style=\"font-weight: 400;\">Prot\u00e8ge les membranes cellulaires contre le stress oxydatif<\/span><\/li>\n<li style=\"font-weight: 400;\" aria-level=\"1\"><span style=\"font-weight: 400;\">Stimule la synth\u00e8se naturelle de collag\u00e8ne pour la sant\u00e9 du cuir chevelu<\/span><\/li>\n<\/ul>\n<h3><b>Complexe actif puissant<\/b><\/h3>\n<p><b>Niacinamide B3 &amp; Glycine<\/b><span style=\"font-weight: 400;\"> Complexe avanc\u00e9 d\u2019acides amin\u00e9s qui renforce les fonctions protectrices de la peau, limite la perte d\u2019hydratation et r\u00e9duit la pigmentation tout en resserrant les pores pour une meilleure texture du cuir chevelu.<\/span><br \/>\n<b>Extrait de spiruline \u2013 superaliment naturel<\/b><span style=\"font-weight: 400;\"> Contient jusqu\u2019\u00e0 70% de prot\u00e9ines compl\u00e8tes avec acides gras essentiels (linol\u00e9ique, linol\u00e9nique), vitamines A &amp; E et pigments photosynth\u00e9tiques essentiels \u00e0 la fonction optimale du cuir chevelu et \u00e0 la croissance des cheveux.<\/span><br \/>\n<b>Antioxydants puissants<\/b><span style=\"font-weight: 400;\"> Les extraits de th\u00e9 vert et de marronnier d\u2019Inde offrent une protection antifongique, antibact\u00e9rienne et antiseptique tout en procurant des effets antioxydants sup\u00e9rieurs.<\/span><br \/>\n<b>Complexe botanique r\u00e9parateur<\/b><span style=\"font-weight: 400;\"> Les extraits de feuilles de romarin et de sauge offrent des propri\u00e9t\u00e9s cicatrisantes et antifongiques puissantes, favorisant la r\u00e9cup\u00e9ration et la sant\u00e9 du cuir chevelu.<\/span><br \/>\n<b>Acides exfoliants &amp; r\u00e9\u00e9quilibrants<\/b><span style=\"font-weight: 400;\"> Les acides lactique et salicylique \u00e9liminent d\u00e9licatement les accumulations tandis que la scutellaire apaise l\u2019inflammation et favorise l\u2019\u00e9quilibre du cuir chevelu.<\/span><\/p>\n<h3><b>B\u00e9n\u00e9fices cliniques<\/b><\/h3>\n<p><b>Stimulation de la croissance<\/b><\/p>\n<ul>\n<li style=\"font-weight: 400;\" aria-level=\"1\"><span style=\"font-weight: 400;\">Am\u00e9liore la microcirculation sanguine vers les follicules<\/span><\/li>\n<li style=\"font-weight: 400;\" aria-level=\"1\"><span style=\"font-weight: 400;\">Effet chauffant qui favorise le transport des nutriments<\/span><\/li>\n<li style=\"font-weight: 400;\" aria-level=\"1\"><span style=\"font-weight: 400;\">Active les follicules dormants et augmente la densit\u00e9 capillaire<\/span><\/li>\n<\/ul>\n<p><b>Optimisation du cuir chevelu<\/b><\/p>\n<ul>\n<li style=\"font-weight: 400;\" aria-level=\"1\"><span style=\"font-weight: 400;\">Limite la perte d\u2019eau trans\u00e9pidermique<\/span><\/li>\n<li style=\"font-weight: 400;\" aria-level=\"1\"><span style=\"font-weight: 400;\">Resserre et affine l\u2019aspect des pores<\/span><\/li>\n<li style=\"font-weight: 400;\" aria-level=\"1\"><span style=\"font-weight: 400;\">\u00c9quilibre l\u2019activit\u00e9 des glandes s\u00e9bac\u00e9es<\/span><\/li>\n<li style=\"font-weight: 400;\" aria-level=\"1\"><span style=\"font-weight: 400;\">\u00c9limine les probl\u00e9matiques fongiques et bact\u00e9riennes<\/span><\/li>\n<\/ul>\n<p><b>Protection anti-\u00e2ge<\/b><\/p>\n<ul>\n<li style=\"font-weight: 400;\" aria-level=\"1\"><span style=\"font-weight: 400;\">Prot\u00e8ge contre les dommages UV et environnementaux<\/span><\/li>\n<li style=\"font-weight: 400;\" aria-level=\"1\"><span style=\"font-weight: 400;\">R\u00e9duit pigmentations et taches de vieillesse<\/span><\/li>\n<li style=\"font-weight: 400;\" aria-level=\"1\"><span style=\"font-weight: 400;\">Renforce la fonction barri\u00e8re de la peau<\/span><\/li>\n<li style=\"font-weight: 400;\" aria-level=\"1\"><span style=\"font-weight: 400;\">Pr\u00e9vient le vieillissement pr\u00e9matur\u00e9 du cuir chevelu<\/span><\/li>\n<\/ul>\n<h3><b>Protocole professionnel<\/b><\/h3>\n<p><span style=\"font-weight: 400;\">Cet \u00e9lixir th\u00e9rapeutique est con\u00e7u pour les enjeux s\u00e9rieux de chute de cheveux et affections du cuir chevelu. Son m\u00e9lange complexe d\u2019acides amin\u00e9s, d\u2019extraits botaniques et d\u2019algues marines cr\u00e9e un effet synergique qui cible plusieurs facteurs de la chute et des dysfonctionnements du cuir chevelu.<\/span><\/p>\n<h3><b>Mode d\u2019emploi<\/b><\/h3>\n<p><b>Recommandation professionnelle requise<\/b><span style=\"font-weight: 400;\"> Les meilleurs r\u00e9sultats sont obtenus sous supervision de sp\u00e9cialiste, en cure adapt\u00e9e selon l\u2019\u00e9tat du cuir chevelu et la gravit\u00e9 de la chute.<\/span><\/p>\n<h3><b>Id\u00e9al pour<\/b><\/h3>\n<ul>\n<li style=\"font-weight: 400;\" aria-level=\"1\"><span style=\"font-weight: 400;\">Personnes avec chute ou amincissement du cheveu<\/span><\/li>\n<li style=\"font-weight: 400;\" aria-level=\"1\"><span style=\"font-weight: 400;\">Cuirs chevelus sensibles ou inflamm\u00e9s<\/span><\/li>\n<li style=\"font-weight: 400;\" aria-level=\"1\"><span style=\"font-weight: 400;\">Clients cherchant une pr\u00e9vention professionnelle de la perte de cheveux<\/span><\/li>\n<li style=\"font-weight: 400;\" aria-level=\"1\"><span style=\"font-weight: 400;\">Toute personne n\u00e9cessitant une th\u00e9rapie intensive et une r\u00e9g\u00e9n\u00e9ration du cuir chevelu<\/span><\/li>\n<li style=\"font-weight: 400;\" aria-level=\"1\"><span style=\"font-weight: 400;\">Traitements en salon ou en clinique sp\u00e9cialis\u00e9s<\/span><\/li>\n<\/ul>\n<p><b>R\u00e9glez vos probl\u00e9matiques de perte capillaire avec l\u2019\u00c9LIXIR TH\u00c9RAPIE TRICHOLOGIE SCALP-T \u2013 l\u00e0 o\u00f9 la science avanc\u00e9e livre des r\u00e9sultats prouv\u00e9s.<\/b><br \/>\n<i><span style=\"font-weight: 400;\">Traitement professionnel de trichologie. Utiliser uniquement selon les instructions d\u2019un(e) sp\u00e9cialiste qualifi\u00e9(e). R\u00e9sultats individuels variables.<\/span><\/i><\/p>\n","protected":false},"excerpt":{"rendered":"<div class=\"prose text-pretty dark:prose-invert inline leading-relaxed break-words min-w-0 [word-break:break-word] prose-strong:font-medium\">\n<p class=\"my-2 [&amp;+p]:mt-4 [&amp;_strong:has(+br)]:inline-block [&amp;_strong:has(+br)]:pb-2\">TECHNOLOGIE R\u00c9VOLUTIONNAIRE DE BLOCAGE DE LA DHT<\/p>\n<\/div>\n","protected":false},"featured_media":32587,"comment_status":"open","ping_status":"closed","template":"","meta":{"_glsr_average":0,"_glsr_ranking":0,"_glsr_reviews":0},"product_brand":[890],"product_cat":[616],"product_tag":[],"class_list":{"0":"post-32642","1":"product","2":"type-product","3":"status-publish","4":"has-post-thumbnail","6":"product_brand-dr-sorbie","7":"product_cat-traitement","8":"_wholesalex wsx-wholesalex-product","10":"first","11":"instock","12":"taxable","13":"shipping-taxable","14":"purchasable","15":"product-type-simple"},"jetpack_sharing_enabled":true,"_links":{"self":[{"href":"https:\/\/naturalook.shop\/fr\/wp-json\/wp\/v2\/product\/32642","targetHints":{"allow":["GET"]}}],"collection":[{"href":"https:\/\/naturalook.shop\/fr\/wp-json\/wp\/v2\/product"}],"about":[{"href":"https:\/\/naturalook.shop\/fr\/wp-json\/wp\/v2\/types\/product"}],"replies":[{"embeddable":true,"href":"https:\/\/naturalook.shop\/fr\/wp-json\/wp\/v2\/comments?post=32642"}],"version-history":[{"count":1,"href":"https:\/\/naturalook.shop\/fr\/wp-json\/wp\/v2\/product\/32642\/revisions"}],"predecessor-version":[{"id":33555,"href":"https:\/\/naturalook.shop\/fr\/wp-json\/wp\/v2\/product\/32642\/revisions\/33555"}],"wp:featuredmedia":[{"embeddable":true,"href":"https:\/\/naturalook.shop\/fr\/wp-json\/wp\/v2\/media\/32587"}],"wp:attachment":[{"href":"https:\/\/naturalook.shop\/fr\/wp-json\/wp\/v2\/media?parent=32642"}],"wp:term":[{"taxonomy":"product_brand","embeddable":true,"href":"https:\/\/naturalook.shop\/fr\/wp-json\/wp\/v2\/product_brand?post=32642"},{"taxonomy":"product_cat","embeddable":true,"href":"https:\/\/naturalook.shop\/fr\/wp-json\/wp\/v2\/product_cat?post=32642"},{"taxonomy":"product_tag","embeddable":true,"href":"https:\/\/naturalook.shop\/fr\/wp-json\/wp\/v2\/product_tag?post=32642"}],"curies":[{"name":"wp","href":"https:\/\/api.w.org\/{rel}","templated":true}]}}