{"id":32643,"date":"2025-09-08T12:19:47","date_gmt":"2025-09-08T16:19:47","guid":{"rendered":"https:\/\/naturalook.shop\/?post_type=product&#038;p=32643"},"modified":"2026-02-16T16:41:39","modified_gmt":"2026-02-16T21:41:39","slug":"dr-sorbie-shampling-shampooing-exfoliant-clarifiant-150ml","status":"publish","type":"product","link":"https:\/\/naturalook.shop\/fr\/produit\/dr-sorbie-shampling-shampooing-exfoliant-clarifiant-150ml\/","title":{"rendered":"DR.SORBIE &#8211; SHAMPLING SHAMPOOING EXFOLIANT CLARIFIANT &#8211; 150ml"},"content":{"rendered":"<h1><b>SHAMPOOING EXFOLIANT CLARIFIANT SHAMPLING<\/b><\/h1>\n<h2><b>D\u00e9tox Profonde du Cuir Chevelu pour Cuir Chevelu Gras et Congestionn\u00e9<\/b><\/h2>\n<p><span style=\"font-weight: 400;\">D\u00e9couvrez la r\u00e9initialisation ultime du cuir chevelu avec le shampooing exfoliant clarifiant SHAMPLING, un traitement \u00e0 double action qui combine un nettoyage en douceur avec une exfoliation de qualit\u00e9 professionnelle. Cette formule innovante 2-en-1 \u00e9limine les accumulations tenaces, les cellules mortes et l&#8217;exc\u00e8s de s\u00e9bum tout en pr\u00e9parant votre cuir chevelu pour une croissance et une sant\u00e9 capillaires optimales.<\/span><\/p>\n<h3><b>Formule R\u00e9volutionnaire \u00e0 Double Action<\/b><\/h3>\n<p><b>Exfoliation Intense mais Douce<\/b><span style=\"font-weight: 400;\"> Transformez votre routine de soins du cuir chevelu avec un traitement qui offre des r\u00e9sultats d&#8217;exfoliation professionnels sans abrasion agressive. Cette proc\u00e9dure essentielle permet \u00e0 votre cuir chevelu de respirer, de se renouveler et d&#8217;absorber les nutriments plus efficacement que jamais.<\/span><br \/>\n<b>D\u00e9tox Compl\u00e8te du Cuir Chevelu<\/b><\/p>\n<ul>\n<li style=\"font-weight: 400;\" aria-level=\"1\"><span style=\"font-weight: 400;\">\u00c9limine toutes les accumulations et r\u00e9sidus cellulaires<\/span><\/li>\n<li style=\"font-weight: 400;\" aria-level=\"1\"><span style=\"font-weight: 400;\">Supprime les cellules mortes et les d\u00e9bris<\/span><\/li>\n<li style=\"font-weight: 400;\" aria-level=\"1\"><span style=\"font-weight: 400;\">D\u00e9gage les follicules obstru\u00e9s pour am\u00e9liorer la croissance capillaire<\/span><\/li>\n<li style=\"font-weight: 400;\" aria-level=\"1\"><span style=\"font-weight: 400;\">Offre un gommage d\u00e9tox en profondeur pour un rafra\u00eechissement ultime du cuir chevelu<\/span><\/li>\n<\/ul>\n<h3><b>Puissance Triple Acide<\/b><\/h3>\n<p><b>Acide Lactique &#8211; Le R\u00e9g\u00e9n\u00e9rateur Doux<\/b><span style=\"font-weight: 400;\"> Restaure l&#8217;\u00e9lasticit\u00e9 et la force des cheveux tout en acc\u00e9l\u00e9rant le renouvellement cellulaire. Agit comme conducteur pour am\u00e9liorer la p\u00e9n\u00e9tration des autres ingr\u00e9dients actifs, maximisant l&#8217;efficacit\u00e9 du traitement.<\/span><br \/>\n<b>Acide Glycolique &#8211; Le Nettoyant en Profondeur<\/b><span style=\"font-weight: 400;\"> Formule \u00e0 faible poids mol\u00e9culaire qui p\u00e9n\u00e8tre instantan\u00e9ment la peau pour :<\/span><\/p>\n<ul>\n<li style=\"font-weight: 400;\" aria-level=\"1\"><span style=\"font-weight: 400;\">Offrir des bienfaits anti-inflammatoires<\/span><\/li>\n<li style=\"font-weight: 400;\" aria-level=\"1\"><span style=\"font-weight: 400;\">Dissoudre d\u00e9licatement les bouchons s\u00e9bac\u00e9s tenaces<\/span><\/li>\n<li style=\"font-weight: 400;\" aria-level=\"1\"><span style=\"font-weight: 400;\">\u00c9liminer les cellules \u00e9pidermiques mortes<\/span><\/li>\n<li style=\"font-weight: 400;\" aria-level=\"1\"><span style=\"font-weight: 400;\">Favoriser une r\u00e9g\u00e9n\u00e9ration rapide de la peau<\/span><\/li>\n<li style=\"font-weight: 400;\" aria-level=\"1\"><span style=\"font-weight: 400;\">Offrir des r\u00e9sultats visibles imm\u00e9diats<\/span><\/li>\n<\/ul>\n<p><b>Acide Salicylique &#8211; Le R\u00e9solveur de Probl\u00e8mes<\/b><span style=\"font-weight: 400;\"> Cible les pr\u00e9occupations du cuir chevelu \u00e0 la source en :<\/span><\/p>\n<ul>\n<li style=\"font-weight: 400;\" aria-level=\"1\"><span style=\"font-weight: 400;\">Brisant les ponts prot\u00e9iques entre les cellules mortes de la peau<\/span><\/li>\n<li style=\"font-weight: 400;\" aria-level=\"1\"><span style=\"font-weight: 400;\">D\u00e9truisant les prot\u00e9ines microbiennes nuisibles pour une protection antiseptique<\/span><\/li>\n<li style=\"font-weight: 400;\" aria-level=\"1\"><span style=\"font-weight: 400;\">Combattant les bact\u00e9ries responsables de l&#8217;inflammation<\/span><\/li>\n<li style=\"font-weight: 400;\" aria-level=\"1\"><span style=\"font-weight: 400;\">Traitant la s\u00e9borrh\u00e9e, les pellicules et les infections fongiques<\/span><\/li>\n<li style=\"font-weight: 400;\" aria-level=\"1\"><span style=\"font-weight: 400;\">Normalisant la production de s\u00e9bum pour une sant\u00e9 \u00e9quilibr\u00e9e du cuir chevelu<\/span><\/li>\n<\/ul>\n<h3><b>Technologie de Ch\u00e9lation Avanc\u00e9e<\/b><\/h3>\n<p><b>D\u00e9tox des M\u00e9taux Lourds<\/b><span style=\"font-weight: 400;\"> Comprend des ions-coagulants sp\u00e9cialis\u00e9s qui effectuent une ch\u00e9lation &#8211; extrayant en toute s\u00e9curit\u00e9 non seulement les d\u00e9p\u00f4ts de m\u00e9taux alcalino-terreux mais aussi les m\u00e9taux lourds nocifs de l&#8217;environnement de votre cuir chevelu.<\/span><\/p>\n<h3><b>Bienfaits Cliniques<\/b><\/h3>\n<p><b>Purification du Cuir Chevelu<\/b><\/p>\n<ul>\n<li style=\"font-weight: 400;\" aria-level=\"1\"><span style=\"font-weight: 400;\">Nettoie en profondeur sans ass\u00e9cher excessivement<\/span><\/li>\n<li style=\"font-weight: 400;\" aria-level=\"1\"><span style=\"font-weight: 400;\">\u00c9quilibre naturellement la production de s\u00e9bum<\/span><\/li>\n<li style=\"font-weight: 400;\" aria-level=\"1\"><span style=\"font-weight: 400;\">Uniformise la texture et le teint de la peau<\/span><\/li>\n<li style=\"font-weight: 400;\" aria-level=\"1\"><span style=\"font-weight: 400;\">Cr\u00e9e un environnement optimal pour la croissance capillaire<\/span><\/li>\n<\/ul>\n<p><b>Pr\u00e9vention et Traitement des Probl\u00e8mes<\/b><span style=\"font-weight: 400;\"> Sp\u00e9cialement formul\u00e9 pour traiter :<\/span><\/p>\n<ul>\n<li style=\"font-weight: 400;\" aria-level=\"1\"><span style=\"font-weight: 400;\">Pr\u00e9vention et traitement de la chute des cheveux<\/span><\/li>\n<li style=\"font-weight: 400;\" aria-level=\"1\"><span style=\"font-weight: 400;\">\u00c9limination des pellicules tenaces<\/span><\/li>\n<li style=\"font-weight: 400;\" aria-level=\"1\"><span style=\"font-weight: 400;\">Gestion de la s\u00e9borrh\u00e9e<\/span><\/li>\n<li style=\"font-weight: 400;\" aria-level=\"1\"><span style=\"font-weight: 400;\">Contr\u00f4le des infections fongiques<\/span><\/li>\n<li style=\"font-weight: 400;\" aria-level=\"1\"><span style=\"font-weight: 400;\">R\u00e9gulation de l&#8217;exc\u00e8s de s\u00e9bum<\/span><\/li>\n<\/ul>\n<p><b>Absorption Am\u00e9lior\u00e9e des Produits<\/b><span style=\"font-weight: 400;\"> En \u00e9liminant les barri\u00e8res et les accumulations, ce shampooing exfoliant am\u00e9liore consid\u00e9rablement l&#8217;efficacit\u00e9 de vos traitements et produits capillaires subs\u00e9quents.<\/span><\/p>\n<h3><b>R\u00e9sultats Professionnels \u00e0 la Maison<\/b><\/h3>\n<p><span style=\"font-weight: 400;\">Ce traitement essentiel du cuir chevelu est recommand\u00e9 pour presque tout le monde dans le cadre d&#8217;une routine compl\u00e8te de soins capillaires. La formulation unique assure que votre cuir chevelu peut se renouveler correctement, recevoir des nutriments et maintenir une sant\u00e9 optimale.<\/span><\/p>\n<h3><b>Convient Pour<\/b><\/h3>\n<ul>\n<li style=\"font-weight: 400;\" aria-level=\"1\"><span style=\"font-weight: 400;\">Cuir chevelu normal n\u00e9cessitant un nettoyage en profondeur<\/span><\/li>\n<li style=\"font-weight: 400;\" aria-level=\"1\"><span style=\"font-weight: 400;\">Conditions de cuir chevelu gras et congestionn\u00e9<\/span><\/li>\n<li style=\"font-weight: 400;\" aria-level=\"1\"><span style=\"font-weight: 400;\">Cuir chevelu probl\u00e9matique avec pr\u00e9occupations d&#8217;accumulation<\/span><\/li>\n<li style=\"font-weight: 400;\" aria-level=\"1\"><span style=\"font-weight: 400;\">Ceux qui vivent une perte ou un amincissement capillaire<\/span><\/li>\n<li style=\"font-weight: 400;\" aria-level=\"1\"><span style=\"font-weight: 400;\">Personnes souffrant de pellicules ou de s\u00e9borrh\u00e9e<\/span><\/li>\n<li style=\"font-weight: 400;\" aria-level=\"1\"><span style=\"font-weight: 400;\">Toute personne recherchant une d\u00e9tox du cuir chevelu de niveau professionnel<\/span><\/li>\n<\/ul>\n<h3><b>Directives d&#8217;Utilisation Importantes<\/b><\/h3>\n<p><b>Non Recommand\u00e9 Pour :<\/b><\/p>\n<ul>\n<li style=\"font-weight: 400;\" aria-level=\"1\"><span style=\"font-weight: 400;\">Cuir chevelu tr\u00e8s sensible ou irrit\u00e9<\/span><\/li>\n<li style=\"font-weight: 400;\" aria-level=\"1\"><span style=\"font-weight: 400;\">Cuir chevelu avec fissures ou plaies actives<\/span><\/li>\n<li style=\"font-weight: 400;\" aria-level=\"1\"><span style=\"font-weight: 400;\">Imm\u00e9diatement apr\u00e8s des traitements chimiques<\/span><\/li>\n<\/ul>\n<p><b>Meilleurs R\u00e9sultats :<\/b><span style=\"font-weight: 400;\"> Utilisez selon les directives pour une sant\u00e9 optimale du cuir chevelu et pour pr\u00e9parer votre cuir chevelu \u00e0 une absorption maximale des traitements subs\u00e9quents.<\/span><br \/>\n<b>D\u00e9couvrez la transformation avec le shampooing exfoliant clarifiant SHAMPLING \u2013 o\u00f9 le nettoyage en profondeur rencontre les soins en douceur.<\/b><\/p>\n<p><i><span style=\"font-weight: 400;\">Pour usage externe seulement. \u00c9viter le contact avec les yeux. Cesser l&#8217;utilisation si une irritation se produit. Consultez un professionnel des soins capillaires pour le meilleur protocole de traitement.<\/span><\/i><\/p>\n","protected":false},"excerpt":{"rendered":"<div class=\"prose text-pretty dark:prose-invert inline leading-relaxed break-words min-w-0 [word-break:break-word] prose-strong:font-medium\">\n<p class=\"my-2 [&amp;+p]:mt-4 [&amp;_strong:has(+br)]:inline-block [&amp;_strong:has(+br)]:pb-2\">FORMULE R\u00c9VOLUTIONNAIRE \u00c0 DOUBLE ACTION<\/p>\n<\/div>\n","protected":false},"featured_media":32583,"comment_status":"open","ping_status":"closed","template":"","meta":{"_glsr_average":0,"_glsr_ranking":0,"_glsr_reviews":0},"product_brand":[890],"product_cat":[614],"product_tag":[],"class_list":{"0":"post-32643","1":"product","2":"type-product","3":"status-publish","4":"has-post-thumbnail","6":"product_brand-dr-sorbie","7":"product_cat-shampooing","8":"_wholesalex wsx-wholesalex-product","10":"first","11":"instock","12":"taxable","13":"shipping-taxable","14":"purchasable","15":"product-type-simple"},"jetpack_sharing_enabled":true,"_links":{"self":[{"href":"https:\/\/naturalook.shop\/fr\/wp-json\/wp\/v2\/product\/32643","targetHints":{"allow":["GET"]}}],"collection":[{"href":"https:\/\/naturalook.shop\/fr\/wp-json\/wp\/v2\/product"}],"about":[{"href":"https:\/\/naturalook.shop\/fr\/wp-json\/wp\/v2\/types\/product"}],"replies":[{"embeddable":true,"href":"https:\/\/naturalook.shop\/fr\/wp-json\/wp\/v2\/comments?post=32643"}],"version-history":[{"count":3,"href":"https:\/\/naturalook.shop\/fr\/wp-json\/wp\/v2\/product\/32643\/revisions"}],"predecessor-version":[{"id":33764,"href":"https:\/\/naturalook.shop\/fr\/wp-json\/wp\/v2\/product\/32643\/revisions\/33764"}],"wp:featuredmedia":[{"embeddable":true,"href":"https:\/\/naturalook.shop\/fr\/wp-json\/wp\/v2\/media\/32583"}],"wp:attachment":[{"href":"https:\/\/naturalook.shop\/fr\/wp-json\/wp\/v2\/media?parent=32643"}],"wp:term":[{"taxonomy":"product_brand","embeddable":true,"href":"https:\/\/naturalook.shop\/fr\/wp-json\/wp\/v2\/product_brand?post=32643"},{"taxonomy":"product_cat","embeddable":true,"href":"https:\/\/naturalook.shop\/fr\/wp-json\/wp\/v2\/product_cat?post=32643"},{"taxonomy":"product_tag","embeddable":true,"href":"https:\/\/naturalook.shop\/fr\/wp-json\/wp\/v2\/product_tag?post=32643"}],"curies":[{"name":"wp","href":"https:\/\/api.w.org\/{rel}","templated":true}]}}