{"id":32653,"date":"2025-09-08T11:45:04","date_gmt":"2025-09-08T15:45:04","guid":{"rendered":"https:\/\/naturalook.shop\/?post_type=product&#038;p=32653"},"modified":"2026-02-16T16:41:44","modified_gmt":"2026-02-16T21:41:44","slug":"dr-sorbie-shampoing-traitant-anti-age-protection-couleur-400ml","status":"publish","type":"product","link":"https:\/\/naturalook.shop\/fr\/produit\/dr-sorbie-shampoing-traitant-anti-age-protection-couleur-400ml\/","title":{"rendered":"DR.SORBIE &#8211; SHAMPOING TRAITANT ANTI-\u00c2GE PROTECTION COULEUR &#8211; 400ml"},"content":{"rendered":"<h2><b>Formule anti-\u00e2ge avanc\u00e9e pour cheveux color\u00e9s<\/b><\/h2>\n<p><span style=\"font-weight: 400;\">Pr\u00e9servez la jeunesse et l\u2019\u00e9clat de vos cheveux avec le SHAMPOING TRAITANT ANTI-\u00c2GE PROTECTION COULEUR de Dr. Sorbie. Cette formule nourrissante r\u00e9volutionnaire marie technologie anti-\u00e2ge et protection couleur sup\u00e9rieure, pour un nettoyage doux qui r\u00e9duit les signes du vieillissement capillaire et prolonge l\u2019intensit\u00e9 de la couleur.<\/span><\/p>\n<h3><b>Technologie anti-\u00e2ge capillaire r\u00e9volutionnaire<\/b><\/h3>\n<p><b>Rajeunissement cellulaire<\/b><span style=\"font-weight: 400;\"> Sp\u00e9cialement con\u00e7u pour les cheveux secs, trait\u00e9s chimiquement et m\u00fbrs, ce soin :<\/span><\/p>\n<ul>\n<li style=\"font-weight: 400;\" aria-level=\"1\"><span style=\"font-weight: 400;\">Inverse les signes visibles du vieillissement capillaire<\/span><\/li>\n<li style=\"font-weight: 400;\" aria-level=\"1\"><span style=\"font-weight: 400;\">Restaure vitalit\u00e9 et force de jeunesse<\/span><\/li>\n<li style=\"font-weight: 400;\" aria-level=\"1\"><span style=\"font-weight: 400;\">R\u00e9pare les dommages cumul\u00e9s au fil des ans<\/span><\/li>\n<li style=\"font-weight: 400;\" aria-level=\"1\"><span style=\"font-weight: 400;\">Redonne dynamisme et \u00e9nergie aux cheveux fatigu\u00e9s<\/span><\/li>\n<\/ul>\n<p><b>Restauration en profondeur<\/b><span style=\"font-weight: 400;\"> Formule riche \u00e0 pH acide :<\/span><\/p>\n<ul>\n<li style=\"font-weight: 400;\" aria-level=\"1\"><span style=\"font-weight: 400;\">P\u00e9n\u00e8tre au c\u0153ur de la fibre pour une r\u00e9paration cellulaire<\/span><\/li>\n<li style=\"font-weight: 400;\" aria-level=\"1\"><span style=\"font-weight: 400;\">Impr\u00e8gne la chevelure d\u2019oligo-\u00e9l\u00e9ments anti-\u00e2ge<\/span><\/li>\n<li style=\"font-weight: 400;\" aria-level=\"1\"><span style=\"font-weight: 400;\">Reconstruit les zones endommag\u00e9es de l\u2019int\u00e9rieur<\/span><\/li>\n<li style=\"font-weight: 400;\" aria-level=\"1\"><span style=\"font-weight: 400;\">Redonne \u00e9lasticit\u00e9 et r\u00e9silience naturelles<\/span><\/li>\n<\/ul>\n<h3><b>Technologie protection couleur supr\u00eame<\/b><\/h3>\n<p><b>Syst\u00e8me r\u00e9tention maximale<\/b><span style=\"font-weight: 400;\"> Synergie bioactive exclusive :<\/span><\/p>\n<ul>\n<li style=\"font-weight: 400;\" aria-level=\"1\"><span style=\"font-weight: 400;\">Emprisonne les pigments au c\u0153ur de la fibre<\/span><\/li>\n<li style=\"font-weight: 400;\" aria-level=\"1\"><span style=\"font-weight: 400;\">Pr\u00e9vient le d\u00e9gorgement et l\u2019affadissement pr\u00e9matur\u00e9s<\/span><\/li>\n<li style=\"font-weight: 400;\" aria-level=\"1\"><span style=\"font-weight: 400;\">Maintient la profondeur et la saturation plus longtemps<\/span><\/li>\n<li style=\"font-weight: 400;\" aria-level=\"1\"><span style=\"font-weight: 400;\">Valorise l\u2019investissement couleur en salon<\/span><\/li>\n<\/ul>\n<p><b>Tenue de la couleur renforc\u00e9e<\/b><span style=\"font-weight: 400;\"> Utilis\u00e9 r\u00e9guli\u00e8rement, vous obtenez :<\/span><\/p>\n<ul>\n<li style=\"font-weight: 400;\" aria-level=\"1\"><span style=\"font-weight: 400;\">Vibrance et \u00e9clat prolong\u00e9s<\/span><\/li>\n<li style=\"font-weight: 400;\" aria-level=\"1\"><span style=\"font-weight: 400;\">Nuance approfondie et richesse pr\u00e9serv\u00e9e<\/span><\/li>\n<li style=\"font-weight: 400;\" aria-level=\"1\"><span style=\"font-weight: 400;\">Protection maximale de votre couleur<\/span><\/li>\n<li style=\"font-weight: 400;\" aria-level=\"1\"><span style=\"font-weight: 400;\">Entretien professionnel \u00e0 la maison<\/span><\/li>\n<\/ul>\n<h3><b>Complexe avanc\u00e9 de protection thermique<\/b><\/h3>\n<p><b>Technologie film thermo-protecteur<\/b><span style=\"font-weight: 400;\"> Les ingr\u00e9dients anti-\u00e2ge cr\u00e9ent un film ultra-fin qui :<\/span><\/p>\n<ul>\n<li style=\"font-weight: 400;\" aria-level=\"1\"><span style=\"font-weight: 400;\">Prot\u00e8ge des outils chauffants<\/span><\/li>\n<li style=\"font-weight: 400;\" aria-level=\"1\"><span style=\"font-weight: 400;\">Conserve l\u2019hydratation et les nutriments<\/span><\/li>\n<li style=\"font-weight: 400;\" aria-level=\"1\"><span style=\"font-weight: 400;\">Pr\u00e9serve la flexibilit\u00e9 et \u00e9vite la s\u00e9cheresse<\/span><\/li>\n<li style=\"font-weight: 400;\" aria-level=\"1\"><span style=\"font-weight: 400;\">Assure un coiffage souple en toute s\u00e9curit\u00e9<\/span><\/li>\n<\/ul>\n<p><b>Bouclier environnemental<\/b><span style=\"font-weight: 400;\"> D\u00e9fense compl\u00e8te contre :<\/span><\/p>\n<ul>\n<li style=\"font-weight: 400;\" aria-level=\"1\"><span style=\"font-weight: 400;\">Rayons UV et agressions solaires<\/span><\/li>\n<li style=\"font-weight: 400;\" aria-level=\"1\"><span style=\"font-weight: 400;\">Radicaux libres et stress oxydatif<\/span><\/li>\n<li style=\"font-weight: 400;\" aria-level=\"1\"><span style=\"font-weight: 400;\">Pollution quotidienne<\/span><\/li>\n<li style=\"font-weight: 400;\" aria-level=\"1\"><span style=\"font-weight: 400;\">Usure m\u00e9canique\/coiffage quotidien<\/span><\/li>\n<\/ul>\n<h3><b>Reconstruction prot\u00e9ique anti-\u00e2ge<\/b><\/h3>\n<p><b>K\u00e9ratine hydrolys\u00e9e<\/b><span style=\"font-weight: 400;\"> Renforce la structure vieillissante avec force et r\u00e9silience.<\/span><br \/>\n<b>Prot\u00e9ine de bl\u00e9 hydrolys\u00e9e<\/b><span style=\"font-weight: 400;\"> Renouveau souplesse et ressort jeunes, sans alourdir.<\/span><br \/>\n<b>Prot\u00e9ine v\u00e9g\u00e9tale hydrolys\u00e9e<\/b><span style=\"font-weight: 400;\"> Complexe anti-\u00e2ge v\u00e9g\u00e9tal qui vitalise et embellit la texture.<\/span><br \/>\n<b>Prot\u00e9ine de soja<\/b><span style=\"font-weight: 400;\"> Profil complet d\u2019acides amin\u00e9s pour fortifier les cheveux matures.<\/span><\/p>\n<h3><b>Complexe marin anti-\u00e2ge<\/b><\/h3>\n<p><b>Extrait d\u2019algue rouge irlandaise<\/b><span style=\"font-weight: 400;\"> Super-nutriment marin apportant :<\/span><\/p>\n<ul>\n<li style=\"font-weight: 400;\" aria-level=\"1\"><span style=\"font-weight: 400;\">Min\u00e9raux essentiels \u00e0 la sant\u00e9 capillaire<\/span><\/li>\n<li style=\"font-weight: 400;\" aria-level=\"1\"><span style=\"font-weight: 400;\">Protection antioxydante contre le vieillissement<\/span><\/li>\n<li style=\"font-weight: 400;\" aria-level=\"1\"><span style=\"font-weight: 400;\">Hydratation et nutrition profondes<\/span><\/li>\n<li style=\"font-weight: 400;\" aria-level=\"1\"><span style=\"font-weight: 400;\">Pouvoir anti-\u00e2ge naturel<\/span><\/li>\n<\/ul>\n<h3><b>Elements conditionnants luxe<\/b><\/h3>\n<p><b>Prot\u00e9ines de soie<\/b><span style=\"font-weight: 400;\"> Apportent douceur soyeuse et \u00e9clat jeunesse, en offrant :<\/span><\/p>\n<ul>\n<li style=\"font-weight: 400;\" aria-level=\"1\"><span style=\"font-weight: 400;\">Alignement parfait des cuticules pour effet miroir<\/span><\/li>\n<li style=\"font-weight: 400;\" aria-level=\"1\"><span style=\"font-weight: 400;\">Restauration de l\u2019\u00e9lasticit\u00e9<\/span><\/li>\n<li style=\"font-weight: 400;\" aria-level=\"1\"><span style=\"font-weight: 400;\">Conditionnement anti-\u00e2ge en profondeur<\/span><\/li>\n<li style=\"font-weight: 400;\" aria-level=\"1\"><span style=\"font-weight: 400;\">Texture premium renforc\u00e9e<\/span><\/li>\n<\/ul>\n<p><b>Huile de coco<\/b><span style=\"font-weight: 400;\"> Huile p\u00e9n\u00e9trante qui :<\/span><\/p>\n<ul>\n<li style=\"font-weight: 400;\" aria-level=\"1\"><span style=\"font-weight: 400;\">Pr\u00e9serve les prot\u00e9ines lors du lavage<\/span><\/li>\n<li style=\"font-weight: 400;\" aria-level=\"1\"><span style=\"font-weight: 400;\">Maintient l\u2019\u00e9quilibre jeunesse de l\u2019hydratation<\/span><\/li>\n<li style=\"font-weight: 400;\" aria-level=\"1\"><span style=\"font-weight: 400;\">Donne \u00e9clat tropical et vitalit\u00e9<\/span><\/li>\n<li style=\"font-weight: 400;\" aria-level=\"1\"><span style=\"font-weight: 400;\">Prot\u00e8ge du vieillissement environnemental<\/span><\/li>\n<\/ul>\n<h3><b>Complexe de vitamines anti-\u00e2ge cliniques<\/b><\/h3>\n<p><b>Vitamine B5 (panth\u00e9nol)<\/b><span style=\"font-weight: 400;\"> Hydratation longue dur\u00e9e et flexibilit\u00e9 retrouv\u00e9e.<\/span><br \/>\n<b>Vitamine E<\/b><span style=\"font-weight: 400;\"> Bouclier antioxydant contre vieillissement et radicaux libres.<\/span><br \/>\n<b>Vitamine C<\/b><span style=\"font-weight: 400;\"> Favorise une croissance saine et prot\u00e8ge l\u2019\u00e9clat couleur.<\/span><\/p>\n<h3><b>Syst\u00e8me nettoyant doux acide<\/b><\/h3>\n<p><b>Excellence pH \u00e9quilibr\u00e9<\/b><span style=\"font-weight: 400;\"> Nettoyage d\u00e9licat et respectueux :<\/span><\/p>\n<ul>\n<li style=\"font-weight: 400;\" aria-level=\"1\"><span style=\"font-weight: 400;\">Nettoie sans d\u00e9caper ni fragiliser<\/span><\/li>\n<li style=\"font-weight: 400;\" aria-level=\"1\"><span style=\"font-weight: 400;\">Scelle parfaitement la cuticule pour + de brillance<\/span><\/li>\n<li style=\"font-weight: 400;\" aria-level=\"1\"><span style=\"font-weight: 400;\">Favorise la r\u00e9tention des pigments colorants<\/span><\/li>\n<li style=\"font-weight: 400;\" aria-level=\"1\"><span style=\"font-weight: 400;\">Absorption et efficacit\u00e9 accrues des soins<\/span><\/li>\n<\/ul>\n<p><b>Nettoyage sans alourdissement<\/b><span style=\"font-weight: 400;\"> Formule qui permet :<\/span><\/p>\n<ul>\n<li style=\"font-weight: 400;\" aria-level=\"1\"><span style=\"font-weight: 400;\">Nettoyage parfait sans effet plat<\/span><\/li>\n<li style=\"font-weight: 400;\" aria-level=\"1\"><span style=\"font-weight: 400;\">Volume naturel pr\u00e9serv\u00e9<\/span><\/li>\n<li style=\"font-weight: 400;\" aria-level=\"1\"><span style=\"font-weight: 400;\">D\u00e9m\u00ealage facile et coiffage optimal<\/span><\/li>\n<li style=\"font-weight: 400;\" aria-level=\"1\"><span style=\"font-weight: 400;\">Toucher et aspect dignes du salon<\/span><\/li>\n<\/ul>\n<h3><b>B\u00e9n\u00e9fices anti-\u00e2ge au quotidien<\/b><\/h3>\n<p><b>Pr\u00e9vention des pointes fourchues<\/b><span style=\"font-weight: 400;\"> Prot\u00e8ge durablement contre l\u2019apparition des fourches et r\u00e9pare les anciennes.<\/span><br \/>\n<b>\u00c9limination statique<\/b><span style=\"font-weight: 400;\"> \u00c9vite l\u2019\u00e9lectricit\u00e9 statique pour une chevelure disciplin\u00e9e et pro.<\/span><br \/>\n<b>Fra\u00eecheur prolong\u00e9e<\/b><span style=\"font-weight: 400;\"> Cheveux propres plus longtemps, moins de lavages n\u00e9cessaires.<\/span><br \/>\n<b>Coiffage facile<\/b><span style=\"font-weight: 400;\"> Un d\u00e9m\u00ealage et un coiffage facilit\u00e9s au quotidien pour des cheveux jeunes et dociles.<\/span><\/p>\n<h3><b>Rajeunissement capillaire global<\/b><\/h3>\n<p><b>Technologie lissage des cuticules<\/b><span style=\"font-weight: 400;\"> Lisse la cuticule pour :<\/span><\/p>\n<ul>\n<li style=\"font-weight: 400;\" aria-level=\"1\"><span style=\"font-weight: 400;\">R\u00e9flexion lumineuse amplifi\u00e9e<\/span><\/li>\n<li style=\"font-weight: 400;\" aria-level=\"1\"><span style=\"font-weight: 400;\">Texture transform\u00e9e, toucher soyeux<\/span><\/li>\n<li style=\"font-weight: 400;\" aria-level=\"1\"><span style=\"font-weight: 400;\">Moins de casse\/friction<\/span><\/li>\n<li style=\"font-weight: 400;\" aria-level=\"1\"><span style=\"font-weight: 400;\">Aspect sain et rajeuni<\/span><\/li>\n<\/ul>\n<p><b>Redynamisation<\/b><span style=\"font-weight: 400;\"> Redonne \u00e9nergie \u00e0 la fibre color\u00e9e gr\u00e2ce \u00e0 :<\/span><\/p>\n<ul>\n<li style=\"font-weight: 400;\" aria-level=\"1\"><span style=\"font-weight: 400;\">Force et r\u00e9sistance renouvel\u00e9es<\/span><\/li>\n<li style=\"font-weight: 400;\" aria-level=\"1\"><span style=\"font-weight: 400;\">Souplesse et douceur entretenues<\/span><\/li>\n<li style=\"font-weight: 400;\" aria-level=\"1\"><span style=\"font-weight: 400;\">\u00c9clat naturel pr\u00e9serv\u00e9<\/span><\/li>\n<li style=\"font-weight: 400;\" aria-level=\"1\"><span style=\"font-weight: 400;\">Vitalit\u00e9 et mouvement jeunesse<\/span><\/li>\n<\/ul>\n<h3><b>Syst\u00e8me de protection antioxydant<\/b><\/h3>\n<p><b>Neutralisation des radicaux libres<\/b><span style=\"font-weight: 400;\"> Complexe puissant pour :<\/span><\/p>\n<ul>\n<li style=\"font-weight: 400;\" aria-level=\"1\"><span style=\"font-weight: 400;\">Pr\u00e9venir le vieillissement environnemental<\/span><\/li>\n<li style=\"font-weight: 400;\" aria-level=\"1\"><span style=\"font-weight: 400;\">Neutraliser les radicaux libres<\/span><\/li>\n<li style=\"font-weight: 400;\" aria-level=\"1\"><span style=\"font-weight: 400;\">Limiter la perte d\u2019\u00e9clat due \u00e0 l\u2019oxydation<\/span><\/li>\n<li style=\"font-weight: 400;\" aria-level=\"1\"><span style=\"font-weight: 400;\">B\u00e9n\u00e9fices anti-\u00e2ge \u00e0 long terme<\/span><\/li>\n<\/ul>\n<p><b>Effet r\u00e9parateur prolong\u00e9<\/b><span style=\"font-weight: 400;\"> Les actifs vitamin\u00e9s et prot\u00e9in\u00e9s agissent \u00e0 chaque lavage pour des b\u00e9n\u00e9fices durables.<\/span><\/p>\n<h3><b>Id\u00e9al pour<\/b><\/h3>\n<p><b>Cheveux color\u00e9s<\/b><span style=\"font-weight: 400;\"> Indispensable pour pr\u00e9server couleur et jeunesse.<\/span><br \/>\n<b>Cheveux trait\u00e9s chimiquement<\/b><span style=\"font-weight: 400;\"> Pour r\u00e9parer et redonner vie aux cheveux fragilis\u00e9s.<\/span><br \/>\n<b>Cheveux m\u00fbrs<\/b><span style=\"font-weight: 400;\"> Sp\u00e9cialement formul\u00e9 pour revitaliser la fibre mature.<\/span><br \/>\n<b>Soin quotidien anti-\u00e2ge<\/b><span style=\"font-weight: 400;\"> Pour tous ceux qui veulent des cheveux jeunes \u00e0 chaque lavage.<\/span><\/p>\n<h3><b>Pourquoi choisir le SHAMPOING TRAITANT ANTI-\u00c2GE PROTECTION COULEUR<\/b><\/h3>\n<p><b>Double action :<\/b><span style=\"font-weight: 400;\"> Traitement anti-\u00e2ge + protection couleur exceptionnelle <\/span><b>Niveau pro :<\/b><span style=\"font-weight: 400;\"> R\u00e9sultat digne du salon au quotidien <\/span><b>Formule douce :<\/b><span style=\"font-weight: 400;\"> pH acide pour le respect du cheveu <\/span><b>S\u00e9curit\u00e9 couleur :<\/b><span style=\"font-weight: 400;\"> Prot\u00e8ge vos investissements colorations <\/span><b>Soin complet :<\/b><span style=\"font-weight: 400;\"> Couvre tous les besoins du cheveu color\u00e9\/m\u00fbr <\/span><b>Luxe quotidien :<\/b><span style=\"font-weight: 400;\"> Soin anti-\u00e2ge \u00e0 chaque lavage<\/span><br \/>\n<b>Retrouvez la jeunesse de votre chevelure avec le SHAMPOING TRAITANT ANTI-\u00c2GE PROTECTION COULEUR \u2013 quand la science rencontre la beaut\u00e9 du cheveu color\u00e9.<\/b><br \/>\n<i><span style=\"font-weight: 400;\">Shampoing anti-\u00e2ge avanc\u00e9 pour cheveux color\u00e9s. Compatible usage quotidien. Formule douce \u00e0 pH acide pour lavage fr\u00e9quent et protection globale anti-\u00e2ge\/couleur.<\/span><\/i><\/p>\n","protected":false},"excerpt":{"rendered":"<div class=\"prose text-pretty dark:prose-invert inline leading-relaxed break-words min-w-0 [word-break:break-word] prose-strong:font-medium\">\n<p class=\"my-2 [&amp;+p]:mt-4 [&amp;_strong:has(+br)]:inline-block [&amp;_strong:has(+br)]:pb-2\">RAJEUNISSEMENT CELLULAIRE<\/p>\n<\/div>\n","protected":false},"featured_media":32540,"comment_status":"open","ping_status":"closed","template":"","meta":{"_glsr_average":0,"_glsr_ranking":0,"_glsr_reviews":0},"product_brand":[890],"product_cat":[614],"product_tag":[],"class_list":{"0":"post-32653","1":"product","2":"type-product","3":"status-publish","4":"has-post-thumbnail","6":"product_brand-dr-sorbie","7":"product_cat-shampooing","8":"_wholesalex wsx-wholesalex-product","10":"first","11":"instock","12":"taxable","13":"shipping-taxable","14":"purchasable","15":"product-type-simple"},"jetpack_sharing_enabled":true,"_links":{"self":[{"href":"https:\/\/naturalook.shop\/fr\/wp-json\/wp\/v2\/product\/32653","targetHints":{"allow":["GET"]}}],"collection":[{"href":"https:\/\/naturalook.shop\/fr\/wp-json\/wp\/v2\/product"}],"about":[{"href":"https:\/\/naturalook.shop\/fr\/wp-json\/wp\/v2\/types\/product"}],"replies":[{"embeddable":true,"href":"https:\/\/naturalook.shop\/fr\/wp-json\/wp\/v2\/comments?post=32653"}],"version-history":[{"count":1,"href":"https:\/\/naturalook.shop\/fr\/wp-json\/wp\/v2\/product\/32653\/revisions"}],"predecessor-version":[{"id":33575,"href":"https:\/\/naturalook.shop\/fr\/wp-json\/wp\/v2\/product\/32653\/revisions\/33575"}],"wp:featuredmedia":[{"embeddable":true,"href":"https:\/\/naturalook.shop\/fr\/wp-json\/wp\/v2\/media\/32540"}],"wp:attachment":[{"href":"https:\/\/naturalook.shop\/fr\/wp-json\/wp\/v2\/media?parent=32653"}],"wp:term":[{"taxonomy":"product_brand","embeddable":true,"href":"https:\/\/naturalook.shop\/fr\/wp-json\/wp\/v2\/product_brand?post=32653"},{"taxonomy":"product_cat","embeddable":true,"href":"https:\/\/naturalook.shop\/fr\/wp-json\/wp\/v2\/product_cat?post=32653"},{"taxonomy":"product_tag","embeddable":true,"href":"https:\/\/naturalook.shop\/fr\/wp-json\/wp\/v2\/product_tag?post=32653"}],"curies":[{"name":"wp","href":"https:\/\/api.w.org\/{rel}","templated":true}]}}