{"id":32654,"date":"2025-09-08T11:42:00","date_gmt":"2025-09-08T15:42:00","guid":{"rendered":"https:\/\/naturalook.shop\/?post_type=product&#038;p=32654"},"modified":"2026-02-16T16:41:45","modified_gmt":"2026-02-16T21:41:45","slug":"dr-sorbie-masque-volume-therapie-250ml","status":"publish","type":"product","link":"https:\/\/naturalook.shop\/fr\/produit\/dr-sorbie-masque-volume-therapie-250ml\/","title":{"rendered":"DR.SORBIE &#8211; MASQUE VOLUME TH\u00c9RAPIE &#8211; 250ml"},"content":{"rendered":"<h2><b>Soin volumisant th\u00e9rapeutique pour cheveux fins &amp; fragilis\u00e9s<\/b><\/h2>\n<p><span style=\"font-weight: 400;\">Transformez les cheveux fins et sans vie en une chevelure pleine, volumineuse et luxueuse avec le MASQUE VOLUME TH\u00c9RAPIE de Dr. Sorbie. Ce soin r\u00e9volutionnaire cible sp\u00e9cifiquement les cheveux affin\u00e9s ou fragiles, offrant un \u00e9paississement visible et un volume longue dur\u00e9e r\u00e9sistant \u00e0 l\u2019humidit\u00e9 et \u00e0 la gravit\u00e9.<\/span><\/p>\n<h3><b>Technologie avanc\u00e9e volume<\/b><\/h3>\n<p><b>Syst\u00e8me \u00e9paississant visible<\/b><span style=\"font-weight: 400;\"> Formule r\u00e9volutionnaire qui \u00e9paissit la fibre de la racine \u00e0 la pointe :<\/span><\/p>\n<ul>\n<li style=\"font-weight: 400;\" aria-level=\"1\"><span style=\"font-weight: 400;\">Volume spectaculaire de la racine aux pointes<\/span><\/li>\n<li style=\"font-weight: 400;\" aria-level=\"1\"><span style=\"font-weight: 400;\">Corps substantiel sans effet lourd<\/span><\/li>\n<li style=\"font-weight: 400;\" aria-level=\"1\"><span style=\"font-weight: 400;\">Volume durable m\u00eame par forte humidit\u00e9<\/span><\/li>\n<li style=\"font-weight: 400;\" aria-level=\"1\"><span style=\"font-weight: 400;\">R\u00e9sultat salon apr\u00e8s chaque application<\/span><\/li>\n<\/ul>\n<p><b>Volumisation structurelle profonde<\/b><span style=\"font-weight: 400;\"> Formule \u00e9quilibr\u00e9e qui p\u00e9n\u00e8tre au c\u0153ur de la fibre pour :<\/span><\/p>\n<ul>\n<li style=\"font-weight: 400;\" aria-level=\"1\"><span style=\"font-weight: 400;\">Nourrir et fortifier intens\u00e9ment chaque cheveu<\/span><\/li>\n<li style=\"font-weight: 400;\" aria-level=\"1\"><span style=\"font-weight: 400;\">Cr\u00e9er du volume interne par la reconstruction prot\u00e9ique<\/span><\/li>\n<li style=\"font-weight: 400;\" aria-level=\"1\"><span style=\"font-weight: 400;\">Apporter une \u00e9paisseur durable gr\u00e2ce \u00e0 l&#8217;am\u00e9lioration cellulaire<\/span><\/li>\n<li style=\"font-weight: 400;\" aria-level=\"1\"><span style=\"font-weight: 400;\">Des effets r\u00e9parateurs volumisants longue dur\u00e9e<\/span><\/li>\n<\/ul>\n<h3><b>Reconstruction th\u00e9rapeutique fibre &amp; cuir chevelu<\/b><\/h3>\n<p><b>Tonique stimulant du cuir chevelu<\/b><span style=\"font-weight: 400;\"> Effet tonique unique procurant :<\/span><\/p>\n<ul>\n<li style=\"font-weight: 400;\" aria-level=\"1\"><span style=\"font-weight: 400;\">Stimulation de la croissance saine<\/span><\/li>\n<li style=\"font-weight: 400;\" aria-level=\"1\"><span style=\"font-weight: 400;\">Circulation am\u00e9lior\u00e9e pour nourrir les follicules<\/span><\/li>\n<li style=\"font-weight: 400;\" aria-level=\"1\"><span style=\"font-weight: 400;\">Traitement doux et non irritant<\/span><\/li>\n<li style=\"font-weight: 400;\" aria-level=\"1\"><span style=\"font-weight: 400;\">Application optionnelle en racines pour une th\u00e9rapie intensive<\/span><\/li>\n<\/ul>\n<p><b>Complexe reconstruction triglyc\u00e9rides &amp; prot\u00e9ines<\/b><span style=\"font-weight: 400;\"> Reconstruction avanc\u00e9e qui :<\/span><\/p>\n<ul>\n<li style=\"font-weight: 400;\" aria-level=\"1\"><span style=\"font-weight: 400;\">Reconstruit les structures fragiles et ab\u00eem\u00e9es<\/span><\/li>\n<li style=\"font-weight: 400;\" aria-level=\"1\"><span style=\"font-weight: 400;\">Apporte \u00e9nergie et vitalit\u00e9 \u00e0 la fibre<\/span><\/li>\n<li style=\"font-weight: 400;\" aria-level=\"1\"><span style=\"font-weight: 400;\">Renforce l\u2019\u00e9lasticit\u00e9 et la fermet\u00e9<\/span><\/li>\n<li style=\"font-weight: 400;\" aria-level=\"1\"><span style=\"font-weight: 400;\">Donne un volume brillant, \u00e9clatant<\/span><\/li>\n<\/ul>\n<h3><b>Technologie protection chaleur &amp; hydratation<\/b><\/h3>\n<p><b>Film thermo-protecteur<\/b><span style=\"font-weight: 400;\"> Substances bioactives cr\u00e9ant un film ultra-fin qui :<\/span><\/p>\n<ul>\n<li style=\"font-weight: 400;\" aria-level=\"1\"><span style=\"font-weight: 400;\">Prot\u00e8ge des outils chauffants tout en volumisant<\/span><\/li>\n<li style=\"font-weight: 400;\" aria-level=\"1\"><span style=\"font-weight: 400;\">Maintient l\u2019hydratation optimale<\/span><\/li>\n<li style=\"font-weight: 400;\" aria-level=\"1\"><span style=\"font-weight: 400;\">Conserve les nutriments essentiels au c\u0153ur de la fibre<\/span><\/li>\n<li style=\"font-weight: 400;\" aria-level=\"1\"><span style=\"font-weight: 400;\">Effets protecteurs &amp; volumisants sur la dur\u00e9e<\/span><\/li>\n<\/ul>\n<p><b>Volume r\u00e9sistant \u00e0 l\u2019humidit\u00e9<\/b><span style=\"font-weight: 400;\"> Formule permettant :<\/span><\/p>\n<ul>\n<li style=\"font-weight: 400;\" aria-level=\"1\"><span style=\"font-weight: 400;\">Volume assur\u00e9 m\u00eame en m\u00e9t\u00e9o difficile<\/span><\/li>\n<li style=\"font-weight: 400;\" aria-level=\"1\"><span style=\"font-weight: 400;\">Corps longue dur\u00e9e, toute la journ\u00e9e<\/span><\/li>\n<li style=\"font-weight: 400;\" aria-level=\"1\"><span style=\"font-weight: 400;\">Volume sans frisotti<\/span><\/li>\n<li style=\"font-weight: 400;\" aria-level=\"1\"><span style=\"font-weight: 400;\">R\u00e9sultat professionnel par tous temps<\/span><\/li>\n<\/ul>\n<h3><b>Complexe multi-prot\u00e9ines volumisant<\/b><\/h3>\n<p><b>Prot\u00e9ine de bl\u00e9 hydrolys\u00e9e<\/b><span style=\"font-weight: 400;\"> Prot\u00e9ine l\u00e9g\u00e8re qui :<\/span><\/p>\n<ul>\n<li style=\"font-weight: 400;\" aria-level=\"1\"><span style=\"font-weight: 400;\">Am\u00e8ne du corps sans alourdir<\/span><\/li>\n<li style=\"font-weight: 400;\" aria-level=\"1\"><span style=\"font-weight: 400;\">Fortifie les fibres fines<\/span><\/li>\n<li style=\"font-weight: 400;\" aria-level=\"1\"><span style=\"font-weight: 400;\">Am\u00e9liore texture et maniabilit\u00e9<\/span><\/li>\n<li style=\"font-weight: 400;\" aria-level=\"1\"><span style=\"font-weight: 400;\">Volume naturel et durable<\/span><\/li>\n<\/ul>\n<p><b>Prot\u00e9ine de soja hydrolys\u00e9e<\/b><span style=\"font-weight: 400;\"> Prot\u00e9ine v\u00e9g\u00e9tale volumisante qui :<\/span><\/p>\n<ul>\n<li style=\"font-weight: 400;\" aria-level=\"1\"><span style=\"font-weight: 400;\">Apporte de l\u2019\u00e9paisseur via ses prot\u00e9ines naturelles<\/span><\/li>\n<li style=\"font-weight: 400;\" aria-level=\"1\"><span style=\"font-weight: 400;\">Renforce souplesse et structure<\/span><\/li>\n<li style=\"font-weight: 400;\" aria-level=\"1\"><span style=\"font-weight: 400;\">Volume et mati\u00e8re longue dur\u00e9e<\/span><\/li>\n<li style=\"font-weight: 400;\" aria-level=\"1\"><span style=\"font-weight: 400;\">Pleinement efficace sur la dur\u00e9e<\/span><\/li>\n<\/ul>\n<p><b>Reconstruction k\u00e9ratine<\/b><span style=\"font-weight: 400;\"> K\u00e9ratine grade professionnel qui :<\/span><\/p>\n<ul>\n<li style=\"font-weight: 400;\" aria-level=\"1\"><span style=\"font-weight: 400;\">Reconstruit et fortifie la structure affin\u00e9e<\/span><\/li>\n<li style=\"font-weight: 400;\" aria-level=\"1\"><span style=\"font-weight: 400;\">Apporte force et r\u00e9silience aux fibres faibles<\/span><\/li>\n<li style=\"font-weight: 400;\" aria-level=\"1\"><span style=\"font-weight: 400;\">Base essentielle d\u2019un volume durable<\/span><\/li>\n<li style=\"font-weight: 400;\" aria-level=\"1\"><span style=\"font-weight: 400;\">Optimise aspect et qualit\u00e9 g\u00e9n\u00e9rale<\/span><\/li>\n<\/ul>\n<h3><b>Volume boost marin<\/b><\/h3>\n<p><b>Extrait d\u2019algue rouge irlandaise<\/b><span style=\"font-weight: 400;\"> Booster marin offrant :<\/span><\/p>\n<ul>\n<li style=\"font-weight: 400;\" aria-level=\"1\"><span style=\"font-weight: 400;\">Min\u00e9raux essentiels pour la densit\u00e9<\/span><\/li>\n<li style=\"font-weight: 400;\" aria-level=\"1\"><span style=\"font-weight: 400;\">Propri\u00e9t\u00e9s volumisantes naturelles<\/span><\/li>\n<li style=\"font-weight: 400;\" aria-level=\"1\"><span style=\"font-weight: 400;\">Nourriture intense de la fibre affin\u00e9e<\/span><\/li>\n<li style=\"font-weight: 400;\" aria-level=\"1\"><span style=\"font-weight: 400;\">Protection antioxydante sp\u00e9cifique cheveux fins<\/span><\/li>\n<\/ul>\n<h3><b>\u00c9l\u00e9ments volumisants luxe<\/b><\/h3>\n<p><b>Prot\u00e9ines de soie<\/b><span style=\"font-weight: 400;\"> Agents conditioners premium pour :<\/span><\/p>\n<ul>\n<li style=\"font-weight: 400;\" aria-level=\"1\"><span style=\"font-weight: 400;\">Corps ajouter sans alourdissement<\/span><\/li>\n<li style=\"font-weight: 400;\" aria-level=\"1\"><span style=\"font-weight: 400;\">Texture voluptueuse et lisse<\/span><\/li>\n<li style=\"font-weight: 400;\" aria-level=\"1\"><span style=\"font-weight: 400;\">Brillance et mouvement naturels<\/span><\/li>\n<li style=\"font-weight: 400;\" aria-level=\"1\"><span style=\"font-weight: 400;\">Volume a\u00e9rien et soyeux<\/span><\/li>\n<\/ul>\n<p><b>Huile de coco<\/b><span style=\"font-weight: 400;\"> Huile volumisante strat\u00e9gique :<\/span><\/p>\n<ul>\n<li style=\"font-weight: 400;\" aria-level=\"1\"><span style=\"font-weight: 400;\">Nourrit sans alourdir les cheveux fins<\/span><\/li>\n<li style=\"font-weight: 400;\" aria-level=\"1\"><span style=\"font-weight: 400;\">Donne du corps et du mouvement naturel<\/span><\/li>\n<li style=\"font-weight: 400;\" aria-level=\"1\"><span style=\"font-weight: 400;\">Prot\u00e8ge des facteurs appauvrissants du volume<\/span><\/li>\n<li style=\"font-weight: 400;\" aria-level=\"1\"><span style=\"font-weight: 400;\">Pr\u00e9serve la sant\u00e9 pendant la volumisation<\/span><\/li>\n<\/ul>\n<h3><b>Vitamines volume th\u00e9rapeutique<\/b><\/h3>\n<p><b>Vitamine B5 (Panth\u00e9nol)<\/b><span style=\"font-weight: 400;\"> Indispensable \u00e0 la cr\u00e9ation de volume via :<\/span><\/p>\n<ul>\n<li style=\"font-weight: 400;\" aria-level=\"1\"><span style=\"font-weight: 400;\">Hydratation profonde pour corps et pl\u00e9nitude<\/span><\/li>\n<li style=\"font-weight: 400;\" aria-level=\"1\"><span style=\"font-weight: 400;\">Souplesse et ressort am\u00e9lior\u00e9s<\/span><\/li>\n<li style=\"font-weight: 400;\" aria-level=\"1\"><span style=\"font-weight: 400;\">Texture et densit\u00e9 naturellement accrues<\/span><\/li>\n<li style=\"font-weight: 400;\" aria-level=\"1\"><span style=\"font-weight: 400;\">Brillance naturelle sublim\u00e9e<\/span><\/li>\n<\/ul>\n<p><b>Vitamine E<\/b><span style=\"font-weight: 400;\"> Protection antioxydante qui :<\/span><\/p>\n<ul>\n<li style=\"font-weight: 400;\" aria-level=\"1\"><span style=\"font-weight: 400;\">Maintient l\u2019efficacit\u00e9 des actifs volumisants<\/span><\/li>\n<li style=\"font-weight: 400;\" aria-level=\"1\"><span style=\"font-weight: 400;\">Prot\u00e8ge les cheveux fins des agressions ext\u00e9rieures<\/span><\/li>\n<li style=\"font-weight: 400;\" aria-level=\"1\"><span style=\"font-weight: 400;\">Stimule la densit\u00e9 via la croissance saine<\/span><\/li>\n<li style=\"font-weight: 400;\" aria-level=\"1\"><span style=\"font-weight: 400;\">Lutte contre l\u2019affinement oxydatif<\/span><\/li>\n<\/ul>\n<p><b>Vitamine C<\/b><span style=\"font-weight: 400;\"> Participe au volume via :<\/span><\/p>\n<ul>\n<li style=\"font-weight: 400;\" aria-level=\"1\"><span style=\"font-weight: 400;\">Soutien du collag\u00e8ne essentiel \u00e0 la structure<\/span><\/li>\n<li style=\"font-weight: 400;\" aria-level=\"1\"><span style=\"font-weight: 400;\">Protection contre tout facteur de perte de volume<\/span><\/li>\n<li style=\"font-weight: 400;\" aria-level=\"1\"><span style=\"font-weight: 400;\">Absorption des nutriments accrue<\/span><\/li>\n<li style=\"font-weight: 400;\" aria-level=\"1\"><span style=\"font-weight: 400;\">Meilleure sant\u00e9 et apparence g\u00e9n\u00e9rale<\/span><\/li>\n<\/ul>\n<h3><b>B\u00e9n\u00e9fices d\u2019application avanc\u00e9s<\/b><\/h3>\n<p><b>\u00c9limination statique<\/b><span style=\"font-weight: 400;\"> R\u00e9duit l\u2019\u00e9lectricit\u00e9 pour :<\/span><\/p>\n<ul>\n<li style=\"font-weight: 400;\" aria-level=\"1\"><span style=\"font-weight: 400;\">Cheveux volumineux et disciplin\u00e9s<\/span><\/li>\n<li style=\"font-weight: 400;\" aria-level=\"1\"><span style=\"font-weight: 400;\">Coiffage facilit\u00e9 pro<\/span><\/li>\n<li style=\"font-weight: 400;\" aria-level=\"1\"><span style=\"font-weight: 400;\">Volume amplifi\u00e9 sans m\u00e8ches rebelles<\/span><\/li>\n<li style=\"font-weight: 400;\" aria-level=\"1\"><span style=\"font-weight: 400;\">Texture et mouvement naturels<\/span><\/li>\n<\/ul>\n<p><b>Effet a\u00e9rien sans surcharge<\/b><span style=\"font-weight: 400;\"> Formule innovante pour :<\/span><\/p>\n<ul>\n<li style=\"font-weight: 400;\" aria-level=\"1\"><span style=\"font-weight: 400;\">Volume maximal sans lourdeur<\/span><\/li>\n<li style=\"font-weight: 400;\" aria-level=\"1\"><span style=\"font-weight: 400;\">Pl\u00e9nitude et corps sans effet fig\u00e9<\/span><\/li>\n<li style=\"font-weight: 400;\" aria-level=\"1\"><span style=\"font-weight: 400;\">Conservation du ressort et du mouvement<\/span><\/li>\n<li style=\"font-weight: 400;\" aria-level=\"1\"><span style=\"font-weight: 400;\">Texture professionnelle et naturelle<\/span><\/li>\n<\/ul>\n<h3><b>B\u00e2tisseur de volume cumulatif<\/b><\/h3>\n<p><b>Effet progressif<\/b><span style=\"font-weight: 400;\"> B\u00e9n\u00e9fices croissants \u00e0 chaque utilisation :<\/span><\/p>\n<ul>\n<li style=\"font-weight: 400;\" aria-level=\"1\"><span style=\"font-weight: 400;\">Plus de volume au fil des applications<\/span><\/li>\n<li style=\"font-weight: 400;\" aria-level=\"1\"><span style=\"font-weight: 400;\">Fibre fortifi\u00e9e pour densit\u00e9 durable<\/span><\/li>\n<li style=\"font-weight: 400;\" aria-level=\"1\"><span style=\"font-weight: 400;\">Qualit\u00e9 et \u00e9paisseur capillaire accrues<\/span><\/li>\n<li style=\"font-weight: 400;\" aria-level=\"1\"><span style=\"font-weight: 400;\">Volume entretenu entre les soins<\/span><\/li>\n<\/ul>\n<p><b>Protocole application simple<\/b><\/p>\n<ul>\n<li style=\"font-weight: 400;\" aria-level=\"1\"><span style=\"font-weight: 400;\">Se rince facilement \u00e0 l\u2019eau ti\u00e8de<\/span><\/li>\n<li style=\"font-weight: 400;\" aria-level=\"1\"><span style=\"font-weight: 400;\">D\u00e9m\u00ealage et coiffage sans effort<\/span><\/li>\n<li style=\"font-weight: 400;\" aria-level=\"1\"><span style=\"font-weight: 400;\">Jusqu\u2019\u00e0 plusieurs utilisations par semaine<\/span><\/li>\n<li style=\"font-weight: 400;\" aria-level=\"1\"><span style=\"font-weight: 400;\">Convient pour une cure volumisante r\u00e9guli\u00e8re<\/span><\/li>\n<\/ul>\n<h3><b>Technologie volume UV<\/b><\/h3>\n<p><b>Protection couleur &amp; volume<\/b><span style=\"font-weight: 400;\"> Facteur UV int\u00e9gr\u00e9 :<\/span><\/p>\n<ul>\n<li style=\"font-weight: 400;\" aria-level=\"1\"><span style=\"font-weight: 400;\">\u00c9vite la d\u00e9coloration li\u00e9e au soleil<\/span><\/li>\n<li style=\"font-weight: 400;\" aria-level=\"1\"><span style=\"font-weight: 400;\">Prot\u00e8ge les actifs volumisants<\/span><\/li>\n<li style=\"font-weight: 400;\" aria-level=\"1\"><span style=\"font-weight: 400;\">Limite les d\u00e9g\u00e2ts solaires sur le volume<\/span><\/li>\n<li style=\"font-weight: 400;\" aria-level=\"1\"><span style=\"font-weight: 400;\">Prolonge l\u2019efficacit\u00e9 des traitements<\/span><\/li>\n<\/ul>\n<h3><b>R\u00e9cup\u00e9ration cibl\u00e9e des dommages<\/b><\/h3>\n<p><b>R\u00e9paration apr\u00e8s coiffage thermique<\/b><span style=\"font-weight: 400;\"> Id\u00e9al contre les d\u00e9g\u00e2ts de :<\/span><\/p>\n<ul>\n<li style=\"font-weight: 400;\" aria-level=\"1\"><span style=\"font-weight: 400;\">Brushing et chaleur excessive<\/span><\/li>\n<li style=\"font-weight: 400;\" aria-level=\"1\"><span style=\"font-weight: 400;\">Appareils chauffants amincissant la tige<\/span><\/li>\n<li style=\"font-weight: 400;\" aria-level=\"1\"><span style=\"font-weight: 400;\">Coiffages r\u00e9p\u00e9titifs qui affinent la fibre<\/span><\/li>\n<li style=\"font-weight: 400;\" aria-level=\"1\"><span style=\"font-weight: 400;\">Dommages thermiques n\u00e9cessitant r\u00e9paration<\/span><\/li>\n<\/ul>\n<p><b>R\u00e9cup\u00e9ration apr\u00e8s traitements chimiques<\/b><span style=\"font-weight: 400;\"> Id\u00e9al pour cheveux affaiblis par :<\/span><\/p>\n<ul>\n<li style=\"font-weight: 400;\" aria-level=\"1\"><span style=\"font-weight: 400;\">Colorations, m\u00e8ches \u00e0 r\u00e9p\u00e9tition<\/span><\/li>\n<li style=\"font-weight: 400;\" aria-level=\"1\"><span style=\"font-weight: 400;\">Techniques chimiques appauvrissantes<\/span><\/li>\n<li style=\"font-weight: 400;\" aria-level=\"1\"><span style=\"font-weight: 400;\">Domages n\u00e9cessitant un retour du volume<\/span><\/li>\n<li style=\"font-weight: 400;\" aria-level=\"1\"><span style=\"font-weight: 400;\">Entretien couleur + \u00e9paisseur retrouv\u00e9e<\/span><\/li>\n<\/ul>\n<h3><b>Pourquoi choisir MASQUE VOLUME TH\u00c9RAPIE<\/b><\/h3>\n<p><b>R\u00e9sultats visibles :<\/b><span style=\"font-weight: 400;\"> \u00c9paississement spectaculaire et volume retrouv\u00e9 <\/span><b>Grade th\u00e9rapeutique :<\/b><span style=\"font-weight: 400;\"> Reconstruction professionnelle du volume <\/span><b>R\u00e9sistance \u00e0 l\u2019humidit\u00e9 :<\/b><span style=\"font-weight: 400;\"> Volume durable en toutes circonstances <\/span><b>Multi-usages :<\/b><span style=\"font-weight: 400;\"> Application possible sur la fibre et en racines <\/span><b>Effet cumulatif :<\/b><span style=\"font-weight: 400;\"> Plus de r\u00e9sultats \u00e0 chaque utilisation <\/span><b>Protection chaleur :<\/b><span style=\"font-weight: 400;\"> Volume et d\u00e9fense face aux outils chauffants<\/span><br \/>\n<b>D\u00e9couvrez la transformation \u2013 du fin au volume luxueux \u2013 avec MASQUE VOLUME TH\u00c9RAPIE : l\u00e0 o\u00f9 la science rencontre la densit\u00e9 spectaculaire.<\/b><br \/>\n<i><span style=\"font-weight: 400;\">Masque volume th\u00e9rapeutique pour cheveux fins ou affin\u00e9s. Utilisable plusieurs fois par semaine. Application possible sur le cuir chevelu pour th\u00e9rapie intensive. Effet cumulatif \u00e0 chaque application.<\/span><\/i><\/p>\n","protected":false},"excerpt":{"rendered":"<div class=\"prose text-pretty dark:prose-invert inline leading-relaxed break-words min-w-0 [word-break:break-word] prose-strong:font-medium\">\n<p class=\"my-2 [&amp;+p]:mt-4 [&amp;_strong:has(+br)]:inline-block [&amp;_strong:has(+br)]:pb-2\">SYST\u00c8ME \u00c9PAISSISSANT CAPILLAIRE VISIBLE<\/p>\n<\/div>\n","protected":false},"featured_media":32535,"comment_status":"open","ping_status":"closed","template":"","meta":{"_glsr_average":0,"_glsr_ranking":0,"_glsr_reviews":0},"product_brand":[890],"product_cat":[613],"product_tag":[],"class_list":{"0":"post-32654","1":"product","2":"type-product","3":"status-publish","4":"has-post-thumbnail","6":"product_brand-dr-sorbie","7":"product_cat-masque","8":"_wholesalex wsx-wholesalex-product","10":"first","11":"instock","12":"taxable","13":"shipping-taxable","14":"purchasable","15":"product-type-simple"},"jetpack_sharing_enabled":true,"_links":{"self":[{"href":"https:\/\/naturalook.shop\/fr\/wp-json\/wp\/v2\/product\/32654","targetHints":{"allow":["GET"]}}],"collection":[{"href":"https:\/\/naturalook.shop\/fr\/wp-json\/wp\/v2\/product"}],"about":[{"href":"https:\/\/naturalook.shop\/fr\/wp-json\/wp\/v2\/types\/product"}],"replies":[{"embeddable":true,"href":"https:\/\/naturalook.shop\/fr\/wp-json\/wp\/v2\/comments?post=32654"}],"version-history":[{"count":1,"href":"https:\/\/naturalook.shop\/fr\/wp-json\/wp\/v2\/product\/32654\/revisions"}],"predecessor-version":[{"id":33577,"href":"https:\/\/naturalook.shop\/fr\/wp-json\/wp\/v2\/product\/32654\/revisions\/33577"}],"wp:featuredmedia":[{"embeddable":true,"href":"https:\/\/naturalook.shop\/fr\/wp-json\/wp\/v2\/media\/32535"}],"wp:attachment":[{"href":"https:\/\/naturalook.shop\/fr\/wp-json\/wp\/v2\/media?parent=32654"}],"wp:term":[{"taxonomy":"product_brand","embeddable":true,"href":"https:\/\/naturalook.shop\/fr\/wp-json\/wp\/v2\/product_brand?post=32654"},{"taxonomy":"product_cat","embeddable":true,"href":"https:\/\/naturalook.shop\/fr\/wp-json\/wp\/v2\/product_cat?post=32654"},{"taxonomy":"product_tag","embeddable":true,"href":"https:\/\/naturalook.shop\/fr\/wp-json\/wp\/v2\/product_tag?post=32654"}],"curies":[{"name":"wp","href":"https:\/\/api.w.org\/{rel}","templated":true}]}}