{"id":32660,"date":"2025-10-22T11:36:08","date_gmt":"2025-10-22T15:36:08","guid":{"rendered":"https:\/\/naturalook.shop\/?post_type=product&#038;p=32660"},"modified":"2026-02-16T16:41:34","modified_gmt":"2026-02-16T21:41:34","slug":"dr-sorbie-shampoing-apaisant-cuir-chevelu-400ml","status":"publish","type":"product","link":"https:\/\/naturalook.shop\/fr\/produit\/dr-sorbie-shampoing-apaisant-cuir-chevelu-400ml\/","title":{"rendered":"DR.SORBIE &#8211; SHAMPOING APAISANT CUIR CHEVELU &#8211; 400ml"},"content":{"rendered":"<h2><b>Shampoing th\u00e9rapeutique pour cuir chevelu d\u00e9licat<\/b><\/h2>\n<p><span style=\"font-weight: 400;\">D\u00e9couvrez un soulagement r\u00e9volutionnaire pour les cuirs chevelus sensibles avec le SHAMPOING APAISANT CUIR CHEVELU DR. SORBIE, un soin th\u00e9rapeutique novateur qui offre un confort durable et un soin complet aux personnes sujettes \u00e0 l\u2019inconfort ou \u00e0 l\u2019irritation. Sa formule ultra-douce nettoie d\u00e9licatement et hydrate en profondeur, tout en restaurant la sant\u00e9 et la beaut\u00e9 du cheveu pour un soulagement durable des g\u00eanes et irritations.<\/span><\/p>\n<h3><b>Technologie avanc\u00e9e cuir chevelu sensible<\/b><\/h3>\n<p><b>Syst\u00e8me soulagement hypersensibilit\u00e9<\/b><span style=\"font-weight: 400;\"> : Formule sp\u00e9cifique destin\u00e9e \u00e0 :<\/span><\/p>\n<ul>\n<li>Prendre soin des \u00e9tats d\u00e9licats et sensibles du cuir chevelu<\/li>\n<li>Apporter un soulagement durable des g\u00eanes et irritations<\/li>\n<li>Traiter en douceur les r\u00e9actions hypersensibles<\/li>\n<li>Pr\u00e9venir les pouss\u00e9es de sensibilit\u00e9 et inconfort<\/li>\n<\/ul>\n<p><b>Complexe confort th\u00e9rapeutique<\/b><span style=\"font-weight: 400;\"> : Technologie sp\u00e9cialis\u00e9e qui :<\/span><\/p>\n<ul>\n<li>Apporte un apaisement imm\u00e9diat en cas d&#8217;irritation<\/li>\n<li>R\u00e9duit la sensibilit\u00e9 et les r\u00e9actions exacerb\u00e9es<\/li>\n<li>Calme l&#8217;inflammation, le stress et la tension du cuir chevelu<\/li>\n<li>Favorise la r\u00e9paration et l\u2019environnement optimal du cuir chevelu<\/li>\n<\/ul>\n<h3><b>Technologie avanc\u00e9e de lavage doux<\/b><\/h3>\n<p><b>Syst\u00e8me nettoyage ultra-doux<\/b><span style=\"font-weight: 400;\"> : Approche r\u00e9volutionnaire qui :<\/span><\/p>\n<ul>\n<li>Nettoie avec une extr\u00eame d\u00e9licatesse, sans agression ni irritation<\/li>\n<li>\u00c9limine impuret\u00e9s tout en pr\u00e9servant la barri\u00e8re protectrice<\/li>\n<li>Maintient une hydratation optimale et un pH respect\u00e9<\/li>\n<li>Convient aux \u00e9tats hypersensibles du cuir chevelu<\/li>\n<\/ul>\n<p><b>Protection barri\u00e8re cutan\u00e9e<\/b><span style=\"font-weight: 400;\"> : Technologie avanc\u00e9e qui :<\/span><\/p>\n<ul>\n<li>Pr\u00e9serve la barri\u00e8re naturelle du cuir chevelu<\/li>\n<li>\u00c9vite les r\u00e9actions de sensibilit\u00e9 et nouvelles irritations<\/li>\n<li>Maintient l\u2019\u00e9quilibre du microbiome du cuir chevelu<\/li>\n<li>Favorise les processus naturels de r\u00e9paration<\/li>\n<\/ul>\n<h3><b>Complexe hydratation &amp; nutrition profonde<\/b><\/h3>\n<p><b>Syst\u00e8me nutrition intense<\/b><span style=\"font-weight: 400;\"> : Technologie hydratante th\u00e9rapeutique qui :<\/span><\/p>\n<ul>\n<li>Hydrate en profondeur les cuirs chevelus secs ou sensibles<\/li>\n<li>Restaure les niveaux et l&#8217;\u00e9quilibre d&#8217;hydratation<\/li>\n<li>Pr\u00e9vient s\u00e9cheresse, desquamation et tiraillements<\/li>\n<li>Assure un confort durable et prolong\u00e9<\/li>\n<\/ul>\n<p><b>Renforcement nutrition du cuir chevelu<\/b><span style=\"font-weight: 400;\"> : Apport complet qui :<\/span><\/p>\n<ul>\n<li>Fournit les nutriments essentiels \u00e0 la restauration cutan\u00e9e<\/li>\n<li>Facilite la r\u00e9g\u00e9n\u00e9ration et la r\u00e9paration naturelle<\/li>\n<li>Renforce la r\u00e9silience et l\u2019int\u00e9grit\u00e9 de la barri\u00e8re<\/li>\n<li>Cr\u00e9e un environnement optimal \u00e0 la pousse saine<\/li>\n<\/ul>\n<h3><b>Complexe botanique apaisement &amp; r\u00e9paration<\/b><\/h3>\n<p><b>Jus d\u2019aloe vera<\/b><span style=\"font-weight: 400;\"> : Plante r\u00e9paratrice aux effets :<\/span><\/p>\n<ul>\n<li>Apaisement exceptionnel des irritations et g\u00eanes<\/li>\n<li>Hydratation profonde et conservation de la souplesse<\/li>\n<li>Actions anti-inflammatoires naturelles<\/li>\n<li>Vitamines et min\u00e9raux essentiels \u00e0 la cicatrisation<\/li>\n<li>Prot\u00e8ge des agressions environnementales<\/li>\n<\/ul>\n<p><b>Extrait de th\u00e9 vert (camellia sinensis)<\/b><span style=\"font-weight: 400;\"> : Puissant antioxydant qui :<\/span><\/p>\n<ul>\n<li>Prot\u00e8ge du stress oxydatif et des radicaux libres<\/li>\n<li>Effet anti-inflammatoire cibl\u00e9 pour cuir chevelu sensible<\/li>\n<li>Soulage rougeurs et sensations d\u2019inconfort<\/li>\n<li>Favorise la microcirculation r\u00e9paratrice<\/li>\n<li>Bouclier naturel contre l\u2019environnement<\/li>\n<\/ul>\n<p><b>Extrait de centella asiatica<\/b><span style=\"font-weight: 400;\"> : Plante r\u00e9paratrice qui offre :<\/span><\/p>\n<ul>\n<li>Efficacit\u00e9 anti-inflammatoire sup\u00e9rieure<\/li>\n<li>Acc\u00e9l\u00e9ration de la r\u00e9paration et de la cicatrisation<\/li>\n<li>Apaisement profond des sensitivit\u00e9s<\/li>\n<li>Fonction barri\u00e8re renforc\u00e9e<\/li>\n<li>Diminution globale de la sensibilit\u00e9<\/li>\n<\/ul>\n<p><b>Extrait de sauge (salvia officinalis)<\/b><span style=\"font-weight: 400;\"> : Plante m\u00e9dicinale traditionnelle :<\/span><\/p>\n<ul>\n<li>Protection antiseptique\/antimicrobienne<\/li>\n<li>D\u00e9toxication et purification du cuir chevelu<\/li>\n<li>Stimulation de la microcirculation<\/li>\n<li>Equilibre et tonus du cuir chevelu<\/li>\n<li>Apaisement profond des d\u00e9sagr\u00e9ments<\/li>\n<\/ul>\n<h3><b>Restauration compl\u00e8te sant\u00e9 &amp; beaut\u00e9 cheveux<\/b><\/h3>\n<p><b>Am\u00e9lioration vitalit\u00e9 capillaire<\/b><span style=\"font-weight: 400;\"> : Formule qui :<\/span><\/p>\n<ul>\n<li>Rend la fibre naturellement belle et saine<\/li>\n<li>Am\u00e9liore texture, douceur et maniabilit\u00e9<\/li>\n<li>Renforce brillance et \u00e9clat naturel<\/li>\n<li>Solidifie la structure du cheveu<\/li>\n<\/ul>\n<p><b>Bien-\u00eatre du cuir chevelu \u00e0 la pointe<\/b><span style=\"font-weight: 400;\"> : Soin global qui :<\/span><\/p>\n<ul>\n<li>Favorise la sant\u00e9 du cuir chevelu et de la fibre<\/li>\n<li>Rend le follicule plus robuste et fonctionnel<\/li>\n<li>Renforce r\u00e9sistance, \u00e9lasticit\u00e9, long\u00e9vit\u00e9<\/li>\n<li>Assure un entretien complet sur la dur\u00e9e<\/li>\n<\/ul>\n<h3><b>Protocole soin th\u00e9rapeutique<\/b><\/h3>\n<p><b>Application douce<\/b><span style=\"font-weight: 400;\"> : Mode d\u2019emploi optimal :<\/span><\/p>\n<ul>\n<li>Appliquer sur cheveux humides pour une distribution uniforme<\/li>\n<li>Faire mousser tout en douceur<\/li>\n<li>Laisser poser 2 minutes pour b\u00e9n\u00e9ficier de l\u2019effet soin<\/li>\n<li>Rincer abondamment \u00e0 l\u2019eau ti\u00e8de<\/li>\n<li>R\u00e9p\u00e9ter au besoin pour un effet accru<\/li>\n<\/ul>\n<p><b>Efficacit\u00e9 optimis\u00e9e<\/b><span style=\"font-weight: 400;\"> : Conseils d\u2019usage :<\/span><\/p>\n<ul>\n<li>Enrichir l\u2019effet en associant au S\u00e9rum Cuir Chevelu Sensible<\/li>\n<li>Ligne compatible avec tout protocole sp\u00e9cialiste\/trichologie<\/li>\n<li>Id\u00e9al pour entretien quotidien et soins longue dur\u00e9e<\/li>\n<li>Convient en cure ou en entretien r\u00e9gulier<\/li>\n<\/ul>\n<h3><b>Exp\u00e9rience aromath\u00e9rapie<\/b><\/h3>\n<p><b>Essence fleurs blanches<\/b><span style=\"font-weight: 400;\"> : Exp\u00e9rience sensorielle premium :<\/span><\/p>\n<ul>\n<li>Aromatique d\u00e9licate \u00e0 base de fleurs blanches<\/li>\n<li>Effet aromath\u00e9rapie relaxante et anti-stress<\/li>\n<li>Apporte un vrai rituel de bien-\u00eatre \u00e0 domicile<\/li>\n<li>Confort sensoriel \u00e0 chaque application<\/li>\n<\/ul>\n<p><b>Aromath\u00e9rapie th\u00e9rapeutique<\/b><span style=\"font-weight: 400;\"> : Technologie avanc\u00e9e :<\/span><\/p>\n<ul>\n<li>Apporte relaxation et bien-\u00eatre profond<\/li>\n<li>Optimise le confort global du soin<\/li>\n<li>Exp\u00e9rience digne d\u2019un spa \u00e0 la maison<\/li>\n<li>Favorise la d\u00e9tente et l\u2019\u00e9quilibre du cuir chevelu<\/li>\n<\/ul>\n<h3><b>Int\u00e9gration syst\u00e8me professionnel<\/b><\/h3>\n<p><b>Compatibilit\u00e9 trichologie<\/b><span style=\"font-weight: 400;\"> : Soin global int\u00e9gral :<\/span><\/p>\n<ul>\n<li>Compatible avec tous les protocoles sp\u00e9cialistes<\/li>\n<li>Efficacit\u00e9 renforc\u00e9e avec le s\u00e9rum cuir chevelu d\u00e9licat<\/li>\n<li>Approche professionnelle du soin capillaire<\/li>\n<li>R\u00e9sultat optimis\u00e9 avec usage combin\u00e9<\/li>\n<\/ul>\n<p><b>Protocole d\u2019efficacit\u00e9 maximale<\/b><span style=\"font-weight: 400;\"> : Conseils experts :<\/span><\/p>\n<ul>\n<li>Associer au s\u00e9rum d\u00e9licat pour meilleurs r\u00e9sultats<\/li>\n<li>Effet synergique des actifs pour approfondir les bienfaits<\/li>\n<li>B\u00e9n\u00e9ficier de conseils pro pour optimiser la routine<\/li>\n<li>Entretien entretien et r\u00e9sultats longue dur\u00e9e<\/li>\n<\/ul>\n<h3><b>S\u00e9curit\u00e9 et confort<\/b><\/h3>\n<p><b>S\u00e9curit\u00e9 hypersensibilit\u00e9<\/b><span style=\"font-weight: 400;\"> : Profil s\u00e9curitaire avanc\u00e9 :<\/span><\/p>\n<ul>\n<li>Convient aux cuirs chevelus les plus sensibles<\/li>\n<li>Risque d\u2019irritation ou d\u2019allergie tr\u00e8s faible<\/li>\n<li>Formulation adapt\u00e9e \u00e0 un usage quotidien<\/li>\n<li>S\u00fbr pour une utilisation longue dur\u00e9e<\/li>\n<\/ul>\n<p><b>Garantie qualit\u00e9<\/b><span style=\"font-weight: 400;\"> : Engagement qualit\u00e9 sup\u00e9rieure :<\/span><\/p>\n<ul>\n<li>Efficacit\u00e9 th\u00e9rapeutique constante assur\u00e9e<\/li>\n<li>Extraits botaniques hautement qualitatifs<\/li>\n<li>Formule de grade professionnel<\/li>\n<li>Contr\u00f4les et tests rigoureux<\/li>\n<\/ul>\n<h3><b>B\u00e9n\u00e9fices th\u00e9rapeutiques longue dur\u00e9e<\/b><\/h3>\n<p><b>Soulagement durable<\/b><span style=\"font-weight: 400;\"> : Am\u00e9lioration progressive qui apporte :<\/span><\/p>\n<ul>\n<li>Soulagement longue dur\u00e9e des sensibilit\u00e9s et inconforts<\/li>\n<li>Diminution progressive des \u00e9pisodes irritatifs<\/li>\n<li>R\u00e9silience cutan\u00e9e accrue<\/li>\n<li>Meilleure sant\u00e9 et confort au quotidien<\/li>\n<\/ul>\n<p><b>Effet cumulatif bien-\u00eatre<\/b><span style=\"font-weight: 400;\"> : Utilisation r\u00e9guli\u00e8re procure :<\/span><\/p>\n<ul>\n<li>Condition du cuir chevelu toujours am\u00e9lior\u00e9e<\/li>\n<li>Tol\u00e9rance accrue aux agressions ext\u00e9rieures<\/li>\n<li>Sensibilit\u00e9 att\u00e9nu\u00e9e au fil du temps<\/li>\n<li>Chevelure saine et \u00e9clatante sur la dur\u00e9e<\/li>\n<\/ul>\n<h3><b>Conseils d\u2019application professionnels<\/b><\/h3>\n<p><b>Mode d\u2019emploi<\/b><span style=\"font-weight: 400;\"> : Protocole optimal :<\/span><\/p>\n<ul>\n<li>Appliquer sur cheveux mouill\u00e9s pour une action sur-mesure<\/li>\n<li>Faire mousser doucement, laisser poser 2 minutes<\/li>\n<li>Rincer abondamment \u00e0 l&#8217;eau ti\u00e8de<\/li>\n<li>R\u00e9p\u00e9ter si besoin pour un r\u00e9sultat intensif<\/li>\n<\/ul>\n<p><b>Pr\u00e9cautions d\u2019usage<\/b><span style=\"font-weight: 400;\"> : Recommandations essentielles :<\/span><\/p>\n<ul>\n<li>Conserver \u00e0 l\u2019abri de la lumi\u00e8re<\/li>\n<li>\u00c9viter tout contact avec les yeux<\/li>\n<li>En cas de r\u00e9action, cesser l\u2019utilisation<\/li>\n<li>Tenir hors de port\u00e9e des enfants<\/li>\n<\/ul>\n<h2><b>Types de cheveux<\/b><\/h2>\n<p><b>Pour cuir chevelu d\u00e9licat, sensible, sujet \u00e0 l&#8217;irritation<\/b><\/p>\n<h2><b>Action<\/b><\/h2>\n<p><b>Nettoie en douceur, hydrate en profondeur, soulage les inconforts et restaure la sant\u00e9 capillaire<\/b><\/p>\n<h2><b>Conseils d&#8217;utilisation<\/b><\/h2>\n<p><b>Appliquer sur cheveux humides, faire mousser et laisser poser 2 min, puis rincer abondamment. R\u00e9p\u00e9ter si besoin. Associer au S\u00e9rum Cuir Chevelu Sensible pour un effet maximal.<\/b><\/p>\n<h2><b>Composition<\/b><\/h2>\n<p><b>Jus d\u2019aloe vera \u2022 Extrait de th\u00e9 vert (camellia sinensis) \u2022 Extrait de centella asiatica \u2022 Extrait de sauge \u2022 Essence de fleurs blanches<\/b><\/p>\n<h3><b>Pourquoi choisir le SHAMPOING APAISANT CUIR CHEVELU DR. SORBIE<\/b><\/h3>\n<p><b>Solution r\u00e9volutionnaire :<\/b><span style=\"font-weight: 400;\"> Soin de pointe pour le cuir chevelu d\u00e9licat<\/span><br \/>\n<b>Grade th\u00e9rapeutique :<\/b><span style=\"font-weight: 400;\"> Complexe botanique professionnel<\/span><br \/>\n<b>Doux et efficace :<\/b><span style=\"font-weight: 400;\"> Nettoyage ultra-low sans compromis sur l\u2019apaisement<\/span><br \/>\n<b>Confort durable :<\/b><span style=\"font-weight: 400;\"> Soin complet et apaisant longue dur\u00e9e<\/span><br \/>\n<b>Excellence botanique :<\/b><span style=\"font-weight: 400;\"> Extraits puissants pour une sant\u00e9 capillaire optimale<\/span><br \/>\n<b>Compatibilit\u00e9 syst\u00e8me :<\/b><span style=\"font-weight: 400;\"> Parfait en association avec la gamme trichologie compl\u00e8te<\/span><br \/>\n<b>Transformez votre cuir chevelu sensible en une base saine et apais\u00e9e gr\u00e2ce au SHAMPOING APAISANT CUIR CHEVELU DR. SORBIE\u00a0\u2013 l\u00e0 o\u00f9 la douceur r\u00e9invente le soin th\u00e9rapeutique.<\/b><br \/>\n<i><span style=\"font-weight: 400;\">Shampoing th\u00e9rapeutique pour cuir chevelu d\u00e9licat. Nettoyage et hydratation douce, confort durable. Enrichi en botaniques apaisants et essence de fleurs blanches. \u00c0 utiliser avec le s\u00e9rum cuir chevelu sensible pour un effet optimal.<\/span><\/i><\/p>\n","protected":false},"excerpt":{"rendered":"<div class=\"prose text-pretty dark:prose-invert inline leading-relaxed break-words min-w-0 [word-break:break-word] prose-strong:font-medium\">\n<p class=\"my-2 [&amp;+p]:mt-4 [&amp;_strong:has(+br)]:inline-block [&amp;_strong:has(+br)]:pb-2\">SHAMPOING TH\u00c9RAPEUTIQUE POUR CUIR CHEVELU D\u00c9LICAT<\/p>\n<\/div>\n","protected":false},"featured_media":32511,"comment_status":"open","ping_status":"closed","template":"","meta":{"_glsr_average":0,"_glsr_ranking":0,"_glsr_reviews":0},"product_brand":[890],"product_cat":[614],"product_tag":[],"class_list":{"0":"post-32660","1":"product","2":"type-product","3":"status-publish","4":"has-post-thumbnail","6":"product_brand-dr-sorbie","7":"product_cat-shampooing","8":"_wholesalex wsx-wholesalex-product","10":"first","11":"instock","12":"taxable","13":"shipping-taxable","14":"purchasable","15":"product-type-simple"},"jetpack_sharing_enabled":true,"_links":{"self":[{"href":"https:\/\/naturalook.shop\/fr\/wp-json\/wp\/v2\/product\/32660","targetHints":{"allow":["GET"]}}],"collection":[{"href":"https:\/\/naturalook.shop\/fr\/wp-json\/wp\/v2\/product"}],"about":[{"href":"https:\/\/naturalook.shop\/fr\/wp-json\/wp\/v2\/types\/product"}],"replies":[{"embeddable":true,"href":"https:\/\/naturalook.shop\/fr\/wp-json\/wp\/v2\/comments?post=32660"}],"version-history":[{"count":1,"href":"https:\/\/naturalook.shop\/fr\/wp-json\/wp\/v2\/product\/32660\/revisions"}],"predecessor-version":[{"id":33589,"href":"https:\/\/naturalook.shop\/fr\/wp-json\/wp\/v2\/product\/32660\/revisions\/33589"}],"wp:featuredmedia":[{"embeddable":true,"href":"https:\/\/naturalook.shop\/fr\/wp-json\/wp\/v2\/media\/32511"}],"wp:attachment":[{"href":"https:\/\/naturalook.shop\/fr\/wp-json\/wp\/v2\/media?parent=32660"}],"wp:term":[{"taxonomy":"product_brand","embeddable":true,"href":"https:\/\/naturalook.shop\/fr\/wp-json\/wp\/v2\/product_brand?post=32660"},{"taxonomy":"product_cat","embeddable":true,"href":"https:\/\/naturalook.shop\/fr\/wp-json\/wp\/v2\/product_cat?post=32660"},{"taxonomy":"product_tag","embeddable":true,"href":"https:\/\/naturalook.shop\/fr\/wp-json\/wp\/v2\/product_tag?post=32660"}],"curies":[{"name":"wp","href":"https:\/\/api.w.org\/{rel}","templated":true}]}}