{"id":32679,"date":"2025-09-10T16:35:51","date_gmt":"2025-09-10T20:35:51","guid":{"rendered":"https:\/\/naturalook.shop\/?post_type=product&#038;p=32679"},"modified":"2025-10-23T22:21:35","modified_gmt":"2025-10-24T02:21:35","slug":"amika-shampooing-sec-sans-talc-perk-up-64-ml","status":"publish","type":"product","link":"https:\/\/naturalook.shop\/fr\/produit\/amika-shampooing-sec-sans-talc-perk-up-64-ml\/","title":{"rendered":"AMIKA &#8211; Shampooing sec sans talc Perk Up &#8211; 64 ml"},"content":{"rendered":"<h3 class=\"whitespace-normal break-words\"><strong>Shampooing sec sans talc Perk Up par amika<\/strong><\/h3>\n<p class=\"whitespace-normal break-words\"><strong>Redonnez du pep \u00e0 vos cheveux ! Ce shampooing sec sans talc absorbe le s\u00e9bum, r\u00e9duit les odeurs et offre une finition invisible tout en restaurant le volume et le \u00ab punch \u00bb de vos cheveux.<\/strong><\/p>\n<p class=\"whitespace-normal break-words\"><strong>Le Shampooing sec sans talc Perk Up<\/strong> est le rafra\u00eechissement ultime pour les cheveux qui ont besoin d&#8217;un shampooing 3 \u00e0 4 fois par semaine. Enrichie d&#8217;argousier riche en nutriments et d&#8217;amidon de riz naturel (pas de talc !), cette formule \u00e0 finition invisible absorbe le s\u00e9bum, r\u00e9duit les odeurs et redonne vie aux cheveux plats avec un rebond volumineux &#8211; m\u00eame sur les cheveux fonc\u00e9s sans aucun r\u00e9sidu blanc.<\/p>\n<h3 class=\"whitespace-normal break-words\"><strong>Pourquoi vous allez l&#8217;adorer<\/strong><\/h3>\n<ul class=\"[&amp;:not(:last-child)_ul]:pb-1 [&amp;:not(:last-child)_ol]:pb-1 list-disc space-y-1.5 pl-7\">\n<li class=\"whitespace-normal break-words\"><strong>Shampooing sec de prestige #1 aux \u00c9tats-Unis :<\/strong> approuv\u00e9 par les professionnels et les consommateurs<\/li>\n<li class=\"whitespace-normal break-words\"><strong>Finition invisible :<\/strong> formule sans talc qui ne laisse aucun r\u00e9sidu blanc, m\u00eame sur les cheveux fonc\u00e9s<\/li>\n<li class=\"whitespace-normal break-words\"><strong>Absorption du s\u00e9bum + contr\u00f4le des odeurs :<\/strong> l&#8217;amidon de riz remplace l&#8217;amidon d&#8217;aluminium pour une absorption sup\u00e9rieure du s\u00e9bum<\/li>\n<li class=\"whitespace-normal break-words\"><strong>Boost de volume :<\/strong> redonne aux cheveux plats leur \u00ab punch \u00bb naturel sans sensation granuleuse<\/li>\n<li class=\"whitespace-normal break-words\"><strong>94 % ont dit que leurs cheveux paraissaient et se sentaient rafra\u00eechis apr\u00e8s utilisation<\/strong><\/li>\n<\/ul>\n<h3 class=\"whitespace-normal break-words\"><strong>Mode d&#8217;emploi<\/strong><\/h3>\n<ol class=\"[&amp;:not(:last-child)_ul]:pb-1 [&amp;:not(:last-child)_ol]:pb-1 list-decimal space-y-1.5 pl-7\">\n<li class=\"whitespace-normal break-words\">Bien agiter avant usage<\/li>\n<li class=\"whitespace-normal break-words\">Tenir \u00e0 8 pouces des cheveux<\/li>\n<li class=\"whitespace-normal break-words\">Vaporiser sur les racines par mouvements balayants<\/li>\n<li class=\"whitespace-normal break-words\">Attendre 30 secondes pour l&#8217;absorption<\/li>\n<li class=\"whitespace-normal break-words\">Masser ou brosser les cheveux<\/li>\n<\/ol>\n<p class=\"whitespace-normal break-words\"><strong>Truc de pro :<\/strong> Vaporisez l\u00e9g\u00e8rement sur les cheveux fra\u00eechement lav\u00e9s et coiff\u00e9s \u00e0 la couronne et aux racines pour aider \u00e0 prolonger votre coiffure entre les lavages.<\/p>\n<h3 class=\"whitespace-normal break-words\"><strong>Ingr\u00e9dients cl\u00e9s<\/strong><\/h3>\n<ul class=\"[&amp;:not(:last-child)_ul]:pb-1 [&amp;:not(:last-child)_ol]:pb-1 list-disc space-y-1.5 pl-7\">\n<li class=\"whitespace-normal break-words\"><strong>Amidon de riz :<\/strong> alternative naturelle \u00e0 l&#8217;amidon d&#8217;aluminium qui absorbe le s\u00e9bum et redonne du volume aux cheveux<\/li>\n<li class=\"whitespace-normal break-words\"><strong>Argousier :<\/strong> le superfruit signature d&#8217;amika charg\u00e9 de vitamine C, vitamine A, acides gras om\u00e9ga-7 et antioxydants pour une nutrition ultime des cheveux et du cuir chevelu<\/li>\n<\/ul>\n<p class=\"whitespace-normal break-words\"><strong>Liste compl\u00e8te des ingr\u00e9dients<\/strong> Hydrofluorocarbone 152a, Butane, Alcohol Denat. (SD Alcohol 40-B), Oryza Sativa (Rice\/Riz) Starch, Isobutane, Disteardimonium Hectorite, Diisopropyl Adipate, Hippophae Rhamnoides (Sea Buckthorn\/Argousier) Fruit\/Seed Oil, Fragrance\/Parfum, Benzyl Benzoate, Hydroxycitronellal, Citronellol, Limonene. <em>(Toujours se r\u00e9f\u00e9rer \u00e0 l&#8217;emballage du produit pour la liste d&#8217;ingr\u00e9dients la plus r\u00e9cente.)<\/em><\/p>\n<p class=\"whitespace-normal break-words\"><strong>Information de s\u00e9curit\u00e9<\/strong> A\u00c9ROSOL INFLAMMABLE. Contenant sous pression : peut \u00e9clater s&#8217;il est chauff\u00e9. Ne pas percer ou incin\u00e9rer. Entreposer en dessous de 49\u00b0C\/120\u00b0F. Tenir loin de la chaleur, des \u00e9tincelles, des flammes nues. \u00c9viter le contact avec les yeux. Pour usage externe seulement. Garder hors de la port\u00e9e des enfants.<\/p>\n","protected":false},"excerpt":{"rendered":"<p>SHAMPOOING SEC SANS TALC<\/p>\n","protected":false},"featured_media":32705,"comment_status":"open","ping_status":"closed","template":"","meta":{"_glsr_average":0,"_glsr_ranking":0,"_glsr_reviews":0},"product_brand":[899],"product_cat":[83,614],"product_tag":[],"class_list":{"0":"post-32679","1":"product","2":"type-product","3":"status-publish","4":"has-post-thumbnail","6":"product_brand-amika","7":"product_cat-soins-a-domicile","8":"product_cat-shampooing","9":"_wholesalex wsx-wholesalex-product","11":"first","12":"outofstock","13":"taxable","14":"shipping-taxable","15":"purchasable","16":"product-type-simple"},"jetpack_sharing_enabled":true,"_links":{"self":[{"href":"https:\/\/naturalook.shop\/fr\/wp-json\/wp\/v2\/product\/32679","targetHints":{"allow":["GET"]}}],"collection":[{"href":"https:\/\/naturalook.shop\/fr\/wp-json\/wp\/v2\/product"}],"about":[{"href":"https:\/\/naturalook.shop\/fr\/wp-json\/wp\/v2\/types\/product"}],"replies":[{"embeddable":true,"href":"https:\/\/naturalook.shop\/fr\/wp-json\/wp\/v2\/comments?post=32679"}],"version-history":[{"count":1,"href":"https:\/\/naturalook.shop\/fr\/wp-json\/wp\/v2\/product\/32679\/revisions"}],"predecessor-version":[{"id":34250,"href":"https:\/\/naturalook.shop\/fr\/wp-json\/wp\/v2\/product\/32679\/revisions\/34250"}],"wp:featuredmedia":[{"embeddable":true,"href":"https:\/\/naturalook.shop\/fr\/wp-json\/wp\/v2\/media\/32705"}],"wp:attachment":[{"href":"https:\/\/naturalook.shop\/fr\/wp-json\/wp\/v2\/media?parent=32679"}],"wp:term":[{"taxonomy":"product_brand","embeddable":true,"href":"https:\/\/naturalook.shop\/fr\/wp-json\/wp\/v2\/product_brand?post=32679"},{"taxonomy":"product_cat","embeddable":true,"href":"https:\/\/naturalook.shop\/fr\/wp-json\/wp\/v2\/product_cat?post=32679"},{"taxonomy":"product_tag","embeddable":true,"href":"https:\/\/naturalook.shop\/fr\/wp-json\/wp\/v2\/product_tag?post=32679"}],"curies":[{"name":"wp","href":"https:\/\/api.w.org\/{rel}","templated":true}]}}