{"id":32709,"date":"2025-09-10T16:50:41","date_gmt":"2025-09-10T20:50:41","guid":{"rendered":"https:\/\/naturalook.shop\/?post_type=product&#038;p=32709"},"modified":"2025-10-23T22:21:35","modified_gmt":"2025-10-24T02:21:35","slug":"amika-masque-reparateur-de-force-intense-the-kure-100-ml","status":"publish","type":"product","link":"https:\/\/naturalook.shop\/fr\/produit\/amika-masque-reparateur-de-force-intense-the-kure-100-ml\/","title":{"rendered":"AMIKA &#8211; Masque r\u00e9parateur de force intense The Kure &#8211; 100 ml"},"content":{"rendered":"<h3 class=\"whitespace-normal break-words\"><strong>Masque r\u00e9parateur de force intense The Kure par amika<\/strong><\/h3>\n<p class=\"whitespace-normal break-words\"><strong>Soignez vos m\u00e8ches ab\u00eem\u00e9es. Ce masque intensif cliniquement prouv\u00e9 renforce, r\u00e9duit la casse et apporte une hydratation majeure en quelques minutes aux cheveux secs et ab\u00eem\u00e9s.<\/strong><\/p>\n<p class=\"whitespace-normal break-words\"><strong>Le Masque r\u00e9parateur de force intense The Kure<\/strong> est un traitement ultra-riche con\u00e7u pour sauver votre crini\u00e8re s\u00e8che et ab\u00eem\u00e9e. Parfait pour tous les types de cheveux n\u00e9cessitant une hydratation profonde et de la force, ce traitement hebdomadaire offre un punch intense d&#8217;hydratation tout en favorisant des cheveux d&#8217;apparence plus saine et plus forts. Obtenez des cheveux 3,2 fois plus forts, 69 % moins de casse et 8 fois plus de conditionnement apr\u00e8s une seule utilisation.<\/p>\n<h3 class=\"whitespace-normal break-words\"><strong>Pourquoi vous allez l&#8217;adorer<\/strong><\/h3>\n<ul class=\"[&amp;:not(:last-child)_ul]:pb-1 [&amp;:not(:last-child)_ol]:pb-1 list-disc space-y-1.5 pl-7\">\n<li class=\"whitespace-normal break-words\"><strong>R\u00e9sultats cliniquement prouv\u00e9s :<\/strong> cheveux 3,2 fois plus forts, 69 % moins de casse, 8 fois plus de conditionnement apr\u00e8s une utilisation<\/li>\n<li class=\"whitespace-normal break-words\"><strong>Hydratation intense :<\/strong> formule ultra-riche qui procure une hydratation profonde aux m\u00e8ches dess\u00e9ch\u00e9es et ab\u00eem\u00e9es<\/li>\n<li class=\"whitespace-normal break-words\"><strong>Renforce les cheveux ab\u00eem\u00e9s :<\/strong> favorise des cheveux d&#8217;apparence et de sensation saines<\/li>\n<li class=\"whitespace-normal break-words\"><strong>Moment parfait pour se g\u00e2ter :<\/strong> donne \u00e0 vos cheveux les soins tendres qu&#8217;ils r\u00e9clamaient<\/li>\n<li class=\"whitespace-normal break-words\"><strong>S\u00e9curitaire pour cheveux trait\u00e9s chimiquement :<\/strong> test\u00e9 cliniquement pour \u00eatre doux sur les m\u00e8ches trait\u00e9es chimiquement<\/li>\n<\/ul>\n<h3 class=\"whitespace-normal break-words\"><strong>Mode d&#8217;emploi<\/strong><\/h3>\n<ol class=\"[&amp;:not(:last-child)_ul]:pb-1 [&amp;:not(:last-child)_ol]:pb-1 list-decimal space-y-1.5 pl-7\">\n<li class=\"whitespace-normal break-words\">Apr\u00e8s avoir utilis\u00e9 le Shampooing r\u00e9parateur de force The Kure, masser dans les cheveux mouill\u00e9s<\/li>\n<li class=\"whitespace-normal break-words\">Laisser p\u00e9n\u00e9trer pendant 10 minutes pour des bienfaits maximaux<\/li>\n<li class=\"whitespace-normal break-words\">Bien rincer<\/li>\n<li class=\"whitespace-normal break-words\">Utiliser comme traitement hebdomadaire pour de meilleurs r\u00e9sultats<\/li>\n<\/ol>\n<p class=\"whitespace-normal break-words\"><strong>Truc de pro :<\/strong> Pour les cheveux extra ab\u00eem\u00e9s, laisser agir jusqu&#8217;\u00e0 15 minutes avant de rincer pour une r\u00e9paration et un conditionnement encore plus profonds.<\/p>\n<h3 class=\"whitespace-normal break-words\"><strong>Ingr\u00e9dients cl\u00e9s<\/strong><\/h3>\n<ul class=\"[&amp;:not(:last-child)_ul]:pb-1 [&amp;:not(:last-child)_ol]:pb-1 list-disc space-y-1.5 pl-7\">\n<li class=\"whitespace-normal break-words\"><strong>Technologie de renforcement des liens :<\/strong> cible et renforce les liens capillaires les plus sujets \u00e0 la casse caus\u00e9e par les facteurs environnementaux, la chaleur et les traitements chimiques<\/li>\n<li class=\"whitespace-normal break-words\"><strong>Huile de bourrache :<\/strong> extraite des graines d&#8217;\u00e9toiles, contient les plus hauts niveaux d&#8217;acides gras om\u00e9ga-6 essentiels<\/li>\n<li class=\"whitespace-normal break-words\"><strong>Beurre de karit\u00e9 :<\/strong> riche en vitamines, min\u00e9raux et acides gras pour une nutrition profonde<\/li>\n<li class=\"whitespace-normal break-words\"><strong>Beurre de mangue :<\/strong> rempli d&#8217;om\u00e9gas et de vitamines A, C et E pour la r\u00e9paration et le conditionnement<\/li>\n<li class=\"whitespace-normal break-words\"><strong>Argousier :<\/strong> l&#8217;un des superfruits les plus riches en om\u00e9gas de la terre qui nourrit les m\u00e8ches tout en restaurant les lipides pour un \u00e9clat, une maniabilit\u00e9, une douceur et une force accrus<\/li>\n<\/ul>\n<p class=\"whitespace-normal break-words\"><strong>Liste compl\u00e8te des ingr\u00e9dients<\/strong> Water\/Eau\/Aqua, Cetearyl Alcohol, Behentrimonium Chloride, Fragrance\/Parfum, Glycerin, Butyrospermum Parkii (Shea\/Karite) Butter, Hippophae Rhamnoides (Sea Buckthorn\/Argousier) Fruit Extract, Silicone Quaternium-8, Trideceth-10, Capryloyl Glycerin\/Sebacic Acid Copolymer, Diheptyl Succinate, Isopropyl Alcohol, Cocamide MIPA, Polyquaternium-37, Caprylyl Glycol, Propylene Glycol Dicaprylate\/Dicaprate, Ethylhexylglycerin, Hexylene Glycol, PPG-1 Trideceth-6, Citric Acid, Sodium Hydroxide, Phenoxyethanol, Butylphenyl Methylpropional, Limonene, Hydroxycitronellal, Hydroxyisohexyl 3-Cyclohexene Carboxaldehyde, Citronellol. <em>(Toujours se r\u00e9f\u00e9rer \u00e0 l&#8217;emballage du produit pour la liste d&#8217;ingr\u00e9dients la plus r\u00e9cente.)<\/em><\/p>\n<p class=\"whitespace-normal break-words\"><strong>Information de s\u00e9curit\u00e9<\/strong> \u00c9viter le contact avec les yeux. Pour usage externe seulement.<\/p>\n<p class=\"whitespace-normal break-words\"><strong>Note de durabilit\u00e9<\/strong> Contient des plastiques recycl\u00e9s post-consommation (PCR) dans les formats 100ml, 250ml et 500ml, r\u00e9duisant l&#8217;impact environnemental comparativement aux plastiques vierges.<\/p>\n","protected":false},"excerpt":{"rendered":"<p>SOIGNEZ VOS M\u00c8CHES AB\u00ceM\u00c9ES<\/p>\n","protected":false},"featured_media":32711,"comment_status":"open","ping_status":"closed","template":"","meta":{"_glsr_average":0,"_glsr_ranking":0,"_glsr_reviews":0},"product_brand":[899],"product_cat":[83,613],"product_tag":[],"class_list":{"0":"post-32709","1":"product","2":"type-product","3":"status-publish","4":"has-post-thumbnail","6":"product_brand-amika","7":"product_cat-soins-a-domicile","8":"product_cat-masque","9":"_wholesalex wsx-wholesalex-product","11":"first","12":"instock","13":"taxable","14":"shipping-taxable","15":"purchasable","16":"product-type-simple"},"jetpack_sharing_enabled":true,"_links":{"self":[{"href":"https:\/\/naturalook.shop\/fr\/wp-json\/wp\/v2\/product\/32709","targetHints":{"allow":["GET"]}}],"collection":[{"href":"https:\/\/naturalook.shop\/fr\/wp-json\/wp\/v2\/product"}],"about":[{"href":"https:\/\/naturalook.shop\/fr\/wp-json\/wp\/v2\/types\/product"}],"replies":[{"embeddable":true,"href":"https:\/\/naturalook.shop\/fr\/wp-json\/wp\/v2\/comments?post=32709"}],"version-history":[{"count":1,"href":"https:\/\/naturalook.shop\/fr\/wp-json\/wp\/v2\/product\/32709\/revisions"}],"predecessor-version":[{"id":34248,"href":"https:\/\/naturalook.shop\/fr\/wp-json\/wp\/v2\/product\/32709\/revisions\/34248"}],"wp:featuredmedia":[{"embeddable":true,"href":"https:\/\/naturalook.shop\/fr\/wp-json\/wp\/v2\/media\/32711"}],"wp:attachment":[{"href":"https:\/\/naturalook.shop\/fr\/wp-json\/wp\/v2\/media?parent=32709"}],"wp:term":[{"taxonomy":"product_brand","embeddable":true,"href":"https:\/\/naturalook.shop\/fr\/wp-json\/wp\/v2\/product_brand?post=32709"},{"taxonomy":"product_cat","embeddable":true,"href":"https:\/\/naturalook.shop\/fr\/wp-json\/wp\/v2\/product_cat?post=32709"},{"taxonomy":"product_tag","embeddable":true,"href":"https:\/\/naturalook.shop\/fr\/wp-json\/wp\/v2\/product_tag?post=32709"}],"curies":[{"name":"wp","href":"https:\/\/api.w.org\/{rel}","templated":true}]}}