{"id":33242,"date":"2025-10-16T12:13:44","date_gmt":"2025-10-16T16:13:44","guid":{"rendered":"https:\/\/naturalook.shop\/?post_type=product&#038;p=33242"},"modified":"2025-10-23T22:21:52","modified_gmt":"2025-10-24T02:21:52","slug":"maria-nila-shampooing-luminous-colour-350ml","status":"publish","type":"product","link":"https:\/\/naturalook.shop\/fr\/produit\/maria-nila-shampooing-luminous-colour-350ml\/","title":{"rendered":"MARIA NILA &#8211; Shampooing Luminous Colour 350ml"},"content":{"rendered":"<h1 id=\"maria-nila-luminous-colour-shampoo-350ml---color-p\" class=\"font-display first:mt-xs mb-2 mt-4 font-semimedium text-lg leading-[1.5em] lg:text-xl\">Shampooing Luminous Colour de Maria Nila &#8211; Protection de la couleur avec extrait de grenade<\/h1>\n<p class=\"my-2 [&amp;+p]:mt-4 [&amp;_strong:has(+br)]:inline-block [&amp;_strong:has(+br)]:pb-2\">Prot\u00e9gez et rehaussez la couleur de vos cheveux avec le Shampooing Luminous Colour de Maria Nila, une formule professionnelle protectrice de couleur con\u00e7ue pour reconstruire et renforcer les cheveux tout en maximisant la vibrances et la brillance.<\/p>\n<h2 class=\"mb-2 mt-4 font-display font-semimedium text-base first:mt-0\">Technologie avanc\u00e9e de protection de la couleur<\/h2>\n<p class=\"my-2 [&amp;+p]:mt-4 [&amp;_strong:has(+br)]:inline-block [&amp;_strong:has(+br)]:pb-2\">Ce shampooing v\u00e9gane contient le Complexe Colour Guard et de l&#8217;extrait de grenade qui travaillent ensemble pour prot\u00e9ger vos cheveux et votre cuir chevelu contre la perte de couleur caus\u00e9e par le lavage, le coiffage \u00e0 la chaleur, l&#8217;exposition aux UV et les radicaux libres. La formule reconstruit activement la structure capillaire tout en fixant les pigments de couleur pour des r\u00e9sultats plus durables.<\/p>\n<h2 class=\"mb-2 mt-4 font-display font-semimedium text-base first:mt-0\">Ingr\u00e9dients botaniques nourrissants<\/h2>\n<ul class=\"marker:text-quiet list-disc\">\n<li class=\"py-0 my-0 prose-p:pt-0 prose-p:mb-2 prose-p:my-0 [&amp;&gt;p]:pt-0 [&amp;&gt;p]:mb-2 [&amp;&gt;p]:my-0\">\n<p class=\"my-2 [&amp;+p]:mt-4 [&amp;_strong:has(+br)]:inline-block [&amp;_strong:has(+br)]:pb-2\"><strong>Extrait de grenade :<\/strong> Prot\u00e8ge l&#8217;int\u00e9grit\u00e9 de la couleur tout en prot\u00e9geant contre la d\u00e9shydratation et les dommages<\/p>\n<\/li>\n<li class=\"py-0 my-0 prose-p:pt-0 prose-p:mb-2 prose-p:my-0 [&amp;&gt;p]:pt-0 [&amp;&gt;p]:mb-2 [&amp;&gt;p]:my-0\">\n<p class=\"my-2 [&amp;+p]:mt-4 [&amp;_strong:has(+br)]:inline-block [&amp;_strong:has(+br)]:pb-2\"><strong>Vitamine F :<\/strong> Pr\u00e9serve la brillance et la force naturelles pour des cheveux revitalis\u00e9s et d&#8217;apparence saine<\/p>\n<\/li>\n<li class=\"py-0 my-0 prose-p:pt-0 prose-p:mb-2 prose-p:my-0 [&amp;&gt;p]:pt-0 [&amp;&gt;p]:mb-2 [&amp;&gt;p]:my-0\">\n<p class=\"my-2 [&amp;+p]:mt-4 [&amp;_strong:has(+br)]:inline-block [&amp;_strong:has(+br)]:pb-2\"><strong>Prot\u00e9ine de bl\u00e9 :<\/strong> Retient l&#8217;hydratation pour une douceur et une maniabilit\u00e9 durables<\/p>\n<\/li>\n<li class=\"py-0 my-0 prose-p:pt-0 prose-p:mb-2 prose-p:my-0 [&amp;&gt;p]:pt-0 [&amp;&gt;p]:mb-2 [&amp;&gt;p]:my-0\">\n<p class=\"my-2 [&amp;+p]:mt-4 [&amp;_strong:has(+br)]:inline-block [&amp;_strong:has(+br)]:pb-2\"><strong>Huile de graine de tournesol :<\/strong> Cr\u00e9e une barri\u00e8re protectrice riche en vitamine E pour une brillance et un lustre am\u00e9lior\u00e9s<\/p>\n<\/li>\n<\/ul>\n<h2 class=\"mb-2 mt-4 font-display font-semimedium text-base first:mt-0\">R\u00e9sultats professionnels \u00e0 la maison<\/h2>\n<p class=\"my-2 [&amp;+p]:mt-4 [&amp;_strong:has(+br)]:inline-block [&amp;_strong:has(+br)]:pb-2\">La formule douce mais efficace nettoie en profondeur tout en maintenant un \u00e9quilibre hydrique optimal. Les cheveux paraissent plus vibrants, se sentent plus forts et affichent une brillance rehauss\u00e9e apr\u00e8s chaque lavage. Le parfum fruit\u00e9 de pomme, m\u00fbre et p\u00eache transforme votre routine de soins capillaires en une exp\u00e9rience sensorielle.<\/p>\n<h2 class=\"mb-2 mt-4 font-display font-semimedium text-base first:mt-0\">Beaut\u00e9 durable et \u00e9thique<\/h2>\n<ul class=\"marker:text-quiet list-disc\">\n<li class=\"py-0 my-0 prose-p:pt-0 prose-p:mb-2 prose-p:my-0 [&amp;&gt;p]:pt-0 [&amp;&gt;p]:mb-2 [&amp;&gt;p]:my-0\">\n<p class=\"my-2 [&amp;+p]:mt-4 [&amp;_strong:has(+br)]:inline-block [&amp;_strong:has(+br)]:pb-2\">100% v\u00e9gane et respectueux des animaux<\/p>\n<\/li>\n<li class=\"py-0 my-0 prose-p:pt-0 prose-p:mb-2 prose-p:my-0 [&amp;&gt;p]:pt-0 [&amp;&gt;p]:mb-2 [&amp;&gt;p]:my-0\">\n<p class=\"my-2 [&amp;+p]:mt-4 [&amp;_strong:has(+br)]:inline-block [&amp;_strong:has(+br)]:pb-2\">Emballage avec compensation de CO2<\/p>\n<\/li>\n<li class=\"py-0 my-0 prose-p:pt-0 prose-p:mb-2 prose-p:my-0 [&amp;&gt;p]:pt-0 [&amp;&gt;p]:mb-2 [&amp;&gt;p]:my-0\">\n<p class=\"my-2 [&amp;+p]:mt-4 [&amp;_strong:has(+br)]:inline-block [&amp;_strong:has(+br)]:pb-2\">Formule sans sulfate<\/p>\n<\/li>\n<li class=\"py-0 my-0 prose-p:pt-0 prose-p:mb-2 prose-p:my-0 [&amp;&gt;p]:pt-0 [&amp;&gt;p]:mb-2 [&amp;&gt;p]:my-0\">\n<p class=\"my-2 [&amp;+p]:mt-4 [&amp;_strong:has(+br)]:inline-block [&amp;_strong:has(+br)]:pb-2\">S\u00e9curitaire pour les cheveux color\u00e9s et naturels<\/p>\n<\/li>\n<\/ul>\n<h2 class=\"mb-2 mt-4 font-display font-semimedium text-base first:mt-0\">Mode d&#8217;emploi<\/h2>\n<p class=\"my-2 [&amp;+p]:mt-4 [&amp;_strong:has(+br)]:inline-block [&amp;_strong:has(+br)]:pb-2\">Appliquer sur cheveux mouill\u00e9s et masser d\u00e9licatement les cheveux et le cuir chevelu. Rincer abondamment et r\u00e9p\u00e9ter avec une deuxi\u00e8me application. Pour une protection optimale de la couleur, faire suivre du Masque et du Revitalisant Luminous Colour de Maria Nila. Peut \u00eatre utilis\u00e9 quotidiennement dans le cadre de votre routine compl\u00e8te de soins de la couleur.<\/p>\n<p class=\"my-2 [&amp;+p]:mt-4 [&amp;_strong:has(+br)]:inline-block [&amp;_strong:has(+br)]:pb-2\">Id\u00e9al pour toute personne cherchant \u00e0 prolonger la vie de sa couleur de cheveux tout en maintenant des cheveux sains et lustr\u00e9s avec une finition de salon professionnelle.<\/p>\n","protected":false},"excerpt":{"rendered":"<div class=\"prose dark:prose-invert inline leading-relaxed break-words min-w-0 [word-break:break-word] prose-strong:font-medium\">\n<p class=\"my-2 [&amp;+p]:mt-4 [&amp;_strong:has(+br)]:inline-block [&amp;_strong:has(+br)]:pb-2\">Shampooing protecteur de couleur avec extrait de grenade et Complexe Colour Guard qui prot\u00e8ge les cheveux color\u00e9s et naturels contre la d\u00e9coloration.<\/p>\n<\/div>\n","protected":false},"featured_media":33247,"comment_status":"open","ping_status":"closed","template":"","meta":{"_glsr_average":0,"_glsr_ranking":0,"_glsr_reviews":0},"product_brand":[904],"product_cat":[83,614],"product_tag":[],"class_list":{"0":"post-33242","1":"product","2":"type-product","3":"status-publish","4":"has-post-thumbnail","6":"product_brand-maria-nila","7":"product_cat-soins-a-domicile","8":"product_cat-shampooing","9":"_wholesalex wsx-wholesalex-product","11":"first","12":"outofstock","13":"taxable","14":"shipping-taxable","15":"purchasable","16":"product-type-simple"},"jetpack_sharing_enabled":true,"_links":{"self":[{"href":"https:\/\/naturalook.shop\/fr\/wp-json\/wp\/v2\/product\/33242","targetHints":{"allow":["GET"]}}],"collection":[{"href":"https:\/\/naturalook.shop\/fr\/wp-json\/wp\/v2\/product"}],"about":[{"href":"https:\/\/naturalook.shop\/fr\/wp-json\/wp\/v2\/types\/product"}],"replies":[{"embeddable":true,"href":"https:\/\/naturalook.shop\/fr\/wp-json\/wp\/v2\/comments?post=33242"}],"version-history":[{"count":2,"href":"https:\/\/naturalook.shop\/fr\/wp-json\/wp\/v2\/product\/33242\/revisions"}],"predecessor-version":[{"id":33264,"href":"https:\/\/naturalook.shop\/fr\/wp-json\/wp\/v2\/product\/33242\/revisions\/33264"}],"wp:featuredmedia":[{"embeddable":true,"href":"https:\/\/naturalook.shop\/fr\/wp-json\/wp\/v2\/media\/33247"}],"wp:attachment":[{"href":"https:\/\/naturalook.shop\/fr\/wp-json\/wp\/v2\/media?parent=33242"}],"wp:term":[{"taxonomy":"product_brand","embeddable":true,"href":"https:\/\/naturalook.shop\/fr\/wp-json\/wp\/v2\/product_brand?post=33242"},{"taxonomy":"product_cat","embeddable":true,"href":"https:\/\/naturalook.shop\/fr\/wp-json\/wp\/v2\/product_cat?post=33242"},{"taxonomy":"product_tag","embeddable":true,"href":"https:\/\/naturalook.shop\/fr\/wp-json\/wp\/v2\/product_tag?post=33242"}],"curies":[{"name":"wp","href":"https:\/\/api.w.org\/{rel}","templated":true}]}}