{"id":33256,"date":"2025-10-16T12:25:22","date_gmt":"2025-10-16T16:25:22","guid":{"rendered":"https:\/\/naturalook.shop\/?post_type=product&#038;p=33256"},"modified":"2025-10-23T22:21:52","modified_gmt":"2025-10-24T02:21:52","slug":"maria-nila-revitalisant-luminous-colour-350ml","status":"publish","type":"product","link":"https:\/\/naturalook.shop\/fr\/produit\/maria-nila-revitalisant-luminous-colour-350ml\/","title":{"rendered":"MARIA NILA &#8211; Revitalisant Luminous Colour &#8211; 350ml"},"content":{"rendered":"<h1 id=\"maria-nila-luminous-colour-conditioner-300ml--mois\" class=\"font-display first:mt-xs mb-2 mt-4 font-semimedium text-lg leading-[1.5em] lg:text-xl\">Revitalisant Luminous Colour de Maria Nila \u2013 Protection hydratante de la couleur avec extrait de grenade<\/h1>\n<p class=\"my-2 [&amp;+p]:mt-4 [&amp;_strong:has(+br)]:inline-block [&amp;_strong:has(+br)]:pb-2\">Rehaussez votre routine de soins de la couleur avec le Revitalisant Luminous Colour de Maria Nila, une formule d\u00e9m\u00ealante de qualit\u00e9 professionnelle con\u00e7ue pour hydrater, adoucir et prot\u00e9ger les cheveux naturels et color\u00e9s.<\/p>\n<h2 class=\"mb-2 mt-4 font-display font-semimedium text-base first:mt-0\">Protection sup\u00e9rieure de la couleur et brillance<\/h2>\n<p class=\"my-2 [&amp;+p]:mt-4 [&amp;_strong:has(+br)]:inline-block [&amp;_strong:has(+br)]:pb-2\">Enrichi du Complexe Colour Guard et d&#8217;extrait de grenade riche en antioxydants, ce revitalisant prot\u00e8ge les cheveux contre les agressions environnementales \u2014 chaleur, rayons UV et radicaux libres \u2014 tout en maintenant une couleur vibrante et en rehaussant la brillance. Sa formule avanc\u00e9e d\u00e9m\u00eale les cheveux et combat l&#8217;\u00e9lectricit\u00e9 statique pour une finition soyeuse et lisse.<\/p>\n<h2 class=\"mb-2 mt-4 font-display font-semimedium text-base first:mt-0\">Ingr\u00e9dients profond\u00e9ment nourrissants<\/h2>\n<ul class=\"marker:text-quiet list-disc\">\n<li class=\"py-0 my-0 prose-p:pt-0 prose-p:mb-2 prose-p:my-0 [&amp;&gt;p]:pt-0 [&amp;&gt;p]:mb-2 [&amp;&gt;p]:my-0\">\n<p class=\"my-2 [&amp;+p]:mt-4 [&amp;_strong:has(+br)]:inline-block [&amp;_strong:has(+br)]:pb-2\"><strong>Extrait de grenade :<\/strong> D\u00e9fend la couleur, pr\u00e9vient la d\u00e9shydratation et prot\u00e8ge le cuir chevelu et les cheveux contre les dommages<\/p>\n<\/li>\n<li class=\"py-0 my-0 prose-p:pt-0 prose-p:mb-2 prose-p:my-0 [&amp;&gt;p]:pt-0 [&amp;&gt;p]:mb-2 [&amp;&gt;p]:my-0\">\n<p class=\"my-2 [&amp;+p]:mt-4 [&amp;_strong:has(+br)]:inline-block [&amp;_strong:has(+br)]:pb-2\"><strong>Vitamine F :<\/strong> Am\u00e9liore la r\u00e9tention d&#8217;hydratation, augmentant la douceur et maintenant la force des cheveux<\/p>\n<\/li>\n<li class=\"py-0 my-0 prose-p:pt-0 prose-p:mb-2 prose-p:my-0 [&amp;&gt;p]:pt-0 [&amp;&gt;p]:mb-2 [&amp;&gt;p]:my-0\">\n<p class=\"my-2 [&amp;+p]:mt-4 [&amp;_strong:has(+br)]:inline-block [&amp;_strong:has(+br)]:pb-2\"><strong>Prot\u00e9ine de bl\u00e9 :<\/strong> Assure un revitalisation durable et sans alourdissement en emprisonnant l&#8217;hydratation<\/p>\n<\/li>\n<li class=\"py-0 my-0 prose-p:pt-0 prose-p:mb-2 prose-p:my-0 [&amp;&gt;p]:pt-0 [&amp;&gt;p]:mb-2 [&amp;&gt;p]:my-0\">\n<p class=\"my-2 [&amp;+p]:mt-4 [&amp;_strong:has(+br)]:inline-block [&amp;_strong:has(+br)]:pb-2\"><strong>Huile de graine de tournesol :<\/strong> Fournit une barri\u00e8re protectrice riche en vitamine E qui procure une brillance lumineuse et de la douceur<\/p>\n<\/li>\n<\/ul>\n<h2 class=\"mb-2 mt-4 font-display font-semimedium text-base first:mt-0\">Soins luxueux au quotidien<\/h2>\n<p class=\"my-2 [&amp;+p]:mt-4 [&amp;_strong:has(+br)]:inline-block [&amp;_strong:has(+br)]:pb-2\">Profitez d&#8217;une formule douce et hydratante convenant \u00e0 une utilisation quotidienne. Les cheveux sont nourris, souples et plus faciles \u00e0 coiffer, tandis que le parfum de pomme, m\u00fbre et p\u00eache ajoute une touche sensorielle \u00e0 votre routine.<\/p>\n<h2 class=\"mb-2 mt-4 font-display font-semimedium text-base first:mt-0\">\u00c9cologique et v\u00e9gane<\/h2>\n<ul class=\"marker:text-quiet list-disc\">\n<li class=\"py-0 my-0 prose-p:pt-0 prose-p:mb-2 prose-p:my-0 [&amp;&gt;p]:pt-0 [&amp;&gt;p]:mb-2 [&amp;&gt;p]:my-0\">\n<p class=\"my-2 [&amp;+p]:mt-4 [&amp;_strong:has(+br)]:inline-block [&amp;_strong:has(+br)]:pb-2\">100% v\u00e9gane et respectueux des animaux<\/p>\n<\/li>\n<li class=\"py-0 my-0 prose-p:pt-0 prose-p:mb-2 prose-p:my-0 [&amp;&gt;p]:pt-0 [&amp;&gt;p]:mb-2 [&amp;&gt;p]:my-0\">\n<p class=\"my-2 [&amp;+p]:mt-4 [&amp;_strong:has(+br)]:inline-block [&amp;_strong:has(+br)]:pb-2\">Emballage avec compensation de CO2<\/p>\n<\/li>\n<li class=\"py-0 my-0 prose-p:pt-0 prose-p:mb-2 prose-p:my-0 [&amp;&gt;p]:pt-0 [&amp;&gt;p]:mb-2 [&amp;&gt;p]:my-0\">\n<p class=\"my-2 [&amp;+p]:mt-4 [&amp;_strong:has(+br)]:inline-block [&amp;_strong:has(+br)]:pb-2\">Sans sulfate et s\u00e9curitaire pour tous les types de cheveux<\/p>\n<\/li>\n<\/ul>\n<h2 class=\"mb-2 mt-4 font-display font-semimedium text-base first:mt-0\">Mode d&#8217;emploi<\/h2>\n<p class=\"my-2 [&amp;+p]:mt-4 [&amp;_strong:has(+br)]:inline-block [&amp;_strong:has(+br)]:pb-2\">Appliquer sur cheveux fra\u00eechement lav\u00e9s. Laisser agir pendant 1 \u00e0 2 minutes, puis rincer abondamment. Pour une protection optimale de la couleur et de meilleurs r\u00e9sultats, utiliser avec le Shampooing, le Masque et la Lotion capillaire Luminous Colour de Maria Nila. Tous les produits conviennent \u00e0 une utilisation quotidienne.<\/p>\n<p class=\"my-2 [&amp;+p]:mt-4 [&amp;_strong:has(+br)]:inline-block [&amp;_strong:has(+br)]:pb-2\">Id\u00e9al pour toute personne recherchant des cheveux hydrat\u00e9s, brillamment color\u00e9s avec une brillance durable et une sensation ultra-douce et sans n\u0153uds.<\/p>\n","protected":false},"excerpt":{"rendered":"<p>Revitalisant d\u00e9m\u00ealant et protecteur de couleur avec extrait de grenade et Complexe Colour Guard pour des cheveux doux et lustr\u00e9s. Emprisonne l&#8217;hydratation, rehausse la brillance et prot\u00e8ge contre la d\u00e9coloration.<\/p>\n","protected":false},"featured_media":33251,"comment_status":"open","ping_status":"closed","template":"","meta":{"_glsr_average":0,"_glsr_ranking":0,"_glsr_reviews":0},"product_brand":[904],"product_cat":[83,610],"product_tag":[],"class_list":{"0":"post-33256","1":"product","2":"type-product","3":"status-publish","4":"has-post-thumbnail","6":"product_brand-maria-nila","7":"product_cat-soins-a-domicile","8":"product_cat-revitalisant","9":"_wholesalex wsx-wholesalex-product","11":"first","12":"outofstock","13":"taxable","14":"shipping-taxable","15":"purchasable","16":"product-type-simple"},"jetpack_sharing_enabled":true,"_links":{"self":[{"href":"https:\/\/naturalook.shop\/fr\/wp-json\/wp\/v2\/product\/33256","targetHints":{"allow":["GET"]}}],"collection":[{"href":"https:\/\/naturalook.shop\/fr\/wp-json\/wp\/v2\/product"}],"about":[{"href":"https:\/\/naturalook.shop\/fr\/wp-json\/wp\/v2\/types\/product"}],"replies":[{"embeddable":true,"href":"https:\/\/naturalook.shop\/fr\/wp-json\/wp\/v2\/comments?post=33256"}],"version-history":[{"count":1,"href":"https:\/\/naturalook.shop\/fr\/wp-json\/wp\/v2\/product\/33256\/revisions"}],"predecessor-version":[{"id":33262,"href":"https:\/\/naturalook.shop\/fr\/wp-json\/wp\/v2\/product\/33256\/revisions\/33262"}],"wp:featuredmedia":[{"embeddable":true,"href":"https:\/\/naturalook.shop\/fr\/wp-json\/wp\/v2\/media\/33251"}],"wp:attachment":[{"href":"https:\/\/naturalook.shop\/fr\/wp-json\/wp\/v2\/media?parent=33256"}],"wp:term":[{"taxonomy":"product_brand","embeddable":true,"href":"https:\/\/naturalook.shop\/fr\/wp-json\/wp\/v2\/product_brand?post=33256"},{"taxonomy":"product_cat","embeddable":true,"href":"https:\/\/naturalook.shop\/fr\/wp-json\/wp\/v2\/product_cat?post=33256"},{"taxonomy":"product_tag","embeddable":true,"href":"https:\/\/naturalook.shop\/fr\/wp-json\/wp\/v2\/product_tag?post=33256"}],"curies":[{"name":"wp","href":"https:\/\/api.w.org\/{rel}","templated":true}]}}