{"id":33337,"date":"2025-10-16T13:53:53","date_gmt":"2025-10-16T17:53:53","guid":{"rendered":"https:\/\/naturalook.shop\/?post_type=product&#038;p=33337"},"modified":"2025-10-23T22:21:52","modified_gmt":"2025-10-24T02:21:52","slug":"maria-nila-brume-capillaire-floral-drift-100ml","status":"publish","type":"product","link":"https:\/\/naturalook.shop\/fr\/produit\/maria-nila-brume-capillaire-floral-drift-100ml\/","title":{"rendered":"MARIA NILA &#8211; Brume capillaire Floral Drift &#8211; 100ml"},"content":{"rendered":"<h1 id=\"maria-nila-floral-drift-hair-mist-100ml--weightles\" class=\"font-display first:mt-xs mb-2 mt-4 font-semimedium text-lg leading-[1.5em] lg:text-xl\">Brume capillaire Floral Drift de Maria Nila 100ml \u2013 Hydratation l\u00e9g\u00e8re et parfum floral<\/h1>\n<p class=\"my-2 [&amp;+p]:mt-4 [&amp;_strong:has(+br)]:inline-block [&amp;_strong:has(+br)]:pb-2\">D\u00e9couvrez la Brume capillaire Floral Drift de Maria Nila \u2014 votre nouvelle touche finale incontournable pour des cheveux hydrat\u00e9s, frais et d\u00e9licieusement parfum\u00e9s. Cette brume ultra-l\u00e9g\u00e8re infuse les m\u00e8ches d&#8217;une hydratation sans poids et d&#8217;un voile d\u00e9licat de parfum pour une finition douce et radieuse.<\/p>\n<h2 class=\"mb-2 mt-4 font-display font-semimedium text-base first:mt-0\">Hydratation et parfum instantan\u00e9s<\/h2>\n<p class=\"my-2 [&amp;+p]:mt-4 [&amp;_strong:has(+br)]:inline-block [&amp;_strong:has(+br)]:pb-2\">Formul\u00e9e avec de l&#8217;aloe vera et de l&#8217;extrait de tournesol, Floral Drift procure une hydratation imm\u00e9diate et une sensation lisse et non collante. Son d\u00e9licat bouquet de pivoine, gard\u00e9nia et prune laisse les cheveux l\u00e9g\u00e8rement parfum\u00e9s, ce qui en fait le produit id\u00e9al \u00e0 utiliser apr\u00e8s le coiffage ou chaque fois que les cheveux ont besoin d&#8217;un coup de fra\u00eecheur parfum\u00e9.<\/p>\n<h2 class=\"mb-2 mt-4 font-display font-semimedium text-base first:mt-0\">Avantages principaux<\/h2>\n<ul class=\"marker:text-quiet list-disc\">\n<li class=\"py-0 my-0 prose-p:pt-0 prose-p:mb-2 prose-p:my-0 [&amp;&gt;p]:pt-0 [&amp;&gt;p]:mb-2 [&amp;&gt;p]:my-0\">\n<p class=\"my-2 [&amp;+p]:mt-4 [&amp;_strong:has(+br)]:inline-block [&amp;_strong:has(+br)]:pb-2\">Hydrate et rafra\u00eechit instantan\u00e9ment les cheveux<\/p>\n<\/li>\n<li class=\"py-0 my-0 prose-p:pt-0 prose-p:mb-2 prose-p:my-0 [&amp;&gt;p]:pt-0 [&amp;&gt;p]:mb-2 [&amp;&gt;p]:my-0\">\n<p class=\"my-2 [&amp;+p]:mt-4 [&amp;_strong:has(+br)]:inline-block [&amp;_strong:has(+br)]:pb-2\">Parfum floral-fruit\u00e9 doux (pivoine, gard\u00e9nia, prune)<\/p>\n<\/li>\n<li class=\"py-0 my-0 prose-p:pt-0 prose-p:mb-2 prose-p:my-0 [&amp;&gt;p]:pt-0 [&amp;&gt;p]:mb-2 [&amp;&gt;p]:my-0\">\n<p class=\"my-2 [&amp;+p]:mt-4 [&amp;_strong:has(+br)]:inline-block [&amp;_strong:has(+br)]:pb-2\">Finition l\u00e9g\u00e8re, non grasse et invisible<\/p>\n<\/li>\n<li class=\"py-0 my-0 prose-p:pt-0 prose-p:mb-2 prose-p:my-0 [&amp;&gt;p]:pt-0 [&amp;&gt;p]:mb-2 [&amp;&gt;p]:my-0\">\n<p class=\"my-2 [&amp;+p]:mt-4 [&amp;_strong:has(+br)]:inline-block [&amp;_strong:has(+br)]:pb-2\">Parfaite comme derni\u00e8re \u00e9tape de votre routine capillaire quotidienne ou comme rafra\u00eechissement en milieu de journ\u00e9e<\/p>\n<\/li>\n<li class=\"py-0 my-0 prose-p:pt-0 prose-p:mb-2 prose-p:my-0 [&amp;&gt;p]:pt-0 [&amp;&gt;p]:mb-2 [&amp;&gt;p]:my-0\">\n<p class=\"my-2 [&amp;+p]:mt-4 [&amp;_strong:has(+br)]:inline-block [&amp;_strong:has(+br)]:pb-2\">100% v\u00e9gane et sans cruaut\u00e9<\/p>\n<\/li>\n<\/ul>\n<h2 class=\"mb-2 mt-4 font-display font-semimedium text-base first:mt-0\">Mode d&#8217;emploi<\/h2>\n<p class=\"my-2 [&amp;+p]:mt-4 [&amp;_strong:has(+br)]:inline-block [&amp;_strong:has(+br)]:pb-2\">Apr\u00e8s le coiffage ou chaque fois que vos cheveux ont besoin d&#8217;un coup de fra\u00eecheur, vaporisez l\u00e9g\u00e8rement Floral Drift sur les cheveux secs ou humides. Une ou deux vaporisations suffisent pour revitaliser les cheveux et profiter d&#8217;un parfum subtil et durable.<\/p>\n<h2 class=\"mb-2 mt-4 font-display font-semimedium text-base first:mt-0\">Ingr\u00e9dients<\/h2>\n<p class=\"my-2 [&amp;+p]:mt-4 [&amp;_strong:has(+br)]:inline-block [&amp;_strong:has(+br)]:pb-2\">Aqua (Eau), Oleth-20, Laureth-23, Polysorbate 20, Parfum (Fragrance), Aloe Barbadensis Leaf Extract, Helianthus Annuus (Tournesol) Seed Extract, Glycerin, Cetrimonium Chloride, Quaternium-95, Caprylyl Glycol, Butylene Glycol, Propanediol, Pentaerythrityl Tetra-Di-T-Butyl Hydroxyhydrocinnamate, Tris(Tetramethylhydroxypiperidinol) Citrate, Citric Acid, Alcohol, Potassium Sorbate, Sodium Benzoate, Citronellol, Citrus Aurantium Bergamia Peel Oil, Limonene, Linalool, Linalyl Acetate, Pinene, Tetramethyl Acetyloctahydronaphthalenes, Phenoxyethanol<\/p>\n<hr class=\"bg-subtle h-px border-0\" \/>\n<p class=\"my-2 [&amp;+p]:mt-4 [&amp;_strong:has(+br)]:inline-block [&amp;_strong:has(+br)]:pb-2\">Parfaite pour toute personne recherchant des cheveux doux et soyeux au toucher avec un parfum floral durable et une hydratation l\u00e9g\u00e8re, o\u00f9 que la journ\u00e9e vous m\u00e8ne.<\/p>\n","protected":false},"excerpt":{"rendered":"<p>Une brume capillaire rafra\u00eechissante et hydratante aux notes florales-fruit\u00e9es douces de pivoine, gard\u00e9nia et prune.<\/p>\n","protected":false},"featured_media":33341,"comment_status":"open","ping_status":"closed","template":"","meta":{"_glsr_average":0,"_glsr_ranking":0,"_glsr_reviews":0},"product_brand":[904],"product_cat":[83,615],"product_tag":[],"class_list":{"0":"post-33337","1":"product","2":"type-product","3":"status-publish","4":"has-post-thumbnail","6":"product_brand-maria-nila","7":"product_cat-soins-a-domicile","8":"product_cat-stylisant","9":"_wholesalex wsx-wholesalex-product","11":"first","12":"instock","13":"taxable","14":"shipping-taxable","15":"purchasable","16":"product-type-simple"},"jetpack_sharing_enabled":true,"_links":{"self":[{"href":"https:\/\/naturalook.shop\/fr\/wp-json\/wp\/v2\/product\/33337","targetHints":{"allow":["GET"]}}],"collection":[{"href":"https:\/\/naturalook.shop\/fr\/wp-json\/wp\/v2\/product"}],"about":[{"href":"https:\/\/naturalook.shop\/fr\/wp-json\/wp\/v2\/types\/product"}],"replies":[{"embeddable":true,"href":"https:\/\/naturalook.shop\/fr\/wp-json\/wp\/v2\/comments?post=33337"}],"version-history":[{"count":1,"href":"https:\/\/naturalook.shop\/fr\/wp-json\/wp\/v2\/product\/33337\/revisions"}],"predecessor-version":[{"id":33345,"href":"https:\/\/naturalook.shop\/fr\/wp-json\/wp\/v2\/product\/33337\/revisions\/33345"}],"wp:featuredmedia":[{"embeddable":true,"href":"https:\/\/naturalook.shop\/fr\/wp-json\/wp\/v2\/media\/33341"}],"wp:attachment":[{"href":"https:\/\/naturalook.shop\/fr\/wp-json\/wp\/v2\/media?parent=33337"}],"wp:term":[{"taxonomy":"product_brand","embeddable":true,"href":"https:\/\/naturalook.shop\/fr\/wp-json\/wp\/v2\/product_brand?post=33337"},{"taxonomy":"product_cat","embeddable":true,"href":"https:\/\/naturalook.shop\/fr\/wp-json\/wp\/v2\/product_cat?post=33337"},{"taxonomy":"product_tag","embeddable":true,"href":"https:\/\/naturalook.shop\/fr\/wp-json\/wp\/v2\/product_tag?post=33337"}],"curies":[{"name":"wp","href":"https:\/\/api.w.org\/{rel}","templated":true}]}}