{"id":33656,"date":"2025-10-22T12:57:37","date_gmt":"2025-10-22T16:57:37","guid":{"rendered":"https:\/\/naturalook.shop\/?post_type=product&#038;p=33656"},"modified":"2026-02-16T16:41:29","modified_gmt":"2026-02-16T21:41:29","slug":"dr-sorbie-lait-revitalisant-hydratant-therapie-75ml","status":"publish","type":"product","link":"https:\/\/naturalook.shop\/fr\/produit\/dr-sorbie-lait-revitalisant-hydratant-therapie-75ml\/","title":{"rendered":"DR.SORBIE &#8211; LAIT REVITALISANT HYDRATANT TH\u00c9RAPIE &#8211; 75ml"},"content":{"rendered":"<h2><b>Hydratation th\u00e9rapeutique pour tous types de cheveux<\/b><\/h2>\n<p><span style=\"font-weight: 400;\">D\u00e9couvrez la puissance de l\u2019hydratation th\u00e9rapeutique avec le LAIT REVITALISANT HYDRATANT TH\u00c9RAPIE de Dr. Sorbie, un traitement r\u00e9volutionnaire qui transforme les cheveux secs et ab\u00eem\u00e9s en une chevelure douce et soyeuse. Cette formule \u00e9quilibr\u00e9e unique apporte des oligo-\u00e9l\u00e9ments essentiels et une hydratation profonde pour un soin instantan\u00e9 et une protection durable.<\/span><\/p>\n<h3><b>Technologie de transformation instantan\u00e9e<\/b><\/h3>\n<p><b>R\u00e9sultats imm\u00e9diats<\/b><span style=\"font-weight: 400;\"> Constatez la diff\u00e9rence d\u00e8s la premi\u00e8re application. Ce lait revitalisant th\u00e9rapeutique sature la fibre capillaire de nutriments et d\u2019hydratation, rendant la chevelure visiblement plus saine et facile \u00e0 coiffer d\u00e8s la premi\u00e8re utilisation.<\/span><br \/>\n<b>Formule \u00e9quilibr\u00e9e unique<\/b><span style=\"font-weight: 400;\"> Formul\u00e9e scientifiquement pour offrir le parfait \u00e9quilibre entre nutrition et hydratation sans alourdir, adapt\u00e9e \u00e0 une utilisation quotidienne sur tous types et \u00e9tats de cheveux.<\/span><\/p>\n<h3><b>Syst\u00e8me avanc\u00e9 de protection thermique<\/b><\/h3>\n<p><b>Technologie film protecteur<\/b><span style=\"font-weight: 400;\"> Les ingr\u00e9dients bioactifs cr\u00e9ent un film thermique ultra-mince \u00e0 la surface du cheveu qui :<\/span><\/p>\n<ul>\n<li style=\"font-weight: 400;\" aria-level=\"1\"><span style=\"font-weight: 400;\">Maintient des niveaux optimaux d\u2019hydratation et de nutriments \u00e0 l\u2019int\u00e9rieur de la fibre<\/span><\/li>\n<li style=\"font-weight: 400;\" aria-level=\"1\"><span style=\"font-weight: 400;\">Prot\u00e8ge de fa\u00e7on fiable contre les dommages thermiques lors de la mise en forme<\/span><\/li>\n<li style=\"font-weight: 400;\" aria-level=\"1\"><span style=\"font-weight: 400;\">Fait \u00e9cran contre les rayons UV et le stress environnemental<\/span><\/li>\n<li style=\"font-weight: 400;\" aria-level=\"1\"><span style=\"font-weight: 400;\">D\u00e9fend contre les radicaux libres<\/span><\/li>\n<\/ul>\n<p><b>Volume &amp; protection toute la journ\u00e9e<\/b><span style=\"font-weight: 400;\"> Pr\u00e9serve volume et beaut\u00e9 toute la journ\u00e9e, peu importe l\u2019environnement ou le coiffage.<\/span><\/p>\n<h3><b>Complexe min\u00e9ral de la mer Morte<\/b><\/h3>\n<p><b>Oligo-\u00e9l\u00e9ments essentiels<\/b><span style=\"font-weight: 400;\"> Riche en pr\u00e9cieux min\u00e9raux de la mer Morte qui p\u00e9n\u00e8trent au c\u0153ur de la fibre, restaurant \u00e9quilibre, force et vitalit\u00e9 de l\u2019int\u00e9rieur.<\/span><br \/>\n<b>R\u00e9paration structurelle compl\u00e8te<\/b><span style=\"font-weight: 400;\"> Offre d\u2019excellents r\u00e9sultats r\u00e9parateurs sur toute la longueur \u2013 des racines aux pointes \u2013 renfor\u00e7ant la structure du cheveu, pour une douceur, maniabilit\u00e9 et texture satin\u00e9e accrues.<\/span><\/p>\n<h3><b>Nutrition superaliments<\/b><\/h3>\n<p><b>Antioxydants puissants<\/b><span style=\"font-weight: 400;\"> Kiwi, grenade, cerise et tomate fournissent une protection antioxydante tout en nourrissant avec vitamines et min\u00e9raux.<\/span><br \/>\n<b>Complexe hydratation tropicale<\/b><span style=\"font-weight: 400;\"> Huile de coco, extraits de p\u00eache et concombre offrent une hydratation profonde et un \u00e9clat tropical sans alourdir.<\/span><br \/>\n<b>Botaniques \u00e9nergisants<\/b><span style=\"font-weight: 400;\"> Gingembre et \u00e9corce d\u2019orange stimulent la microcirculation du cuir chevelu tout en procurant des bienfaits aromath\u00e9rapie naturels.<\/span><\/p>\n<h3><b>Th\u00e9rapie professionnelle par les prot\u00e9ines<\/b><\/h3>\n<p><b>K\u00e9ratine hydrolys\u00e9e<\/b><span style=\"font-weight: 400;\"> Reconstruit la structure ab\u00eem\u00e9e de l\u2019int\u00e9rieur, comble les fissures de la cuticule, pour des cheveux plus lisses et plus forts.<\/span><br \/>\n<b>Prot\u00e9ine v\u00e9g\u00e9tale hydrolys\u00e9e<\/b><span style=\"font-weight: 400;\"> Prot\u00e9ines v\u00e9g\u00e9tales pour un conditionnement l\u00e9ger tout en pr\u00e9servant le mouvement naturel.<\/span><br \/>\n<b>Prot\u00e9ines de soie<\/b><span style=\"font-weight: 400;\"> Apportent douceur luxueuse et \u00e9clat naturel tout en prot\u00e9geant des agressions ext\u00e9rieures.<\/span><\/p>\n<h3><b>Soins multi-vitamines<\/b><\/h3>\n<p><b>Vitamine B5 (Panth\u00e9nol)<\/b><span style=\"font-weight: 400;\"> P\u00e9n\u00e8tre la fibre pour y infuser hydratation et flexibilit\u00e9 tout en rehaussant la brillance.<\/span><br \/>\n<b>Vitamine E<\/b><span style=\"font-weight: 400;\"> Puissant antioxydant qui prot\u00e8ge l\u2019\u00e9clat de la couleur et pr\u00e9vient le vieillissement capillaire pr\u00e9matur\u00e9.<\/span><br \/>\n<b>Vitamine C<\/b><span style=\"font-weight: 400;\"> Rehausse \u00e9clat et pousse saine tout en prot\u00e9geant contre les agressions ext\u00e9rieures.<\/span><\/p>\n<h3><b>B\u00e9n\u00e9fices sp\u00e9cialis\u00e9s<\/b><\/h3>\n<p><b>Protection de la couleur<\/b><span style=\"font-weight: 400;\"> Un usage r\u00e9gulier pr\u00e9serve saturation et \u00e9clat des colorations, prolongeant la vie et la vibrance du salon.<\/span><br \/>\n<b>Formule anti-statique<\/b><span style=\"font-weight: 400;\"> \u00c9limine \u00e9lectricit\u00e9 statique et frisottis, pour un coiffage lisse, sans alourdir.<\/span><br \/>\n<b>Application facile<\/b><span style=\"font-weight: 400;\"> Se rince \u00e0 l\u2019eau ti\u00e8de, sans r\u00e9sidus, pour un soin longue dur\u00e9e.<\/span><\/p>\n<h3><b>Th\u00e9rapie au th\u00e9 vert &amp; aloe<\/b><\/h3>\n<p><b>Extrait de feuille de th\u00e9 vert<\/b><span style=\"font-weight: 400;\"> Protection antioxydante, apaise le cuir chevelu et ajoute \u00e9clat naturel.<\/span><br \/>\n<b>Jus de feuille d\u2019aloe vera<\/b><span style=\"font-weight: 400;\"> Hydrate et apaise tout en nourrissant les cuirs chevelus sensibilis\u00e9s.<\/span><br \/>\n<b>Extrait d\u2019algue dunaliella<\/b><span style=\"font-weight: 400;\"> Super-algue marine riche en min\u00e9raux essentiels et favorisant la pousse saine.<\/span><\/p>\n<h3><b>Soin quotidien d\u2019exception<\/b><\/h3>\n<p><b>Id\u00e9al pour tout type de cheveu<\/b><span style=\"font-weight: 400;\"> Cheveux fins, \u00e9pais, boucl\u00e9s, lisses, color\u00e9s ou trait\u00e9s chimiquement \u2013 ce lait conditionneur offre des bienfaits sur mesure.<\/span><br \/>\n<b>R\u00e9sultat professionnel \u00e0 domicile<\/b><span style=\"font-weight: 400;\"> Retrouvez une qualit\u00e9 salon \u00e0 chaque application et transformez votre routine quotidienne en exp\u00e9rience spa th\u00e9rapeutique.<\/span><\/p>\n<h3><b>Pourquoi choisir MOISTURE THERAPY<\/b><\/h3>\n<p><b>R\u00e9sultat visible imm\u00e9diat :<\/b><span style=\"font-weight: 400;\"> Am\u00e9lioration d\u00e8s la premi\u00e8re utilisation <\/span><b>Formule universelle :<\/b><span style=\"font-weight: 400;\"> Id\u00e9al pour tous types et \u00e9tats de cheveux <\/span><b>Qualit\u00e9 th\u00e9rapeutique :<\/b><span style=\"font-weight: 400;\"> Ingr\u00e9dients et formulation professionnels <\/span><b>Respect de la couleur :<\/b><span style=\"font-weight: 400;\"> Pr\u00e9serve et sublime la couleur <\/span><b>Usage quotidien :<\/b><span style=\"font-weight: 400;\"> Assez doux pour une utilisation journali\u00e8re <\/span><b>Soin complet :<\/b><span style=\"font-weight: 400;\"> Hydratation, protection et style r\u00e9unis<\/span><br \/>\n<b>Transformez votre routine capillaire avec le LAIT REVITALISANT HYDRATANT TH\u00c9RAPIE \u2013 l\u00e0 o\u00f9 la science du soin rencontre le luxe au quotidien.<\/b><br \/>\n<i><span style=\"font-weight: 400;\">Pour un r\u00e9sultat optimal, utiliser quotidiennement apr\u00e8s le shampoing. Compl\u00e9tez avec les produits coiffants Dr. Sorbie pour un rituel complet.<\/span><\/i><\/p>\n","protected":false},"excerpt":{"rendered":"<div class=\"prose text-pretty dark:prose-invert inline leading-relaxed break-words min-w-0 [word-break:break-word] prose-strong:font-medium\">\n<p class=\"my-2 [&amp;+p]:mt-4 [&amp;_strong:has(+br)]:inline-block [&amp;_strong:has(+br)]:pb-2\">TECHNOLOGIE DE TRANSFORMATION INSTANTAN\u00c9E<\/p>\n<\/div>\n","protected":false},"featured_media":33659,"comment_status":"open","ping_status":"closed","template":"","meta":{"_glsr_average":0,"_glsr_ranking":0,"_glsr_reviews":0},"product_brand":[890],"product_cat":[610],"product_tag":[],"class_list":{"0":"post-33656","1":"product","2":"type-product","3":"status-publish","4":"has-post-thumbnail","6":"product_brand-dr-sorbie","7":"product_cat-revitalisant","8":"_wholesalex wsx-wholesalex-product","10":"first","11":"instock","12":"taxable","13":"shipping-taxable","14":"purchasable","15":"product-type-simple"},"jetpack_sharing_enabled":true,"_links":{"self":[{"href":"https:\/\/naturalook.shop\/fr\/wp-json\/wp\/v2\/product\/33656","targetHints":{"allow":["GET"]}}],"collection":[{"href":"https:\/\/naturalook.shop\/fr\/wp-json\/wp\/v2\/product"}],"about":[{"href":"https:\/\/naturalook.shop\/fr\/wp-json\/wp\/v2\/types\/product"}],"replies":[{"embeddable":true,"href":"https:\/\/naturalook.shop\/fr\/wp-json\/wp\/v2\/comments?post=33656"}],"version-history":[{"count":1,"href":"https:\/\/naturalook.shop\/fr\/wp-json\/wp\/v2\/product\/33656\/revisions"}],"predecessor-version":[{"id":33661,"href":"https:\/\/naturalook.shop\/fr\/wp-json\/wp\/v2\/product\/33656\/revisions\/33661"}],"wp:featuredmedia":[{"embeddable":true,"href":"https:\/\/naturalook.shop\/fr\/wp-json\/wp\/v2\/media\/33659"}],"wp:attachment":[{"href":"https:\/\/naturalook.shop\/fr\/wp-json\/wp\/v2\/media?parent=33656"}],"wp:term":[{"taxonomy":"product_brand","embeddable":true,"href":"https:\/\/naturalook.shop\/fr\/wp-json\/wp\/v2\/product_brand?post=33656"},{"taxonomy":"product_cat","embeddable":true,"href":"https:\/\/naturalook.shop\/fr\/wp-json\/wp\/v2\/product_cat?post=33656"},{"taxonomy":"product_tag","embeddable":true,"href":"https:\/\/naturalook.shop\/fr\/wp-json\/wp\/v2\/product_tag?post=33656"}],"curies":[{"name":"wp","href":"https:\/\/api.w.org\/{rel}","templated":true}]}}