{"id":33724,"date":"2025-10-22T13:31:01","date_gmt":"2025-10-22T17:31:01","guid":{"rendered":"https:\/\/naturalook.shop\/?post_type=product&#038;p=33724"},"modified":"2026-02-16T16:41:25","modified_gmt":"2026-02-16T21:41:25","slug":"dr-sorbie-shampoing-volume-therapie-1l","status":"publish","type":"product","link":"https:\/\/naturalook.shop\/fr\/produit\/dr-sorbie-shampoing-volume-therapie-1l\/","title":{"rendered":"DR.SORBIE &#8211; SHAMPOING VOLUME TH\u00c9RAPIE &#8211; 1L"},"content":{"rendered":"<h2><b>Formule th\u00e9rapeutique volumatrice pour un maximum de racines<\/b><\/h2>\n<p><span style=\"font-weight: 400;\">D\u00e9couvrez une m\u00e9tamorphose instantan\u00e9e du volume avec le SHAMPOING VOLUME TH\u00c9RAPIE de Dr. Sorbie. Cette formule th\u00e9rapeutique r\u00e9volutionnaire offre un effet racines a\u00e9rien spectaculaire et une pl\u00e9nitude durable sur cheveux fins ou fragilis\u00e9s. Ce shampoing anti-chlore nouvelle g\u00e9n\u00e9ration apporte du volume visible d\u00e8s le premier lavage tout en renfor\u00e7ant la densit\u00e9 sur le long terme.<\/span><\/p>\n<h3><b>Technologie racines volume r\u00e9volutionnaire<\/b><\/h3>\n<p><b>Renforcement synergique du volume<\/b><span style=\"font-weight: 400;\"> L\u2019interaction bio-active permet :<\/span><\/p>\n<ul>\n<li style=\"font-weight: 400;\" aria-level=\"1\"><span style=\"font-weight: 400;\">Ferme et \u00e9lasticit\u00e9 racinaires retrouv\u00e9es<\/span><\/li>\n<li style=\"font-weight: 400;\" aria-level=\"1\"><span style=\"font-weight: 400;\">Volume racine intensifi\u00e9 et lift spectaculaire<\/span><\/li>\n<li style=\"font-weight: 400;\" aria-level=\"1\"><span style=\"font-weight: 400;\">Densit\u00e9 accrue de la racine \u00e0 la pointe<\/span><\/li>\n<li style=\"font-weight: 400;\" aria-level=\"1\"><span style=\"font-weight: 400;\">Volume longue tenue anti-gravit\u00e9<\/span><\/li>\n<\/ul>\n<p><b>R\u00e9sultats imm\u00e9diats<\/b><span style=\"font-weight: 400;\"> D\u00e8s la premi\u00e8re application :<\/span><\/p>\n<ul>\n<li style=\"font-weight: 400;\" aria-level=\"1\"><span style=\"font-weight: 400;\">Effet volume visible en un seul lavage<\/span><\/li>\n<li style=\"font-weight: 400;\" aria-level=\"1\"><span style=\"font-weight: 400;\">Lift racine et effet corps instantan\u00e9<\/span><\/li>\n<li style=\"font-weight: 400;\" aria-level=\"1\"><span style=\"font-weight: 400;\">Pl\u00e9nitude et densit\u00e9 sensiblement accrues<\/span><\/li>\n<li style=\"font-weight: 400;\" aria-level=\"1\"><span style=\"font-weight: 400;\">R\u00e9sultats dignes du salon d\u00e8s le premier shampooing<\/span><\/li>\n<\/ul>\n<h3><b>Syst\u00e8me de nettoyage th\u00e9rapeutique avanc\u00e9<\/b><\/h3>\n<p><b>Protection anti-chlore<\/b><span style=\"font-weight: 400;\"> Formule \u00e9quilibr\u00e9e pour :<\/span><\/p>\n<ul>\n<li style=\"font-weight: 400;\" aria-level=\"1\"><span style=\"font-weight: 400;\">Un nettoyage doux, sans d\u00e9caper ni dess\u00e9cher<\/span><\/li>\n<li style=\"font-weight: 400;\" aria-level=\"1\"><span style=\"font-weight: 400;\">\u00c9limination compl\u00e8te du chlore et des d\u00e9p\u00f4ts min\u00e9raux<\/span><\/li>\n<li style=\"font-weight: 400;\" aria-level=\"1\"><span style=\"font-weight: 400;\">Protection contre les r\u00e9sidus qui plombent le volume<\/span><\/li>\n<li style=\"font-weight: 400;\" aria-level=\"1\"><span style=\"font-weight: 400;\">Efficacit\u00e9 clean beauty avec b\u00e9n\u00e9fices th\u00e9rapeutiques<\/span><\/li>\n<\/ul>\n<p><b>Renforcement structurel en profondeur<\/b><span style=\"font-weight: 400;\"> P\u00e9n\u00e8tre au c\u0153ur de la fibre pour :<\/span><\/p>\n<ul>\n<li style=\"font-weight: 400;\" aria-level=\"1\"><span style=\"font-weight: 400;\">Gorger la chevelure d\u2019oligo-\u00e9l\u00e9ments volumateurs<\/span><\/li>\n<li style=\"font-weight: 400;\" aria-level=\"1\"><span style=\"font-weight: 400;\">R\u00e9parer les zones ab\u00eem\u00e9es de l\u2019int\u00e9rieur<\/span><\/li>\n<li style=\"font-weight: 400;\" aria-level=\"1\"><span style=\"font-weight: 400;\">Restaurer la structure affaiblie<\/span><\/li>\n<li style=\"font-weight: 400;\" aria-level=\"1\"><span style=\"font-weight: 400;\">Cr\u00e9er la base d\u2019un volume durable<\/span><\/li>\n<\/ul>\n<h3><b>Protection chaleur &amp; boost coiffage<\/b><\/h3>\n<p><b>Film thermo-protecteur<\/b><span style=\"font-weight: 400;\"> Cr\u00e9e un film ultra-fin qui :<\/span><\/p>\n<ul>\n<li style=\"font-weight: 400;\" aria-level=\"1\"><span style=\"font-weight: 400;\">Lisse les cuticules pour une r\u00e9flexion-volume optimale<\/span><\/li>\n<li style=\"font-weight: 400;\" aria-level=\"1\"><span style=\"font-weight: 400;\">Conserve l\u2019hydratation pour entretenir la mati\u00e8re<\/span><\/li>\n<li style=\"font-weight: 400;\" aria-level=\"1\"><span style=\"font-weight: 400;\">Prot\u00e8ge des dommages thermiques li\u00e9s au coiffage<\/span><\/li>\n<li style=\"font-weight: 400;\" aria-level=\"1\"><span style=\"font-weight: 400;\">Effets prolong\u00e9s durant toute la coiffure<\/span><\/li>\n<\/ul>\n<p><b>Maintien styling prolong\u00e9<\/b><span style=\"font-weight: 400;\"> Technologie qui garantit :<\/span><\/p>\n<ul>\n<li style=\"font-weight: 400;\" aria-level=\"1\"><span style=\"font-weight: 400;\">Long\u00e9vit\u00e9 du volume et de la tenue<\/span><\/li>\n<li style=\"font-weight: 400;\" aria-level=\"1\"><span style=\"font-weight: 400;\">Pl\u00e9nitude assur\u00e9e toute la journ\u00e9e<\/span><\/li>\n<li style=\"font-weight: 400;\" aria-level=\"1\"><span style=\"font-weight: 400;\">Texture professionnelle longtemps pr\u00e9serv\u00e9e<\/span><\/li>\n<li style=\"font-weight: 400;\" aria-level=\"1\"><span style=\"font-weight: 400;\">Facilit\u00e9 de coiffage, r\u00e9sultat durable<\/span><\/li>\n<\/ul>\n<h3><b>Complexe multi-prot\u00e9ines volume<\/b><\/h3>\n<p><b>K\u00e9ratine hydrolys\u00e9e<\/b><span style=\"font-weight: 400;\"> Reconstruction professionnelle qui :<\/span><\/p>\n<ul>\n<li style=\"font-weight: 400;\" aria-level=\"1\"><span style=\"font-weight: 400;\">Reconstruit la fibre affin\u00e9e pour plus de densit\u00e9<\/span><\/li>\n<li style=\"font-weight: 400;\" aria-level=\"1\"><span style=\"font-weight: 400;\">Solidifie les m\u00e8ches affaiblies d\u00e8s la base<\/span><\/li>\n<li style=\"font-weight: 400;\" aria-level=\"1\"><span style=\"font-weight: 400;\">Fondation d\u2019un volume durable et solide<\/span><\/li>\n<li style=\"font-weight: 400;\" aria-level=\"1\"><span style=\"font-weight: 400;\">Optimise la sant\u00e9 et l\u2019aspect g\u00e9n\u00e9ral<\/span><\/li>\n<\/ul>\n<p><b>Prot\u00e9ine de bl\u00e9 hydrolys\u00e9e<\/b><span style=\"font-weight: 400;\"> Volume a\u00e9rien sans alourdir :<\/span><\/p>\n<ul>\n<li style=\"font-weight: 400;\" aria-level=\"1\"><span style=\"font-weight: 400;\">Corps sans effet lourd sur cheveux fins<\/span><\/li>\n<li style=\"font-weight: 400;\" aria-level=\"1\"><span style=\"font-weight: 400;\">Fibre renforc\u00e9e pour plus de pl\u00e9nitude<\/span><\/li>\n<li style=\"font-weight: 400;\" aria-level=\"1\"><span style=\"font-weight: 400;\">Volume naturel, texture amplifi\u00e9e<\/span><\/li>\n<li style=\"font-weight: 400;\" aria-level=\"1\"><span style=\"font-weight: 400;\">Effet densit\u00e9 qui dure<\/span><\/li>\n<\/ul>\n<p><b>Prot\u00e9ine de soja hydrolys\u00e9e<\/b><span style=\"font-weight: 400;\"> Syst\u00e8me v\u00e9g\u00e9tal fortifiant :<\/span><\/p>\n<ul>\n<li style=\"font-weight: 400;\" aria-level=\"1\"><span style=\"font-weight: 400;\">Construit la densit\u00e9 par les prot\u00e9ines d\u00e9pos\u00e9es<\/span><\/li>\n<li style=\"font-weight: 400;\" aria-level=\"1\"><span style=\"font-weight: 400;\">Favorise \u00e9lasticit\u00e9 et r\u00e9silience<\/span><\/li>\n<li style=\"font-weight: 400;\" aria-level=\"1\"><span style=\"font-weight: 400;\">Volume durablement reconstitu\u00e9<\/span><\/li>\n<li style=\"font-weight: 400;\" aria-level=\"1\"><span style=\"font-weight: 400;\">Soutien la croissance saine<\/span><\/li>\n<\/ul>\n<p><b>Collag\u00e8ne hydrolys\u00e9<\/b><span style=\"font-weight: 400;\"> Prot\u00e9ine volumatrice premium :<\/span><\/p>\n<ul>\n<li style=\"font-weight: 400;\" aria-level=\"1\"><span style=\"font-weight: 400;\">\u00c9paissit la fibre capillaire pour plus de corps<\/span><\/li>\n<li style=\"font-weight: 400;\" aria-level=\"1\"><span style=\"font-weight: 400;\">Apporte rebond, densit\u00e9, aspect luxueux<\/span><\/li>\n<li style=\"font-weight: 400;\" aria-level=\"1\"><span style=\"font-weight: 400;\">Ressort optimis\u00e9 et souplesse retrouv\u00e9e<\/span><\/li>\n<li style=\"font-weight: 400;\" aria-level=\"1\"><span style=\"font-weight: 400;\">Texture uniforme et dense, r\u00e9sultat professionnel<\/span><\/li>\n<\/ul>\n<h3><b>Complexe botanique cuir chevelu<\/b><\/h3>\n<p><b>Extrait de bardane<\/b><span style=\"font-weight: 400;\"> Renforce naturellement le cuir chevelu :<\/span><\/p>\n<ul>\n<li style=\"font-weight: 400;\" aria-level=\"1\"><span style=\"font-weight: 400;\">Stimule croissance et densit\u00e9<\/span><\/li>\n<li style=\"font-weight: 400;\" aria-level=\"1\"><span style=\"font-weight: 400;\">Nourrit les follicules capillaires<\/span><\/li>\n<li style=\"font-weight: 400;\" aria-level=\"1\"><span style=\"font-weight: 400;\">Nettoie en douceur, sans ass\u00e9cher<\/span><\/li>\n<li style=\"font-weight: 400;\" aria-level=\"1\"><span style=\"font-weight: 400;\">Cuir chevelu sain = volume durable<\/span><\/li>\n<\/ul>\n<p><b>Extrait d\u2019ortie<\/b><span style=\"font-weight: 400;\"> Soin min\u00e9ral riche :<\/span><\/p>\n<ul>\n<li style=\"font-weight: 400;\" aria-level=\"1\"><span style=\"font-weight: 400;\">Nutriments essentiels \u00e0 la force<\/span><\/li>\n<li style=\"font-weight: 400;\" aria-level=\"1\"><span style=\"font-weight: 400;\">Favorise la circulation pour stimuler la pousse<\/span><\/li>\n<li style=\"font-weight: 400;\" aria-level=\"1\"><span style=\"font-weight: 400;\">Volume naturel et durable<\/span><\/li>\n<li style=\"font-weight: 400;\" aria-level=\"1\"><span style=\"font-weight: 400;\">Cuir chevelu \u00e9quilibr\u00e9 et hydrat\u00e9<\/span><\/li>\n<\/ul>\n<p><b>Extrait d\u2019algue rouge irlandaise<\/b><span style=\"font-weight: 400;\"> Booster marin du volume :<\/span><\/p>\n<ul>\n<li style=\"font-weight: 400;\" aria-level=\"1\"><span style=\"font-weight: 400;\">Apporte oligo-\u00e9l\u00e9ments densifiants<\/span><\/li>\n<li style=\"font-weight: 400;\" aria-level=\"1\"><span style=\"font-weight: 400;\">Nourriture profonde des longueurs affin\u00e9es<\/span><\/li>\n<li style=\"font-weight: 400;\" aria-level=\"1\"><span style=\"font-weight: 400;\">Soutien naturel \u00e0 la construction du volume<\/span><\/li>\n<li style=\"font-weight: 400;\" aria-level=\"1\"><span style=\"font-weight: 400;\">Protection fine contre l\u2019oxydation m\u00eame sur cheveux fins<\/span><\/li>\n<\/ul>\n<h3><b>Syst\u00e8me \u00e9quilibre &amp; sant\u00e9 du cuir chevelu<\/b><\/h3>\n<p><b>Anti-inflammatoire apaisant<\/b><span style=\"font-weight: 400;\"> Apporte :<\/span><\/p>\n<ul>\n<li style=\"font-weight: 400;\" aria-level=\"1\"><span style=\"font-weight: 400;\">Soulagement cuirs chevelus sensibles<\/span><\/li>\n<li style=\"font-weight: 400;\" aria-level=\"1\"><span style=\"font-weight: 400;\">Moins d\u2019irritations et meilleure tol\u00e9rance<\/span><\/li>\n<li style=\"font-weight: 400;\" aria-level=\"1\"><span style=\"font-weight: 400;\">Production s\u00e9bac\u00e9e \u00e9quilibr\u00e9e<\/span><\/li>\n<li style=\"font-weight: 400;\" aria-level=\"1\"><span style=\"font-weight: 400;\">Protection antiseptique, pas de dess\u00e8chement<\/span><\/li>\n<\/ul>\n<p><b>Technologie contr\u00f4le du s\u00e9bum<\/b><span style=\"font-weight: 400;\"> Formule avanc\u00e9e qui :<\/span><\/p>\n<ul>\n<li style=\"font-weight: 400;\" aria-level=\"1\"><span style=\"font-weight: 400;\">R\u00e9duit l\u2019exc\u00e8s de s\u00e9bum en racines<\/span><\/li>\n<li style=\"font-weight: 400;\" aria-level=\"1\"><span style=\"font-weight: 400;\">Retarde le regraissage et l\u2019alourdissement<\/span><\/li>\n<li style=\"font-weight: 400;\" aria-level=\"1\"><span style=\"font-weight: 400;\">Pr\u00e9serve le volume sans lourdeur<\/span><\/li>\n<li style=\"font-weight: 400;\" aria-level=\"1\"><span style=\"font-weight: 400;\">Cr\u00e9e l\u2019environnement optimal pour volume durable<\/span><\/li>\n<\/ul>\n<h3><b>Int\u00e9gration huiles luxe<\/b><\/h3>\n<p><b>Huile de coco<\/b><span style=\"font-weight: 400;\"> Huile volumatrice strat\u00e9gique :<\/span><\/p>\n<ul>\n<li style=\"font-weight: 400;\" aria-level=\"1\"><span style=\"font-weight: 400;\">Nourrit sans alourdir la fibre<\/span><\/li>\n<li style=\"font-weight: 400;\" aria-level=\"1\"><span style=\"font-weight: 400;\">\u00c9vite la perte prot\u00e9ique lors du lavage<\/span><\/li>\n<li style=\"font-weight: 400;\" aria-level=\"1\"><span style=\"font-weight: 400;\">Donne corps, brillance et mouvement naturel<\/span><\/li>\n<li style=\"font-weight: 400;\" aria-level=\"1\"><span style=\"font-weight: 400;\">Pr\u00e9serve la sant\u00e9 lors du volume building<\/span><\/li>\n<\/ul>\n<p><b>Huile de babassu<\/b><span style=\"font-weight: 400;\"> Soin br\u00e9silien l\u00e9ger :<\/span><\/p>\n<ul>\n<li style=\"font-weight: 400;\" aria-level=\"1\"><span style=\"font-weight: 400;\">Conditionne en l\u00e9g\u00e8ret\u00e9<\/span><\/li>\n<li style=\"font-weight: 400;\" aria-level=\"1\"><span style=\"font-weight: 400;\">Volume, rebond, mouvement naturel<\/span><\/li>\n<li style=\"font-weight: 400;\" aria-level=\"1\"><span style=\"font-weight: 400;\">Hydrate sans effet gras<\/span><\/li>\n<li style=\"font-weight: 400;\" aria-level=\"1\"><span style=\"font-weight: 400;\">Rend la texture facile \u00e0 coiffer<\/span><\/li>\n<\/ul>\n<h3><b>Vitamines sp\u00e9ciales volume<\/b><\/h3>\n<p><b>Vitamine B5 (Panth\u00e9nol)<\/b><span style=\"font-weight: 400;\"> Vitamine volume par excellence :<\/span><\/p>\n<ul>\n<li style=\"font-weight: 400;\" aria-level=\"1\"><span style=\"font-weight: 400;\">Hydratation profonde pour pl\u00e9nitude<\/span><\/li>\n<li style=\"font-weight: 400;\" aria-level=\"1\"><span style=\"font-weight: 400;\">Souplesse et \u00e9lasticit\u00e9 accrues<\/span><\/li>\n<li style=\"font-weight: 400;\" aria-level=\"1\"><span style=\"font-weight: 400;\">Brillance sans surcharge<\/span><\/li>\n<li style=\"font-weight: 400;\" aria-level=\"1\"><span style=\"font-weight: 400;\">Coiffage facilit\u00e9, r\u00e9sultat professionnel<\/span><\/li>\n<\/ul>\n<p><b>Vitamine C<\/b><span style=\"font-weight: 400;\"> Soutien antioxydant du volume :<\/span><\/p>\n<ul>\n<li style=\"font-weight: 400;\" aria-level=\"1\"><span style=\"font-weight: 400;\">Prot\u00e8ge contre les facteurs anti-volume<\/span><\/li>\n<li style=\"font-weight: 400;\" aria-level=\"1\"><span style=\"font-weight: 400;\">Favorise la microcirculation racinaire<\/span><\/li>\n<li style=\"font-weight: 400;\" aria-level=\"1\"><span style=\"font-weight: 400;\">Mieux fixer densit\u00e9 &amp; actifs<\/span><\/li>\n<li style=\"font-weight: 400;\" aria-level=\"1\"><span style=\"font-weight: 400;\">Optimise la long\u00e9vit\u00e9 du soin<\/span><\/li>\n<\/ul>\n<h3><b>Protocole application avanc\u00e9<\/b><\/h3>\n<p><b>M\u00e9thode professionnelle<\/b><span style=\"font-weight: 400;\"> Pour un volume maximal :<\/span><\/p>\n<ul>\n<li style=\"font-weight: 400;\" aria-level=\"1\"><span style=\"font-weight: 400;\">Lavez 2 fois avec une pose de 5 min chaque fois<\/span><\/li>\n<li style=\"font-weight: 400;\" aria-level=\"1\"><span style=\"font-weight: 400;\">Laissez bien p\u00e9n\u00e9trer les actifs<\/span><\/li>\n<li style=\"font-weight: 400;\" aria-level=\"1\"><span style=\"font-weight: 400;\">Bien rincer pour un volume a\u00e9rien<\/span><\/li>\n<li style=\"font-weight: 400;\" aria-level=\"1\"><span style=\"font-weight: 400;\">Encha\u00eenez avec les soins VOLUME TH\u00c9RAPIE<\/span><\/li>\n<\/ul>\n<p><b>Usage quotidien possible<\/b><span style=\"font-weight: 400;\"> Formule si douce qu\u2019elle peut \u00eatre utilis\u00e9e chaque jour tout en apportant ses bienfaits densifiants et th\u00e9rapeutiques.<\/span><\/p>\n<h3><b>Transformation compl\u00e8te du cheveu<\/b><\/h3>\n<p><b>\u00c9nergie et vitalit\u00e9 retrouv\u00e9es<\/b><span style=\"font-weight: 400;\"> Formule th\u00e9rapeutique qui :<\/span><\/p>\n<ul>\n<li style=\"font-weight: 400;\" aria-level=\"1\"><span style=\"font-weight: 400;\">Redonne \u00e9nergie \u00e0 la fibre d\u00e9licate<\/span><\/li>\n<li style=\"font-weight: 400;\" aria-level=\"1\"><span style=\"font-weight: 400;\">Renforce la fibre contre la casse<\/span><\/li>\n<li style=\"font-weight: 400;\" aria-level=\"1\"><span style=\"font-weight: 400;\">Apparence nettement plus dense et pleine<\/span><\/li>\n<li style=\"font-weight: 400;\" aria-level=\"1\"><span style=\"font-weight: 400;\">\u00c9clat naturel, brillance sant\u00e9 retrouv\u00e9e<\/span><\/li>\n<\/ul>\n<p><b>Volume disciplin\u00e9 &amp; sans surcharge<\/b><span style=\"font-weight: 400;\"> Technologie avanc\u00e9e qui :<\/span><\/p>\n<ul>\n<li style=\"font-weight: 400;\" aria-level=\"1\"><span style=\"font-weight: 400;\">\u00c9limine la statique pour une chevelure ma\u00eetris\u00e9e<\/span><\/li>\n<li style=\"font-weight: 400;\" aria-level=\"1\"><span style=\"font-weight: 400;\">\u00c9vite tout effet plat au fil des heures<\/span><\/li>\n<li style=\"font-weight: 400;\" aria-level=\"1\"><span style=\"font-weight: 400;\">Pr\u00e9serve la vitalit\u00e9 et le mouvement naturel<\/span><\/li>\n<li style=\"font-weight: 400;\" aria-level=\"1\"><span style=\"font-weight: 400;\">Texture professionnelle en toute circonstance<\/span><\/li>\n<\/ul>\n<h3><b>B\u00e9n\u00e9fices volume sur la dur\u00e9e<\/b><\/h3>\n<p><b>Effet volume constant<\/b><span style=\"font-weight: 400;\"> Un usage r\u00e9gulier garantit :<\/span><\/p>\n<ul>\n<li style=\"font-weight: 400;\" aria-level=\"1\"><span style=\"font-weight: 400;\">Effet volume entretenu sur le long terme<\/span><\/li>\n<li style=\"font-weight: 400;\" aria-level=\"1\"><span style=\"font-weight: 400;\">Structure renforc\u00e9e et densit\u00e9 am\u00e9lior\u00e9e<\/span><\/li>\n<li style=\"font-weight: 400;\" aria-level=\"1\"><span style=\"font-weight: 400;\">Performance coiffage et volume assur\u00e9es<\/span><\/li>\n<li style=\"font-weight: 400;\" aria-level=\"1\"><span style=\"font-weight: 400;\">\u00c9paississement durable de la fibre<\/span><\/li>\n<\/ul>\n<p><b>Simplicit\u00e9 coiffage<\/b><span style=\"font-weight: 400;\"> Geste quotidien ultra-simple :<\/span><\/p>\n<ul>\n<li style=\"font-weight: 400;\" aria-level=\"1\"><span style=\"font-weight: 400;\">Se rince facilement \u00e0 l\u2019eau ti\u00e8de<\/span><\/li>\n<li style=\"font-weight: 400;\" aria-level=\"1\"><span style=\"font-weight: 400;\">D\u00e9m\u00ealage rapide sans n\u0153ud<\/span><\/li>\n<li style=\"font-weight: 400;\" aria-level=\"1\"><span style=\"font-weight: 400;\">Facilite styling &amp; tenue professionnelle<\/span><\/li>\n<li style=\"font-weight: 400;\" aria-level=\"1\"><span style=\"font-weight: 400;\">Texture soyeuse et dense<\/span><\/li>\n<\/ul>\n<h3><b>Pourquoi choisir SHAMPOING VOLUME TH\u00c9RAPIE<\/b><\/h3>\n<p><b>R\u00e9sultat imm\u00e9diat :<\/b><span style=\"font-weight: 400;\"> Volume visible d\u00e8s le 1er lavage <\/span><b>Technologie racine :<\/b><span style=\"font-weight: 400;\"> Lift volumateur r\u00e9volutionnaire <\/span><b>Usage quotidien :<\/b><span style=\"font-weight: 400;\"> Formule th\u00e9rapeutique douce pour lavage r\u00e9gulier <\/span><b>Anti-chlore :<\/b><span style=\"font-weight: 400;\"> Protection contre alourdissement\/de\u0301se\u0301paississement <\/span><b>Protocole pro :<\/b><span style=\"font-weight: 400;\"> Double shampooing pour volume maximal <\/span><b>Soin global :<\/b><span style=\"font-weight: 400;\"> Cuir chevelu + volume r\u00e9unis<\/span><br \/>\n<b>Transformez la fibre la plus fine en volume luxe gr\u00e2ce au SHAMPOING VOLUME TH\u00c9RAPIE \u2013 quand la science th\u00e9rapeutique rencontre la performance imm\u00e9diate.<\/b><br \/>\n<i><span style=\"font-weight: 400;\">Shampoing volume th\u00e9rapeutique pour cheveux fins ou fragilis\u00e9s. Usage quotidien possible. Pour un maximum de volume, r\u00e9aliser deux shampooings avec 5 min de pose chaque fois. Existe en 75ml, 400ml, 1000ml.<\/span><\/i><\/p>\n","protected":false},"excerpt":{"rendered":"<div class=\"prose text-pretty dark:prose-invert inline leading-relaxed break-words min-w-0 [word-break:break-word] prose-strong:font-medium\">\n<p class=\"my-2 [&amp;+p]:mt-4 [&amp;_strong:has(+br)]:inline-block [&amp;_strong:has(+br)]:pb-2\">RENFORCEMENT SYNERGIQUE DU VOLUME<\/p>\n<\/div>\n","protected":false},"featured_media":33727,"comment_status":"open","ping_status":"closed","template":"","meta":{"_glsr_average":0,"_glsr_ranking":0,"_glsr_reviews":0},"product_brand":[890],"product_cat":[614],"product_tag":[],"class_list":{"0":"post-33724","1":"product","2":"type-product","3":"status-publish","4":"has-post-thumbnail","6":"product_brand-dr-sorbie","7":"product_cat-shampooing","8":"_wholesalex wsx-wholesalex-product","10":"first","11":"instock","12":"taxable","13":"shipping-taxable","14":"purchasable","15":"product-type-simple"},"jetpack_sharing_enabled":true,"_links":{"self":[{"href":"https:\/\/naturalook.shop\/fr\/wp-json\/wp\/v2\/product\/33724","targetHints":{"allow":["GET"]}}],"collection":[{"href":"https:\/\/naturalook.shop\/fr\/wp-json\/wp\/v2\/product"}],"about":[{"href":"https:\/\/naturalook.shop\/fr\/wp-json\/wp\/v2\/types\/product"}],"replies":[{"embeddable":true,"href":"https:\/\/naturalook.shop\/fr\/wp-json\/wp\/v2\/comments?post=33724"}],"version-history":[{"count":1,"href":"https:\/\/naturalook.shop\/fr\/wp-json\/wp\/v2\/product\/33724\/revisions"}],"predecessor-version":[{"id":33729,"href":"https:\/\/naturalook.shop\/fr\/wp-json\/wp\/v2\/product\/33724\/revisions\/33729"}],"wp:featuredmedia":[{"embeddable":true,"href":"https:\/\/naturalook.shop\/fr\/wp-json\/wp\/v2\/media\/33727"}],"wp:attachment":[{"href":"https:\/\/naturalook.shop\/fr\/wp-json\/wp\/v2\/media?parent=33724"}],"wp:term":[{"taxonomy":"product_brand","embeddable":true,"href":"https:\/\/naturalook.shop\/fr\/wp-json\/wp\/v2\/product_brand?post=33724"},{"taxonomy":"product_cat","embeddable":true,"href":"https:\/\/naturalook.shop\/fr\/wp-json\/wp\/v2\/product_cat?post=33724"},{"taxonomy":"product_tag","embeddable":true,"href":"https:\/\/naturalook.shop\/fr\/wp-json\/wp\/v2\/product_tag?post=33724"}],"curies":[{"name":"wp","href":"https:\/\/api.w.org\/{rel}","templated":true}]}}