{"id":33743,"date":"2025-10-22T14:33:10","date_gmt":"2025-10-22T18:33:10","guid":{"rendered":"https:\/\/naturalook.shop\/?post_type=product&#038;p=33743"},"modified":"2026-02-16T16:41:23","modified_gmt":"2026-02-16T21:41:23","slug":"dr-sorbie-elixir-de-therapie-trichologique-scalp-r-100ml","status":"publish","type":"product","link":"https:\/\/naturalook.shop\/fr\/produit\/dr-sorbie-elixir-de-therapie-trichologique-scalp-r-100ml\/","title":{"rendered":"DR.SORBIE &#8211; \u00c9LIXIR DE TH\u00c9RAPIE TRICHOLOGIQUE SCALP-R &#8211; 100ml"},"content":{"rendered":"<h1><b>\u00c9LIXIR DE TH\u00c9RAPIE TRICHOLOGIQUE SCALP-R<\/b><\/h1>\n<p><span style=\"font-weight: 400;\">\u00c9LIXIR TH\u00c9RAPEUTIQUE POUR TOUS LES TYPES DE CUIR CHEVELU \u2013 Pr\u00e9vention Avanc\u00e9e de la Perte de Cheveux et Sant\u00e9 du Cuir Chevelu<\/span><\/p>\n<p><span style=\"font-weight: 400;\">Restaurez l&#8217;\u00e9quilibre et la vitalit\u00e9 de votre cuir chevelu avec l&#8217;\u00c9lixir de Th\u00e9rapie Trichologique SCALP-R\u2014un s\u00e9rum scientifiquement formul\u00e9 con\u00e7u pour traiter la perte de cheveux, apaiser l&#8217;irritation et fortifier la zone des racines avec de puissants extraits naturels et composants bioactifs. Parfait pour une utilisation quotidienne ou comme r\u00e9gime de traitement intensif.<\/span><\/p>\n<h2><b>Avantages Cl\u00e9s<\/b><\/h2>\n<p><b>Pr\u00e9vient la Perte de Cheveux :<\/b><span style=\"font-weight: 400;\"> Aide \u00e0 bloquer la d\u00e9hydrotestost\u00e9rone (DHT) au niveau du r\u00e9cepteur du follicule pileux, l&#8217;une des principales causes de l&#8217;amincissement et de la perte de cheveux.<\/span><\/p>\n<p><b>Stimule la Croissance et les Fonctions du Cuir Chevelu :<\/b><span style=\"font-weight: 400;\"> Active les follicules pileux, am\u00e9liore la circulation sanguine et soutient la r\u00e9g\u00e9n\u00e9ration des cellules du cuir chevelu pour des cheveux plus sains et plus \u00e9pais.<\/span><\/p>\n<p><b>\u00c9quilibre et Prot\u00e8ge :<\/b><span style=\"font-weight: 400;\"> Nourrit et stabilise le cuir chevelu, prot\u00e9geant contre le stress environnemental, microbien et oxydatif.<\/span><\/p>\n<p><b>Apaise et Gu\u00e9rit :<\/b><span style=\"font-weight: 400;\"> Combat l&#8217;inflammation, l&#8217;irritation et les infections bact\u00e9riennes ou fongiques\u2014id\u00e9al pour ceux qui ont un cuir chevelu sensible, d\u00e9s\u00e9quilibr\u00e9 ou probl\u00e9matique.<\/span><\/p>\n<p><b>Pr\u00e9vention Quotidienne ou Soins Intensifs :<\/b><span style=\"font-weight: 400;\"> Procure des r\u00e9sultats \u00e0 la fois prophylactiques (pr\u00e9ventifs) et th\u00e9rapeutiques, convenant \u00e0 tous les types de peau et conditions du cuir chevelu.<\/span><\/p>\n<h2><b>Description<\/b><\/h2>\n<p><span style=\"font-weight: 400;\">D\u00e9velopp\u00e9 en utilisant la recherche trichologique avanc\u00e9e, l&#8217;\u00c9lixir de Th\u00e9rapie SCALP-R cible la racine des d\u00e9fis de sant\u00e9 du cuir chevelu et de croissance des cheveux. Le s\u00e9rum puissant soutient non seulement la croissance des cheveux, mais r\u00e9duit \u00e9galement la perte de cheveux, apaise l&#8217;inflammation, normalise l&#8217;activit\u00e9 des glandes s\u00e9bac\u00e9es (huile) et cr\u00e9e un environnement antibact\u00e9rien favorable au microbiome.<\/span><\/p>\n<p><span style=\"font-weight: 400;\">L&#8217;\u00e9lixir fonctionne pour :<\/span><\/p>\n<ul>\n<li style=\"font-weight: 400;\" aria-level=\"1\"><span style=\"font-weight: 400;\">Nourrir les follicules pileux, stabilisant le m\u00e9tabolisme \u00e9nerg\u00e9tique et l&#8217;hydratation interne<\/span><span style=\"font-weight: 400;\">\n<p><\/span><\/li>\n<li style=\"font-weight: 400;\" aria-level=\"1\"><span style=\"font-weight: 400;\">Promouvoir la production de collag\u00e8ne et d&#8217;\u00e9lastine pour une r\u00e9silience am\u00e9lior\u00e9e du cuir chevelu<\/span><span style=\"font-weight: 400;\">\n<p><\/span><\/li>\n<li style=\"font-weight: 400;\" aria-level=\"1\"><span style=\"font-weight: 400;\">Soutenir la production et la r\u00e9tention de vitamine C pour une protection antioxydante<\/span><span style=\"font-weight: 400;\">\n<p><\/span><\/li>\n<li style=\"font-weight: 400;\" aria-level=\"1\"><span style=\"font-weight: 400;\">Hydrater et procurer une d\u00e9fense active contre les rayons UV nocifs et la pollution<\/span><span style=\"font-weight: 400;\">\n<p><\/span><\/li>\n<\/ul>\n<h2><b>Ingr\u00e9dients Actifs<\/b><\/h2>\n<p><b>ACIDE AZELIGHT99 :<\/b><span style=\"font-weight: 400;\"> R\u00e9duit l&#8217;inflammation et la prolif\u00e9ration bact\u00e9rienne<\/span><\/p>\n<p><b>L-Glutamine :<\/b><span style=\"font-weight: 400;\"> Nourrit et r\u00e9g\u00e9n\u00e8re les follicules pileux<\/span><\/p>\n<p><b>Chlorophylline de Cuivre Sodique :<\/b><span style=\"font-weight: 400;\"> Anti-inflammatoire et antioxydant naturel<\/span><\/p>\n<p><b>Acide Laurique et Acide F\u00e9rulique :<\/b><span style=\"font-weight: 400;\"> Traitent l&#8217;inflammation, apaisent et prot\u00e8gent<\/span><\/p>\n<p><b>Extraits de Th\u00e9 Vert et de Romarin :<\/b><span style=\"font-weight: 400;\"> Combattent les dommages oxydatifs et am\u00e9liorent la sant\u00e9 du cuir chevelu<\/span><\/p>\n<p><b>Extrait de Scutellaria Lateriflora :<\/b><span style=\"font-weight: 400;\"> Connu pour ses effets anti-inflammatoires et calmants<\/span><\/p>\n<p><b>Triglyc\u00e9ride Caprique :<\/b><span style=\"font-weight: 400;\"> Soutient la barri\u00e8re cutan\u00e9e et la r\u00e9tention d&#8217;hydratation<\/span><\/p>\n<h2><b>Mode d&#8217;Emploi<\/b><\/h2>\n<p><span style=\"font-weight: 400;\">Utilisez quotidiennement comme \u00e9lixir pr\u00e9ventif sans rin\u00e7age, ou dans le cadre d&#8217;un r\u00e9gime de soins intensifs pour les probl\u00e8mes de cuir chevelu et de perte de cheveux. Appliquez directement sur le cuir chevelu et massez doucement\u2014aucun rin\u00e7age requis. Pour de meilleurs r\u00e9sultats, suivez les recommandations de votre professionnel des soins capillaires.<\/span><\/p>\n<h2><b>Convient Pour<\/b><\/h2>\n<ul>\n<li style=\"font-weight: 400;\" aria-level=\"1\"><span style=\"font-weight: 400;\">Tous les types de cuir chevelu et de peau (y compris les cuirs chevelus gras, secs, sensibles, enflamm\u00e9s ou sujets \u00e0 l&#8217;acn\u00e9)<\/span><span style=\"font-weight: 400;\">\n<p><\/span><\/li>\n<li style=\"font-weight: 400;\" aria-level=\"1\"><span style=\"font-weight: 400;\">Ceux qui \u00e9prouvent un amincissement des cheveux, une chute, une irritation du cuir chevelu ou des d\u00e9s\u00e9quilibres<\/span><span style=\"font-weight: 400;\">\n<p><\/span><\/li>\n<li style=\"font-weight: 400;\" aria-level=\"1\"><span style=\"font-weight: 400;\">Toute personne recherchant des cheveux plus sains, plus forts et plus fournis avec un soutien optimal du cuir chevelu<\/span><span style=\"font-weight: 400;\">\n<p><\/span><\/li>\n<\/ul>\n<p><span style=\"font-weight: 400;\">D\u00e9couvrez une nouvelle norme en mati\u00e8re de soins du cuir chevelu avec l&#8217;\u00c9lixir de Th\u00e9rapie Trichologique SCALP-R\u2014pr\u00e9vention compl\u00e8te de la perte de cheveux, gu\u00e9rison et revitalisation, aliment\u00e9es par la science et la nature les plus pures.<\/span><\/p>\n","protected":false},"excerpt":{"rendered":"<div class=\"prose text-pretty dark:prose-invert inline leading-relaxed break-words min-w-0 [word-break:break-word] prose-strong:font-medium\">\n<p class=\"my-2 [&amp;+p]:mt-4 [&amp;_strong:has(+br)]:inline-block [&amp;_strong:has(+br)]:pb-2\"><span style=\"font-weight: 400;\">\u00c9LIXIR TH\u00c9RAPEUTIQUE POUR TOUS LES TYPES DE CUIR CHEVELU<\/span><\/p>\n<\/div>\n","protected":false},"featured_media":33746,"comment_status":"open","ping_status":"closed","template":"","meta":{"_glsr_average":0,"_glsr_ranking":0,"_glsr_reviews":0},"product_brand":[890],"product_cat":[878],"product_tag":[],"class_list":{"0":"post-33743","1":"product","2":"type-product","3":"status-publish","4":"has-post-thumbnail","6":"product_brand-dr-sorbie","7":"product_cat-serum-fr","8":"_wholesalex wsx-wholesalex-product","10":"first","11":"instock","12":"taxable","13":"shipping-taxable","14":"purchasable","15":"product-type-simple"},"jetpack_sharing_enabled":true,"_links":{"self":[{"href":"https:\/\/naturalook.shop\/fr\/wp-json\/wp\/v2\/product\/33743","targetHints":{"allow":["GET"]}}],"collection":[{"href":"https:\/\/naturalook.shop\/fr\/wp-json\/wp\/v2\/product"}],"about":[{"href":"https:\/\/naturalook.shop\/fr\/wp-json\/wp\/v2\/types\/product"}],"replies":[{"embeddable":true,"href":"https:\/\/naturalook.shop\/fr\/wp-json\/wp\/v2\/comments?post=33743"}],"version-history":[{"count":1,"href":"https:\/\/naturalook.shop\/fr\/wp-json\/wp\/v2\/product\/33743\/revisions"}],"predecessor-version":[{"id":33748,"href":"https:\/\/naturalook.shop\/fr\/wp-json\/wp\/v2\/product\/33743\/revisions\/33748"}],"wp:featuredmedia":[{"embeddable":true,"href":"https:\/\/naturalook.shop\/fr\/wp-json\/wp\/v2\/media\/33746"}],"wp:attachment":[{"href":"https:\/\/naturalook.shop\/fr\/wp-json\/wp\/v2\/media?parent=33743"}],"wp:term":[{"taxonomy":"product_brand","embeddable":true,"href":"https:\/\/naturalook.shop\/fr\/wp-json\/wp\/v2\/product_brand?post=33743"},{"taxonomy":"product_cat","embeddable":true,"href":"https:\/\/naturalook.shop\/fr\/wp-json\/wp\/v2\/product_cat?post=33743"},{"taxonomy":"product_tag","embeddable":true,"href":"https:\/\/naturalook.shop\/fr\/wp-json\/wp\/v2\/product_tag?post=33743"}],"curies":[{"name":"wp","href":"https:\/\/api.w.org\/{rel}","templated":true}]}}