{"id":34388,"date":"2025-10-25T21:24:07","date_gmt":"2025-10-26T01:24:07","guid":{"rendered":"https:\/\/naturalook.shop\/product\/prohall-btx-blend-repair-1kg\/"},"modified":"2026-02-16T16:39:01","modified_gmt":"2026-02-16T21:39:01","slug":"prohall-btx-blend-repair-1kg","status":"publish","type":"product","link":"https:\/\/naturalook.shop\/fr\/produit\/prohall-btx-blend-repair-1kg\/","title":{"rendered":"Prohall &#8211; BTX BLEND REPAIR &#8211; 1kg"},"content":{"rendered":"<h2 id=\"what-is-btx-capilar-orgnico-blend-repair\" class=\"mb-2 mt-4 font-display font-semimedium text-base first:mt-0 md:text-lg [hr+&amp;]:mt-4\">Qu&#8217;est-ce que le BTX Capilar Org\u00e2nico Blend Repair?<\/h2>\n<p class=\"my-2 [&amp;+p]:mt-4 [&amp;_strong:has(+br)]:inline-block [&amp;_strong:has(+br)]:pb-2\">Le BTX Capilar Org\u00e2nico Blend Repair de Prohall Professional est un masque Botox capillaire haut de gamme sans formald\u00e9hyde, con\u00e7u pour les professionnels de salon \u00e0 travers le Canada. Ce traitement avanc\u00e9 combine du collag\u00e8ne hydrolys\u00e9, de l&#8217;acide lactique, de l&#8217;huile de coco et la technologie exclusive du syst\u00e8me Lumini pour offrir des r\u00e9sultats transformateurs\u2014hydratant en profondeur les m\u00e8ches fragiles, contr\u00f4lant le volume et scellant les cuticules pour une brillance digne d&#8217;un salon.<\/p>\n<h2 id=\"who-should-use-this-hair-botox-treatment\" class=\"mb-2 mt-4 font-display font-semimedium text-base first:mt-0 md:text-lg [hr+&amp;]:mt-4\">Qui devrait utiliser ce traitement Botox capillaire?<\/h2>\n<p class=\"my-2 [&amp;+p]:mt-4 [&amp;_strong:has(+br)]:inline-block [&amp;_strong:has(+br)]:pb-2\">Le traitement restructure les cheveux endommag\u00e9s de l&#8217;int\u00e9rieur, restaurant l&#8217;\u00e9lasticit\u00e9 et le mouvement tout en offrant une protection durable contre les facteurs de stress environnementaux et le vieillissement pr\u00e9matur\u00e9. Id\u00e9al pour les textures lisses, ondul\u00e9es, boucl\u00e9es et cr\u00e9pues, cette formule polyvalente fonctionne merveilleusement sur les cheveux color\u00e9s et s&#8217;int\u00e8gre parfaitement dans les routines Low Poo et No Poo.<\/p>\n<h2 id=\"hair-botox-benefits\" class=\"mb-2 mt-4 font-display font-semimedium text-base first:mt-0 md:text-lg [hr+&amp;]:mt-4\">Avantages du Botox capillaire<\/h2>\n<ul class=\"marker:text-quiet list-disc\">\n<li class=\"py-0 my-0 prose-p:pt-0 prose-p:mb-2 prose-p:my-0 [&amp;&gt;p]:pt-0 [&amp;&gt;p]:mb-2 [&amp;&gt;p]:my-0\">\n<p class=\"my-2 [&amp;+p]:mt-4 [&amp;_strong:has(+br)]:inline-block [&amp;_strong:has(+br)]:pb-2\">Hydratation intensive et r\u00e9paration structurelle des fibres<\/p>\n<\/li>\n<li class=\"py-0 my-0 prose-p:pt-0 prose-p:mb-2 prose-p:my-0 [&amp;&gt;p]:pt-0 [&amp;&gt;p]:mb-2 [&amp;&gt;p]:my-0\">\n<p class=\"my-2 [&amp;+p]:mt-4 [&amp;_strong:has(+br)]:inline-block [&amp;_strong:has(+br)]:pb-2\">R\u00e9duction significative des frisottis et du volume<\/p>\n<\/li>\n<li class=\"py-0 my-0 prose-p:pt-0 prose-p:mb-2 prose-p:my-0 [&amp;&gt;p]:pt-0 [&amp;&gt;p]:mb-2 [&amp;&gt;p]:my-0\">\n<p class=\"my-2 [&amp;+p]:mt-4 [&amp;_strong:has(+br)]:inline-block [&amp;_strong:has(+br)]:pb-2\">Scellement des cuticules pour une brillance lumineuse effet miroir<\/p>\n<\/li>\n<li class=\"py-0 my-0 prose-p:pt-0 prose-p:mb-2 prose-p:my-0 [&amp;&gt;p]:pt-0 [&amp;&gt;p]:mb-2 [&amp;&gt;p]:my-0\">\n<p class=\"my-2 [&amp;+p]:mt-4 [&amp;_strong:has(+br)]:inline-block [&amp;_strong:has(+br)]:pb-2\">Restaure l&#8217;\u00e9lasticit\u00e9 naturelle, le mouvement et la flexibilit\u00e9<\/p>\n<\/li>\n<li class=\"py-0 my-0 prose-p:pt-0 prose-p:mb-2 prose-p:my-0 [&amp;&gt;p]:pt-0 [&amp;&gt;p]:mb-2 [&amp;&gt;p]:my-0\">\n<p class=\"my-2 [&amp;+p]:mt-4 [&amp;_strong:has(+br)]:inline-block [&amp;_strong:has(+br)]:pb-2\">Protection antioxydante avec propri\u00e9t\u00e9s anti-\u00e2ge<\/p>\n<\/li>\n<li class=\"py-0 my-0 prose-p:pt-0 prose-p:mb-2 prose-p:my-0 [&amp;&gt;p]:pt-0 [&amp;&gt;p]:mb-2 [&amp;&gt;p]:my-0\">\n<p class=\"my-2 [&amp;+p]:mt-4 [&amp;_strong:has(+br)]:inline-block [&amp;_strong:has(+br)]:pb-2\">Prot\u00e8ge les cheveux contre les dommages futurs et la casse<\/p>\n<\/li>\n<li class=\"py-0 my-0 prose-p:pt-0 prose-p:mb-2 prose-p:my-0 [&amp;&gt;p]:pt-0 [&amp;&gt;p]:mb-2 [&amp;&gt;p]:my-0\">\n<p class=\"my-2 [&amp;+p]:mt-4 [&amp;_strong:has(+br)]:inline-block [&amp;_strong:has(+br)]:pb-2\">Application de qualit\u00e9 professionnelle avec r\u00e9sultats durables<\/p>\n<\/li>\n<li class=\"py-0 my-0 prose-p:pt-0 prose-p:mb-2 prose-p:my-0 [&amp;&gt;p]:pt-0 [&amp;&gt;p]:mb-2 [&amp;&gt;p]:my-0\">\n<p class=\"my-2 [&amp;+p]:mt-4 [&amp;_strong:has(+br)]:inline-block [&amp;_strong:has(+br)]:pb-2\">Formulation non test\u00e9e sur les animaux<\/p>\n<\/li>\n<\/ul>\n<h2 id=\"how-to-apply-btx-capilar-orgnico\" class=\"mb-2 mt-4 font-display font-semimedium text-base first:mt-0 md:text-lg [hr+&amp;]:mt-4\">Comment appliquer le BTX Capilar Org\u00e2nico<\/h2>\n<ol class=\"marker:text-quiet list-decimal\">\n<li class=\"py-0 my-0 prose-p:pt-0 prose-p:mb-2 prose-p:my-0 [&amp;&gt;p]:pt-0 [&amp;&gt;p]:mb-2 [&amp;&gt;p]:my-0\">\n<p class=\"my-2 [&amp;+p]:mt-4 [&amp;_strong:has(+br)]:inline-block [&amp;_strong:has(+br)]:pb-2\">Nettoyer les cheveux en profondeur avec un shampoing clarifiant et s\u00e9cher compl\u00e8tement.<\/p>\n<\/li>\n<li class=\"py-0 my-0 prose-p:pt-0 prose-p:mb-2 prose-p:my-0 [&amp;&gt;p]:pt-0 [&amp;&gt;p]:mb-2 [&amp;&gt;p]:my-0\">\n<p class=\"my-2 [&amp;+p]:mt-4 [&amp;_strong:has(+br)]:inline-block [&amp;_strong:has(+br)]:pb-2\">Appliquer le BTX Capilar Org\u00e2nico Blend Repair section par section, en assurant une distribution uniforme.<\/p>\n<\/li>\n<li class=\"py-0 my-0 prose-p:pt-0 prose-p:mb-2 prose-p:my-0 [&amp;&gt;p]:pt-0 [&amp;&gt;p]:mb-2 [&amp;&gt;p]:my-0\">\n<p class=\"my-2 [&amp;+p]:mt-4 [&amp;_strong:has(+br)]:inline-block [&amp;_strong:has(+br)]:pb-2\">Laisser agir selon le type de cheveux et les r\u00e9sultats d\u00e9sir\u00e9s.<\/p>\n<\/li>\n<li class=\"py-0 my-0 prose-p:pt-0 prose-p:mb-2 prose-p:my-0 [&amp;&gt;p]:pt-0 [&amp;&gt;p]:mb-2 [&amp;&gt;p]:my-0\">\n<p class=\"my-2 [&amp;+p]:mt-4 [&amp;_strong:has(+br)]:inline-block [&amp;_strong:has(+br)]:pb-2\">Rincer abondamment.<\/p>\n<\/li>\n<li class=\"py-0 my-0 prose-p:pt-0 prose-p:mb-2 prose-p:my-0 [&amp;&gt;p]:pt-0 [&amp;&gt;p]:mb-2 [&amp;&gt;p]:my-0\">\n<p class=\"my-2 [&amp;+p]:mt-4 [&amp;_strong:has(+br)]:inline-block [&amp;_strong:has(+br)]:pb-2\">S\u00e9cher au s\u00e9choir et terminer avec un fer plat en fines sections pour sceller et fixer le traitement.<\/p>\n<\/li>\n<\/ol>\n<h2 id=\"safety--precautions\" class=\"mb-2 mt-4 font-display font-semimedium text-base first:mt-0 md:text-lg [hr+&amp;]:mt-4\">S\u00e9curit\u00e9 et pr\u00e9cautions<\/h2>\n<ul class=\"marker:text-quiet list-disc\">\n<li class=\"py-0 my-0 prose-p:pt-0 prose-p:mb-2 prose-p:my-0 [&amp;&gt;p]:pt-0 [&amp;&gt;p]:mb-2 [&amp;&gt;p]:my-0\">\n<p class=\"my-2 [&amp;+p]:mt-4 [&amp;_strong:has(+br)]:inline-block [&amp;_strong:has(+br)]:pb-2\">Usage professionnel en salon seulement<\/p>\n<\/li>\n<li class=\"py-0 my-0 prose-p:pt-0 prose-p:mb-2 prose-p:my-0 [&amp;&gt;p]:pt-0 [&amp;&gt;p]:mb-2 [&amp;&gt;p]:my-0\">\n<p class=\"my-2 [&amp;+p]:mt-4 [&amp;_strong:has(+br)]:inline-block [&amp;_strong:has(+br)]:pb-2\">Effectuer un test \u00e9picutan\u00e9 avant l&#8217;application : appliquer le produit sur l&#8217;avant-bras interne ou derri\u00e8re l&#8217;oreille, laisser agir 20 minutes, puis rincer. Cesser l&#8217;utilisation si une irritation se d\u00e9veloppe.<\/p>\n<\/li>\n<li class=\"py-0 my-0 prose-p:pt-0 prose-p:mb-2 prose-p:my-0 [&amp;&gt;p]:pt-0 [&amp;&gt;p]:mb-2 [&amp;&gt;p]:my-0\">\n<p class=\"my-2 [&amp;+p]:mt-4 [&amp;_strong:has(+br)]:inline-block [&amp;_strong:has(+br)]:pb-2\">Entreposer dans un endroit frais, sec et bien ventil\u00e9 \u00e0 l&#8217;abri de la lumi\u00e8re directe du soleil<\/p>\n<\/li>\n<li class=\"py-0 my-0 prose-p:pt-0 prose-p:mb-2 prose-p:my-0 [&amp;&gt;p]:pt-0 [&amp;&gt;p]:mb-2 [&amp;&gt;p]:my-0\">\n<p class=\"my-2 [&amp;+p]:mt-4 [&amp;_strong:has(+br)]:inline-block [&amp;_strong:has(+br)]:pb-2\">\u00c9viter le contact avec les yeux. En cas de contact, rincer imm\u00e9diatement avec beaucoup d&#8217;eau<\/p>\n<\/li>\n<li class=\"py-0 my-0 prose-p:pt-0 prose-p:mb-2 prose-p:my-0 [&amp;&gt;p]:pt-0 [&amp;&gt;p]:mb-2 [&amp;&gt;p]:my-0\">\n<p class=\"my-2 [&amp;+p]:mt-4 [&amp;_strong:has(+br)]:inline-block [&amp;_strong:has(+br)]:pb-2\">Les professionnelles enceintes ou allaitantes devraient consulter un fournisseur de soins de sant\u00e9 avant de manipuler ce produit<\/p>\n<\/li>\n<\/ul>\n","protected":false},"excerpt":{"rendered":"<div class=\"prose dark:prose-invert inline leading-relaxed break-words min-w-0 [word-break:break-word] prose-strong:font-medium\">\n<div class=\"prose dark:prose-invert inline leading-relaxed break-words min-w-0 [word-break:break-word] prose-strong:font-medium\">\n<p class=\"my-2 [&amp;+p]:mt-4 [&amp;_strong:has(+br)]:inline-block [&amp;_strong:has(+br)]:pb-2\"><span class=\"group-hover\/language-learning:border-foreground border-subtle cursor-pointer hyphens-auto break-words border-b-2 border-dotted outline-none transition-colors duration-200 ease-out font-sans text-base font-medium text-foreground selection:bg-super\/50 selection:text-foreground dark:selection:bg-super\/10 dark:selection:text-super\">Traitement Botox capillaire organique professionnel offrant une hydratation intensive, un contr\u00f4le des frisottis et une r\u00e9paration en profondeur des fibres. Formule sans formald\u00e9hyde convenant \u00e0 tous les types de cheveux, incluant les cheveux trait\u00e9s chimiquement, color\u00e9s et en transition.<\/span><\/p>\n<\/div>\n<\/div>\n","protected":false},"featured_media":34382,"comment_status":"open","ping_status":"closed","template":"","meta":{"_glsr_average":0,"_glsr_ranking":0,"_glsr_reviews":0},"product_brand":[907],"product_cat":[79],"product_tag":[],"class_list":{"0":"post-34388","1":"product","2":"type-product","3":"status-publish","4":"has-post-thumbnail","6":"product_brand-prohall","7":"product_cat-botox-capillaire","8":"_wholesalex wsx-wholesalex-product","10":"first","11":"instock","12":"featured","13":"taxable","14":"shipping-taxable","15":"product-type-simple"},"jetpack_sharing_enabled":true,"_links":{"self":[{"href":"https:\/\/naturalook.shop\/fr\/wp-json\/wp\/v2\/product\/34388","targetHints":{"allow":["GET"]}}],"collection":[{"href":"https:\/\/naturalook.shop\/fr\/wp-json\/wp\/v2\/product"}],"about":[{"href":"https:\/\/naturalook.shop\/fr\/wp-json\/wp\/v2\/types\/product"}],"replies":[{"embeddable":true,"href":"https:\/\/naturalook.shop\/fr\/wp-json\/wp\/v2\/comments?post=34388"}],"version-history":[{"count":1,"href":"https:\/\/naturalook.shop\/fr\/wp-json\/wp\/v2\/product\/34388\/revisions"}],"predecessor-version":[{"id":35881,"href":"https:\/\/naturalook.shop\/fr\/wp-json\/wp\/v2\/product\/34388\/revisions\/35881"}],"wp:featuredmedia":[{"embeddable":true,"href":"https:\/\/naturalook.shop\/fr\/wp-json\/wp\/v2\/media\/34382"}],"wp:attachment":[{"href":"https:\/\/naturalook.shop\/fr\/wp-json\/wp\/v2\/media?parent=34388"}],"wp:term":[{"taxonomy":"product_brand","embeddable":true,"href":"https:\/\/naturalook.shop\/fr\/wp-json\/wp\/v2\/product_brand?post=34388"},{"taxonomy":"product_cat","embeddable":true,"href":"https:\/\/naturalook.shop\/fr\/wp-json\/wp\/v2\/product_cat?post=34388"},{"taxonomy":"product_tag","embeddable":true,"href":"https:\/\/naturalook.shop\/fr\/wp-json\/wp\/v2\/product_tag?post=34388"}],"curies":[{"name":"wp","href":"https:\/\/api.w.org\/{rel}","templated":true}]}}