{"id":34532,"date":"2025-11-06T16:26:31","date_gmt":"2025-11-06T21:26:31","guid":{"rendered":"https:\/\/naturalook.shop\/?post_type=product&#038;p=34532"},"modified":"2026-02-16T16:37:06","modified_gmt":"2026-02-16T21:37:06","slug":"felps-omega-zero-nanoplastia-resistance-100ml","status":"publish","type":"product","link":"https:\/\/naturalook.shop\/fr\/produit\/felps-omega-zero-nanoplastia-resistance-100ml\/","title":{"rendered":"Felps &#8211; OMEGA ZERO NANOPLASTIA RESISTANCE 100ml"},"content":{"rendered":"<h1 id=\"omega-zero-resistance-nanoplastia--safe-effective\" class=\"font-display first:mt-xs mb-2 mt-4 font-semimedium text-lg leading-[1.5em] lg:text-xl\">Nanoplastie Omega Zero Resistance \u2013 Lissage capillaire s\u00e9curitaire et efficace sans dommage<\/h1>\n<h2 id=\"what-is-nanoplastia\" class=\"mb-2 mt-4 font-display font-semimedium text-base first:mt-0 md:text-lg [hr+&amp;]:mt-4\">Qu&#8217;est-ce que la nanoplastie?<\/h2>\n<p class=\"my-2 [&amp;+p]:mt-4 [&amp;_strong:has(+br)]:inline-block [&amp;_strong:has(+br)]:pb-2\">La nanoplastie Omega Zero Resistance est un <strong>traitement de lissage capillaire<\/strong> de nouvelle g\u00e9n\u00e9ration qui r\u00e9organise la structure du cheveu de l&#8217;int\u00e9rieur. Cette technique scelle d\u00e9licatement les cuticules, restaure les lipides naturels et laisse les cheveux hydrat\u00e9s, plus doux et plus brillants\u2014tout en contr\u00f4lant le pH et en prot\u00e9geant les vitamines et nutriments essentiels.<\/p>\n<h2 id=\"powerful-tanino-acid-technology\" class=\"mb-2 mt-4 font-display font-semimedium text-base first:mt-0 md:text-lg [hr+&amp;]:mt-4\">Technologie puissante \u00e0 l&#8217;acide tannique<\/h2>\n<ul class=\"marker:text-quiet list-disc\">\n<li class=\"py-0 my-0 prose-p:pt-0 prose-p:mb-2 prose-p:my-0 [&amp;&gt;p]:pt-0 [&amp;&gt;p]:mb-2 [&amp;&gt;p]:my-0\">\n<p class=\"my-2 [&amp;+p]:mt-4 [&amp;_strong:has(+br)]:inline-block [&amp;_strong:has(+br)]:pb-2\"><strong>Acide tannique :<\/strong> Un polyph\u00e9nol d&#8217;origine v\u00e9g\u00e9tale provenant du raisin offrant une action antioxydante et une transformation capillaire en profondeur.<\/p>\n<\/li>\n<li class=\"py-0 my-0 prose-p:pt-0 prose-p:mb-2 prose-p:my-0 [&amp;&gt;p]:pt-0 [&amp;&gt;p]:mb-2 [&amp;&gt;p]:my-0\">\n<p class=\"my-2 [&amp;+p]:mt-4 [&amp;_strong:has(+br)]:inline-block [&amp;_strong:has(+br)]:pb-2\"><strong>Comment \u00e7a fonctionne :<\/strong> L&#8217;acide tannique agit sur le cortex capillaire, brisant les ponts de connexion de l&#8217;int\u00e9rieur vers l&#8217;ext\u00e9rieur afin que les cheveux puissent \u00eatre remodel\u00e9s de fa\u00e7on s\u00e9curitaire avec la chaleur. Cela r\u00e9sulte en des cuticules ferm\u00e9es, un lissage durable et une brillance naturelle.<\/p>\n<\/li>\n<\/ul>\n<h2 id=\"comprehensive-benefits\" class=\"mb-2 mt-4 font-display font-semimedium text-base first:mt-0 md:text-lg [hr+&amp;]:mt-4\">Avantages complets<\/h2>\n<ul class=\"marker:text-quiet list-disc\">\n<li class=\"py-0 my-0 prose-p:pt-0 prose-p:mb-2 prose-p:my-0 [&amp;&gt;p]:pt-0 [&amp;&gt;p]:mb-2 [&amp;&gt;p]:my-0\">\n<p class=\"my-2 [&amp;+p]:mt-4 [&amp;_strong:has(+br)]:inline-block [&amp;_strong:has(+br)]:pb-2\">Sans formald\u00e9hyde, sans produits chimiques agressifs<\/p>\n<\/li>\n<li class=\"py-0 my-0 prose-p:pt-0 prose-p:mb-2 prose-p:my-0 [&amp;&gt;p]:pt-0 [&amp;&gt;p]:mb-2 [&amp;&gt;p]:my-0\">\n<p class=\"my-2 [&amp;+p]:mt-4 [&amp;_strong:has(+br)]:inline-block [&amp;_strong:has(+br)]:pb-2\">Lissage \u00e0 100 %, r\u00e9duction spectaculaire du volume et alignement capillaire durable<\/p>\n<\/li>\n<li class=\"py-0 my-0 prose-p:pt-0 prose-p:mb-2 prose-p:my-0 [&amp;&gt;p]:pt-0 [&amp;&gt;p]:mb-2 [&amp;&gt;p]:my-0\">\n<p class=\"my-2 [&amp;+p]:mt-4 [&amp;_strong:has(+br)]:inline-block [&amp;_strong:has(+br)]:pb-2\">Maintient la brillance, la douceur et un aspect naturel<\/p>\n<\/li>\n<li class=\"py-0 my-0 prose-p:pt-0 prose-p:mb-2 prose-p:my-0 [&amp;&gt;p]:pt-0 [&amp;&gt;p]:mb-2 [&amp;&gt;p]:my-0\">\n<p class=\"my-2 [&amp;+p]:mt-4 [&amp;_strong:has(+br)]:inline-block [&amp;_strong:has(+br)]:pb-2\">Contr\u00f4le le pH, \u00e9limine la porosit\u00e9 et pr\u00e9vient la s\u00e9cheresse<\/p>\n<\/li>\n<li class=\"py-0 my-0 prose-p:pt-0 prose-p:mb-2 prose-p:my-0 [&amp;&gt;p]:pt-0 [&amp;&gt;p]:mb-2 [&amp;&gt;p]:my-0\">\n<p class=\"my-2 [&amp;+p]:mt-4 [&amp;_strong:has(+br)]:inline-block [&amp;_strong:has(+br)]:pb-2\">Restaure l&#8217;hydratation, les lipides et la structure saine<\/p>\n<\/li>\n<li class=\"py-0 my-0 prose-p:pt-0 prose-p:mb-2 prose-p:my-0 [&amp;&gt;p]:pt-0 [&amp;&gt;p]:mb-2 [&amp;&gt;p]:my-0\">\n<p class=\"my-2 [&amp;+p]:mt-4 [&amp;_strong:has(+br)]:inline-block [&amp;_strong:has(+br)]:pb-2\">Parfait pour tous les types de cheveux\u2014incluant les cheveux m\u00e9ch\u00e9s, balay\u00e9s et trait\u00e9s chimiquement<\/p>\n<\/li>\n<\/ul>\n<h2 id=\"how-to-use-omega-zero-nanoplastia\" class=\"mb-2 mt-4 font-display font-semimedium text-base first:mt-0 md:text-lg [hr+&amp;]:mt-4\">Mode d&#8217;emploi de la nanoplastie Omega Zero<\/h2>\n<ol class=\"marker:text-quiet list-decimal\">\n<li class=\"py-0 my-0 prose-p:pt-0 prose-p:mb-2 prose-p:my-0 [&amp;&gt;p]:pt-0 [&amp;&gt;p]:mb-2 [&amp;&gt;p]:my-0\">\n<p class=\"my-2 [&amp;+p]:mt-4 [&amp;_strong:has(+br)]:inline-block [&amp;_strong:has(+br)]:pb-2\">Laver les cheveux 1 \u00e0 2 fois avec un shampoing clarifiant<\/p>\n<\/li>\n<li class=\"py-0 my-0 prose-p:pt-0 prose-p:mb-2 prose-p:my-0 [&amp;&gt;p]:pt-0 [&amp;&gt;p]:mb-2 [&amp;&gt;p]:my-0\">\n<p class=\"my-2 [&amp;+p]:mt-4 [&amp;_strong:has(+br)]:inline-block [&amp;_strong:has(+br)]:pb-2\">S\u00e9cher compl\u00e8tement au s\u00e9choir jusqu&#8217;\u00e0 ce qu&#8217;ils soient presque secs<\/p>\n<\/li>\n<li class=\"py-0 my-0 prose-p:pt-0 prose-p:mb-2 prose-p:my-0 [&amp;&gt;p]:pt-0 [&amp;&gt;p]:mb-2 [&amp;&gt;p]:my-0\">\n<p class=\"my-2 [&amp;+p]:mt-4 [&amp;_strong:has(+br)]:inline-block [&amp;_strong:has(+br)]:pb-2\">Appliquer la nanoplastie uniform\u00e9ment, en couvrant chaque m\u00e8che tout en \u00e9vitant les racines<\/p>\n<\/li>\n<li class=\"py-0 my-0 prose-p:pt-0 prose-p:mb-2 prose-p:my-0 [&amp;&gt;p]:pt-0 [&amp;&gt;p]:mb-2 [&amp;&gt;p]:my-0\">\n<p class=\"my-2 [&amp;+p]:mt-4 [&amp;_strong:has(+br)]:inline-block [&amp;_strong:has(+br)]:pb-2\">Laisser agir de 1 \u00e0 2 heures (ajuster selon la porosit\u00e9 et la texture des cheveux)<\/p>\n<\/li>\n<li class=\"py-0 my-0 prose-p:pt-0 prose-p:mb-2 prose-p:my-0 [&amp;&gt;p]:pt-0 [&amp;&gt;p]:mb-2 [&amp;&gt;p]:my-0\">\n<p class=\"my-2 [&amp;+p]:mt-4 [&amp;_strong:has(+br)]:inline-block [&amp;_strong:has(+br)]:pb-2\">Rincer abondamment pour retirer tout le produit<\/p>\n<\/li>\n<li class=\"py-0 my-0 prose-p:pt-0 prose-p:mb-2 prose-p:my-0 [&amp;&gt;p]:pt-0 [&amp;&gt;p]:mb-2 [&amp;&gt;p]:my-0\">\n<p class=\"my-2 [&amp;+p]:mt-4 [&amp;_strong:has(+br)]:inline-block [&amp;_strong:has(+br)]:pb-2\">Appliquer le vaporisateur de protection thermique Felps<\/p>\n<\/li>\n<li class=\"py-0 my-0 prose-p:pt-0 prose-p:mb-2 prose-p:my-0 [&amp;&gt;p]:pt-0 [&amp;&gt;p]:mb-2 [&amp;&gt;p]:my-0\">\n<p class=\"my-2 [&amp;+p]:mt-4 [&amp;_strong:has(+br)]:inline-block [&amp;_strong:has(+br)]:pb-2\">S\u00e9cher compl\u00e8tement les cheveux au s\u00e9choir<\/p>\n<\/li>\n<li class=\"py-0 my-0 prose-p:pt-0 prose-p:mb-2 prose-p:my-0 [&amp;&gt;p]:pt-0 [&amp;&gt;p]:mb-2 [&amp;&gt;p]:my-0\">\n<p class=\"my-2 [&amp;+p]:mt-4 [&amp;_strong:has(+br)]:inline-block [&amp;_strong:has(+br)]:pb-2\">Sceller le traitement avec un fer plat\u2014utiliser la temp\u00e9rature adapt\u00e9e au niveau de dommage des cheveux<\/p>\n<\/li>\n<\/ol>\n<p class=\"my-2 [&amp;+p]:mt-4 [&amp;_strong:has(+br)]:inline-block [&amp;_strong:has(+br)]:pb-2\"><strong>Pr\u00eat pour des cheveux soyeux et lisses sans risque de dommage? D\u00e9couvrez le pouvoir transformateur de la nanoplastie Omega Zero Resistance pour des r\u00e9sultats sains, radieux et parfaitement lisses.<\/strong><\/p>\n\t\t<div data-elementor-type=\"wp-post\" data-elementor-id=\"21671\" class=\"elementor elementor-21671 elementor-21667\" data-elementor-settings=\"{&quot;ha_cmc_init_switcher&quot;:&quot;no&quot;}\">\n\t\t\t\t\t\t<section class=\"wd-negative-gap elementor-section elementor-top-section elementor-element elementor-element-299907a elementor-section-boxed elementor-section-height-default elementor-section-height-default\" data-id=\"299907a\" data-element_type=\"section\" data-settings=\"{&quot;_ha_eqh_enable&quot;:false}\">\n\t\t\t\t\t\t<div class=\"elementor-container elementor-column-gap-default\">\n\t\t\t\t\t<div class=\"elementor-column elementor-col-100 elementor-top-column elementor-element elementor-element-83f7bd2\" data-id=\"83f7bd2\" data-element_type=\"column\">\n\t\t\t<div class=\"elementor-widget-wrap elementor-element-populated\">\n\t\t\t\t\t\t<div class=\"elementor-element elementor-element-22c4fc7 elementor-widget elementor-widget-wd_image_or_svg\" data-id=\"22c4fc7\" data-element_type=\"widget\" data-widget_type=\"wd_image_or_svg.default\">\n\t\t\t\t<div class=\"elementor-widget-container\">\n\t\t\t\t\t\n\t\t<div class=\"wd-image text-left\">\n\t\t\t\t\t\t\t\t<img loading=\"lazy\" decoding=\"async\" width=\"1234\" height=\"537\" src=\"https:\/\/naturalook.shop\/wp-content\/uploads\/2023\/04\/keratin-nano-fr.png\" class=\"attachment-full size-full\" alt=\"\" srcset=\"https:\/\/naturalook.shop\/wp-content\/uploads\/2023\/04\/keratin-nano-fr.png 1234w, https:\/\/naturalook.shop\/wp-content\/uploads\/2023\/04\/keratin-nano-fr-430x187.png 430w, https:\/\/naturalook.shop\/wp-content\/uploads\/2023\/04\/keratin-nano-fr-150x65.png 150w, https:\/\/naturalook.shop\/wp-content\/uploads\/2023\/04\/keratin-nano-fr-900x392.png 900w, https:\/\/naturalook.shop\/wp-content\/uploads\/2023\/04\/keratin-nano-fr-400x174.png 400w, https:\/\/naturalook.shop\/wp-content\/uploads\/2023\/04\/keratin-nano-fr-768x334.png 768w, https:\/\/naturalook.shop\/wp-content\/uploads\/2023\/04\/keratin-nano-fr-860x374.png 860w\" sizes=\"auto, (max-width: 1234px) 100vw, 1234px\" \/>\t\t\t\t\t<\/div>\n\n\t\t\t\t\t\t<\/div>\n\t\t\t\t<\/div>\n\t\t\t\t\t<\/div>\n\t\t<\/div>\n\t\t\t\t\t<\/div>\n\t\t<\/section>\n\t\t\t\t<section class=\"wd-negative-gap elementor-section elementor-top-section elementor-element elementor-element-922392a elementor-section-boxed elementor-section-height-default elementor-section-height-default\" data-id=\"922392a\" data-element_type=\"section\" data-settings=\"{&quot;_ha_eqh_enable&quot;:false}\">\n\t\t\t\t\t\t<div class=\"elementor-container elementor-column-gap-default\">\n\t\t\t\t\t<div class=\"elementor-column elementor-col-100 elementor-top-column elementor-element elementor-element-57cd046\" data-id=\"57cd046\" data-element_type=\"column\">\n\t\t\t<div class=\"elementor-widget-wrap elementor-element-populated\">\n\t\t\t\t\t\t<div class=\"elementor-element elementor-element-4ea3078 elementor-widget elementor-widget-wd_image_or_svg\" data-id=\"4ea3078\" data-element_type=\"widget\" data-widget_type=\"wd_image_or_svg.default\">\n\t\t\t\t<div class=\"elementor-widget-container\">\n\t\t\t\t\t\n\t\t<div class=\"wd-image text-left\">\n\t\t\t\t\t\t\t\t<img loading=\"lazy\" decoding=\"async\" width=\"1974\" height=\"2560\" src=\"https:\/\/naturalook.shop\/wp-content\/uploads\/2025\/02\/FELPS-keratin-nano-FR-scaled.jpg\" class=\"attachment-full size-full\" alt=\"\" srcset=\"https:\/\/naturalook.shop\/wp-content\/uploads\/2025\/02\/FELPS-keratin-nano-FR-scaled.jpg 1974w, https:\/\/naturalook.shop\/wp-content\/uploads\/2025\/02\/FELPS-keratin-nano-FR-scaled-430x558.jpg 430w, https:\/\/naturalook.shop\/wp-content\/uploads\/2025\/02\/FELPS-keratin-nano-FR-scaled-150x195.jpg 150w, https:\/\/naturalook.shop\/wp-content\/uploads\/2025\/02\/FELPS-keratin-nano-FR-scaled-900x1167.jpg 900w, https:\/\/naturalook.shop\/wp-content\/uploads\/2025\/02\/FELPS-keratin-nano-FR-231x300.jpg 231w, https:\/\/naturalook.shop\/wp-content\/uploads\/2025\/02\/FELPS-keratin-nano-FR-617x800.jpg 617w, https:\/\/naturalook.shop\/wp-content\/uploads\/2025\/02\/FELPS-keratin-nano-FR-768x996.jpg 768w, https:\/\/naturalook.shop\/wp-content\/uploads\/2025\/02\/FELPS-keratin-nano-FR-1184x1536.jpg 1184w, https:\/\/naturalook.shop\/wp-content\/uploads\/2025\/02\/FELPS-keratin-nano-FR-1579x2048.jpg 1579w, https:\/\/naturalook.shop\/wp-content\/uploads\/2025\/02\/FELPS-keratin-nano-FR-1320x1712.jpg 1320w\" sizes=\"auto, (max-width: 1974px) 100vw, 1974px\" \/>\t\t\t\t\t<\/div>\n\n\t\t\t\t\t\t<\/div>\n\t\t\t\t<\/div>\n\t\t\t\t\t<\/div>\n\t\t<\/div>\n\t\t\t\t\t<\/div>\n\t\t<\/section>\n\t\t\t\t<\/div>\n\t\t\n","protected":false},"excerpt":{"rendered":"<p><span class=\"group-hover\/language-learning:border-foreground border-subtle cursor-pointer hyphens-auto break-words border-b-2 border-dotted outline-none transition-colors duration-200 ease-out font-sans text-base font-medium text-foreground selection:bg-super\/50 selection:text-foreground dark:selection:bg-super\/10 dark:selection:text-super\">La nanoplastie Felps Omega Zero Resistance est un traitement de lissage br\u00e9silien sans formald\u00e9hyde pour tous les types de cheveux\u2014offrant un lissage \u00e0 100%, une r\u00e9duction du volume et un alignement des cheveux sans aucun dommage. Sa formule puissante procure de la brillance, de la douceur et des r\u00e9sultats naturels, enrichie d&#8217;acide tannique antioxydant pour des cheveux sains et hydrat\u00e9s.<\/span><\/p>\n","protected":false},"featured_media":34535,"comment_status":"open","ping_status":"closed","template":"","meta":{"_glsr_average":0,"_glsr_ranking":0,"_glsr_reviews":0},"product_brand":[900],"product_cat":[80],"product_tag":[],"class_list":{"0":"post-34532","1":"product","2":"type-product","3":"status-publish","4":"has-post-thumbnail","6":"product_brand-felps","7":"product_cat-nanoplastie","8":"_wholesalex wsx-wholesalex-product","10":"first","11":"instock","12":"taxable","13":"shipping-taxable","14":"product-type-simple"},"jetpack_sharing_enabled":true,"_links":{"self":[{"href":"https:\/\/naturalook.shop\/fr\/wp-json\/wp\/v2\/product\/34532","targetHints":{"allow":["GET"]}}],"collection":[{"href":"https:\/\/naturalook.shop\/fr\/wp-json\/wp\/v2\/product"}],"about":[{"href":"https:\/\/naturalook.shop\/fr\/wp-json\/wp\/v2\/types\/product"}],"replies":[{"embeddable":true,"href":"https:\/\/naturalook.shop\/fr\/wp-json\/wp\/v2\/comments?post=34532"}],"version-history":[{"count":4,"href":"https:\/\/naturalook.shop\/fr\/wp-json\/wp\/v2\/product\/34532\/revisions"}],"predecessor-version":[{"id":34540,"href":"https:\/\/naturalook.shop\/fr\/wp-json\/wp\/v2\/product\/34532\/revisions\/34540"}],"wp:featuredmedia":[{"embeddable":true,"href":"https:\/\/naturalook.shop\/fr\/wp-json\/wp\/v2\/media\/34535"}],"wp:attachment":[{"href":"https:\/\/naturalook.shop\/fr\/wp-json\/wp\/v2\/media?parent=34532"}],"wp:term":[{"taxonomy":"product_brand","embeddable":true,"href":"https:\/\/naturalook.shop\/fr\/wp-json\/wp\/v2\/product_brand?post=34532"},{"taxonomy":"product_cat","embeddable":true,"href":"https:\/\/naturalook.shop\/fr\/wp-json\/wp\/v2\/product_cat?post=34532"},{"taxonomy":"product_tag","embeddable":true,"href":"https:\/\/naturalook.shop\/fr\/wp-json\/wp\/v2\/product_tag?post=34532"}],"curies":[{"name":"wp","href":"https:\/\/api.w.org\/{rel}","templated":true}]}}