{"id":34542,"date":"2025-11-06T17:03:26","date_gmt":"2025-11-06T22:03:26","guid":{"rendered":"https:\/\/naturalook.shop\/?post_type=product&#038;p=34542"},"modified":"2026-02-16T16:37:05","modified_gmt":"2026-02-16T21:37:05","slug":"felps-quiabo-xbtx-hair-alignment-300ml","status":"publish","type":"product","link":"https:\/\/naturalook.shop\/fr\/produit\/felps-quiabo-xbtx-hair-alignment-300ml\/","title":{"rendered":"Felps &#8211; QUIABO XBTX HAIR ALIGNMENT &#8211; 300ml"},"content":{"rendered":"<h1 id=\"hair-alignment-with-lisselini-technology--one-step\" class=\"font-display first:mt-xs mb-2 mt-4 font-semimedium text-lg leading-[1.5em] lg:text-xl\">Alignement capillaire avec la technologie Lisselini \u2013 Contr\u00f4le des frisottis en une \u00e9tape et brillance pour tous les types de cheveux<\/h1>\n<h2 id=\"complete-long-lasting-alignment--intense-shine\" class=\"mb-2 mt-4 font-display font-semimedium text-base first:mt-0 md:text-lg [hr+&amp;]:mt-4\">Alignement complet et durable et brillance intense<\/h2>\n<p class=\"my-2 [&amp;+p]:mt-4 [&amp;_strong:has(+br)]:inline-block [&amp;_strong:has(+br)]:pb-2\">Cette formule avanc\u00e9e d&#8217;alignement capillaire exploite la puissance de la <strong>technologie Lisselini<\/strong>, associant des acides doux, de l&#8217;extrait d&#8217;okra, de l&#8217;<strong>huile d&#8217;argan<\/strong> et de l&#8217;<strong>huile de macadamia<\/strong> pour des cheveux lisses, hydrat\u00e9s et intens\u00e9ment brillants. Con\u00e7ue pour tous les types de cheveux, elle est exempte d&#8217;ingr\u00e9dients agressifs ou nuisibles.<\/p>\n<h2 id=\"results\" class=\"mb-2 mt-4 font-display font-semimedium text-base first:mt-0 md:text-lg [hr+&amp;]:mt-4\">R\u00e9sultats<\/h2>\n<ul class=\"marker:text-quiet list-disc\">\n<li class=\"py-0 my-0 prose-p:pt-0 prose-p:mb-2 prose-p:my-0 [&amp;&gt;p]:pt-0 [&amp;&gt;p]:mb-2 [&amp;&gt;p]:my-0\">\n<p class=\"my-2 [&amp;+p]:mt-4 [&amp;_strong:has(+br)]:inline-block [&amp;_strong:has(+br)]:pb-2\">Obtient un <strong>effet naturel et lisse<\/strong><\/p>\n<\/li>\n<li class=\"py-0 my-0 prose-p:pt-0 prose-p:mb-2 prose-p:my-0 [&amp;&gt;p]:pt-0 [&amp;&gt;p]:mb-2 [&amp;&gt;p]:my-0\">\n<p class=\"my-2 [&amp;+p]:mt-4 [&amp;_strong:has(+br)]:inline-block [&amp;_strong:has(+br)]:pb-2\">R\u00e9duit le volume et les frisottis pour un coiffage facile<\/p>\n<\/li>\n<li class=\"py-0 my-0 prose-p:pt-0 prose-p:mb-2 prose-p:my-0 [&amp;&gt;p]:pt-0 [&amp;&gt;p]:mb-2 [&amp;&gt;p]:my-0\">\n<p class=\"my-2 [&amp;+p]:mt-4 [&amp;_strong:has(+br)]:inline-block [&amp;_strong:has(+br)]:pb-2\">Renforce l&#8217;hydratation et conf\u00e8re une brillance intense et durable<\/p>\n<\/li>\n<\/ul>\n<h2 id=\"benefits\" class=\"mb-2 mt-4 font-display font-semimedium text-base first:mt-0 md:text-lg [hr+&amp;]:mt-4\">Avantages<\/h2>\n<ul class=\"marker:text-quiet list-disc\">\n<li class=\"py-0 my-0 prose-p:pt-0 prose-p:mb-2 prose-p:my-0 [&amp;&gt;p]:pt-0 [&amp;&gt;p]:mb-2 [&amp;&gt;p]:my-0\">\n<p class=\"my-2 [&amp;+p]:mt-4 [&amp;_strong:has(+br)]:inline-block [&amp;_strong:has(+br)]:pb-2\"><strong>Exemption d&#8217;ingr\u00e9dients nuisibles<\/strong><\/p>\n<\/li>\n<li class=\"py-0 my-0 prose-p:pt-0 prose-p:mb-2 prose-p:my-0 [&amp;&gt;p]:pt-0 [&amp;&gt;p]:mb-2 [&amp;&gt;p]:my-0\">\n<p class=\"my-2 [&amp;+p]:mt-4 [&amp;_strong:has(+br)]:inline-block [&amp;_strong:has(+br)]:pb-2\">Parfum doux et non irritant<\/p>\n<\/li>\n<li class=\"py-0 my-0 prose-p:pt-0 prose-p:mb-2 prose-p:my-0 [&amp;&gt;p]:pt-0 [&amp;&gt;p]:mb-2 [&amp;&gt;p]:my-0\">\n<p class=\"my-2 [&amp;+p]:mt-4 [&amp;_strong:has(+br)]:inline-block [&amp;_strong:has(+br)]:pb-2\">Ne cause pas d&#8217;irritation oculaire<\/p>\n<\/li>\n<li class=\"py-0 my-0 prose-p:pt-0 prose-p:mb-2 prose-p:my-0 [&amp;&gt;p]:pt-0 [&amp;&gt;p]:mb-2 [&amp;&gt;p]:my-0\">\n<p class=\"my-2 [&amp;+p]:mt-4 [&amp;_strong:has(+br)]:inline-block [&amp;_strong:has(+br)]:pb-2\">Convient \u00e0 tous les types de cheveux<\/p>\n<\/li>\n<\/ul>\n<h2 id=\"how-to-use\" class=\"mb-2 mt-4 font-display font-semimedium text-base first:mt-0 md:text-lg [hr+&amp;]:mt-4\">Mode d&#8217;emploi<\/h2>\n<ol class=\"marker:text-quiet list-decimal\">\n<li class=\"py-0 my-0 prose-p:pt-0 prose-p:mb-2 prose-p:my-0 [&amp;&gt;p]:pt-0 [&amp;&gt;p]:mb-2 [&amp;&gt;p]:my-0\">\n<p class=\"my-2 [&amp;+p]:mt-4 [&amp;_strong:has(+br)]:inline-block [&amp;_strong:has(+br)]:pb-2\">Diviser les cheveux propres et secs en 4 sections<\/p>\n<\/li>\n<li class=\"py-0 my-0 prose-p:pt-0 prose-p:mb-2 prose-p:my-0 [&amp;&gt;p]:pt-0 [&amp;&gt;p]:mb-2 [&amp;&gt;p]:my-0\">\n<p class=\"my-2 [&amp;+p]:mt-4 [&amp;_strong:has(+br)]:inline-block [&amp;_strong:has(+br)]:pb-2\">En commen\u00e7ant par les sections inf\u00e9rieures, appliquer le produit \u00e0 1 cm des racines le long des cheveux en sections fines et r\u00e9guli\u00e8res<\/p>\n<\/li>\n<li class=\"py-0 my-0 prose-p:pt-0 prose-p:mb-2 prose-p:my-0 [&amp;&gt;p]:pt-0 [&amp;&gt;p]:mb-2 [&amp;&gt;p]:my-0\">\n<p class=\"my-2 [&amp;+p]:mt-4 [&amp;_strong:has(+br)]:inline-block [&amp;_strong:has(+br)]:pb-2\">Laisser reposer pendant 30 \u00e0 40 minutes (cheveux fragiles\/blonds) ou 60 \u00e0 80 minutes (cheveux \u00e9pais\/r\u00e9sistants)<\/p>\n<\/li>\n<li class=\"py-0 my-0 prose-p:pt-0 prose-p:mb-2 prose-p:my-0 [&amp;&gt;p]:pt-0 [&amp;&gt;p]:mb-2 [&amp;&gt;p]:my-0\">\n<p class=\"my-2 [&amp;+p]:mt-4 [&amp;_strong:has(+br)]:inline-block [&amp;_strong:has(+br)]:pb-2\">Rincer abondamment pour retirer le produit<\/p>\n<\/li>\n<li class=\"py-0 my-0 prose-p:pt-0 prose-p:mb-2 prose-p:my-0 [&amp;&gt;p]:pt-0 [&amp;&gt;p]:mb-2 [&amp;&gt;p]:my-0\">\n<p class=\"my-2 [&amp;+p]:mt-4 [&amp;_strong:has(+br)]:inline-block [&amp;_strong:has(+br)]:pb-2\">Terminer avec un s\u00e8che-cheveux r\u00e9gl\u00e9 sur air froid ; en option, passer un fer plat en sections fines 7 \u00e0 15 fois pour une douceur suppl\u00e9mentaire<br \/>\n<em>Pour les cheveux avec accumulation excessive, un pr\u00e9-lavage est recommand\u00e9.<\/em><\/p>\n<\/li>\n<\/ol>\n<p class=\"my-2 [&amp;+p]:mt-4 [&amp;_strong:has(+br)]:inline-block [&amp;_strong:has(+br)]:pb-2\"><strong>Exp\u00e9rimentez un alignement capillaire doux et puissant qui est sain, brillant et facile \u00e0 entretenir\u2014tout en une seule \u00e9tape!<\/strong><\/p>\n","protected":false},"excerpt":{"rendered":"<p>L&#8217;alignement capillaire avec la technologie Lisselini utilise un m\u00e9lange d&#8217;acides doux, d&#8217;extrait d&#8217;okra, d&#8217;huiles d&#8217;argan et de macadamia pour offrir des cheveux lisses, sans frisottis et brillants en une seule \u00e9tape. Exempe d&#8217;ingr\u00e9dients nuisibles et sans danger pour les yeux, elle convient \u00e0 tous les types de cheveux et hydrate en profondeur pour un look naturel et durable.<\/p>\n","protected":false},"featured_media":34544,"comment_status":"open","ping_status":"closed","template":"","meta":{"_glsr_average":0,"_glsr_ranking":0,"_glsr_reviews":0},"product_brand":[900],"product_cat":[609],"product_tag":[],"class_list":{"0":"post-34542","1":"product","2":"type-product","3":"status-publish","4":"has-post-thumbnail","6":"product_brand-felps","7":"product_cat-nano-botox-fr","8":"_wholesalex wsx-wholesalex-product","10":"first","11":"instock","12":"taxable","13":"shipping-taxable","14":"product-type-simple"},"jetpack_sharing_enabled":true,"_links":{"self":[{"href":"https:\/\/naturalook.shop\/fr\/wp-json\/wp\/v2\/product\/34542","targetHints":{"allow":["GET"]}}],"collection":[{"href":"https:\/\/naturalook.shop\/fr\/wp-json\/wp\/v2\/product"}],"about":[{"href":"https:\/\/naturalook.shop\/fr\/wp-json\/wp\/v2\/types\/product"}],"replies":[{"embeddable":true,"href":"https:\/\/naturalook.shop\/fr\/wp-json\/wp\/v2\/comments?post=34542"}],"version-history":[{"count":1,"href":"https:\/\/naturalook.shop\/fr\/wp-json\/wp\/v2\/product\/34542\/revisions"}],"predecessor-version":[{"id":34547,"href":"https:\/\/naturalook.shop\/fr\/wp-json\/wp\/v2\/product\/34542\/revisions\/34547"}],"wp:featuredmedia":[{"embeddable":true,"href":"https:\/\/naturalook.shop\/fr\/wp-json\/wp\/v2\/media\/34544"}],"wp:attachment":[{"href":"https:\/\/naturalook.shop\/fr\/wp-json\/wp\/v2\/media?parent=34542"}],"wp:term":[{"taxonomy":"product_brand","embeddable":true,"href":"https:\/\/naturalook.shop\/fr\/wp-json\/wp\/v2\/product_brand?post=34542"},{"taxonomy":"product_cat","embeddable":true,"href":"https:\/\/naturalook.shop\/fr\/wp-json\/wp\/v2\/product_cat?post=34542"},{"taxonomy":"product_tag","embeddable":true,"href":"https:\/\/naturalook.shop\/fr\/wp-json\/wp\/v2\/product_tag?post=34542"}],"curies":[{"name":"wp","href":"https:\/\/api.w.org\/{rel}","templated":true}]}}