{"id":34559,"date":"2025-11-07T12:51:00","date_gmt":"2025-11-07T17:51:00","guid":{"rendered":"https:\/\/naturalook.shop\/?post_type=product&#038;p=34559"},"modified":"2026-02-16T16:37:04","modified_gmt":"2026-02-16T21:37:04","slug":"felps-acai-oil-blond-nanoplastia-250-ml","status":"publish","type":"product","link":"https:\/\/naturalook.shop\/fr\/produit\/felps-acai-oil-blond-nanoplastia-250-ml\/","title":{"rendered":"Felps &#8211; ACAI OIL BLOND NANOPLASTIA &#8211; 250 ml"},"content":{"rendered":"<h1 id=\"felps-acai-oil-blond-nanoplastia--for-blonde-highl\" class=\"font-display first:mt-xs mb-2 mt-4 font-semimedium text-lg leading-[1.5em] lg:text-xl\">Felps Acai Oil Blond Nanoplastie \u2013 Pour cheveux blonds, m\u00e9ch\u00e9s et d\u00e9color\u00e9s<\/h1>\n<h2 id=\"advanced-brazilian-nanoplastia-treatment\" class=\"mb-2 mt-4 font-display font-semimedium text-base first:mt-0 md:text-lg [hr+&amp;]:mt-4\">Traitement br\u00e9silien avanc\u00e9 de nanoplastie<\/h2>\n<p class=\"my-2 [&amp;+p]:mt-4 [&amp;_strong:has(+br)]:inline-block [&amp;_strong:has(+br)]:pb-2\">La nanoplastie thermique Felps Acai Oil Blond offre <strong>une technologie de lissage de pointe et une correction de couleur<\/strong> pour <strong>cheveux blonds, m\u00e9ch\u00e9s, foils et d\u00e9color\u00e9s<\/strong>. Sa <strong>formule sans formald\u00e9hyde<\/strong> permet jusqu\u2019\u00e0 100 % de lissage tout en neutralisant les reflets cuivr\u00e9s, pour une chevelure blonde plus saine, soyeuse et digne d\u2019un salon.<\/p>\n<h2 id=\"purple-pigment-color-correction\" class=\"mb-2 mt-4 font-display font-semimedium text-base first:mt-0 md:text-lg [hr+&amp;]:mt-4\">Correction de couleur avec pigments violets<\/h2>\n<p class=\"my-2 [&amp;+p]:mt-4 [&amp;_strong:has(+br)]:inline-block [&amp;_strong:has(+br)]:pb-2\">Sp\u00e9cialement formul\u00e9e avec des <strong>pigments violets<\/strong>, cette nanoplastie <strong>neutralise activement les tons jaunes et cuivr\u00e9s<\/strong>\u2014pour un blond plus froid, lumineux et \u00e9clatant apr\u00e8s chaque service.<\/p>\n<h2 id=\"deep-nourishment--healthy-shine\" class=\"mb-2 mt-4 font-display font-semimedium text-base first:mt-0 md:text-lg [hr+&amp;]:mt-4\">Nutrition profonde et brillance saine<\/h2>\n<ul class=\"marker:text-quiet list-disc\">\n<li class=\"py-0 my-0 prose-p:pt-0 prose-p:mb-2 prose-p:my-0 [&amp;&gt;p]:pt-0 [&amp;&gt;p]:mb-2 [&amp;&gt;p]:my-0\">\n<p class=\"my-2 [&amp;+p]:mt-4 [&amp;_strong:has(+br)]:inline-block [&amp;_strong:has(+br)]:pb-2\"><strong>Acide tannique et huile d\u2019a\u00e7a\u00ef :<\/strong> P\u00e9n\u00e8trent profond\u00e9ment pour hydrater, renforcer et offrir une brillance durable<\/p>\n<\/li>\n<li class=\"py-0 my-0 prose-p:pt-0 prose-p:mb-2 prose-p:my-0 [&amp;&gt;p]:pt-0 [&amp;&gt;p]:mb-2 [&amp;&gt;p]:my-0\">\n<p class=\"my-2 [&amp;+p]:mt-4 [&amp;_strong:has(+br)]:inline-block [&amp;_strong:has(+br)]:pb-2\"><strong>Technologie nanoplastie :<\/strong> Restructure les liens du cheveu, scelle les cuticules et prot\u00e8ge les vitamines pour une douceur et une vigueur durables<\/p>\n<\/li>\n<\/ul>\n<h2 id=\"professional-application-process\" class=\"mb-2 mt-4 font-display font-semimedium text-base first:mt-0 md:text-lg [hr+&amp;]:mt-4\">Proc\u00e9dure professionnelle d\u2019application<\/h2>\n<ol class=\"marker:text-quiet list-decimal\">\n<li class=\"py-0 my-0 prose-p:pt-0 prose-p:mb-2 prose-p:my-0 [&amp;&gt;p]:pt-0 [&amp;&gt;p]:mb-2 [&amp;&gt;p]:my-0\">\n<p class=\"my-2 [&amp;+p]:mt-4 [&amp;_strong:has(+br)]:inline-block [&amp;_strong:has(+br)]:pb-2\">Laver les cheveux avec un shampoing anti-r\u00e9sidus et bien s\u00e9cher<\/p>\n<\/li>\n<li class=\"py-0 my-0 prose-p:pt-0 prose-p:mb-2 prose-p:my-0 [&amp;&gt;p]:pt-0 [&amp;&gt;p]:mb-2 [&amp;&gt;p]:my-0\">\n<p class=\"my-2 [&amp;+p]:mt-4 [&amp;_strong:has(+br)]:inline-block [&amp;_strong:has(+br)]:pb-2\">Appliquer le produit \u00e0 0,5 cm du cuir chevelu, laisser agir 60 \u00e0 90 minutes<\/p>\n<\/li>\n<li class=\"py-0 my-0 prose-p:pt-0 prose-p:mb-2 prose-p:my-0 [&amp;&gt;p]:pt-0 [&amp;&gt;p]:mb-2 [&amp;&gt;p]:my-0\">\n<p class=\"my-2 [&amp;+p]:mt-4 [&amp;_strong:has(+br)]:inline-block [&amp;_strong:has(+br)]:pb-2\">Rincer abondamment, s\u00e9cher, puis lisser au fer plat en sections fines pour un r\u00e9sultat soyeux et uniforme<\/p>\n<\/li>\n<\/ol>\n<h2 id=\"why-choose-felps-acai-oil-blond-nanoplastia\" class=\"mb-2 mt-4 font-display font-semimedium text-base first:mt-0 md:text-lg [hr+&amp;]:mt-4\">Pourquoi choisir Felps Acai Oil Blond Nanoplastie?<\/h2>\n<ul class=\"marker:text-quiet list-disc\">\n<li class=\"py-0 my-0 prose-p:pt-0 prose-p:mb-2 prose-p:my-0 [&amp;&gt;p]:pt-0 [&amp;&gt;p]:mb-2 [&amp;&gt;p]:my-0\">\n<p class=\"my-2 [&amp;+p]:mt-4 [&amp;_strong:has(+br)]:inline-block [&amp;_strong:has(+br)]:pb-2\">Sp\u00e9cifique pour les cheveux blonds, m\u00e9ch\u00e9s et d\u00e9color\u00e9s<\/p>\n<\/li>\n<li class=\"py-0 my-0 prose-p:pt-0 prose-p:mb-2 prose-p:my-0 [&amp;&gt;p]:pt-0 [&amp;&gt;p]:mb-2 [&amp;&gt;p]:my-0\">\n<p class=\"my-2 [&amp;+p]:mt-4 [&amp;_strong:has(+br)]:inline-block [&amp;_strong:has(+br)]:pb-2\">Neutralise les reflets cuivr\u00e9s gr\u00e2ce \u00e0 la correction pigmentaire violette<\/p>\n<\/li>\n<li class=\"py-0 my-0 prose-p:pt-0 prose-p:mb-2 prose-p:my-0 [&amp;&gt;p]:pt-0 [&amp;&gt;p]:mb-2 [&amp;&gt;p]:my-0\">\n<p class=\"my-2 [&amp;+p]:mt-4 [&amp;_strong:has(+br)]:inline-block [&amp;_strong:has(+br)]:pb-2\">Jusqu\u2019\u00e0 100 % de lissage, sans formald\u00e9hyde<\/p>\n<\/li>\n<li class=\"py-0 my-0 prose-p:pt-0 prose-p:mb-2 prose-p:my-0 [&amp;&gt;p]:pt-0 [&amp;&gt;p]:mb-2 [&amp;&gt;p]:my-0\">\n<p class=\"my-2 [&amp;+p]:mt-4 [&amp;_strong:has(+br)]:inline-block [&amp;_strong:has(+br)]:pb-2\">L\u2019acide tannique et l\u2019huile d\u2019a\u00e7a\u00ef apportent hydratation intense, brillance et protection<\/p>\n<\/li>\n<li class=\"py-0 my-0 prose-p:pt-0 prose-p:mb-2 prose-p:my-0 [&amp;&gt;p]:pt-0 [&amp;&gt;p]:mb-2 [&amp;&gt;p]:my-0\">\n<p class=\"my-2 [&amp;+p]:mt-4 [&amp;_strong:has(+br)]:inline-block [&amp;_strong:has(+br)]:pb-2\">Id\u00e9al pour cheveux color\u00e9s, ab\u00eem\u00e9s ou \u00e9claircis<\/p>\n<\/li>\n<\/ul>\n<p class=\"my-2 [&amp;+p]:mt-4 [&amp;_strong:has(+br)]:inline-block [&amp;_strong:has(+br)]:pb-2\"><strong>Parfait pour les professionnels et les clients qui d\u00e9sirent un blond \u00e9clatant, lisse et sans reflets cuivr\u00e9s.<\/strong><\/p>\n\t\t<div data-elementor-type=\"wp-post\" data-elementor-id=\"21671\" class=\"elementor elementor-21671 elementor-21667\" data-elementor-settings=\"{&quot;ha_cmc_init_switcher&quot;:&quot;no&quot;}\">\n\t\t\t\t\t\t<section class=\"wd-negative-gap elementor-section elementor-top-section elementor-element elementor-element-299907a elementor-section-boxed elementor-section-height-default elementor-section-height-default\" data-id=\"299907a\" data-element_type=\"section\" data-settings=\"{&quot;_ha_eqh_enable&quot;:false}\">\n\t\t\t\t\t\t<div class=\"elementor-container elementor-column-gap-default\">\n\t\t\t\t\t<div class=\"elementor-column elementor-col-100 elementor-top-column elementor-element elementor-element-83f7bd2\" data-id=\"83f7bd2\" data-element_type=\"column\">\n\t\t\t<div class=\"elementor-widget-wrap elementor-element-populated\">\n\t\t\t\t\t\t<div class=\"elementor-element elementor-element-22c4fc7 elementor-widget elementor-widget-wd_image_or_svg\" data-id=\"22c4fc7\" data-element_type=\"widget\" data-widget_type=\"wd_image_or_svg.default\">\n\t\t\t\t<div class=\"elementor-widget-container\">\n\t\t\t\t\t\n\t\t<div class=\"wd-image text-left\">\n\t\t\t\t\t\t\t\t<img loading=\"lazy\" decoding=\"async\" width=\"1234\" height=\"537\" src=\"https:\/\/naturalook.shop\/wp-content\/uploads\/2023\/04\/keratin-nano-fr.png\" class=\"attachment-full size-full\" alt=\"\" srcset=\"https:\/\/naturalook.shop\/wp-content\/uploads\/2023\/04\/keratin-nano-fr.png 1234w, https:\/\/naturalook.shop\/wp-content\/uploads\/2023\/04\/keratin-nano-fr-430x187.png 430w, https:\/\/naturalook.shop\/wp-content\/uploads\/2023\/04\/keratin-nano-fr-150x65.png 150w, https:\/\/naturalook.shop\/wp-content\/uploads\/2023\/04\/keratin-nano-fr-900x392.png 900w, https:\/\/naturalook.shop\/wp-content\/uploads\/2023\/04\/keratin-nano-fr-400x174.png 400w, https:\/\/naturalook.shop\/wp-content\/uploads\/2023\/04\/keratin-nano-fr-768x334.png 768w, https:\/\/naturalook.shop\/wp-content\/uploads\/2023\/04\/keratin-nano-fr-860x374.png 860w\" sizes=\"auto, (max-width: 1234px) 100vw, 1234px\" \/>\t\t\t\t\t<\/div>\n\n\t\t\t\t\t\t<\/div>\n\t\t\t\t<\/div>\n\t\t\t\t\t<\/div>\n\t\t<\/div>\n\t\t\t\t\t<\/div>\n\t\t<\/section>\n\t\t\t\t<section class=\"wd-negative-gap elementor-section elementor-top-section elementor-element elementor-element-922392a elementor-section-boxed elementor-section-height-default elementor-section-height-default\" data-id=\"922392a\" data-element_type=\"section\" data-settings=\"{&quot;_ha_eqh_enable&quot;:false}\">\n\t\t\t\t\t\t<div class=\"elementor-container elementor-column-gap-default\">\n\t\t\t\t\t<div class=\"elementor-column elementor-col-100 elementor-top-column elementor-element elementor-element-57cd046\" data-id=\"57cd046\" data-element_type=\"column\">\n\t\t\t<div class=\"elementor-widget-wrap elementor-element-populated\">\n\t\t\t\t\t\t<div class=\"elementor-element elementor-element-4ea3078 elementor-widget elementor-widget-wd_image_or_svg\" data-id=\"4ea3078\" data-element_type=\"widget\" data-widget_type=\"wd_image_or_svg.default\">\n\t\t\t\t<div class=\"elementor-widget-container\">\n\t\t\t\t\t\n\t\t<div class=\"wd-image text-left\">\n\t\t\t\t\t\t\t\t<img loading=\"lazy\" decoding=\"async\" width=\"1974\" height=\"2560\" src=\"https:\/\/naturalook.shop\/wp-content\/uploads\/2025\/02\/FELPS-keratin-nano-FR-scaled.jpg\" class=\"attachment-full size-full\" alt=\"\" srcset=\"https:\/\/naturalook.shop\/wp-content\/uploads\/2025\/02\/FELPS-keratin-nano-FR-scaled.jpg 1974w, https:\/\/naturalook.shop\/wp-content\/uploads\/2025\/02\/FELPS-keratin-nano-FR-scaled-430x558.jpg 430w, https:\/\/naturalook.shop\/wp-content\/uploads\/2025\/02\/FELPS-keratin-nano-FR-scaled-150x195.jpg 150w, https:\/\/naturalook.shop\/wp-content\/uploads\/2025\/02\/FELPS-keratin-nano-FR-scaled-900x1167.jpg 900w, https:\/\/naturalook.shop\/wp-content\/uploads\/2025\/02\/FELPS-keratin-nano-FR-231x300.jpg 231w, https:\/\/naturalook.shop\/wp-content\/uploads\/2025\/02\/FELPS-keratin-nano-FR-617x800.jpg 617w, https:\/\/naturalook.shop\/wp-content\/uploads\/2025\/02\/FELPS-keratin-nano-FR-768x996.jpg 768w, https:\/\/naturalook.shop\/wp-content\/uploads\/2025\/02\/FELPS-keratin-nano-FR-1184x1536.jpg 1184w, https:\/\/naturalook.shop\/wp-content\/uploads\/2025\/02\/FELPS-keratin-nano-FR-1579x2048.jpg 1579w, https:\/\/naturalook.shop\/wp-content\/uploads\/2025\/02\/FELPS-keratin-nano-FR-1320x1712.jpg 1320w\" sizes=\"auto, (max-width: 1974px) 100vw, 1974px\" \/>\t\t\t\t\t<\/div>\n\n\t\t\t\t\t\t<\/div>\n\t\t\t\t<\/div>\n\t\t\t\t\t<\/div>\n\t\t<\/div>\n\t\t\t\t\t<\/div>\n\t\t<\/section>\n\t\t\t\t<\/div>\n\t\t\n","protected":false},"excerpt":{"rendered":"<p><span class=\"group-hover\/language-learning:border-foreground border-subtle cursor-pointer hyphens-auto break-words border-b-2 border-dotted outline-none transition-colors duration-200 ease-out font-sans text-base font-medium text-foreground selection:bg-super\/50 selection:text-foreground dark:selection:bg-super\/10 dark:selection:text-super\">La nanoplastie Felps Acai Oil Blond est un traitement de lissage br\u00e9silien sans formald\u00e9hyde con\u00e7u pour les cheveux blonds, m\u00e9ch\u00e9s et d\u00e9color\u00e9s. Elle offre un lissage jusqu&#8217;\u00e0 100%, neutralise les tons jaunes et cuivr\u00e9s gr\u00e2ce aux pigments violets, et enrichit la chevelure d&#8217;acide tannique et d&#8217;huile d&#8217;a\u00e7a\u00ef pour une nutrition profonde et une brillance \u00e9clatante.<\/span><\/p>\n","protected":false},"featured_media":34561,"comment_status":"open","ping_status":"closed","template":"","meta":{"_glsr_average":0,"_glsr_ranking":0,"_glsr_reviews":0},"product_brand":[900],"product_cat":[80],"product_tag":[],"class_list":{"0":"post-34559","1":"product","2":"type-product","3":"status-publish","4":"has-post-thumbnail","6":"product_brand-felps","7":"product_cat-nanoplastie","8":"_wholesalex wsx-wholesalex-product","10":"first","11":"instock","12":"taxable","13":"shipping-taxable","14":"product-type-simple"},"jetpack_sharing_enabled":true,"_links":{"self":[{"href":"https:\/\/naturalook.shop\/fr\/wp-json\/wp\/v2\/product\/34559","targetHints":{"allow":["GET"]}}],"collection":[{"href":"https:\/\/naturalook.shop\/fr\/wp-json\/wp\/v2\/product"}],"about":[{"href":"https:\/\/naturalook.shop\/fr\/wp-json\/wp\/v2\/types\/product"}],"replies":[{"embeddable":true,"href":"https:\/\/naturalook.shop\/fr\/wp-json\/wp\/v2\/comments?post=34559"}],"version-history":[{"count":1,"href":"https:\/\/naturalook.shop\/fr\/wp-json\/wp\/v2\/product\/34559\/revisions"}],"predecessor-version":[{"id":34563,"href":"https:\/\/naturalook.shop\/fr\/wp-json\/wp\/v2\/product\/34559\/revisions\/34563"}],"wp:featuredmedia":[{"embeddable":true,"href":"https:\/\/naturalook.shop\/fr\/wp-json\/wp\/v2\/media\/34561"}],"wp:attachment":[{"href":"https:\/\/naturalook.shop\/fr\/wp-json\/wp\/v2\/media?parent=34559"}],"wp:term":[{"taxonomy":"product_brand","embeddable":true,"href":"https:\/\/naturalook.shop\/fr\/wp-json\/wp\/v2\/product_brand?post=34559"},{"taxonomy":"product_cat","embeddable":true,"href":"https:\/\/naturalook.shop\/fr\/wp-json\/wp\/v2\/product_cat?post=34559"},{"taxonomy":"product_tag","embeddable":true,"href":"https:\/\/naturalook.shop\/fr\/wp-json\/wp\/v2\/product_tag?post=34559"}],"curies":[{"name":"wp","href":"https:\/\/api.w.org\/{rel}","templated":true}]}}