{"id":34565,"date":"2025-11-07T13:04:13","date_gmt":"2025-11-07T18:04:13","guid":{"rendered":"https:\/\/naturalook.shop\/?post_type=product&#038;p=34565"},"modified":"2026-02-16T16:37:04","modified_gmt":"2026-02-16T21:37:04","slug":"felps-brazilian-nuts-purple-botox-1kg","status":"publish","type":"product","link":"https:\/\/naturalook.shop\/fr\/produit\/felps-brazilian-nuts-purple-botox-1kg\/","title":{"rendered":"Felps &#8211; BRAZILIAN NUTS PURPLE BOTOX &#8211; 1kg"},"content":{"rendered":"<h1 id=\"felps-brazilian-nuts-keratin-hair-xbtx-purple-mask\" class=\"font-display first:mt-xs mb-2 mt-4 font-semimedium text-lg leading-[1.5em] lg:text-xl\">Felps Brazilian Nuts Keratin Hair XBTX Purple Mask \u2013 Traitement r\u00e9parateur amazonien<\/h1>\n<h2 id=\"intensive-repair-for-chemically-processed-hair\" class=\"mb-2 mt-4 font-display font-semimedium text-base first:mt-0 md:text-lg [hr+&amp;]:mt-4\">R\u00e9paration intensive pour cheveux trait\u00e9s chimiquement<\/h2>\n<p class=\"my-2 [&amp;+p]:mt-4 [&amp;_strong:has(+br)]:inline-block [&amp;_strong:has(+br)]:pb-2\">Le masque Felps Brazilian Nuts Keratin Hair XBTX Purple est con\u00e7u pour les <strong>cheveux ab\u00eem\u00e9s par la coloration, les m\u00e8ches, le lissage ou les traitements chimiques<\/strong>. Cette formule avanc\u00e9e procure <strong>nutrition profonde, r\u00e9paration et revitalisation<\/strong> pour une douceur et une brillance ultimes.<\/p>\n<h2 id=\"amazonian-brazilian-nuts-technology\" class=\"mb-2 mt-4 font-display font-semimedium text-base first:mt-0 md:text-lg [hr+&amp;]:mt-4\">Technologie amazonienne aux noix du Br\u00e9sil<\/h2>\n<ul class=\"marker:text-quiet list-disc\">\n<li class=\"py-0 my-0 prose-p:pt-0 prose-p:mb-2 prose-p:my-0 [&amp;&gt;p]:pt-0 [&amp;&gt;p]:mb-2 [&amp;&gt;p]:my-0\">\n<p class=\"my-2 [&amp;+p]:mt-4 [&amp;_strong:has(+br)]:inline-block [&amp;_strong:has(+br)]:pb-2\"><strong>Formule jungle amazonienne :<\/strong> Association de noix et graines du Br\u00e9sil de qualit\u00e9 sup\u00e9rieure, riches en prot\u00e9ines et nutriments, pour restaurer la vitalit\u00e9 et la sant\u00e9 du cheveu.<\/p>\n<\/li>\n<li class=\"py-0 my-0 prose-p:pt-0 prose-p:mb-2 prose-p:my-0 [&amp;&gt;p]:pt-0 [&amp;&gt;p]:mb-2 [&amp;&gt;p]:my-0\">\n<p class=\"my-2 [&amp;+p]:mt-4 [&amp;_strong:has(+br)]:inline-block [&amp;_strong:has(+br)]:pb-2\"><strong>Sp\u00e9cialiste des cheveux ab\u00eem\u00e9s :<\/strong> R\u00e9pond avec pr\u00e9cision aux besoins des cheveux color\u00e9s, liss\u00e9s ou trait\u00e9s chimiquement pour une r\u00e9paration cibl\u00e9e et essentielle.<\/p>\n<\/li>\n<\/ul>\n<h2 id=\"advanced-keratin--nutrient-complex\" class=\"mb-2 mt-4 font-display font-semimedium text-base first:mt-0 md:text-lg [hr+&amp;]:mt-4\">Complexe avanc\u00e9 de k\u00e9ratine et de nutriments<\/h2>\n<ul class=\"marker:text-quiet list-disc\">\n<li class=\"py-0 my-0 prose-p:pt-0 prose-p:mb-2 prose-p:my-0 [&amp;&gt;p]:pt-0 [&amp;&gt;p]:mb-2 [&amp;&gt;p]:my-0\">\n<p class=\"my-2 [&amp;+p]:mt-4 [&amp;_strong:has(+br)]:inline-block [&amp;_strong:has(+br)]:pb-2\"><strong>Enrichissement en k\u00e9ratine :<\/strong> La k\u00e9ratine concentr\u00e9e reconstruit la structure capillaire, comble les d\u00e9ficits prot\u00e9iques et restaure la force du cheveu.<\/p>\n<\/li>\n<li class=\"py-0 my-0 prose-p:pt-0 prose-p:mb-2 prose-p:my-0 [&amp;&gt;p]:pt-0 [&amp;&gt;p]:mb-2 [&amp;&gt;p]:my-0\">\n<p class=\"my-2 [&amp;+p]:mt-4 [&amp;_strong:has(+br)]:inline-block [&amp;_strong:has(+br)]:pb-2\"><strong>Om\u00e9ga-3 et acides gras :<\/strong> Nourrissent en profondeur, favorisent une croissance saine, la r\u00e9sistance et une restauration intensive.<\/p>\n<\/li>\n<\/ul>\n<h2 id=\"comprehensive-hair-benefits\" class=\"mb-2 mt-4 font-display font-semimedium text-base first:mt-0 md:text-lg [hr+&amp;]:mt-4\">Bienfaits capillaires complets<\/h2>\n<ul class=\"marker:text-quiet list-disc\">\n<li class=\"py-0 my-0 prose-p:pt-0 prose-p:mb-2 prose-p:my-0 [&amp;&gt;p]:pt-0 [&amp;&gt;p]:mb-2 [&amp;&gt;p]:my-0\">\n<p class=\"my-2 [&amp;+p]:mt-4 [&amp;_strong:has(+br)]:inline-block [&amp;_strong:has(+br)]:pb-2\">Brillance intense, luminosit\u00e9 naturelle<\/p>\n<\/li>\n<li class=\"py-0 my-0 prose-p:pt-0 prose-p:mb-2 prose-p:my-0 [&amp;&gt;p]:pt-0 [&amp;&gt;p]:mb-2 [&amp;&gt;p]:my-0\">\n<p class=\"my-2 [&amp;+p]:mt-4 [&amp;_strong:has(+br)]:inline-block [&amp;_strong:has(+br)]:pb-2\">Douceur, souplesse et mouvement am\u00e9lior\u00e9s<\/p>\n<\/li>\n<li class=\"py-0 my-0 prose-p:pt-0 prose-p:mb-2 prose-p:my-0 [&amp;&gt;p]:pt-0 [&amp;&gt;p]:mb-2 [&amp;&gt;p]:my-0\">\n<p class=\"my-2 [&amp;+p]:mt-4 [&amp;_strong:has(+br)]:inline-block [&amp;_strong:has(+br)]:pb-2\">Nutrition compl\u00e8te pour cheveux fragiles, secs ou cassants<\/p>\n<\/li>\n<li class=\"py-0 my-0 prose-p:pt-0 prose-p:mb-2 prose-p:my-0 [&amp;&gt;p]:pt-0 [&amp;&gt;p]:mb-2 [&amp;&gt;p]:my-0\">\n<p class=\"my-2 [&amp;+p]:mt-4 [&amp;_strong:has(+br)]:inline-block [&amp;_strong:has(+br)]:pb-2\">Structure renforc\u00e9e pour une sant\u00e9 durable<\/p>\n<\/li>\n<\/ul>\n<h2 id=\"premium-oil-infusion-for-deep-hydration\" class=\"mb-2 mt-4 font-display font-semimedium text-base first:mt-0 md:text-lg [hr+&amp;]:mt-4\">Infusion d&#8217;huiles de qualit\u00e9 pour une hydratation profonde<\/h2>\n<ul class=\"marker:text-quiet list-disc\">\n<li class=\"py-0 my-0 prose-p:pt-0 prose-p:mb-2 prose-p:my-0 [&amp;&gt;p]:pt-0 [&amp;&gt;p]:mb-2 [&amp;&gt;p]:my-0\">\n<p class=\"my-2 [&amp;+p]:mt-4 [&amp;_strong:has(+br)]:inline-block [&amp;_strong:has(+br)]:pb-2\"><strong>Huile de macadamia :<\/strong> Offre une hydratation sup\u00e9rieure, fortifie la fibre capillaire, prot\u00e8ge contre les agressions futures et intensifie la brillance.<\/p>\n<\/li>\n<li class=\"py-0 my-0 prose-p:pt-0 prose-p:mb-2 prose-p:my-0 [&amp;&gt;p]:pt-0 [&amp;&gt;p]:mb-2 [&amp;&gt;p]:my-0\">\n<p class=\"my-2 [&amp;+p]:mt-4 [&amp;_strong:has(+br)]:inline-block [&amp;_strong:has(+br)]:pb-2\"><strong>Huile d&#8217;argan :<\/strong> Offre une hydratation intensive, r\u00e9pare la cuticule et prot\u00e8ge la chevelure des agressions ext\u00e9rieures gr\u00e2ce \u00e0 son pouvoir antioxydant.<\/p>\n<\/li>\n<\/ul>\n<h2 id=\"simple-effective-professional-application\" class=\"mb-2 mt-4 font-display font-semimedium text-base first:mt-0 md:text-lg [hr+&amp;]:mt-4\">Application professionnelle simple et efficace<\/h2>\n<ol class=\"marker:text-quiet list-decimal\">\n<li class=\"py-0 my-0 prose-p:pt-0 prose-p:mb-2 prose-p:my-0 [&amp;&gt;p]:pt-0 [&amp;&gt;p]:mb-2 [&amp;&gt;p]:my-0\">\n<p class=\"my-2 [&amp;+p]:mt-4 [&amp;_strong:has(+br)]:inline-block [&amp;_strong:has(+br)]:pb-2\">Laver les cheveux avec un shampoing clarifiant et bien rincer<\/p>\n<\/li>\n<li class=\"py-0 my-0 prose-p:pt-0 prose-p:mb-2 prose-p:my-0 [&amp;&gt;p]:pt-0 [&amp;&gt;p]:mb-2 [&amp;&gt;p]:my-0\">\n<p class=\"my-2 [&amp;+p]:mt-4 [&amp;_strong:has(+br)]:inline-block [&amp;_strong:has(+br)]:pb-2\">Appliquer le masque uniform\u00e9ment sur les cheveux propres<\/p>\n<\/li>\n<li class=\"py-0 my-0 prose-p:pt-0 prose-p:mb-2 prose-p:my-0 [&amp;&gt;p]:pt-0 [&amp;&gt;p]:mb-2 [&amp;&gt;p]:my-0\">\n<p class=\"my-2 [&amp;+p]:mt-4 [&amp;_strong:has(+br)]:inline-block [&amp;_strong:has(+br)]:pb-2\">Laisser agir 20 \u00e0 40 minutes selon le niveau de dommages<\/p>\n<\/li>\n<li class=\"py-0 my-0 prose-p:pt-0 prose-p:mb-2 prose-p:my-0 [&amp;&gt;p]:pt-0 [&amp;&gt;p]:mb-2 [&amp;&gt;p]:my-0\">\n<p class=\"my-2 [&amp;+p]:mt-4 [&amp;_strong:has(+br)]:inline-block [&amp;_strong:has(+br)]:pb-2\">Rincer abondamment et coiffer selon vos envies<\/p>\n<\/li>\n<\/ol>\n<h2 id=\"ideal-for-all-hair-types\" class=\"mb-2 mt-4 font-display font-semimedium text-base first:mt-0 md:text-lg [hr+&amp;]:mt-4\">Id\u00e9al pour tous les types de cheveux<\/h2>\n<p class=\"my-2 [&amp;+p]:mt-4 [&amp;_strong:has(+br)]:inline-block [&amp;_strong:has(+br)]:pb-2\">Sp\u00e9cifiquement adapt\u00e9 aux cheveux trait\u00e9s chimiquement, color\u00e9s ou secs, mais efficace pour toutes les textures. La formule violette aide \u00e0 nuancer les cheveux blonds et m\u00e9ch\u00e9s tout en maximisant la r\u00e9paration.<\/p>\n<p class=\"my-2 [&amp;+p]:mt-4 [&amp;_strong:has(+br)]:inline-block [&amp;_strong:has(+br)]:pb-2\"><strong>Obtenez une r\u00e9paration, une brillance et une douceur dignes d\u2019un salon \u00e0 chaque application, avec la puissance de l\u2019Amazonie.<\/strong><\/p>\n<p><span style=\"color: #ff0000;\"><em>L\u2019emballage de ce produit peut varier en raison de changements r\u00e9cents, mais la formule demeure identique \u00e0 l\u2019int\u00e9rieur.<\/em><\/span><\/p>\n\t\t<div data-elementor-type=\"wp-post\" data-elementor-id=\"21679\" class=\"elementor elementor-21679 elementor-21663\" data-elementor-settings=\"{&quot;ha_cmc_init_switcher&quot;:&quot;no&quot;}\">\n\t\t\t\t\t\t<section class=\"wd-negative-gap elementor-section elementor-top-section elementor-element elementor-element-dfea947 elementor-section-boxed elementor-section-height-default elementor-section-height-default\" data-id=\"dfea947\" data-element_type=\"section\" data-settings=\"{&quot;_ha_eqh_enable&quot;:false}\">\n\t\t\t\t\t\t<div class=\"elementor-container elementor-column-gap-default\">\n\t\t\t\t\t<div class=\"elementor-column elementor-col-100 elementor-top-column elementor-element elementor-element-6cceacb\" data-id=\"6cceacb\" data-element_type=\"column\">\n\t\t\t<div class=\"elementor-widget-wrap elementor-element-populated\">\n\t\t\t\t\t\t<div class=\"elementor-element elementor-element-f7e9fb2 elementor-widget elementor-widget-wd_image_or_svg\" data-id=\"f7e9fb2\" data-element_type=\"widget\" data-widget_type=\"wd_image_or_svg.default\">\n\t\t\t\t<div class=\"elementor-widget-container\">\n\t\t\t\t\t\n\t\t<div class=\"wd-image text-left\">\n\t\t\t\t\t\t\t\t<img loading=\"lazy\" decoding=\"async\" width=\"1218\" height=\"528\" src=\"https:\/\/naturalook.shop\/wp-content\/uploads\/2023\/04\/botox-fr.png\" class=\"attachment-full size-full\" alt=\"\" srcset=\"https:\/\/naturalook.shop\/wp-content\/uploads\/2023\/04\/botox-fr.png 1218w, https:\/\/naturalook.shop\/wp-content\/uploads\/2023\/04\/botox-fr-430x186.png 430w, https:\/\/naturalook.shop\/wp-content\/uploads\/2023\/04\/botox-fr-150x65.png 150w, https:\/\/naturalook.shop\/wp-content\/uploads\/2023\/04\/botox-fr-900x390.png 900w, https:\/\/naturalook.shop\/wp-content\/uploads\/2023\/04\/botox-fr-400x173.png 400w, https:\/\/naturalook.shop\/wp-content\/uploads\/2023\/04\/botox-fr-768x333.png 768w, https:\/\/naturalook.shop\/wp-content\/uploads\/2023\/04\/botox-fr-860x373.png 860w\" sizes=\"auto, (max-width: 1218px) 100vw, 1218px\" \/>\t\t\t\t\t<\/div>\n\n\t\t\t\t\t\t<\/div>\n\t\t\t\t<\/div>\n\t\t\t\t\t<\/div>\n\t\t<\/div>\n\t\t\t\t\t<\/div>\n\t\t<\/section>\n\t\t\t\t<section class=\"wd-negative-gap elementor-section elementor-top-section elementor-element elementor-element-ff14e2e elementor-section-boxed elementor-section-height-default elementor-section-height-default\" data-id=\"ff14e2e\" data-element_type=\"section\" data-settings=\"{&quot;_ha_eqh_enable&quot;:false}\">\n\t\t\t\t\t\t<div class=\"elementor-container elementor-column-gap-default\">\n\t\t\t\t\t<div class=\"elementor-column elementor-col-100 elementor-top-column elementor-element elementor-element-f23574f\" data-id=\"f23574f\" data-element_type=\"column\">\n\t\t\t<div class=\"elementor-widget-wrap elementor-element-populated\">\n\t\t\t\t\t\t<div class=\"elementor-element elementor-element-856cb2c elementor-widget elementor-widget-wd_image_or_svg\" data-id=\"856cb2c\" data-element_type=\"widget\" data-widget_type=\"wd_image_or_svg.default\">\n\t\t\t\t<div class=\"elementor-widget-container\">\n\t\t\t\t\t\n\t\t<div class=\"wd-image text-left\">\n\t\t\t\t\t\t\t\t<img loading=\"lazy\" decoding=\"async\" width=\"1978\" height=\"2560\" src=\"https:\/\/naturalook.shop\/wp-content\/uploads\/2025\/02\/FELPS-botox-FR-scaled.jpg\" class=\"attachment-full size-full\" alt=\"\" srcset=\"https:\/\/naturalook.shop\/wp-content\/uploads\/2025\/02\/FELPS-botox-FR-scaled.jpg 1978w, https:\/\/naturalook.shop\/wp-content\/uploads\/2025\/02\/FELPS-botox-FR-scaled-430x557.jpg 430w, https:\/\/naturalook.shop\/wp-content\/uploads\/2025\/02\/FELPS-botox-FR-scaled-150x194.jpg 150w, https:\/\/naturalook.shop\/wp-content\/uploads\/2025\/02\/FELPS-botox-FR-scaled-900x1165.jpg 900w, https:\/\/naturalook.shop\/wp-content\/uploads\/2025\/02\/FELPS-botox-FR-232x300.jpg 232w, https:\/\/naturalook.shop\/wp-content\/uploads\/2025\/02\/FELPS-botox-FR-618x800.jpg 618w, https:\/\/naturalook.shop\/wp-content\/uploads\/2025\/02\/FELPS-botox-FR-768x994.jpg 768w, https:\/\/naturalook.shop\/wp-content\/uploads\/2025\/02\/FELPS-botox-FR-1187x1536.jpg 1187w, https:\/\/naturalook.shop\/wp-content\/uploads\/2025\/02\/FELPS-botox-FR-1583x2048.jpg 1583w, https:\/\/naturalook.shop\/wp-content\/uploads\/2025\/02\/FELPS-botox-FR-1320x1708.jpg 1320w\" sizes=\"auto, (max-width: 1978px) 100vw, 1978px\" \/>\t\t\t\t\t<\/div>\n\n\t\t\t\t\t\t<\/div>\n\t\t\t\t<\/div>\n\t\t\t\t\t<\/div>\n\t\t<\/div>\n\t\t\t\t\t<\/div>\n\t\t<\/section>\n\t\t\t\t<\/div>\n\t\t\n","protected":false},"excerpt":{"rendered":"<p>Le masque Felps Brazilian Nuts Keratin Hair XBTX Purple est un traitement r\u00e9parateur intensif d\u2019Amazonie pour les cheveux trait\u00e9s chimiquement, color\u00e9s ou liss\u00e9s. Enrichi de noix du Br\u00e9sil, k\u00e9ratine, om\u00e9ga-3, huiles de macadamia et d\u2019argan, il restaure, renforce et nuance la chevelure pour des r\u00e9sultats brillants, doux et sains\u2014id\u00e9al pour tous les types de cheveux.<\/p>\n","protected":false},"featured_media":34567,"comment_status":"open","ping_status":"closed","template":"","meta":{"_glsr_average":0,"_glsr_ranking":0,"_glsr_reviews":0},"product_brand":[900],"product_cat":[79],"product_tag":[],"class_list":{"0":"post-34565","1":"product","2":"type-product","3":"status-publish","4":"has-post-thumbnail","6":"product_brand-felps","7":"product_cat-botox-capillaire","8":"_wholesalex wsx-wholesalex-product","10":"first","11":"instock","12":"featured","13":"taxable","14":"shipping-taxable","15":"product-type-simple"},"jetpack_sharing_enabled":true,"_links":{"self":[{"href":"https:\/\/naturalook.shop\/fr\/wp-json\/wp\/v2\/product\/34565","targetHints":{"allow":["GET"]}}],"collection":[{"href":"https:\/\/naturalook.shop\/fr\/wp-json\/wp\/v2\/product"}],"about":[{"href":"https:\/\/naturalook.shop\/fr\/wp-json\/wp\/v2\/types\/product"}],"replies":[{"embeddable":true,"href":"https:\/\/naturalook.shop\/fr\/wp-json\/wp\/v2\/comments?post=34565"}],"version-history":[{"count":1,"href":"https:\/\/naturalook.shop\/fr\/wp-json\/wp\/v2\/product\/34565\/revisions"}],"predecessor-version":[{"id":34569,"href":"https:\/\/naturalook.shop\/fr\/wp-json\/wp\/v2\/product\/34565\/revisions\/34569"}],"wp:featuredmedia":[{"embeddable":true,"href":"https:\/\/naturalook.shop\/fr\/wp-json\/wp\/v2\/media\/34567"}],"wp:attachment":[{"href":"https:\/\/naturalook.shop\/fr\/wp-json\/wp\/v2\/media?parent=34565"}],"wp:term":[{"taxonomy":"product_brand","embeddable":true,"href":"https:\/\/naturalook.shop\/fr\/wp-json\/wp\/v2\/product_brand?post=34565"},{"taxonomy":"product_cat","embeddable":true,"href":"https:\/\/naturalook.shop\/fr\/wp-json\/wp\/v2\/product_cat?post=34565"},{"taxonomy":"product_tag","embeddable":true,"href":"https:\/\/naturalook.shop\/fr\/wp-json\/wp\/v2\/product_tag?post=34565"}],"curies":[{"name":"wp","href":"https:\/\/api.w.org\/{rel}","templated":true}]}}