{"id":35073,"date":"2025-12-05T10:43:33","date_gmt":"2025-12-05T15:43:33","guid":{"rendered":"https:\/\/naturalook.shop\/?post_type=product&#038;p=35073"},"modified":"2025-12-05T10:56:48","modified_gmt":"2025-12-05T15:56:48","slug":"maria-nila-shampooing-sheer-silver-350ml","status":"publish","type":"product","link":"https:\/\/naturalook.shop\/fr\/produit\/maria-nila-shampooing-sheer-silver-350ml\/","title":{"rendered":"MARIA NILA &#8211; Shampooing Sheer Silver 350ml"},"content":{"rendered":"<h1 class=\"font-display first:mt-xs mb-2 mt-4 font-semimedium text-lg leading-[1.5em] lg:text-xl\"><span class=\"group\/language-learning cursor-pointer\"><span class=\"group-hover\/language-learning:border-foreground border-subtle cursor-pointer hyphens-auto break-words border-b-2 border-dotted outline-none transition-colors duration-200 ease-out font-sans text-base font-medium text-foreground selection:bg-super\/50 selection:text-foreground dark:selection:bg-super\/10 dark:selection:text-super\">Shampoing Maria Nila Sheer Silver<\/span><\/span> &#8211; Soin tonal pour cheveux blonds, blancs et gris<\/h1>\n<p class=\"my-2 [&amp;+p]:mt-4 [&amp;_strong:has(+br)]:inline-block [&amp;_strong:has(+br)]:pb-2\">Le shampoing Maria Nila Sheer Silver est un shampoing violet professionnel con\u00e7u pour corriger les reflets dor\u00e9s ind\u00e9sirables des cheveux blonds naturels ou color\u00e9s, ainsi que des cheveux blancs et gris, tout en am\u00e9liorant la brillance et la r\u00e9sistance de la fibre capillaire. Sa formule douce, sans sulfates ni parab\u00e8nes, nettoie efficacement sans ass\u00e9cher, laissant les cheveux plus \u00e9clatants, frais et lumineux apr\u00e8s chaque lavage.\u200b<\/p>\n<h2 id=\"technologie-avance-de-correction-des-tons\" class=\"mb-2 mt-4 font-display font-semimedium text-base first:mt-0 md:text-lg [hr+&amp;]:mt-4\">Technologie avanc\u00e9e de correction des tons<\/h2>\n<p class=\"my-2 [&amp;+p]:mt-4 [&amp;_strong:has(+br)]:inline-block [&amp;_strong:has(+br)]:pb-2\">Les pigments violets concentr\u00e9s neutralisent les reflets jaunes et cuivr\u00e9s pour conserver un blond ou un argent\u00e9 propre et froid entre les visites au salon. Le Colour Guard Complex aide \u00e0 pr\u00e9server la couleur en la prot\u00e9geant des lavages fr\u00e9quents, des rayons UV et des radicaux libres, pour une couleur qui reste belle plus longtemps.\u200b<\/p>\n<h2 id=\"ingrdients-botaniques-nourrissants\" class=\"mb-2 mt-4 font-display font-semimedium text-base first:mt-0 md:text-lg [hr+&amp;]:mt-4\">Ingr\u00e9dients botaniques nourrissants<\/h2>\n<ul class=\"marker:text-quiet list-disc\">\n<li class=\"py-0 my-0 prose-p:pt-0 prose-p:mb-2 prose-p:my-0 [&amp;&gt;p]:pt-0 [&amp;&gt;p]:mb-2 [&amp;&gt;p]:my-0\">\n<p class=\"my-2 [&amp;+p]:mt-4 [&amp;_strong:has(+br)]:inline-block [&amp;_strong:has(+br)]:pb-2\">Pigments violets : aident \u00e0 contrer les tons chauds pour un r\u00e9sultat plus froid et plus net.\u200b<\/p>\n<\/li>\n<li class=\"py-0 my-0 prose-p:pt-0 prose-p:mb-2 prose-p:my-0 [&amp;&gt;p]:pt-0 [&amp;&gt;p]:mb-2 [&amp;&gt;p]:my-0\">\n<p class=\"my-2 [&amp;+p]:mt-4 [&amp;_strong:has(+br)]:inline-block [&amp;_strong:has(+br)]:pb-2\">Extrait de m\u00fbre : apporte une brillance intense et met en valeur les reflets naturels ou color\u00e9s.\u200b<\/p>\n<\/li>\n<li class=\"py-0 my-0 prose-p:pt-0 prose-p:mb-2 prose-p:my-0 [&amp;&gt;p]:pt-0 [&amp;&gt;p]:mb-2 [&amp;&gt;p]:my-0\">\n<p class=\"my-2 [&amp;+p]:mt-4 [&amp;_strong:has(+br)]:inline-block [&amp;_strong:has(+br)]:pb-2\">Prot\u00e9ines v\u00e9g\u00e9tales : renforcent et conditionnent la fibre capillaire, am\u00e9liorant sa r\u00e9sistance et sa souplesse.\u200b<\/p>\n<\/li>\n<li class=\"py-0 my-0 prose-p:pt-0 prose-p:mb-2 prose-p:my-0 [&amp;&gt;p]:pt-0 [&amp;&gt;p]:mb-2 [&amp;&gt;p]:my-0\">\n<p class=\"my-2 [&amp;+p]:mt-4 [&amp;_strong:has(+br)]:inline-block [&amp;_strong:has(+br)]:pb-2\">Huile de graines de tournesol : forme une barri\u00e8re protectrice riche en vitamine E qui aide \u00e0 maintenir l\u2019hydratation et \u00e0 augmenter l\u2019\u00e9clat.\u200b<\/p>\n<\/li>\n<li class=\"py-0 my-0 prose-p:pt-0 prose-p:mb-2 prose-p:my-0 [&amp;&gt;p]:pt-0 [&amp;&gt;p]:mb-2 [&amp;&gt;p]:my-0\">\n<p class=\"my-2 [&amp;+p]:mt-4 [&amp;_strong:has(+br)]:inline-block [&amp;_strong:has(+br)]:pb-2\">Antioxydants protecteurs : contribuent \u00e0 prot\u00e9ger les cheveux des agressions ext\u00e9rieures susceptibles d\u2019alt\u00e9rer la couleur et la brillance.\u200b<\/p>\n<\/li>\n<\/ul>\n<h2 id=\"rsultats-professionnels--la-maison\" class=\"mb-2 mt-4 font-display font-semimedium text-base first:mt-0 md:text-lg [hr+&amp;]:mt-4\">R\u00e9sultats professionnels \u00e0 la maison<\/h2>\n<p class=\"my-2 [&amp;+p]:mt-4 [&amp;_strong:has(+br)]:inline-block [&amp;_strong:has(+br)]:pb-2\">Les cheveux sont nettoy\u00e9s en douceur, plus souples et faciles \u00e0 coiffer, avec une brillance qui refl\u00e8te la lumi\u00e8re et met en valeur les tons froids et les m\u00e8ches. Le shampoing offre un parfum fruit\u00e9 et floral aux notes d\u2019orange, de pamplemousse et de jasmin pour une exp\u00e9rience sensorielle digne d\u2019un salon \u00e0 chaque utilisation.\u200b<\/p>\n<h2 id=\"beaut-durable-et-thique\" class=\"mb-2 mt-4 font-display font-semimedium text-base first:mt-0 md:text-lg [hr+&amp;]:mt-4\">Beaut\u00e9 durable et \u00e9thique<\/h2>\n<ul class=\"marker:text-quiet list-disc\">\n<li class=\"py-0 my-0 prose-p:pt-0 prose-p:mb-2 prose-p:my-0 [&amp;&gt;p]:pt-0 [&amp;&gt;p]:mb-2 [&amp;&gt;p]:my-0\">\n<p class=\"my-2 [&amp;+p]:mt-4 [&amp;_strong:has(+br)]:inline-block [&amp;_strong:has(+br)]:pb-2\">100% v\u00e9gan et sans cruaut\u00e9 animale.\u200b<\/p>\n<\/li>\n<li class=\"py-0 my-0 prose-p:pt-0 prose-p:mb-2 prose-p:my-0 [&amp;&gt;p]:pt-0 [&amp;&gt;p]:mb-2 [&amp;&gt;p]:my-0\">\n<p class=\"my-2 [&amp;+p]:mt-4 [&amp;_strong:has(+br)]:inline-block [&amp;_strong:has(+br)]:pb-2\">Emballage \u00e0 empreinte carbone compens\u00e9e (CO2 compensated packaging).\u200b<\/p>\n<\/li>\n<li class=\"py-0 my-0 prose-p:pt-0 prose-p:mb-2 prose-p:my-0 [&amp;&gt;p]:pt-0 [&amp;&gt;p]:mb-2 [&amp;&gt;p]:my-0\">\n<p class=\"my-2 [&amp;+p]:mt-4 [&amp;_strong:has(+br)]:inline-block [&amp;_strong:has(+br)]:pb-2\">Formule sans sulfates ni parab\u00e8nes, s\u00e9curitaire pour les cheveux color\u00e9s et naturels.\u200b<\/p>\n<\/li>\n<\/ul>\n<h2 id=\"mode-demploi\" class=\"mb-2 mt-4 font-display font-semimedium text-base first:mt-0 md:text-lg [hr+&amp;]:mt-4\">Mode d\u2019emploi<\/h2>\n<p class=\"my-2 [&amp;+p]:mt-4 [&amp;_strong:has(+br)]:inline-block [&amp;_strong:has(+br)]:pb-2\">Appliquer sur cheveux mouill\u00e9s et masser d\u00e9licatement le cuir chevelu et les longueurs, puis rincer soigneusement. R\u00e9p\u00e9ter au besoin, puis suivre avec le masque et le revitalisant Maria Nila Sheer Silver pour intensifier les tons froids et optimiser le soin. Pour \u00e9viter les taches, il est recommand\u00e9 de porter des gants; en cas de doute sur l\u2019intensit\u00e9 du ton froid souhait\u00e9, consulter un professionnel, car les pigments violets peuvent modifier subtilement la nuance des cheveux.<\/p>\n","protected":false},"excerpt":{"rendered":"<div class=\"prose dark:prose-invert inline leading-relaxed break-words min-w-0 [word-break:break-word] prose-strong:font-medium\">\n<p class=\"my-2 [&amp;+p]:mt-4 [&amp;_strong:has(+br)]:inline-block [&amp;_strong:has(+br)]:pb-2\">Shampoing argent\u00e9 violet, v\u00e9gan, \u00e0 l\u2019extrait de m\u00fbre qui neutralise les reflets jaunes des cheveux blonds, blancs et gris tout en apportant force, brillance et une luminosit\u00e9 plus froide.<\/p>\n<\/div>\n","protected":false},"featured_media":35082,"comment_status":"open","ping_status":"closed","template":"","meta":{"_glsr_average":0,"_glsr_ranking":0,"_glsr_reviews":0},"product_brand":[904],"product_cat":[83,614],"product_tag":[],"class_list":{"0":"post-35073","1":"product","2":"type-product","3":"status-publish","4":"has-post-thumbnail","6":"product_brand-maria-nila","7":"product_cat-soins-a-domicile","8":"product_cat-shampooing","9":"_wholesalex wsx-wholesalex-product","11":"first","12":"instock","13":"taxable","14":"shipping-taxable","15":"purchasable","16":"product-type-simple"},"jetpack_sharing_enabled":true,"_links":{"self":[{"href":"https:\/\/naturalook.shop\/fr\/wp-json\/wp\/v2\/product\/35073","targetHints":{"allow":["GET"]}}],"collection":[{"href":"https:\/\/naturalook.shop\/fr\/wp-json\/wp\/v2\/product"}],"about":[{"href":"https:\/\/naturalook.shop\/fr\/wp-json\/wp\/v2\/types\/product"}],"replies":[{"embeddable":true,"href":"https:\/\/naturalook.shop\/fr\/wp-json\/wp\/v2\/comments?post=35073"}],"version-history":[{"count":1,"href":"https:\/\/naturalook.shop\/fr\/wp-json\/wp\/v2\/product\/35073\/revisions"}],"predecessor-version":[{"id":35089,"href":"https:\/\/naturalook.shop\/fr\/wp-json\/wp\/v2\/product\/35073\/revisions\/35089"}],"wp:featuredmedia":[{"embeddable":true,"href":"https:\/\/naturalook.shop\/fr\/wp-json\/wp\/v2\/media\/35082"}],"wp:attachment":[{"href":"https:\/\/naturalook.shop\/fr\/wp-json\/wp\/v2\/media?parent=35073"}],"wp:term":[{"taxonomy":"product_brand","embeddable":true,"href":"https:\/\/naturalook.shop\/fr\/wp-json\/wp\/v2\/product_brand?post=35073"},{"taxonomy":"product_cat","embeddable":true,"href":"https:\/\/naturalook.shop\/fr\/wp-json\/wp\/v2\/product_cat?post=35073"},{"taxonomy":"product_tag","embeddable":true,"href":"https:\/\/naturalook.shop\/fr\/wp-json\/wp\/v2\/product_tag?post=35073"}],"curies":[{"name":"wp","href":"https:\/\/api.w.org\/{rel}","templated":true}]}}