{"id":35152,"date":"2024-03-26T09:53:03","date_gmt":"2024-03-26T13:53:03","guid":{"rendered":"https:\/\/naturalook.shop\/product\/pinces-pour-extensions-de-cheveux-a-nano-capsules\/"},"modified":"2026-03-27T20:40:03","modified_gmt":"2026-03-28T00:40:03","slug":"pinces-pour-extensions-de-cheveux-a-nano-capsules","status":"publish","type":"product","link":"https:\/\/naturalook.shop\/fr\/produit\/pinces-pour-extensions-de-cheveux-a-nano-capsules\/","title":{"rendered":"PINCES POUR EXTENSIONS DE CHEVEUX \u00c0 NANO-CAPSULES"},"content":{"rendered":"<h1>NANO CAPSULE EXTENSION PLIERS \u2013 Outil ultra pr\u00e9cis pour points nano, micro et baby<\/h1>\n<p>Con\u00e7ues pour une pr\u00e9cision extr\u00eame et des r\u00e9sultats professionnels, ces pinces sont pens\u00e9es pour cr\u00e9er des nano-capsules, micro-bonds et baby bonds impeccables avec un contr\u00f4le maximal. <strong>Le nez plat extra mince, sp\u00e9cialement profil\u00e9 et plus \u00e9troit que celui des pinces de fusion standards<\/strong>, offre une visibilit\u00e9 exceptionnelle, vous permettant de voir exactement comment la k\u00e9ratine fond pour des points petits, nets et ultra discrets.<\/p>\n<p><span style=\"color: #ff0000;\"><strong>Note importante:<\/strong><\/span> <strong>la version avec nez dor\u00e9 est encore plus fine<\/strong>, offrant la pr\u00e9cision la plus \u00e9lev\u00e9e pour les capsules les plus petites et les plus invisibles.<\/p>\n<h2>Caract\u00e9ristiques principales<\/h2>\n<ul class=\"marker:text-quiet list-disc\">\n<li class=\"py-0 my-0 prose-p:pt-0 prose-p:mb-2 prose-p:my-0 [&amp;&gt;p]:pt-0 [&amp;&gt;p]:mb-2 [&amp;&gt;p]:my-0\">\n<p class=\"my-2 [&amp;+p]:mt-4 [&amp;_strong:has(+br)]:inline-block [&amp;_strong:has(+br)]:pb-2\">R\u00e9gulateur de temp\u00e9rature int\u00e9gr\u00e9 pour une chaleur s\u00e9curitaire et constante.<\/p>\n<\/li>\n<li class=\"py-0 my-0 prose-p:pt-0 prose-p:mb-2 prose-p:my-0 [&amp;&gt;p]:pt-0 [&amp;&gt;p]:mb-2 [&amp;&gt;p]:my-0\">\n<p class=\"my-2 [&amp;+p]:mt-4 [&amp;_strong:has(+br)]:inline-block [&amp;_strong:has(+br)]:pb-2\">Nez plat ultra mince et pr\u00e9cis pour une visibilit\u00e9 et une exactitude maximales.<\/p>\n<\/li>\n<li class=\"py-0 my-0 prose-p:pt-0 prose-p:mb-2 prose-p:my-0 [&amp;&gt;p]:pt-0 [&amp;&gt;p]:mb-2 [&amp;&gt;p]:my-0\">\n<p class=\"my-2 [&amp;+p]:mt-4 [&amp;_strong:has(+br)]:inline-block [&amp;_strong:has(+br)]:pb-2\">Mod\u00e8le \u00e0 nez dor\u00e9 avec embout encore plus fin pour des nano-bonds extra d\u00e9licats.<\/p>\n<\/li>\n<li class=\"py-0 my-0 prose-p:pt-0 prose-p:mb-2 prose-p:my-0 [&amp;&gt;p]:pt-0 [&amp;&gt;p]:mb-2 [&amp;&gt;p]:my-0\">\n<p class=\"my-2 [&amp;+p]:mt-4 [&amp;_strong:has(+br)]:inline-block [&amp;_strong:has(+br)]:pb-2\">Id\u00e9al pour les nano-bonds, micro-bonds et baby bonds.<\/p>\n<\/li>\n<li class=\"py-0 my-0 prose-p:pt-0 prose-p:mb-2 prose-p:my-0 [&amp;&gt;p]:pt-0 [&amp;&gt;p]:mb-2 [&amp;&gt;p]:my-0\">\n<p class=\"my-2 [&amp;+p]:mt-4 [&amp;_strong:has(+br)]:inline-block [&amp;_strong:has(+br)]:pb-2\">Plage de temp\u00e9rature : 100 \u00b0C \u00e0 220 \u00b0C (200 \u00b0F \u00e0 400 \u00b0F).<\/p>\n<\/li>\n<li class=\"py-0 my-0 prose-p:pt-0 prose-p:mb-2 prose-p:my-0 [&amp;&gt;p]:pt-0 [&amp;&gt;p]:mb-2 [&amp;&gt;p]:my-0\">\n<p class=\"my-2 [&amp;+p]:mt-4 [&amp;_strong:has(+br)]:inline-block [&amp;_strong:has(+br)]:pb-2\">Temps de chauffe rapide : pr\u00eates en 1 minute.<\/p>\n<\/li>\n<li class=\"py-0 my-0 prose-p:pt-0 prose-p:mb-2 prose-p:my-0 [&amp;&gt;p]:pt-0 [&amp;&gt;p]:mb-2 [&amp;&gt;p]:my-0\">\n<p class=\"my-2 [&amp;+p]:mt-4 [&amp;_strong:has(+br)]:inline-block [&amp;_strong:has(+br)]:pb-2\">Design l\u00e9ger, ergonomique, avec fini mat professionnel.<\/p>\n<\/li>\n<\/ul>\n","protected":false},"excerpt":{"rendered":"<p>Les PINCES POUR EXTENSIONS \u00c0 NANO-CAPSULES sont des pinces de fusion ultra-pr\u00e9cises \u00e0 temp\u00e9rature contr\u00f4l\u00e9e, dot\u00e9es d\u2019un nez plat extra mince, con\u00e7ues pour des points de k\u00e9ratine nano, micro et \u00ab\u202fbaby\u202f\u00bb impeccables, offrant une visibilit\u00e9 maximale, une mont\u00e9e en chaleur rapide et un confort ergonomique et l\u00e9ger.<\/p>\n","protected":false},"featured_media":26110,"comment_status":"open","ping_status":"closed","template":"","meta":{"_glsr_average":0,"_glsr_ranking":0,"_glsr_reviews":0},"product_brand":[],"product_cat":[621,622],"product_tag":[],"class_list":{"0":"post-35152","1":"product","2":"type-product","3":"status-publish","4":"has-post-thumbnail","6":"product_cat-outils","7":"product_cat-outils-pour-extensions-capillaires","8":"_wholesalex wsx-wholesalex-product","10":"first","11":"instock","12":"taxable","13":"shipping-taxable","14":"purchasable","15":"product-type-variable"},"jetpack_sharing_enabled":true,"_links":{"self":[{"href":"https:\/\/naturalook.shop\/fr\/wp-json\/wp\/v2\/product\/35152","targetHints":{"allow":["GET"]}}],"collection":[{"href":"https:\/\/naturalook.shop\/fr\/wp-json\/wp\/v2\/product"}],"about":[{"href":"https:\/\/naturalook.shop\/fr\/wp-json\/wp\/v2\/types\/product"}],"replies":[{"embeddable":true,"href":"https:\/\/naturalook.shop\/fr\/wp-json\/wp\/v2\/comments?post=35152"}],"version-history":[{"count":2,"href":"https:\/\/naturalook.shop\/fr\/wp-json\/wp\/v2\/product\/35152\/revisions"}],"predecessor-version":[{"id":35156,"href":"https:\/\/naturalook.shop\/fr\/wp-json\/wp\/v2\/product\/35152\/revisions\/35156"}],"wp:featuredmedia":[{"embeddable":true,"href":"https:\/\/naturalook.shop\/fr\/wp-json\/wp\/v2\/media\/26110"}],"wp:attachment":[{"href":"https:\/\/naturalook.shop\/fr\/wp-json\/wp\/v2\/media?parent=35152"}],"wp:term":[{"taxonomy":"product_brand","embeddable":true,"href":"https:\/\/naturalook.shop\/fr\/wp-json\/wp\/v2\/product_brand?post=35152"},{"taxonomy":"product_cat","embeddable":true,"href":"https:\/\/naturalook.shop\/fr\/wp-json\/wp\/v2\/product_cat?post=35152"},{"taxonomy":"product_tag","embeddable":true,"href":"https:\/\/naturalook.shop\/fr\/wp-json\/wp\/v2\/product_tag?post=35152"}],"curies":[{"name":"wp","href":"https:\/\/api.w.org\/{rel}","templated":true}]}}