{"id":35201,"date":"2025-12-20T17:19:44","date_gmt":"2025-12-20T22:19:44","guid":{"rendered":"https:\/\/naturalook.shop\/product\/pince-pour-extensions-a-bandes-adhesives\/"},"modified":"2025-12-21T11:48:13","modified_gmt":"2025-12-21T16:48:13","slug":"pince-pour-extensions-a-bandes-adhesives","status":"publish","type":"product","link":"https:\/\/naturalook.shop\/fr\/produit\/pince-pour-extensions-a-bandes-adhesives\/","title":{"rendered":"PINCE POUR EXTENSIONS \u00c0 BANDES ADH\u00c9SIVES"},"content":{"rendered":"<h1 class=\"font-display first:mt-xs mb-2 mt-4 font-semimedium text-lg leading-[1.5em] lg:text-xl\">PINCE POUR EXTENSIONS \u00c0 BANDES ADH\u00c9SIVES \u2013 Scellage impeccable et s\u00e9curitaire des bandes<\/h1>\n<h2 id=\"solve-slipping-weak-bonds\" class=\"mb-2 mt-4 font-display font-semimedium text-base first:mt-0 md:text-lg [hr+&amp;]:mt-4\">Solution aux glissements et liaisons faibles<\/h2>\n<p class=\"my-2 [&amp;+p]:mt-4 [&amp;_strong:has(+br)]:inline-block [&amp;_strong:has(+br)]:pb-2\">Ces pinces pour bandes sont con\u00e7ues pour \u00e9liminer l\u2019un des plus grands probl\u00e8mes des extensions \u00e0 bandes \u2014 la <strong>pression in\u00e9gale lors de la pose<\/strong> qui cause des glissements, des soul\u00e8vements et une d\u00e9gradation pr\u00e9matur\u00e9e de l\u2019adh\u00e9sif. En appliquant une compression contr\u00f4l\u00e9e et uniforme sur toute la bande adh\u00e9sive, elles font durer vos extensions plus longtemps, les font adh\u00e9rer plus \u00e0 plat et paraissent plus professionnelles entre les r\u00e9ajustements.<\/p>\n<h2 id=\"precision-design-for-perfect-sealing\" class=\"mb-2 mt-4 font-display font-semimedium text-base first:mt-0 md:text-lg [hr+&amp;]:mt-4\">Design de pr\u00e9cision pour un scellage parfait<\/h2>\n<ul class=\"marker:text-quiet list-disc\">\n<li class=\"py-0 my-0 prose-p:pt-0 prose-p:mb-2 prose-p:my-0 [&amp;&gt;p]:pt-0 [&amp;&gt;p]:mb-2 [&amp;&gt;p]:my-0\">\n<p class=\"my-2 [&amp;+p]:mt-4 [&amp;_strong:has(+br)]:inline-block [&amp;_strong:has(+br)]:pb-2\">Longueur totale de l\u2019<strong>outil : 17 cm<\/strong> pour un \u00e9quilibre, un contr\u00f4le et une portabilit\u00e9 id\u00e9aux.<\/p>\n<\/li>\n<li class=\"py-0 my-0 prose-p:pt-0 prose-p:mb-2 prose-p:my-0 [&amp;&gt;p]:pt-0 [&amp;&gt;p]:mb-2 [&amp;&gt;p]:my-0\">\n<p class=\"my-2 [&amp;+p]:mt-4 [&amp;_strong:has(+br)]:inline-block [&amp;_strong:has(+br)]:pb-2\"><strong>Plaques\/plaquettes textur\u00e9es (4 cm de long)<\/strong> prot\u00e8gent la bande des dommages tout en offrant une adh\u00e9rence et un contr\u00f4le sup\u00e9rieurs, distribuant la pression uniform\u00e9ment sans \u00e9craser ni d\u00e9former la zone adh\u00e9sive.<\/p>\n<\/li>\n<li class=\"py-0 my-0 prose-p:pt-0 prose-p:mb-2 prose-p:my-0 [&amp;&gt;p]:pt-0 [&amp;&gt;p]:mb-2 [&amp;&gt;p]:my-0\">\n<p class=\"my-2 [&amp;+p]:mt-4 [&amp;_strong:has(+br)]:inline-block [&amp;_strong:has(+br)]:pb-2\">Un <strong>nez allong\u00e9<\/strong> est fa\u00e7onn\u00e9 pour s\u2019adapter \u00e0 toutes les tailles courantes de bandes adh\u00e9sives, formant un scellage complet qui emp\u00eache l\u2019eau et les produits capillaires de p\u00e9n\u00e9trer et d\u2019affaiblir la liaison.<\/p>\n<\/li>\n<li class=\"py-0 my-0 prose-p:pt-0 prose-p:mb-2 prose-p:my-0 [&amp;&gt;p]:pt-0 [&amp;&gt;p]:mb-2 [&amp;&gt;p]:my-0\">\n<p class=\"my-2 [&amp;+p]:mt-4 [&amp;_strong:has(+br)]:inline-block [&amp;_strong:has(+br)]:pb-2\">Finition en <strong>ton or premium<\/strong>, les pinces allient durabilit\u00e9 et look luxueux et professionnel \u00e0 la station.<\/p>\n<\/li>\n<\/ul>\n<h2 id=\"why-stylists-love-them\" class=\"mb-2 mt-4 font-display font-semimedium text-base first:mt-0 md:text-lg [hr+&amp;]:mt-4\">Pourquoi les stylistes les adorent<\/h2>\n<ul class=\"marker:text-quiet list-disc\">\n<li class=\"py-0 my-0 prose-p:pt-0 prose-p:mb-2 prose-p:my-0 [&amp;&gt;p]:pt-0 [&amp;&gt;p]:mb-2 [&amp;&gt;p]:my-0\">\n<p class=\"my-2 [&amp;+p]:mt-4 [&amp;_strong:has(+br)]:inline-block [&amp;_strong:has(+br)]:pb-2\">Assure des <strong>liaisons lisses et s\u00e9curitaires pour bandes<\/strong> en une seule pression contr\u00f4l\u00e9e<\/p>\n<\/li>\n<li class=\"py-0 my-0 prose-p:pt-0 prose-p:mb-2 prose-p:my-0 [&amp;&gt;p]:pt-0 [&amp;&gt;p]:mb-2 [&amp;&gt;p]:my-0\">\n<p class=\"my-2 [&amp;+p]:mt-4 [&amp;_strong:has(+br)]:inline-block [&amp;_strong:has(+br)]:pb-2\">Aide \u00e0 pr\u00e9venir les <strong>glissements pr\u00e9matur\u00e9s<\/strong> caus\u00e9s par l\u2019eau et l\u2019exposition aux produits<\/p>\n<\/li>\n<li class=\"py-0 my-0 prose-p:pt-0 prose-p:mb-2 prose-p:my-0 [&amp;&gt;p]:pt-0 [&amp;&gt;p]:mb-2 [&amp;&gt;p]:my-0\">\n<p class=\"my-2 [&amp;+p]:mt-4 [&amp;_strong:has(+br)]:inline-block [&amp;_strong:has(+br)]:pb-2\">Acc\u00e9l\u00e8re le flux de travail tout en am\u00e9liorant la constance et la satisfaction des clientes<\/p>\n<\/li>\n<\/ul>\n<p class=\"my-2 [&amp;+p]:mt-4 [&amp;_strong:has(+br)]:inline-block [&amp;_strong:has(+br)]:pb-2\">Parfaites pour les professionnels sp\u00e9cialis\u00e9s en extensions \u00e0 bandes qui veulent des <strong>r\u00e9sultats fiables, reproductibles et durables<\/strong> \u00e0 chaque pose.<\/p>\n","protected":false},"excerpt":{"rendered":"<p>Les pinces pour extensions \u00e0 bandes adh\u00e9sives sont des pinces de scellage professionnelles de 17 cm avec des plaques dor\u00e9es et votre choix de manches argent ou noir, con\u00e7ues pour appliquer une pression uniforme sur les bandes adh\u00e9sives afin d\u2019obtenir des liaisons lisses, s\u00e9curitaires et durables.<\/p>\n","protected":false},"featured_media":35200,"comment_status":"open","ping_status":"closed","template":"","meta":{"_glsr_average":0,"_glsr_ranking":0,"_glsr_reviews":0},"product_brand":[],"product_cat":[622],"product_tag":[],"class_list":{"0":"post-35201","1":"product","2":"type-product","3":"status-publish","4":"has-post-thumbnail","6":"product_cat-outils-pour-extensions-capillaires","7":"_wholesalex wsx-wholesalex-product","9":"first","10":"instock","11":"taxable","12":"shipping-taxable","13":"purchasable","14":"product-type-variable"},"jetpack_sharing_enabled":true,"_links":{"self":[{"href":"https:\/\/naturalook.shop\/fr\/wp-json\/wp\/v2\/product\/35201","targetHints":{"allow":["GET"]}}],"collection":[{"href":"https:\/\/naturalook.shop\/fr\/wp-json\/wp\/v2\/product"}],"about":[{"href":"https:\/\/naturalook.shop\/fr\/wp-json\/wp\/v2\/types\/product"}],"replies":[{"embeddable":true,"href":"https:\/\/naturalook.shop\/fr\/wp-json\/wp\/v2\/comments?post=35201"}],"version-history":[{"count":1,"href":"https:\/\/naturalook.shop\/fr\/wp-json\/wp\/v2\/product\/35201\/revisions"}],"predecessor-version":[{"id":35239,"href":"https:\/\/naturalook.shop\/fr\/wp-json\/wp\/v2\/product\/35201\/revisions\/35239"}],"wp:featuredmedia":[{"embeddable":true,"href":"https:\/\/naturalook.shop\/fr\/wp-json\/wp\/v2\/media\/35200"}],"wp:attachment":[{"href":"https:\/\/naturalook.shop\/fr\/wp-json\/wp\/v2\/media?parent=35201"}],"wp:term":[{"taxonomy":"product_brand","embeddable":true,"href":"https:\/\/naturalook.shop\/fr\/wp-json\/wp\/v2\/product_brand?post=35201"},{"taxonomy":"product_cat","embeddable":true,"href":"https:\/\/naturalook.shop\/fr\/wp-json\/wp\/v2\/product_cat?post=35201"},{"taxonomy":"product_tag","embeddable":true,"href":"https:\/\/naturalook.shop\/fr\/wp-json\/wp\/v2\/product_tag?post=35201"}],"curies":[{"name":"wp","href":"https:\/\/api.w.org\/{rel}","templated":true}]}}