{"id":35712,"date":"2026-02-16T13:46:16","date_gmt":"2026-02-16T18:46:16","guid":{"rendered":"https:\/\/naturalook.shop\/?post_type=product&#038;p=35712"},"modified":"2026-02-16T16:58:21","modified_gmt":"2026-02-16T21:58:21","slug":"extensions-k-tip-a-petites-liaisons-de-keratine-20","status":"publish","type":"product","link":"https:\/\/naturalook.shop\/fr\/produit\/extensions-k-tip-a-petites-liaisons-de-keratine-20\/","title":{"rendered":"Extensions K-Tip \u00e0 petites liaisons de k\u00e9ratine &#8211; 20&#8243;"},"content":{"rendered":"<h1 id=\"keratin-baby-bonds-k-tip-extensions--50-strands-05\" class=\"font-sans visRefresh2026AnswerSerif:font-editorial first:mt-xs mb-2 mt-4 [.has-inline-images_&amp;]:clear-end font-semimedium visRefresh2026Fonts:font-bold text-lg leading-[1.5em] lg:text-xl\">Extensions K-Tip \u00e0 mini liaisons de k\u00e9ratine \u2013 50 m\u00e8ches (0,5 g chacune)<\/h1>\n<h2 id=\"ultra-discreet-keratin-k-tip-hair-extensions\" class=\"mb-2 mt-4 [.has-inline-images_&amp;]:clear-end font-sans visRefresh2026AnswerSerif:font-editorial font-semimedium visRefresh2026Fonts:font-bold text-base visRefresh2026Fonts:text-lg first:mt-0 md:text-lg [hr+&amp;]:mt-4\">Extensions K-Tip \u00e0 k\u00e9ratine ultra discr\u00e8tes<\/h2>\n<p class=\"my-2 [&amp;+p]:mt-4 [&amp;_strong:has(+br)]:inline-block [&amp;_strong:has(+br)]:pb-2\">Les <strong>extensions \u00e0 k\u00e9ratine Keratin Baby Bonds K-Tip<\/strong> sont con\u00e7ues pour les stylistes qui recherchent des liaisons de k\u00e9ratine ultra petites et invisibles pour des r\u00e9sultats au look hyper naturel. Ces mini K-Tips sont parfaites pour la ligne de cheveux, la raie et les zones fines ou clairsem\u00e9es, cr\u00e9ant du volume et de la longueur sans points de fixation visibles.<\/p>\n<h2 id=\"luxury-european-remy-hair-for-natural-results\" class=\"mb-2 mt-4 [.has-inline-images_&amp;]:clear-end font-sans visRefresh2026AnswerSerif:font-editorial font-semimedium visRefresh2026Fonts:font-bold text-base visRefresh2026Fonts:text-lg first:mt-0 md:text-lg [hr+&amp;]:mt-4\">Cheveux Remy europ\u00e9ens de luxe pour un r\u00e9sultat naturel<\/h2>\n<ul class=\"marker:text-quiet list-disc\">\n<li class=\"py-0 my-0 prose-p:pt-0 prose-p:mb-2 prose-p:my-0 [&amp;&gt;p]:pt-0 [&amp;&gt;p]:mb-2 [&amp;&gt;p]:my-0\">\n<p class=\"my-2 [&amp;+p]:mt-4 [&amp;_strong:has(+br)]:inline-block [&amp;_strong:has(+br)]:pb-2\">Fabriqu\u00e9es en <strong>cheveux humains Remy 100 % europ\u00e9ens de luxe<\/strong> pour un toucher et un look doux et naturels<\/p>\n<\/li>\n<li class=\"py-0 my-0 prose-p:pt-0 prose-p:mb-2 prose-p:my-0 [&amp;&gt;p]:pt-0 [&amp;&gt;p]:mb-2 [&amp;&gt;p]:my-0\">\n<p class=\"my-2 [&amp;+p]:mt-4 [&amp;_strong:has(+br)]:inline-block [&amp;_strong:has(+br)]:pb-2\">Cuticules align\u00e9es, m\u00e8ches r\u00e9sistantes aux n\u0153uds qui restent soyeuses et faciles \u00e0 coiffer avec un bon entretien<\/p>\n<\/li>\n<li class=\"py-0 my-0 prose-p:pt-0 prose-p:mb-2 prose-p:my-0 [&amp;&gt;p]:pt-0 [&amp;&gt;p]:mb-2 [&amp;&gt;p]:my-0\">\n<p class=\"my-2 [&amp;+p]:mt-4 [&amp;_strong:has(+br)]:inline-block [&amp;_strong:has(+br)]:pb-2\"><strong>Sans traitement chimique agressif<\/strong>, ce qui permet aux extensions de se fondre parfaitement avec les cheveux naturels<\/p>\n<\/li>\n<\/ul>\n<h2 id=\"high-quality-italian-keratin-k-tip-baby-bonds\" class=\"mb-2 mt-4 [.has-inline-images_&amp;]:clear-end font-sans visRefresh2026AnswerSerif:font-editorial font-semimedium visRefresh2026Fonts:font-bold text-base visRefresh2026Fonts:text-lg first:mt-0 md:text-lg [hr+&amp;]:mt-4\">Mini liaisons K-Tip en k\u00e9ratine italienne de haute qualit\u00e9<\/h2>\n<ul class=\"marker:text-quiet list-disc\">\n<li class=\"py-0 my-0 prose-p:pt-0 prose-p:mb-2 prose-p:my-0 [&amp;&gt;p]:pt-0 [&amp;&gt;p]:mb-2 [&amp;&gt;p]:my-0\">\n<p class=\"my-2 [&amp;+p]:mt-4 [&amp;_strong:has(+br)]:inline-block [&amp;_strong:has(+br)]:pb-2\">Micro <strong>liaisons K-Tip en k\u00e9ratine italienne<\/strong> con\u00e7ues pour un travail d\u2019extensions \u00e0 k\u00e9ratine ultra discret<\/p>\n<\/li>\n<li class=\"py-0 my-0 prose-p:pt-0 prose-p:mb-2 prose-p:my-0 [&amp;&gt;p]:pt-0 [&amp;&gt;p]:mb-2 [&amp;&gt;p]:my-0\">\n<p class=\"my-2 [&amp;+p]:mt-4 [&amp;_strong:has(+br)]:inline-block [&amp;_strong:has(+br)]:pb-2\">Id\u00e9ales pour les <strong>baby bonds, remplissages et retouches de d\u00e9tail<\/strong> autour du visage, du sommet et de la raie<\/p>\n<\/li>\n<li class=\"py-0 my-0 prose-p:pt-0 prose-p:mb-2 prose-p:my-0 [&amp;&gt;p]:pt-0 [&amp;&gt;p]:mb-2 [&amp;&gt;p]:my-0\">\n<p class=\"my-2 [&amp;+p]:mt-4 [&amp;_strong:has(+br)]:inline-block [&amp;_strong:has(+br)]:pb-2\">Con\u00e7ues pour une <strong>pose en fusion chaude<\/strong>, offrant des liaisons solides et s\u00e9curitaires qui minimisent le glissement et la chute lorsqu\u2019elles sont appliqu\u00e9es correctement<\/p>\n<\/li>\n<\/ul>\n<h2 id=\"pack-details--specifications\" class=\"mb-2 mt-4 [.has-inline-images_&amp;]:clear-end font-sans visRefresh2026AnswerSerif:font-editorial font-semimedium visRefresh2026Fonts:font-bold text-base visRefresh2026Fonts:text-lg first:mt-0 md:text-lg [hr+&amp;]:mt-4\">D\u00e9tails du paquet et sp\u00e9cifications<\/h2>\n<ul class=\"marker:text-quiet list-disc\">\n<li class=\"py-0 my-0 prose-p:pt-0 prose-p:mb-2 prose-p:my-0 [&amp;&gt;p]:pt-0 [&amp;&gt;p]:mb-2 [&amp;&gt;p]:my-0\">\n<p class=\"my-2 [&amp;+p]:mt-4 [&amp;_strong:has(+br)]:inline-block [&amp;_strong:has(+br)]:pb-2\">Chaque paquet contient <strong>50 m\u00e8ches K-Tip baby bonds<\/strong><\/p>\n<\/li>\n<li class=\"py-0 my-0 prose-p:pt-0 prose-p:mb-2 prose-p:my-0 [&amp;&gt;p]:pt-0 [&amp;&gt;p]:mb-2 [&amp;&gt;p]:my-0\">\n<p class=\"my-2 [&amp;+p]:mt-4 [&amp;_strong:has(+br)]:inline-block [&amp;_strong:has(+br)]:pb-2\">Chaque m\u00e8che p\u00e8se environ <strong>0,5 g<\/strong> (pour un total de <strong>25 g par paquet<\/strong>)<\/p>\n<\/li>\n<li class=\"py-0 my-0 prose-p:pt-0 prose-p:mb-2 prose-p:my-0 [&amp;&gt;p]:pt-0 [&amp;&gt;p]:mb-2 [&amp;&gt;p]:my-0\">\n<p class=\"my-2 [&amp;+p]:mt-4 [&amp;_strong:has(+br)]:inline-block [&amp;_strong:has(+br)]:pb-2\">Peuvent \u00eatre m\u00e9lang\u00e9es en plusieurs nuances pour un match de couleur sur mesure et dimensionnel<\/p>\n<\/li>\n<\/ul>\n<p class=\"my-2 [&amp;+p]:mt-4 [&amp;_strong:has(+br)]:inline-block [&amp;_strong:has(+br)]:pb-2\">Choisissez les <strong>extensions Keratin Baby Bonds K-Tip<\/strong> pour offrir des services d\u2019extensions \u00e0 la k\u00e9ratine haut de gamme et durables, avec les liaisons les plus petites et les plus naturelles \u2014 id\u00e9ales pour les transformations de luxe et le travail de pr\u00e9cision d\u00e9taill\u00e9.<\/p>\n<p><span style=\"color: #ff0000;\"><em>**Veuillez noter que les couleurs de nos produits peuvent varier l\u00e9g\u00e8rement en raison des r\u00e9glages d\u2019\u00e9cran, et que les teintes peuvent para\u00eetre l\u00e9g\u00e8rement plus fonc\u00e9es ou plus claires \u00e0 l\u2019\u00e9cran que dans la r\u00e9alit\u00e9.<\/em><\/span><\/p>\n","protected":false},"excerpt":{"rendered":"<p>Les extensions Keratin Baby Bonds K-Tip (50 m\u00e8ches de 0,5 g chacune) sont des extensions \u00e0 k\u00e9ratine europ\u00e9ennes Remy de luxe ultra discr\u00e8tes, con\u00e7ues pour un travail de pr\u00e9cision en baby bonds \u2014 parfaites pour ajouter un volume et une longueur d\u2019apparence naturelle avec une pose K-Tip en fusion chaude solide et durable.<\/p>\n","protected":false},"featured_media":17538,"comment_status":"open","ping_status":"closed","template":"","meta":{"_glsr_average":0,"_glsr_ranking":0,"_glsr_reviews":0},"product_brand":[905],"product_cat":[605,607],"product_tag":[],"class_list":{"0":"post-35712","1":"product","2":"type-product","3":"status-publish","4":"has-post-thumbnail","6":"product_brand-naturalook-extensions","7":"product_cat-extensions-capillaires","8":"product_cat-extensions-a-la-keratine","9":"_wholesalex wsx-wholesalex-product","11":"first","12":"instock","13":"taxable","14":"shipping-taxable","15":"purchasable","16":"product-type-variable","17":"has-default-attributes"},"jetpack_sharing_enabled":true,"_links":{"self":[{"href":"https:\/\/naturalook.shop\/fr\/wp-json\/wp\/v2\/product\/35712","targetHints":{"allow":["GET"]}}],"collection":[{"href":"https:\/\/naturalook.shop\/fr\/wp-json\/wp\/v2\/product"}],"about":[{"href":"https:\/\/naturalook.shop\/fr\/wp-json\/wp\/v2\/types\/product"}],"replies":[{"embeddable":true,"href":"https:\/\/naturalook.shop\/fr\/wp-json\/wp\/v2\/comments?post=35712"}],"version-history":[{"count":1,"href":"https:\/\/naturalook.shop\/fr\/wp-json\/wp\/v2\/product\/35712\/revisions"}],"predecessor-version":[{"id":35772,"href":"https:\/\/naturalook.shop\/fr\/wp-json\/wp\/v2\/product\/35712\/revisions\/35772"}],"wp:featuredmedia":[{"embeddable":true,"href":"https:\/\/naturalook.shop\/fr\/wp-json\/wp\/v2\/media\/17538"}],"wp:attachment":[{"href":"https:\/\/naturalook.shop\/fr\/wp-json\/wp\/v2\/media?parent=35712"}],"wp:term":[{"taxonomy":"product_brand","embeddable":true,"href":"https:\/\/naturalook.shop\/fr\/wp-json\/wp\/v2\/product_brand?post=35712"},{"taxonomy":"product_cat","embeddable":true,"href":"https:\/\/naturalook.shop\/fr\/wp-json\/wp\/v2\/product_cat?post=35712"},{"taxonomy":"product_tag","embeddable":true,"href":"https:\/\/naturalook.shop\/fr\/wp-json\/wp\/v2\/product_tag?post=35712"}],"curies":[{"name":"wp","href":"https:\/\/api.w.org\/{rel}","templated":true}]}}