{"id":36127,"date":"2026-04-03T13:50:42","date_gmt":"2026-04-03T17:50:42","guid":{"rendered":"https:\/\/naturalook.shop\/?post_type=product&#038;p=36127"},"modified":"2026-04-03T13:57:57","modified_gmt":"2026-04-03T17:57:57","slug":"viure-keratin-macadamia-traitement-professionnel","status":"publish","type":"product","link":"https:\/\/naturalook.shop\/fr\/produit\/viure-keratin-macadamia-traitement-professionnel\/","title":{"rendered":"VIURE Keratin Macadamia \u2013 Traitement professionnel"},"content":{"rendered":"<table class=\"nl-table\">\n<thead>\n<tr>\n<th>Propri\u00e9t\u00e9<\/th>\n<th>D\u00e9tail<\/th>\n<\/tr>\n<\/thead>\n<tbody>\n<tr>\n<td>Type de cheveux<\/td>\n<td>Cheveux afro-textur\u00e9s, ethniques, \u00e9pais, poreux, difficiles \u00e0 coiffer &middot; Sans danger pour cheveux blonds<\/td>\n<\/tr>\n<tr>\n<td>Niveau d&#8217;endommagement<\/td>\n<td><span class=\"nl-dots\"><span class=\"nl-dot\">&nbsp;<\/span><span class=\"nl-dot\">&nbsp;<\/span><span class=\"nl-dot\">&nbsp;<\/span><span class=\"nl-dot-off\">&nbsp;<\/span><span class=\"nl-dot-off\">&nbsp;<\/span><span class=\"nl-dot-label\">1&ndash;3 \/ 5<\/span><\/span><\/td>\n<\/tr>\n<tr>\n<td>Long\u00e9vit\u00e9<\/td>\n<td>6&ndash;8 mois<\/td>\n<\/tr>\n<tr>\n<td>Nutrition<\/td>\n<td><span class=\"nl-stars\">&#9733;&#9733;&#9733;&#9733;<\/span><span class=\"nl-score\">4 \/ 5<\/span><\/td>\n<\/tr>\n<tr>\n<td>Brillance<\/td>\n<td><span class=\"nl-stars\">&#9733;&#9733;&#9733;&#9733;&#9733;<\/span><span class=\"nl-score\">5 \/ 5<\/span><\/td>\n<\/tr>\n<tr>\n<td>Application par<\/td>\n<td>Professionnels de salon agr\u00e9\u00e9s seulement<\/td>\n<\/tr>\n<tr>\n<td>Origine<\/td>\n<td>Br\u00e9sil &middot; <span class=\"nl-badge\">Usage professionnel<\/span><\/td>\n<\/tr>\n<\/tbody>\n<\/table>\n<div class=\"nl-ideal\">\n  <span class=\"nl-ideal-label\">Id\u00e9al pour les clientes et clients qui souhaitent<\/span><br \/>\n  <span class=\"nl-ideal-text\">Puissance de lissage maximale sur textures r\u00e9sistantes &middot; R\u00e9paration structurelle profonde et restauration de l&#8217;hydratation &middot; Brillance miroir avec contr\u00f4le des frisottis \u00e0 long terme<\/span>\n<\/div>\n<div class=\"nl-highlights\">\n<div class=\"nl-highlight-item\"><span class=\"nl-highlight-icon\">\ud83d\udee1\ufe0f<\/span><span class=\"nl-highlight-text\">Formule sans formald\u00e9hyde<\/span><\/div>\n<div class=\"nl-highlight-item\"><span class=\"nl-highlight-icon\">\u23f1\ufe0f<\/span><span class=\"nl-highlight-text\">Long\u00e9vit\u00e9 de 6\u20138 mois<\/span><\/div>\n<div class=\"nl-highlight-item\"><span class=\"nl-highlight-icon\">\ud83c\udde7\ud83c\uddf7<\/span><span class=\"nl-highlight-text\">Formulation br\u00e9silienne professionnelle<\/span><\/div>\n<\/div>\n<h4>\u00c0 propos de VIURE K\u00e9ratine Macadamia<\/h4>\n<p>VIURE K\u00e9ratine Macadamia est un traitement professionnel \u00e0 la k\u00e9ratine haute performance con\u00e7u pour le lissage extr\u00eame et la restauration profonde des cheveux \u00e9pais, poreux, ethniques et afro-textur\u00e9s. Cette formulation br\u00e9silienne sans formald\u00e9hyde offre 6\u20138 mois de r\u00e9sultats lisses et contr\u00f4l\u00e9s tout en reconstruisant l&#8217;\u00e9quilibre hydrique et l&#8217;int\u00e9grit\u00e9 structurelle. Les professionnels de salon comptent sur VIURE EXPERTISE Gloss Macadamia \u00c9TAPE 2 pour les clientes et clients aux boucles r\u00e9sistantes qui exigent une puissance de lissage maximale sans compromettre la sant\u00e9 capillaire.<\/p>\n<p>Le traitement agit en p\u00e9n\u00e9trant profond\u00e9ment dans la fibre capillaire avec de la k\u00e9ratine hydrolys\u00e9e et un m\u00e9lange concentr\u00e9 d&#8217;huile de macadamia, de beurre de karit\u00e9 et d&#8217;huile d&#8217;avocat \u2014 trois lipides puissants qui comblent les zones endommag\u00e9es, reconstruisent les liaisons de k\u00e9ratine affaiblies et r\u00e9duisent la porosit\u00e9. Ce m\u00e9canisme actif lisse et r\u00e9aligne la couche de cuticule, cr\u00e9ant une surface polie et r\u00e9fl\u00e9chissante tout en maintenant la douceur naturelle et la flexibilit\u00e9 de la tige capillaire.<\/p>\n<h3>Ce que ce traitement accomplit<\/h3>\n<ul>\n<li>Offre un lissage extr\u00eame sur cheveux \u00e9pais, ethniques et afro-textur\u00e9s aux motifs de boucles complexes<\/li>\n<li>Reconstruit les liaisons de k\u00e9ratine affaiblies par les traitements chimiques, les dommages thermiques et le stress environnemental<\/li>\n<li>Comble les zones poreuses le long de la tige capillaire avec des acides gras provenant des huiles de macadamia, karit\u00e9 et avocat<\/li>\n<li>R\u00e9duit la casse et am\u00e9liore l&#8217;\u00e9lasticit\u00e9 en restaurant l&#8217;\u00e9quilibre hydrique et la force structurelle<\/li>\n<li>Aligne la cuticule pour une brillance miroir et un fini lisse et lustr\u00e9 qui dure 6\u20138 mois<\/li>\n<li>Maintient la douceur et la flexibilit\u00e9 malgr\u00e9 l&#8217;action de lissage puissante<\/li>\n<li>Cr\u00e9e un contr\u00f4le des frisottis et une facilit\u00e9 de coiffage \u00e0 long terme sur les textures difficiles \u00e0 dompter<\/li>\n<\/ul>\n<h3>Questions fr\u00e9quemment pos\u00e9es<\/h3>\n<div class=\"nl-faq\">\n<p><strong>Combien de temps dure VIURE K\u00e9ratine Macadamia?<\/strong><br \/>VIURE K\u00e9ratine Macadamia offre 6\u20138 mois de lissage et de contr\u00f4le des frisottis avec un entretien appropri\u00e9.<\/p>\n<p><strong>Est-ce que VIURE K\u00e9ratine Macadamia est s\u00e9curitaire pour les cheveux color\u00e9s?<\/strong><br \/>Oui. La formule sans formald\u00e9hyde est s\u00e9curitaire pour les cheveux color\u00e9s et blonds, et ne modifiera pas la couleur existante.<\/p>\n<p><strong>Pour quels types de cheveux VIURE K\u00e9ratine Macadamia est-il id\u00e9al?<\/strong><br \/>Ce traitement est sp\u00e9cialement formul\u00e9 pour les cheveux \u00e9pais, poreux, ethniques et afro-textur\u00e9s aux motifs de boucles r\u00e9sistantes qui n\u00e9cessitent une puissance de lissage maximale.<\/p>\n<\/div>\n<div class=\"nl-result\">\n  <span class=\"nl-result-label\">Le r\u00e9sultat<\/span><br \/>\n  <span class=\"nl-result-text\">Cheveux ultra-lisses et radieux avec un lissage de qualit\u00e9 salon et un toucher soyeux et luxueux. Les textures r\u00e9sistantes deviennent faciles \u00e0 coiffer, lustr\u00e9es et sans frisottis pour 6\u20138 mois \u2014 sans sacrifier la douceur ou la force structurelle.<\/span>\n<\/div>\n","protected":false},"excerpt":{"rendered":"<p><em>VIURE K\u00e9ratine Macadamia offre un lissage extr\u00eame et une restauration profonde pour cheveux \u00e9pais, ethniques et afro-textur\u00e9s. Traitement capillaire professionnel \u00e0 la k\u00e9ratine avec long\u00e9vit\u00e9 de 6\u20138 mois.<\/em><\/p>\n","protected":false},"featured_media":36131,"comment_status":"open","ping_status":"closed","template":"","meta":{"_glsr_average":0,"_glsr_ranking":0,"_glsr_reviews":0},"product_brand":[],"product_cat":[81],"product_tag":[],"class_list":{"0":"post-36127","1":"product","2":"type-product","3":"status-publish","4":"has-post-thumbnail","6":"product_cat-traitement-a-la-keratine","7":"_wholesalex wsx-wholesalex-product","9":"first","10":"outofstock","11":"taxable","12":"shipping-taxable","13":"product-type-simple"},"jetpack_sharing_enabled":true,"_links":{"self":[{"href":"https:\/\/naturalook.shop\/fr\/wp-json\/wp\/v2\/product\/36127","targetHints":{"allow":["GET"]}}],"collection":[{"href":"https:\/\/naturalook.shop\/fr\/wp-json\/wp\/v2\/product"}],"about":[{"href":"https:\/\/naturalook.shop\/fr\/wp-json\/wp\/v2\/types\/product"}],"replies":[{"embeddable":true,"href":"https:\/\/naturalook.shop\/fr\/wp-json\/wp\/v2\/comments?post=36127"}],"version-history":[{"count":2,"href":"https:\/\/naturalook.shop\/fr\/wp-json\/wp\/v2\/product\/36127\/revisions"}],"predecessor-version":[{"id":36174,"href":"https:\/\/naturalook.shop\/fr\/wp-json\/wp\/v2\/product\/36127\/revisions\/36174"}],"wp:featuredmedia":[{"embeddable":true,"href":"https:\/\/naturalook.shop\/fr\/wp-json\/wp\/v2\/media\/36131"}],"wp:attachment":[{"href":"https:\/\/naturalook.shop\/fr\/wp-json\/wp\/v2\/media?parent=36127"}],"wp:term":[{"taxonomy":"product_brand","embeddable":true,"href":"https:\/\/naturalook.shop\/fr\/wp-json\/wp\/v2\/product_brand?post=36127"},{"taxonomy":"product_cat","embeddable":true,"href":"https:\/\/naturalook.shop\/fr\/wp-json\/wp\/v2\/product_cat?post=36127"},{"taxonomy":"product_tag","embeddable":true,"href":"https:\/\/naturalook.shop\/fr\/wp-json\/wp\/v2\/product_tag?post=36127"}],"curies":[{"name":"wp","href":"https:\/\/api.w.org\/{rel}","templated":true}]}}